{"id":306,"date":"2025-08-01T18:10:23","date_gmt":"2025-08-01T18:10:23","guid":{"rendered":"https:\/\/powerballonlinelos.de\/ev\/"},"modified":"2025-08-01T18:10:23","modified_gmt":"2025-08-01T18:10:23","slug":"ev","status":"publish","type":"page","link":"https:\/\/powerballonlinelos.de\/tr\/","title":{"rendered":"Ev"},"content":{"rendered":"<h2>Powerball Biletlerini Online Sat\u0131n Al\u0131n<\/h2>\n<p>D\u00fcnya \u00e7ap\u0131ndaki her piyango merakl\u0131s\u0131, ABD Powerball piyangosunu duymu\u015ftur. 200 milyon dolar ve \u00fczeri ikramiyeler orada neredeyse normaldir. Haberlerde, Amerikal\u0131lar\u0131n Powerball ikramiyesinin muazzam kazan\u00e7lar vaat etmesi nedeniyle piyango bayilerine ak\u0131n etti\u011fi s\u00fcrekli olarak bildiriliyor.<\/p>\n<p>Do\u011fal olarak, her Alman piyango oyuncusu, Amerikan piyangosu i\u00e7in online bilet al\u0131p alamayaca\u011f\u0131n\u0131 veya bunun i\u00e7in ABD&#8217;de ya\u015famas\u0131 gerekip gerekmedi\u011fini merak ediyor. Bilet almak i\u00e7in Amerika&#8217;ya u\u00e7mak ger\u00e7ekten mant\u0131kl\u0131 de\u011fil&#8230;<\/p>\n<p>\u00c7\u00f6z\u00fcm olduk\u00e7a basit: Online olarak bir Powerball bileti sat\u0131n alabilirsiniz!<\/strong> RedFoxLotto ad\u0131nda, d\u00fcnya \u00e7ap\u0131nda faaliyet g\u00f6steren ve her \u015feyden \u00f6nce tamamen sayg\u0131n ve g\u00fcvenilir bir \u015firket b\u00f6yle bir hizmet sunuyor. <a href=\"https:\/\/redfoxlotto.com\/play\/\" target=\"_blank\" rel=\"noopener noreferrer\">RedFoxLotto<\/a>&#8216;nun d\u00fcnya \u00e7ap\u0131nda da\u011f\u0131t\u0131m ortaklar\u0131 bulunmaktad\u0131r. \u00c7evrimi\u00e7i sipari\u015f edilen biletler, ilgili \u00fclkedeki da\u011f\u0131t\u0131m ortaklar\u0131 taraf\u0131ndan sizin ad\u0131n\u0131za sat\u0131n al\u0131n\u0131r.<\/p>\n<h2>Powerball biletini \u00e7evrimi\u00e7i nas\u0131l sat\u0131n alabilirim?<\/h2>\n<p>Sa\u011f tarafta, mevcut Powerball ikramiyesini g\u00f6steren bir kutu g\u00f6receksiniz. Kazanan numaralar\u0131n\u0131z\u0131 se\u00e7mek, bir m\u00fc\u015fteri hesab\u0131 olu\u015fturmak ve biletin sat\u0131n alma bedelini \u00e7evrimi\u00e7i olarak \u00f6demek i\u00e7in oradaki bir ba\u011flant\u0131ya t\u0131klay\u0131n. K\u0131sa s\u00fcre sonra, ad\u0131n\u0131za resmi bir bilet sat\u0131n al\u0131nd\u0131\u011f\u0131n\u0131 onaylayan bir e-posta alacaks\u0131n\u0131z. Bu e-posta, \u00fczerinde ad\u0131n\u0131z\u0131n yaz\u0131l\u0131 oldu\u011fu orijinal biletin taranm\u0131\u015f bir g\u00f6r\u00fcnt\u00fcs\u00fcn\u00fc i\u00e7erir.<\/p>\n<p>Bu \u00e7ok \u00f6nemlidir \u00e7\u00fcnk\u00fc kazan\u0131rsan\u0131z, piyango \u015firketine kar\u015f\u0131 resmi bir hak talebinde bulunabilirsiniz. Ne yaz\u0131k ki, piyango kazan\u00e7lar\u0131n\u0131 esasen &#8220;toplayan&#8221; ve kendi sat\u0131\u015flar\u0131ndan elde ettikleri kazan\u00e7lar\u0131 \u00f6deyen sa\u011flay\u0131c\u0131lar da bulunmaktad\u0131r. Peki bu \u015firketlerin size ger\u00e7ekten 50 milyon dolar veya daha fazla \u00f6deyece\u011fini mi d\u00fc\u015f\u00fcn\u00fcyorsunuz?<\/p>\n<p>Evet, RedFoxLotto yaln\u0131zca \u00e7evrimi\u00e7i Powerball biletleri sunmakla kalm\u0131yor, ayn\u0131 zamanda d\u00fcnya \u00e7ap\u0131ndaki di\u011fer t\u00fcm b\u00fcy\u00fck piyango ikramiyeleri i\u00e7in de \u00e7evrimi\u00e7i piyango biletleri sunuyor. EuroMillions oynamak hep akl\u0131n\u0131za m\u0131 geldi (ilgin\u00e7tir, bu piyango i\u00e7in Alman bileti yok)? EuroMillions ve di\u011fer bir\u00e7ok piyango bileti i\u00e7in de ayn\u0131 m\u00fc\u015fteri hesab\u0131 \u00fczerinden \u00e7evrimi\u00e7i olarak bilet alabilirsiniz. Sa\u011f s\u00fctuna bakman\u0131z yeterli; orada d\u00fcnya \u00e7ap\u0131ndaki \u00e7e\u015fitli piyango etkinlikleri i\u00e7in g\u00fcncel ikramiye tutarlar\u0131n\u0131 bulacaks\u0131n\u0131z.<\/p>\n<p>Bu sayede, dilerseniz her hafta en y\u00fcksek ikramiyeyi kazanan piyango i\u00e7in \u00e7evrimi\u00e7i bilet sat\u0131n alabilirsiniz. Art\u0131k Alman piyangosunda b\u00fcy\u00fck ikramiyeyi kazanana kadar beklemenize gerek yok.<\/p>\n<p>Bu arada, Redfoxlotto kazan\u00e7lar\u0131n \u00f6denmesine de \u00fccretsiz olarak yard\u0131mc\u0131 oluyor. 600 \u20ac&#8217;nun alt\u0131ndaki t\u00fcm kazan\u00e7lar do\u011frudan m\u00fc\u015fteri hesab\u0131n\u0131za aktar\u0131l\u0131r. Daha sonra bu tutarlar\u0131n hesab\u0131n\u0131za geri aktar\u0131lmas\u0131n\u0131 sa\u011flayabilir veya yeni bilet sat\u0131n alabilirsiniz.<\/p>\n<p>Daha b\u00fcy\u00fck bir miktar kazan\u0131rsan\u0131z, paran\u0131z\u0131 do\u011frudan piyango \u015firketinden al\u0131rs\u0131n\u0131z.<\/span> Endi\u015felenmeyin, ABD&#8217;ye u\u00e7man\u0131za gerek yok (b\u00fcy\u00fck ikramiyeyi kazanmad\u0131\u011f\u0131n\u0131z s\u00fcrece &#8211; \u00e7eki \u015fahsen teslim almay\u0131 tercih edersiniz, de\u011fil mi?). Tek yapman\u0131z gereken bir kimlik formu doldurmak. Bu formu RedFoxLotto&#8217;dan e-posta yoluyla alacaks\u0131n\u0131z, doldurup geri g\u00f6ndereceksiniz. Oradan, \u00e7evrimi\u00e7i olarak piyango komisyonuna iletilecektir. Piyango \u015firketi daha sonra size kurye veya taahh\u00fctl\u00fc posta yoluyla teslim edilecek bir \u00e7ek d\u00fczenleyecektir. Tek yapman\u0131z gereken \u00e7eki bankan\u0131zda bozdurmak ve milyon dolarl\u0131k kazanc\u0131n\u0131zla ne yapaca\u011f\u0131n\u0131za karar vermek.<\/p>\n<p><strong>Tamam, \u015fimdi ba\u015flay\u0131n &#8211; b\u00fcy\u00fck ikramiyeler sizi bekliyor!<\/strong><\/p>\n","protected":false},"excerpt":{"rendered":"<p>Powerball Biletlerini Online Sat\u0131n Al\u0131n D\u00fcnya \u00e7ap\u0131ndaki her piyango merakl\u0131s\u0131, ABD Powerball piyangosunu duymu\u015ftur. 200 milyon dolar ve \u00fczeri ikramiyeler orada neredeyse normaldir. Haberlerde, Amerikal\u0131lar\u0131n Powerball ikramiyesinin muazzam kazan\u00e7lar vaat etmesi nedeniyle piyango bayilerine ak\u0131n etti\u011fi s\u00fcrekli olarak bildiriliyor. Do\u011fal olarak, her Alman piyango oyuncusu, Amerikan piyangosu i\u00e7in online bilet al\u0131p alamayaca\u011f\u0131n\u0131 veya bunun i\u00e7in &hellip; <\/p>\n<p class=\"link-more\"><a href=\"https:\/\/powerballonlinelos.de\/tr\/\" class=\"more-link\"><span class=\"screen-reader-text\"> &#8220;Ev&#8221;<\/span>devam\u0131n\u0131 oku<\/a><\/p>\n","protected":false},"author":1,"featured_media":0,"parent":0,"menu_order":0,"comment_status":"closed","ping_status":"closed","template":"","meta":{"footnotes":""},"class_list":["post-306","page","type-page","status-publish","hentry"],"yoast_head":"<!-- This site is optimized with the Yoast SEO plugin v27.3 - https:\/\/yoast.com\/product\/yoast-seo-wordpress\/ -->\n<title>Powerball biletlerini \u00e7evrimi\u00e7i sat\u0131n al\u0131n<\/title>\n<meta name=\"description\" content=\"G\u00fcvenli Powerball biletlerini \u00e7evrimi\u00e7i sat\u0131n al\u0131n \u2013 i\u015fte nas\u0131l! En \u200b\u200biyi sa\u011flay\u0131c\u0131lar\u0131 kar\u015f\u0131la\u015ft\u0131r\u0131n, \u00f6zel bonuslar kazan\u0131n ve b\u00fcy\u00fck ikramiyeyi kazanma \u015fans\u0131n\u0131 yakalay\u0131n. Hemen oynay\u0131n ve kazan\u0131n!\" \/>\n<meta name=\"robots\" content=\"index, follow, max-snippet:-1, max-image-preview:large, max-video-preview:-1\" \/>\n<link rel=\"canonical\" href=\"https:\/\/powerballonlinelos.de\/tr\/\" \/>\n<meta property=\"og:locale\" content=\"tr_TR\" \/>\n<meta property=\"og:type\" content=\"article\" \/>\n<meta property=\"og:title\" content=\"Powerball biletlerini \u00e7evrimi\u00e7i sat\u0131n al\u0131n\" \/>\n<meta property=\"og:description\" content=\"G\u00fcvenli Powerball biletlerini \u00e7evrimi\u00e7i sat\u0131n al\u0131n \u2013 i\u015fte nas\u0131l! En \u200b\u200biyi sa\u011flay\u0131c\u0131lar\u0131 kar\u015f\u0131la\u015ft\u0131r\u0131n, \u00f6zel bonuslar kazan\u0131n ve b\u00fcy\u00fck ikramiyeyi kazanma \u015fans\u0131n\u0131 yakalay\u0131n. Hemen oynay\u0131n ve kazan\u0131n!\" \/>\n<meta property=\"og:url\" content=\"https:\/\/powerballonlinelos.de\/tr\/\" \/>\n<meta name=\"twitter:card\" content=\"summary_large_image\" \/>\n<meta name=\"twitter:label1\" content=\"Tahmini okuma s\u00fcresi\" \/>\n\t<meta name=\"twitter:data1\" content=\"3 dakika\" \/>\n<script type=\"application\/ld+json\" class=\"yoast-schema-graph\">{\"@context\":\"https:\\\/\\\/schema.org\",\"@graph\":[{\"@type\":\"WebPage\",\"@id\":\"https:\\\/\\\/powerballonlinelos.de\\\/tr\\\/\",\"url\":\"https:\\\/\\\/powerballonlinelos.de\\\/tr\\\/\",\"name\":\"Powerball biletlerini \u00e7evrimi\u00e7i sat\u0131n al\u0131n\",\"isPartOf\":{\"@id\":\"https:\\\/\\\/powerballonlinelos.de\\\/tr\\\/#website\"},\"datePublished\":\"2025-08-01T18:10:23+00:00\",\"description\":\"G\u00fcvenli Powerball biletlerini \u00e7evrimi\u00e7i sat\u0131n al\u0131n \u2013 i\u015fte nas\u0131l! En \u200b\u200biyi sa\u011flay\u0131c\u0131lar\u0131 kar\u015f\u0131la\u015ft\u0131r\u0131n, \u00f6zel bonuslar kazan\u0131n ve b\u00fcy\u00fck ikramiyeyi kazanma \u015fans\u0131n\u0131 yakalay\u0131n. Hemen oynay\u0131n ve kazan\u0131n!\",\"breadcrumb\":{\"@id\":\"https:\\\/\\\/powerballonlinelos.de\\\/tr\\\/#breadcrumb\"},\"inLanguage\":\"tr\",\"potentialAction\":[{\"@type\":\"ReadAction\",\"target\":[\"https:\\\/\\\/powerballonlinelos.de\\\/tr\\\/\"]}]},{\"@type\":\"BreadcrumbList\",\"@id\":\"https:\\\/\\\/powerballonlinelos.de\\\/tr\\\/#breadcrumb\",\"itemListElement\":[{\"@type\":\"ListItem\",\"position\":1,\"name\":\"Home\",\"item\":\"https:\\\/\\\/powerballonlinelos.de\\\/tr\\\/\"},{\"@type\":\"ListItem\",\"position\":2,\"name\":\"Ev\"}]},{\"@type\":\"WebSite\",\"@id\":\"https:\\\/\\\/powerballonlinelos.de\\\/tr\\\/#website\",\"url\":\"https:\\\/\\\/powerballonlinelos.de\\\/tr\\\/\",\"name\":\"\",\"description\":\"\",\"potentialAction\":[{\"@type\":\"SearchAction\",\"target\":{\"@type\":\"EntryPoint\",\"urlTemplate\":\"https:\\\/\\\/powerballonlinelos.de\\\/tr\\\/?s={search_term_string}\"},\"query-input\":{\"@type\":\"PropertyValueSpecification\",\"valueRequired\":true,\"valueName\":\"search_term_string\"}}],\"inLanguage\":\"tr\"}]}<\/script>\n<!-- \/ Yoast SEO plugin. -->","yoast_head_json":{"title":"Powerball biletlerini \u00e7evrimi\u00e7i sat\u0131n al\u0131n","description":"G\u00fcvenli Powerball biletlerini \u00e7evrimi\u00e7i sat\u0131n al\u0131n \u2013 i\u015fte nas\u0131l! En \u200b\u200biyi sa\u011flay\u0131c\u0131lar\u0131 kar\u015f\u0131la\u015ft\u0131r\u0131n, \u00f6zel bonuslar kazan\u0131n ve b\u00fcy\u00fck ikramiyeyi kazanma \u015fans\u0131n\u0131 yakalay\u0131n. Hemen oynay\u0131n ve kazan\u0131n!","robots":{"index":"index","follow":"follow","max-snippet":"max-snippet:-1","max-image-preview":"max-image-preview:large","max-video-preview":"max-video-preview:-1"},"canonical":"https:\/\/powerballonlinelos.de\/tr\/","og_locale":"tr_TR","og_type":"article","og_title":"Powerball biletlerini \u00e7evrimi\u00e7i sat\u0131n al\u0131n","og_description":"G\u00fcvenli Powerball biletlerini \u00e7evrimi\u00e7i sat\u0131n al\u0131n \u2013 i\u015fte nas\u0131l! En \u200b\u200biyi sa\u011flay\u0131c\u0131lar\u0131 kar\u015f\u0131la\u015ft\u0131r\u0131n, \u00f6zel bonuslar kazan\u0131n ve b\u00fcy\u00fck ikramiyeyi kazanma \u015fans\u0131n\u0131 yakalay\u0131n. Hemen oynay\u0131n ve kazan\u0131n!","og_url":"https:\/\/powerballonlinelos.de\/tr\/","twitter_card":"summary_large_image","twitter_misc":{"Tahmini okuma s\u00fcresi":"3 dakika"},"schema":{"@context":"https:\/\/schema.org","@graph":[{"@type":"WebPage","@id":"https:\/\/powerballonlinelos.de\/tr\/","url":"https:\/\/powerballonlinelos.de\/tr\/","name":"Powerball biletlerini \u00e7evrimi\u00e7i sat\u0131n al\u0131n","isPartOf":{"@id":"https:\/\/powerballonlinelos.de\/tr\/#website"},"datePublished":"2025-08-01T18:10:23+00:00","description":"G\u00fcvenli Powerball biletlerini \u00e7evrimi\u00e7i sat\u0131n al\u0131n \u2013 i\u015fte nas\u0131l! En \u200b\u200biyi sa\u011flay\u0131c\u0131lar\u0131 kar\u015f\u0131la\u015ft\u0131r\u0131n, \u00f6zel bonuslar kazan\u0131n ve b\u00fcy\u00fck ikramiyeyi kazanma \u015fans\u0131n\u0131 yakalay\u0131n. Hemen oynay\u0131n ve kazan\u0131n!","breadcrumb":{"@id":"https:\/\/powerballonlinelos.de\/tr\/#breadcrumb"},"inLanguage":"tr","potentialAction":[{"@type":"ReadAction","target":["https:\/\/powerballonlinelos.de\/tr\/"]}]},{"@type":"BreadcrumbList","@id":"https:\/\/powerballonlinelos.de\/tr\/#breadcrumb","itemListElement":[{"@type":"ListItem","position":1,"name":"Home","item":"https:\/\/powerballonlinelos.de\/tr\/"},{"@type":"ListItem","position":2,"name":"Ev"}]},{"@type":"WebSite","@id":"https:\/\/powerballonlinelos.de\/tr\/#website","url":"https:\/\/powerballonlinelos.de\/tr\/","name":"","description":"","potentialAction":[{"@type":"SearchAction","target":{"@type":"EntryPoint","urlTemplate":"https:\/\/powerballonlinelos.de\/tr\/?s={search_term_string}"},"query-input":{"@type":"PropertyValueSpecification","valueRequired":true,"valueName":"search_term_string"}}],"inLanguage":"tr"}]}},"_links":{"self":[{"href":"https:\/\/powerballonlinelos.de\/tr\/wp-json\/wp\/v2\/pages\/306","targetHints":{"allow":["GET"]}}],"collection":[{"href":"https:\/\/powerballonlinelos.de\/tr\/wp-json\/wp\/v2\/pages"}],"about":[{"href":"https:\/\/powerballonlinelos.de\/tr\/wp-json\/wp\/v2\/types\/page"}],"author":[{"embeddable":true,"href":"https:\/\/powerballonlinelos.de\/tr\/wp-json\/wp\/v2\/users\/1"}],"replies":[{"embeddable":true,"href":"https:\/\/powerballonlinelos.de\/tr\/wp-json\/wp\/v2\/comments?post=306"}],"version-history":[{"count":0,"href":"https:\/\/powerballonlinelos.de\/tr\/wp-json\/wp\/v2\/pages\/306\/revisions"}],"wp:attachment":[{"href":"https:\/\/powerballonlinelos.de\/tr\/wp-json\/wp\/v2\/media?parent=306"}],"curies":[{"name":"wp","href":"https:\/\/api.w.org\/{rel}","templated":true}]}}