{"id":307,"date":"2025-08-01T18:10:23","date_gmt":"2025-08-01T18:10:23","guid":{"rendered":"https:\/\/powerballonlinelos.de\/hem\/"},"modified":"2025-08-01T18:10:23","modified_gmt":"2025-08-01T18:10:23","slug":"hem","status":"publish","type":"page","link":"https:\/\/powerballonlinelos.de\/sv\/","title":{"rendered":"Hem"},"content":{"rendered":"<h2>K\u00f6p Powerball-lottor online<\/h2>\n<p>Varje lotterientusiast v\u00e4rlden \u00f6ver har s\u00e4kert h\u00f6rt talas om det amerikanska Powerball-lotteriet. Jackpottar p\u00e5 200 miljoner dollar och mer \u00e4r n\u00e4stan vanliga d\u00e4r. Och nyheterna rapporterar st\u00e4ndigt att amerikaner stormar lotteributiker eftersom Powerball-jackpotten lovar enorma vinster.<\/p>\n<p>Naturligtvis undrar varje tysk lotterispelare om de kan k\u00f6pa en lott till det amerikanska lotteriet online eller om de m\u00e5ste bo i USA f\u00f6r att g\u00f6ra det. Att flyga till Amerika f\u00f6r att k\u00f6pa en lott \u00e4r verkligen inte meningsfullt&#8230;<\/p>\n<p>Tja, l\u00f6sningen \u00e4r ganska enkel: Du kan faktiskt k\u00f6pa en Powerball-lott online!<\/strong> Det finns ett globalt verksamt och framf\u00f6r allt ett fullst\u00e4ndigt v\u00e4lrenommerat och p\u00e5litligt f\u00f6retag som heter RedFoxLotto som erbjuder en s\u00e5dan tj\u00e4nst. <a href=\"https:\/\/redfoxlotto.com\/play\/\" target=\"_blank\" rel=\"noopener noreferrer\">RedFoxLotto<\/a> har distributionspartners \u00f6ver hela v\u00e4rlden. Lotter som best\u00e4lls online k\u00f6ps sedan \u00e5t dig av distributionspartnerna i respektive land i ditt namn.<\/p>\n<h2>Hur k\u00f6per jag en Powerball-lott online?<\/h2>\n<p>P\u00e5 h\u00f6ger sida ser du en ruta med den aktuella Powerball-jackpotten. Klicka p\u00e5 en l\u00e4nk d\u00e4r f\u00f6r att v\u00e4lja dina vinnande nummer, skapa ett kundkonto och betala ink\u00f6pspriset f\u00f6r lotten online. Kort d\u00e4refter f\u00e5r du ett e-postmeddelande som bekr\u00e4ftar att en officiell lott verkligen har k\u00f6pts i ditt namn. Detta e-postmeddelande inneh\u00e5ller en skannad bild av originallotten \u2013 med ditt namn p\u00e5.<\/p>\n<p>Detta \u00e4r mycket viktigt eftersom om du vinner har du ett officiellt anspr\u00e5k mot lotterif\u00f6retaget. Tyv\u00e4rr finns det ocks\u00e5 leverant\u00f6rer som i huvudsak &#8221;samlar in&#8221; lotterivinster och helt enkelt betalar ut vinster fr\u00e5n sin egen f\u00f6rs\u00e4ljning. Men tror du verkligen att dessa f\u00f6retag skulle betala dig 50 miljoner dollar eller mer?<\/p>\n<p>\u00c5h ja, RedFoxLotto erbjuder inte bara Powerball-lottor online, utan \u00e4ven lotter online f\u00f6r alla andra stora lotterijackpottar v\u00e4rlden \u00f6ver. Har du alltid velat spela EuroMillions (m\u00e4rkligt nog finns det inga tyska lotter till detta lotteri)? Lotter till EuroMillions och m\u00e5nga andra lotter finns ocks\u00e5 tillg\u00e4ngliga online via samma kundkonto. Titta bara i den h\u00f6gra kolumnen; d\u00e4r hittar du de aktuella vinstbeloppen f\u00f6r olika lotterievenemang runt om i v\u00e4rlden.<\/p>\n<p>P\u00e5 s\u00e5 s\u00e4tt kan du, om du vill, k\u00f6pa en online-lott till lotteriet med den h\u00f6gsta jackpotten varje vecka. Ingen mer v\u00e4ntan tills en stor jackpott \u00e4ntligen vinns i det tyska lotteriet.<\/p>\n<p>F\u00f6rresten, Redfoxlotto hj\u00e4lper ocks\u00e5 till med utbetalning av vinster \u2013 kostnadsfritt. Alla vinster under \u20ac600 krediteras direkt till ditt kundkonto. Du kan sedan antingen f\u00e5 dessa belopp \u00f6verf\u00f6rda tillbaka till dig eller k\u00f6pa nya lotter.<\/p>\n<p>Om du vinner ett st\u00f6rre belopp f\u00e5r du dina pengar direkt fr\u00e5n lotterif\u00f6retaget.<\/span> Oroa dig inte, du beh\u00f6ver inte flyga till USA (s\u00e5vida du inte vinner jackpotten \u2013 du f\u00f6redrar att h\u00e4mta checken personligen, eller hur?). Allt du beh\u00f6ver g\u00f6ra \u00e4r att fylla i ett identifieringsformul\u00e4r. Du f\u00e5r detta fr\u00e5n RedFoxLotto via e-post, fyller i det och returnerar det. D\u00e4rifr\u00e5n vidarebefordras det online till lotterikommissionen. Lotteribolaget utf\u00e4rdar sedan en check till dig, som levereras till dig med bud eller rekommenderad post. Allt du beh\u00f6ver g\u00f6ra \u00e4r att l\u00f6sa in checken p\u00e5 din bank och fundera ut vad du ska g\u00f6ra med dina miljonvinster.<\/p>\n<p><strong>Okej, k\u00f6r p\u00e5 nu \u2013 de stora jackpottarna v\u00e4ntar p\u00e5 dig!<\/strong><\/p>\n","protected":false},"excerpt":{"rendered":"<p>K\u00f6p Powerball-lottor online Varje lotterientusiast v\u00e4rlden \u00f6ver har s\u00e4kert h\u00f6rt talas om det amerikanska Powerball-lotteriet. Jackpottar p\u00e5 200 miljoner dollar och mer \u00e4r n\u00e4stan vanliga d\u00e4r. Och nyheterna rapporterar st\u00e4ndigt att amerikaner stormar lotteributiker eftersom Powerball-jackpotten lovar enorma vinster. Naturligtvis undrar varje tysk lotterispelare om de kan k\u00f6pa en lott till det amerikanska lotteriet online &hellip; <\/p>\n<p class=\"link-more\"><a href=\"https:\/\/powerballonlinelos.de\/sv\/\" class=\"more-link\">L\u00e4s mer<span class=\"screen-reader-text\"> \u201dHem\u201d<\/span><\/a><\/p>\n","protected":false},"author":1,"featured_media":0,"parent":0,"menu_order":0,"comment_status":"closed","ping_status":"closed","template":"","meta":{"footnotes":""},"class_list":["post-307","page","type-page","status-publish","hentry"],"yoast_head":"<!-- This site is optimized with the Yoast SEO plugin v27.3 - https:\/\/yoast.com\/product\/yoast-seo-wordpress\/ -->\n<title>K\u00f6p Powerball-biljetter online<\/title>\n<meta name=\"description\" content=\"K\u00f6p Powerball-biljetter s\u00e4kra online \u2013 s\u00e5 h\u00e4r g\u00f6r du! J\u00e4mf\u00f6r toppleverant\u00f6rer, f\u00e5 exklusiva bonusar och f\u00e5 chansen att vinna megajackpotten. Spela nu och vinn!\" \/>\n<meta name=\"robots\" content=\"index, follow, max-snippet:-1, max-image-preview:large, max-video-preview:-1\" \/>\n<link rel=\"canonical\" href=\"https:\/\/powerballonlinelos.de\/sv\/\" \/>\n<meta property=\"og:locale\" content=\"sv_SE\" \/>\n<meta property=\"og:type\" content=\"article\" \/>\n<meta property=\"og:title\" content=\"K\u00f6p Powerball-biljetter online\" \/>\n<meta property=\"og:description\" content=\"K\u00f6p Powerball-biljetter s\u00e4kra online \u2013 s\u00e5 h\u00e4r g\u00f6r du! J\u00e4mf\u00f6r toppleverant\u00f6rer, f\u00e5 exklusiva bonusar och f\u00e5 chansen att vinna megajackpotten. Spela nu och vinn!\" \/>\n<meta property=\"og:url\" content=\"https:\/\/powerballonlinelos.de\/sv\/\" \/>\n<meta name=\"twitter:card\" content=\"summary_large_image\" \/>\n<meta name=\"twitter:label1\" content=\"Ber\u00e4knad l\u00e4stid\" \/>\n\t<meta name=\"twitter:data1\" content=\"3 minuter\" \/>\n<script type=\"application\/ld+json\" class=\"yoast-schema-graph\">{\"@context\":\"https:\\\/\\\/schema.org\",\"@graph\":[{\"@type\":\"WebPage\",\"@id\":\"https:\\\/\\\/powerballonlinelos.de\\\/sv\\\/\",\"url\":\"https:\\\/\\\/powerballonlinelos.de\\\/sv\\\/\",\"name\":\"K\u00f6p Powerball-biljetter online\",\"isPartOf\":{\"@id\":\"https:\\\/\\\/powerballonlinelos.de\\\/sv\\\/#website\"},\"datePublished\":\"2025-08-01T18:10:23+00:00\",\"description\":\"K\u00f6p Powerball-biljetter s\u00e4kra online \u2013 s\u00e5 h\u00e4r g\u00f6r du! J\u00e4mf\u00f6r toppleverant\u00f6rer, f\u00e5 exklusiva bonusar och f\u00e5 chansen att vinna megajackpotten. Spela nu och vinn!\",\"breadcrumb\":{\"@id\":\"https:\\\/\\\/powerballonlinelos.de\\\/sv\\\/#breadcrumb\"},\"inLanguage\":\"sv-SE\",\"potentialAction\":[{\"@type\":\"ReadAction\",\"target\":[\"https:\\\/\\\/powerballonlinelos.de\\\/sv\\\/\"]}]},{\"@type\":\"BreadcrumbList\",\"@id\":\"https:\\\/\\\/powerballonlinelos.de\\\/sv\\\/#breadcrumb\",\"itemListElement\":[{\"@type\":\"ListItem\",\"position\":1,\"name\":\"Home\",\"item\":\"https:\\\/\\\/powerballonlinelos.de\\\/sv\\\/\"},{\"@type\":\"ListItem\",\"position\":2,\"name\":\"Hem\"}]},{\"@type\":\"WebSite\",\"@id\":\"https:\\\/\\\/powerballonlinelos.de\\\/sv\\\/#website\",\"url\":\"https:\\\/\\\/powerballonlinelos.de\\\/sv\\\/\",\"name\":\"\",\"description\":\"\",\"potentialAction\":[{\"@type\":\"SearchAction\",\"target\":{\"@type\":\"EntryPoint\",\"urlTemplate\":\"https:\\\/\\\/powerballonlinelos.de\\\/sv\\\/?s={search_term_string}\"},\"query-input\":{\"@type\":\"PropertyValueSpecification\",\"valueRequired\":true,\"valueName\":\"search_term_string\"}}],\"inLanguage\":\"sv-SE\"}]}<\/script>\n<!-- \/ Yoast SEO plugin. -->","yoast_head_json":{"title":"K\u00f6p Powerball-biljetter online","description":"K\u00f6p Powerball-biljetter s\u00e4kra online \u2013 s\u00e5 h\u00e4r g\u00f6r du! J\u00e4mf\u00f6r toppleverant\u00f6rer, f\u00e5 exklusiva bonusar och f\u00e5 chansen att vinna megajackpotten. Spela nu och vinn!","robots":{"index":"index","follow":"follow","max-snippet":"max-snippet:-1","max-image-preview":"max-image-preview:large","max-video-preview":"max-video-preview:-1"},"canonical":"https:\/\/powerballonlinelos.de\/sv\/","og_locale":"sv_SE","og_type":"article","og_title":"K\u00f6p Powerball-biljetter online","og_description":"K\u00f6p Powerball-biljetter s\u00e4kra online \u2013 s\u00e5 h\u00e4r g\u00f6r du! J\u00e4mf\u00f6r toppleverant\u00f6rer, f\u00e5 exklusiva bonusar och f\u00e5 chansen att vinna megajackpotten. Spela nu och vinn!","og_url":"https:\/\/powerballonlinelos.de\/sv\/","twitter_card":"summary_large_image","twitter_misc":{"Ber\u00e4knad l\u00e4stid":"3 minuter"},"schema":{"@context":"https:\/\/schema.org","@graph":[{"@type":"WebPage","@id":"https:\/\/powerballonlinelos.de\/sv\/","url":"https:\/\/powerballonlinelos.de\/sv\/","name":"K\u00f6p Powerball-biljetter online","isPartOf":{"@id":"https:\/\/powerballonlinelos.de\/sv\/#website"},"datePublished":"2025-08-01T18:10:23+00:00","description":"K\u00f6p Powerball-biljetter s\u00e4kra online \u2013 s\u00e5 h\u00e4r g\u00f6r du! J\u00e4mf\u00f6r toppleverant\u00f6rer, f\u00e5 exklusiva bonusar och f\u00e5 chansen att vinna megajackpotten. Spela nu och vinn!","breadcrumb":{"@id":"https:\/\/powerballonlinelos.de\/sv\/#breadcrumb"},"inLanguage":"sv-SE","potentialAction":[{"@type":"ReadAction","target":["https:\/\/powerballonlinelos.de\/sv\/"]}]},{"@type":"BreadcrumbList","@id":"https:\/\/powerballonlinelos.de\/sv\/#breadcrumb","itemListElement":[{"@type":"ListItem","position":1,"name":"Home","item":"https:\/\/powerballonlinelos.de\/sv\/"},{"@type":"ListItem","position":2,"name":"Hem"}]},{"@type":"WebSite","@id":"https:\/\/powerballonlinelos.de\/sv\/#website","url":"https:\/\/powerballonlinelos.de\/sv\/","name":"","description":"","potentialAction":[{"@type":"SearchAction","target":{"@type":"EntryPoint","urlTemplate":"https:\/\/powerballonlinelos.de\/sv\/?s={search_term_string}"},"query-input":{"@type":"PropertyValueSpecification","valueRequired":true,"valueName":"search_term_string"}}],"inLanguage":"sv-SE"}]}},"_links":{"self":[{"href":"https:\/\/powerballonlinelos.de\/sv\/wp-json\/wp\/v2\/pages\/307","targetHints":{"allow":["GET"]}}],"collection":[{"href":"https:\/\/powerballonlinelos.de\/sv\/wp-json\/wp\/v2\/pages"}],"about":[{"href":"https:\/\/powerballonlinelos.de\/sv\/wp-json\/wp\/v2\/types\/page"}],"author":[{"embeddable":true,"href":"https:\/\/powerballonlinelos.de\/sv\/wp-json\/wp\/v2\/users\/1"}],"replies":[{"embeddable":true,"href":"https:\/\/powerballonlinelos.de\/sv\/wp-json\/wp\/v2\/comments?post=307"}],"version-history":[{"count":0,"href":"https:\/\/powerballonlinelos.de\/sv\/wp-json\/wp\/v2\/pages\/307\/revisions"}],"wp:attachment":[{"href":"https:\/\/powerballonlinelos.de\/sv\/wp-json\/wp\/v2\/media?parent=307"}],"curies":[{"name":"wp","href":"https:\/\/api.w.org\/{rel}","templated":true}]}}