{"id":309,"date":"2025-08-01T18:10:23","date_gmt":"2025-08-01T18:10:23","guid":{"rendered":"https:\/\/powerballonlinelos.de\/%d0%b4%d0%be%d0%bc\/"},"modified":"2025-08-01T18:10:23","modified_gmt":"2025-08-01T18:10:23","slug":"%d0%b4%d0%be%d0%bc","status":"publish","type":"page","link":"https:\/\/powerballonlinelos.de\/sr\/","title":{"rendered":"\u0414\u043e\u043c"},"content":{"rendered":"<h2>Powerball-Lose online kaufen<\/h2>\n<p>Jeder Lotto-Enthusiast weltweit hat sicherlich schon von der US-amerikanischen Powerball-Lotterie geh\u00f6rt. Jackpots von 200 Millionen Dollar und mehr sind dort fast schon normal. Und in den Nachrichten wird st\u00e4ndig berichtet, dass Amerikaner die Lottoannahmestellen st\u00fcrmen, weil der Powerball-Jackpot enorme Gewinne verspricht.<\/p>\n<p>Nat\u00fcrlich fragt sich jeder deutsche Lottospieler, ob er ein Los f\u00fcr die amerikanische Lotterie online kaufen kann oder ob er daf\u00fcr in den USA leben muss. Nach Amerika zu fliegen, um ein Los zu kaufen, macht wirklich keinen Sinn&#8230;<\/p>\n<p>Nun, die L\u00f6sung ist ganz einfach: Sie k\u00f6nnen tats\u00e4chlich ein Powerball-Los online kaufen!<\/strong> Es gibt ein weltweit operierendes und vor allem absolut seri\u00f6ses und zuverl\u00e4ssiges Unternehmen namens RedFoxLotto, das einen solchen Service anbietet. <a href=\"https:\/\/redfoxlotto.com\/play\/\" target=\"_blank\" rel=\"noopener noreferrer\">RedFoxLotto<\/a> hat Vertriebspartner weltweit. Die online bestellten Lottoscheine werden dann von den Vertriebspartnern im jeweiligen Land unter Ihrem Namen f\u00fcr Sie gekauft.<\/p>\n<h2>Wie kauft man ein Powerball-Los online?<\/h2>\n<p>Auf der rechten Seite sehen Sie ein Feld mit dem aktuellen Powerball-Jackpot. Klicken Sie dort auf einen Link, um Ihre Gewinnzahlen auszuw\u00e4hlen, ein Kundenkonto einzurichten und den Kaufpreis f\u00fcr das Los online zu bezahlen. Kurz darauf erhalten Sie eine E-Mail mit der Best\u00e4tigung, dass tats\u00e4chlich ein offizielles Los in Ihrem Namen gekauft wurde. Diese E-Mail enth\u00e4lt ein gescanntes Bild des Original-Loses \u2013 mit Ihrem Namen darauf.<\/p>\n<p>Dies ist sehr wichtig, da Sie im Gewinnfall einen offiziellen Anspruch gegen\u00fcber der Lotteriegesellschaft haben. Leider gibt es auch Anbieter, die Lottogewinne quasi \u201eeinholen\u201c und Gewinne aus ihren eigenen Ums\u00e4tzen einfach auszahlen. Aber glauben Sie wirklich, dass diese Unternehmen Ihnen einen Betrag von 50 Millionen Dollar oder mehr auszahlen w\u00fcrden?<\/p>\n<p>Ach ja, RedFoxLotto bietet nicht nur Online-Powerball-Lose an, sondern auch Online-Lottoscheine f\u00fcr alle anderen gro\u00dfen Lotto-Jackpots weltweit. Wollten Sie schon immer mal EuroMillions spielen (kurioserweise gibt es f\u00fcr diese Lotterie keine deutschen Lose)? Lose f\u00fcr EuroMillions und viele weitere Lottoscheine sind ebenfalls online \u00fcber dasselbe Kundenkonto erh\u00e4ltlich. Schauen Sie einfach in die rechte Spalte; dort finden Sie die aktuellen Gewinnsummen f\u00fcr verschiedene Lotto-Events weltweit.<\/p>\n<p>So k\u00f6nnen Sie, wenn Sie m\u00f6chten, jede Woche einen Online-Los f\u00fcr die Lotterie mit dem h\u00f6chsten Jackpot kaufen. Kein Warten mehr, bis im deutschen Lotto endlich ein gro\u00dfer Jackpot geknackt wird.<\/p>\n<p>Redfoxlotto hilft \u00fcbrigens auch bei der Auszahlung von Gewinnen \u2013 und das geb\u00fchrenfrei. Alle Gewinne unter 600 \u20ac werden direkt Ihrem Kundenkonto gutgeschrieben. Sie k\u00f6nnen sich diese Betr\u00e4ge dann entweder zur\u00fcck\u00fcberweisen lassen oder neue Lose kaufen.<\/p>\n<p>Sollten Sie einen h\u00f6heren Betrag gewonnen haben, <span style=\"text-decoration: underline;\">erhalten Sie Ihr Geld direkt von der Lotteriegesellschaft.<\/span> Keine Sorge, Sie m\u00fcssen nicht extra in die USA fliegen (es sei denn, Sie haben den Jackpot geknackt \u2013 den Scheck w\u00fcrden Sie doch am liebsten pers\u00f6nlich abholen, oder?). Sie m\u00fcssen lediglich ein Identifikationsformular ausf\u00fcllen. Dieses erhalten Sie von RedFoxLotto per E-Mail, f\u00fcllen es aus und senden es zur\u00fcck. Von dort wird es online an die Lotteriekommission weitergeleitet. Die Lotteriegesellschaft stellt Ihnen dann einen Scheck aus, der Ihnen per Kurier oder Einschreiben zugestellt wird. Alles, was Sie tun m\u00fcssen, ist, den Scheck bei Ihrer Bank einzul\u00f6sen und sich zu \u00fcberlegen, was Sie mit Ihrem Millionengewinn machen.<\/p>\n<p><strong>Okay, jetzt legen Sie los \u2013 die gro\u00dfen Jackpots warten auf Sie!<\/strong><\/p>\n","protected":false},"excerpt":{"rendered":"<p>Powerball-Lose online kaufen Jeder Lotto-Enthusiast weltweit hat sicherlich schon von der US-amerikanischen Powerball-Lotterie geh\u00f6rt. Jackpots von 200 Millionen Dollar und mehr sind dort fast schon normal. Und in den Nachrichten wird st\u00e4ndig berichtet, dass Amerikaner die Lottoannahmestellen st\u00fcrmen, weil der Powerball-Jackpot enorme Gewinne verspricht. Nat\u00fcrlich fragt sich jeder deutsche Lottospieler, ob er ein Los f\u00fcr &hellip; <\/p>\n<p class=\"link-more\"><a href=\"https:\/\/powerballonlinelos.de\/sr\/\" class=\"more-link\">Read more<span class=\"screen-reader-text\"> &#8222;\u0414\u043e\u043c&#8220;<\/span><\/a><\/p>\n","protected":false},"author":1,"featured_media":0,"parent":0,"menu_order":0,"comment_status":"closed","ping_status":"closed","template":"","meta":{"footnotes":""},"class_list":["post-309","page","type-page","status-publish","hentry"],"yoast_head":"<!-- This site is optimized with the Yoast SEO plugin v27.3 - https:\/\/yoast.com\/product\/yoast-seo-wordpress\/ -->\n<title>\u041a\u0443\u043f\u0438\u0442\u0435 Powerball \u043a\u0430\u0440\u0442\u0435 \u043e\u043d\u043b\u0430\u0458\u043d<\/title>\n<meta name=\"description\" content=\"\u041a\u0443\u043f\u0438\u0442\u0435 \u0431\u0435\u0437\u0431\u0435\u0434\u043d\u0435 Powerball \u0442\u0438\u043a\u0435\u0442\u0435 \u043e\u043d\u043b\u0430\u0458\u043d \u2013 \u0435\u0432\u043e \u043a\u0430\u043a\u043e! \u0423\u043f\u043e\u0440\u0435\u0434\u0438\u0442\u0435 \u043d\u0430\u0458\u0431\u043e\u0459\u0435 \u043f\u0440\u043e\u0432\u0430\u0458\u0434\u0435\u0440\u0435, \u0434\u043e\u0431\u0438\u0458\u0442\u0435 \u0435\u043a\u0441\u043a\u043b\u0443\u0437\u0438\u0432\u043d\u0435 \u0431\u043e\u043d\u0443\u0441\u0435 \u0438 \u0434\u043e\u0431\u0438\u0458\u0442\u0435 \u0448\u0430\u043d\u0441\u0443 \u0434\u0430 \u043e\u0441\u0432\u043e\u0458\u0438\u0442\u0435 \u043c\u0435\u0433\u0430 \u045f\u0435\u043a\u043f\u043e\u0442. \u0418\u0433\u0440\u0430\u0458\u0442\u0435 \u0441\u0430\u0434\u0430 \u0438 \u043e\u0441\u0432\u043e\u0458\u0438\u0442\u0435!\" \/>\n<meta name=\"robots\" content=\"index, follow, max-snippet:-1, max-image-preview:large, max-video-preview:-1\" \/>\n<link rel=\"canonical\" href=\"https:\/\/powerballonlinelos.de\/sr\/\" \/>\n<meta property=\"og:locale\" content=\"sr_RS\" \/>\n<meta property=\"og:type\" content=\"article\" \/>\n<meta property=\"og:title\" content=\"\u041a\u0443\u043f\u0438\u0442\u0435 Powerball \u043a\u0430\u0440\u0442\u0435 \u043e\u043d\u043b\u0430\u0458\u043d\" \/>\n<meta property=\"og:description\" content=\"\u041a\u0443\u043f\u0438\u0442\u0435 \u0431\u0435\u0437\u0431\u0435\u0434\u043d\u0435 Powerball \u0442\u0438\u043a\u0435\u0442\u0435 \u043e\u043d\u043b\u0430\u0458\u043d \u2013 \u0435\u0432\u043e \u043a\u0430\u043a\u043e! \u0423\u043f\u043e\u0440\u0435\u0434\u0438\u0442\u0435 \u043d\u0430\u0458\u0431\u043e\u0459\u0435 \u043f\u0440\u043e\u0432\u0430\u0458\u0434\u0435\u0440\u0435, \u0434\u043e\u0431\u0438\u0458\u0442\u0435 \u0435\u043a\u0441\u043a\u043b\u0443\u0437\u0438\u0432\u043d\u0435 \u0431\u043e\u043d\u0443\u0441\u0435 \u0438 \u0434\u043e\u0431\u0438\u0458\u0442\u0435 \u0448\u0430\u043d\u0441\u0443 \u0434\u0430 \u043e\u0441\u0432\u043e\u0458\u0438\u0442\u0435 \u043c\u0435\u0433\u0430 \u045f\u0435\u043a\u043f\u043e\u0442. \u0418\u0433\u0440\u0430\u0458\u0442\u0435 \u0441\u0430\u0434\u0430 \u0438 \u043e\u0441\u0432\u043e\u0458\u0438\u0442\u0435!\" \/>\n<meta property=\"og:url\" content=\"https:\/\/powerballonlinelos.de\/sr\/\" \/>\n<meta name=\"twitter:card\" content=\"summary_large_image\" \/>\n<meta name=\"twitter:label1\" content=\"\u041f\u0440\u043e\u0446\u0435\u045a\u0435\u043d\u043e \u0432\u0440\u0435\u043c\u0435 \u0447\u0438\u0442\u0430\u045a\u0430\" \/>\n\t<meta name=\"twitter:data1\" content=\"3 \u043c\u0438\u043d\u0443\u0442\u0430\" \/>\n<script type=\"application\/ld+json\" class=\"yoast-schema-graph\">{\"@context\":\"https:\\\/\\\/schema.org\",\"@graph\":[{\"@type\":\"WebPage\",\"@id\":\"https:\\\/\\\/powerballonlinelos.de\\\/sr\\\/\",\"url\":\"https:\\\/\\\/powerballonlinelos.de\\\/sr\\\/\",\"name\":\"\u041a\u0443\u043f\u0438\u0442\u0435 Powerball \u043a\u0430\u0440\u0442\u0435 \u043e\u043d\u043b\u0430\u0458\u043d\",\"isPartOf\":{\"@id\":\"https:\\\/\\\/powerballonlinelos.de\\\/sr\\\/#website\"},\"datePublished\":\"2025-08-01T18:10:23+00:00\",\"description\":\"\u041a\u0443\u043f\u0438\u0442\u0435 \u0431\u0435\u0437\u0431\u0435\u0434\u043d\u0435 Powerball \u0442\u0438\u043a\u0435\u0442\u0435 \u043e\u043d\u043b\u0430\u0458\u043d \u2013 \u0435\u0432\u043e \u043a\u0430\u043a\u043e! \u0423\u043f\u043e\u0440\u0435\u0434\u0438\u0442\u0435 \u043d\u0430\u0458\u0431\u043e\u0459\u0435 \u043f\u0440\u043e\u0432\u0430\u0458\u0434\u0435\u0440\u0435, \u0434\u043e\u0431\u0438\u0458\u0442\u0435 \u0435\u043a\u0441\u043a\u043b\u0443\u0437\u0438\u0432\u043d\u0435 \u0431\u043e\u043d\u0443\u0441\u0435 \u0438 \u0434\u043e\u0431\u0438\u0458\u0442\u0435 \u0448\u0430\u043d\u0441\u0443 \u0434\u0430 \u043e\u0441\u0432\u043e\u0458\u0438\u0442\u0435 \u043c\u0435\u0433\u0430 \u045f\u0435\u043a\u043f\u043e\u0442. \u0418\u0433\u0440\u0430\u0458\u0442\u0435 \u0441\u0430\u0434\u0430 \u0438 \u043e\u0441\u0432\u043e\u0458\u0438\u0442\u0435!\",\"breadcrumb\":{\"@id\":\"https:\\\/\\\/powerballonlinelos.de\\\/sr\\\/#breadcrumb\"},\"inLanguage\":\"sr-RS\",\"potentialAction\":[{\"@type\":\"ReadAction\",\"target\":[\"https:\\\/\\\/powerballonlinelos.de\\\/sr\\\/\"]}]},{\"@type\":\"BreadcrumbList\",\"@id\":\"https:\\\/\\\/powerballonlinelos.de\\\/sr\\\/#breadcrumb\",\"itemListElement\":[{\"@type\":\"ListItem\",\"position\":1,\"name\":\"Home\",\"item\":\"https:\\\/\\\/powerballonlinelos.de\\\/sr\\\/\"},{\"@type\":\"ListItem\",\"position\":2,\"name\":\"\u0414\u043e\u043c\"}]},{\"@type\":\"WebSite\",\"@id\":\"https:\\\/\\\/powerballonlinelos.de\\\/sr\\\/#website\",\"url\":\"https:\\\/\\\/powerballonlinelos.de\\\/sr\\\/\",\"name\":\"\",\"description\":\"\",\"potentialAction\":[{\"@type\":\"SearchAction\",\"target\":{\"@type\":\"EntryPoint\",\"urlTemplate\":\"https:\\\/\\\/powerballonlinelos.de\\\/sr\\\/?s={search_term_string}\"},\"query-input\":{\"@type\":\"PropertyValueSpecification\",\"valueRequired\":true,\"valueName\":\"search_term_string\"}}],\"inLanguage\":\"sr-RS\"}]}<\/script>\n<!-- \/ Yoast SEO plugin. -->","yoast_head_json":{"title":"\u041a\u0443\u043f\u0438\u0442\u0435 Powerball \u043a\u0430\u0440\u0442\u0435 \u043e\u043d\u043b\u0430\u0458\u043d","description":"\u041a\u0443\u043f\u0438\u0442\u0435 \u0431\u0435\u0437\u0431\u0435\u0434\u043d\u0435 Powerball \u0442\u0438\u043a\u0435\u0442\u0435 \u043e\u043d\u043b\u0430\u0458\u043d \u2013 \u0435\u0432\u043e \u043a\u0430\u043a\u043e! \u0423\u043f\u043e\u0440\u0435\u0434\u0438\u0442\u0435 \u043d\u0430\u0458\u0431\u043e\u0459\u0435 \u043f\u0440\u043e\u0432\u0430\u0458\u0434\u0435\u0440\u0435, \u0434\u043e\u0431\u0438\u0458\u0442\u0435 \u0435\u043a\u0441\u043a\u043b\u0443\u0437\u0438\u0432\u043d\u0435 \u0431\u043e\u043d\u0443\u0441\u0435 \u0438 \u0434\u043e\u0431\u0438\u0458\u0442\u0435 \u0448\u0430\u043d\u0441\u0443 \u0434\u0430 \u043e\u0441\u0432\u043e\u0458\u0438\u0442\u0435 \u043c\u0435\u0433\u0430 \u045f\u0435\u043a\u043f\u043e\u0442. \u0418\u0433\u0440\u0430\u0458\u0442\u0435 \u0441\u0430\u0434\u0430 \u0438 \u043e\u0441\u0432\u043e\u0458\u0438\u0442\u0435!","robots":{"index":"index","follow":"follow","max-snippet":"max-snippet:-1","max-image-preview":"max-image-preview:large","max-video-preview":"max-video-preview:-1"},"canonical":"https:\/\/powerballonlinelos.de\/sr\/","og_locale":"sr_RS","og_type":"article","og_title":"\u041a\u0443\u043f\u0438\u0442\u0435 Powerball \u043a\u0430\u0440\u0442\u0435 \u043e\u043d\u043b\u0430\u0458\u043d","og_description":"\u041a\u0443\u043f\u0438\u0442\u0435 \u0431\u0435\u0437\u0431\u0435\u0434\u043d\u0435 Powerball \u0442\u0438\u043a\u0435\u0442\u0435 \u043e\u043d\u043b\u0430\u0458\u043d \u2013 \u0435\u0432\u043e \u043a\u0430\u043a\u043e! \u0423\u043f\u043e\u0440\u0435\u0434\u0438\u0442\u0435 \u043d\u0430\u0458\u0431\u043e\u0459\u0435 \u043f\u0440\u043e\u0432\u0430\u0458\u0434\u0435\u0440\u0435, \u0434\u043e\u0431\u0438\u0458\u0442\u0435 \u0435\u043a\u0441\u043a\u043b\u0443\u0437\u0438\u0432\u043d\u0435 \u0431\u043e\u043d\u0443\u0441\u0435 \u0438 \u0434\u043e\u0431\u0438\u0458\u0442\u0435 \u0448\u0430\u043d\u0441\u0443 \u0434\u0430 \u043e\u0441\u0432\u043e\u0458\u0438\u0442\u0435 \u043c\u0435\u0433\u0430 \u045f\u0435\u043a\u043f\u043e\u0442. \u0418\u0433\u0440\u0430\u0458\u0442\u0435 \u0441\u0430\u0434\u0430 \u0438 \u043e\u0441\u0432\u043e\u0458\u0438\u0442\u0435!","og_url":"https:\/\/powerballonlinelos.de\/sr\/","twitter_card":"summary_large_image","twitter_misc":{"\u041f\u0440\u043e\u0446\u0435\u045a\u0435\u043d\u043e \u0432\u0440\u0435\u043c\u0435 \u0447\u0438\u0442\u0430\u045a\u0430":"3 \u043c\u0438\u043d\u0443\u0442\u0430"},"schema":{"@context":"https:\/\/schema.org","@graph":[{"@type":"WebPage","@id":"https:\/\/powerballonlinelos.de\/sr\/","url":"https:\/\/powerballonlinelos.de\/sr\/","name":"\u041a\u0443\u043f\u0438\u0442\u0435 Powerball \u043a\u0430\u0440\u0442\u0435 \u043e\u043d\u043b\u0430\u0458\u043d","isPartOf":{"@id":"https:\/\/powerballonlinelos.de\/sr\/#website"},"datePublished":"2025-08-01T18:10:23+00:00","description":"\u041a\u0443\u043f\u0438\u0442\u0435 \u0431\u0435\u0437\u0431\u0435\u0434\u043d\u0435 Powerball \u0442\u0438\u043a\u0435\u0442\u0435 \u043e\u043d\u043b\u0430\u0458\u043d \u2013 \u0435\u0432\u043e \u043a\u0430\u043a\u043e! \u0423\u043f\u043e\u0440\u0435\u0434\u0438\u0442\u0435 \u043d\u0430\u0458\u0431\u043e\u0459\u0435 \u043f\u0440\u043e\u0432\u0430\u0458\u0434\u0435\u0440\u0435, \u0434\u043e\u0431\u0438\u0458\u0442\u0435 \u0435\u043a\u0441\u043a\u043b\u0443\u0437\u0438\u0432\u043d\u0435 \u0431\u043e\u043d\u0443\u0441\u0435 \u0438 \u0434\u043e\u0431\u0438\u0458\u0442\u0435 \u0448\u0430\u043d\u0441\u0443 \u0434\u0430 \u043e\u0441\u0432\u043e\u0458\u0438\u0442\u0435 \u043c\u0435\u0433\u0430 \u045f\u0435\u043a\u043f\u043e\u0442. \u0418\u0433\u0440\u0430\u0458\u0442\u0435 \u0441\u0430\u0434\u0430 \u0438 \u043e\u0441\u0432\u043e\u0458\u0438\u0442\u0435!","breadcrumb":{"@id":"https:\/\/powerballonlinelos.de\/sr\/#breadcrumb"},"inLanguage":"sr-RS","potentialAction":[{"@type":"ReadAction","target":["https:\/\/powerballonlinelos.de\/sr\/"]}]},{"@type":"BreadcrumbList","@id":"https:\/\/powerballonlinelos.de\/sr\/#breadcrumb","itemListElement":[{"@type":"ListItem","position":1,"name":"Home","item":"https:\/\/powerballonlinelos.de\/sr\/"},{"@type":"ListItem","position":2,"name":"\u0414\u043e\u043c"}]},{"@type":"WebSite","@id":"https:\/\/powerballonlinelos.de\/sr\/#website","url":"https:\/\/powerballonlinelos.de\/sr\/","name":"","description":"","potentialAction":[{"@type":"SearchAction","target":{"@type":"EntryPoint","urlTemplate":"https:\/\/powerballonlinelos.de\/sr\/?s={search_term_string}"},"query-input":{"@type":"PropertyValueSpecification","valueRequired":true,"valueName":"search_term_string"}}],"inLanguage":"sr-RS"}]}},"_links":{"self":[{"href":"https:\/\/powerballonlinelos.de\/sr\/wp-json\/wp\/v2\/pages\/309","targetHints":{"allow":["GET"]}}],"collection":[{"href":"https:\/\/powerballonlinelos.de\/sr\/wp-json\/wp\/v2\/pages"}],"about":[{"href":"https:\/\/powerballonlinelos.de\/sr\/wp-json\/wp\/v2\/types\/page"}],"author":[{"embeddable":true,"href":"https:\/\/powerballonlinelos.de\/sr\/wp-json\/wp\/v2\/users\/1"}],"replies":[{"embeddable":true,"href":"https:\/\/powerballonlinelos.de\/sr\/wp-json\/wp\/v2\/comments?post=309"}],"version-history":[{"count":0,"href":"https:\/\/powerballonlinelos.de\/sr\/wp-json\/wp\/v2\/pages\/309\/revisions"}],"wp:attachment":[{"href":"https:\/\/powerballonlinelos.de\/sr\/wp-json\/wp\/v2\/media?parent=309"}],"curies":[{"name":"wp","href":"https:\/\/api.w.org\/{rel}","templated":true}]}}