{"id":311,"date":"2025-08-01T18:10:23","date_gmt":"2025-08-01T18:10:23","guid":{"rendered":"https:\/\/powerballonlinelos.de\/domov\/"},"modified":"2025-08-01T18:10:23","modified_gmt":"2025-08-01T18:10:23","slug":"domov","status":"publish","type":"page","link":"https:\/\/powerballonlinelos.de\/sl\/","title":{"rendered":"Domov"},"content":{"rendered":"<h2>Kupite sre\u010dke Powerball na spletu<\/h2>\n<p>Vsak ljubitelj loterij po vsem svetu je zagotovo \u017ee sli\u0161al za ameri\u0161ko loterijo Powerball. Jackpoti v vi\u0161ini 200 milijonov dolarjev in ve\u010d so tam skoraj obi\u010dajni. In novice nenehno poro\u010dajo, da Ameri\u010dani napadajo prodajna mesta loterij, ker jackpot Powerball obljublja ogromne dobitke.<\/p>\n<p>Seveda se vsak nem\u0161ki igralec loterije spra\u0161uje, ali lahko sre\u010dko za ameri\u0161ko loterijo kupi na spletu ali mora za to \u017eiveti v ZDA. Leteti v Ameriko, da bi kupili sre\u010dko, res nima smisla &#8230;<\/p>\n<p>No, re\u0161itev je precej preprosta: sre\u010dko Powerball lahko dejansko kupite na spletu!<\/strong> Obstaja globalno delujo\u010de in predvsem popolnoma ugledno in zanesljivo podjetje RedFoxLotto, ki ponuja tak\u0161no storitev. <a href=\"https:\/\/redfoxlotto.com\/play\/\" target=\"_blank\" rel=\"noopener noreferrer\">RedFoxLotto<\/a> ima distribucijske partnerje po vsem svetu. Spletne sre\u010dke nato za vas kupijo distribucijski partnerji v ustrezni dr\u017eavi pod va\u0161im imenom.<\/p>\n<h2>Kako kupim sre\u010dko Powerball na spletu?<\/h2>\n<p>Na desni strani boste videli polje s trenutnim jackpotom Powerball. Kliknite na povezavo, da izberete svoje zmagovalne \u0161tevilke, ustvarite uporabni\u0161ki ra\u010dun in pla\u010date kupnino za sre\u010dko na spletu. Kmalu zatem boste prejeli e-po\u0161tno sporo\u010dilo, ki potrjuje, da je bila uradna sre\u010dka dejansko kupljena na va\u0161e ime. To e-po\u0161tno sporo\u010dilo vsebuje skenirano sliko originalne sre\u010dke \u2013 z va\u0161im imenom na njej.<\/p>\n<p>To je zelo pomembno, ker \u010de zmagate, imate uradni zahtevek do loterijske dru\u017ebe. \u017dal obstajajo tudi ponudniki, ki v bistvu &#8220;pobirajo&#8221; loterijske dobitke in preprosto izpla\u010dujejo dobitke iz lastne prodaje. Ampak ali res mislite, da bi vam ta podjetja pla\u010dala 50 milijonov dolarjev ali ve\u010d?<\/p>\n<p>Oh ja, RedFoxLotto ne ponuja samo spletnih sre\u010dk Powerball, temve\u010d tudi spletne sre\u010dke za vse druge ve\u010dje loterijske jackpote po vsem svetu. Ste si vedno \u017eeleli igrati EuroMillions (nenavadno je, da za to loterijo ni nem\u0161kih sre\u010dk)? Sre\u010dke za EuroMillions in \u0161tevilne druge loterijske sre\u010dke so na voljo tudi na spletu prek istega uporabni\u0161kega ra\u010duna. Samo poglejte v desni stolpec; tam boste na\u0161li trenutne zneske nagrad za razli\u010dne loterijske dogodke po vsem svetu.<\/p>\n<p>Tako lahko, \u010de \u017eelite, vsak teden kupite spletno sre\u010dko za loterijo z najvi\u0161jim jackpotom. Ni\u010d ve\u010d \u010dakanja, da v nem\u0161ki loteriji kon\u010dno osvojite velik jackpot.<\/p>\n<p>Mimogrede, Redfoxlotto pomaga tudi pri izpla\u010dilu dobitkov \u2013 brezpla\u010dno. Vsi dobitki pod 600 \u20ac se naka\u017eejo neposredno na va\u0161 uporabni\u0161ki ra\u010dun. Nato lahko te zneske naka\u017eete nazaj ali kupite nove sre\u010dke.<\/p>\n<p>\u010ce osvojite ve\u010dji znesek, boste denar prejeli neposredno od loterijske dru\u017ebe.<\/span> Brez skrbi, ni vam treba leteti v ZDA (razen \u010de zadenete jackpot \u2013 raje bi osebno prevzeli \u010dek, kajne?). Vse, kar morate storiti, je, da izpolnite identifikacijski obrazec. Prejeli ga boste od RedFoxLotto po e-po\u0161ti, ga izpolnite in vrnite. Od tam bo prek spleta posredovan loterijski komisiji. Loterijska dru\u017eba vam bo nato izdala \u010dek, ki vam ga bomo dostavili po kurirju ali priporo\u010deni po\u0161ti. Vse, kar morate storiti, je, da unov\u010dite \u010dek na svoji banki in ugotovite, kaj boste storili s svojim milijonskim dobitkom.<\/p>\n<p><strong>V redu, zdaj pa kar naprej \u2013 veliki jackpoti vas \u010dakajo!<\/strong><\/p>\n","protected":false},"excerpt":{"rendered":"<p>Kupite sre\u010dke Powerball na spletu Vsak ljubitelj loterij po vsem svetu je zagotovo \u017ee sli\u0161al za ameri\u0161ko loterijo Powerball. Jackpoti v vi\u0161ini 200 milijonov dolarjev in ve\u010d so tam skoraj obi\u010dajni. In novice nenehno poro\u010dajo, da Ameri\u010dani napadajo prodajna mesta loterij, ker jackpot Powerball obljublja ogromne dobitke. Seveda se vsak nem\u0161ki igralec loterije spra\u0161uje, ali &hellip; <\/p>\n<p class=\"link-more\"><a href=\"https:\/\/powerballonlinelos.de\/sl\/\" class=\"more-link\">Read more<span class=\"screen-reader-text\"> &#8220;Domov&#8221;<\/span><\/a><\/p>\n","protected":false},"author":1,"featured_media":0,"parent":0,"menu_order":0,"comment_status":"closed","ping_status":"closed","template":"","meta":{"footnotes":""},"class_list":["post-311","page","type-page","status-publish","hentry"],"yoast_head":"<!-- This site is optimized with the Yoast SEO plugin v27.4 - https:\/\/yoast.com\/product\/yoast-seo-wordpress\/ -->\n<title>Kupite Powerball vstopnice na spletu<\/title>\n<meta name=\"description\" content=\"Kupite varne Powerball sre\u010dke na spletu \u2013 takole! Primerjajte najbolj\u0161e ponudnike, pridobite ekskluzivne bonuse in si zagotovite prilo\u017enost za osvojitev mega jackpota. Igrajte zdaj in zmagajte!\" \/>\n<meta name=\"robots\" content=\"index, follow, max-snippet:-1, max-image-preview:large, max-video-preview:-1\" \/>\n<link rel=\"canonical\" href=\"https:\/\/powerballonlinelos.de\/sl\/\" \/>\n<meta property=\"og:locale\" content=\"sl_SI\" \/>\n<meta property=\"og:type\" content=\"article\" \/>\n<meta property=\"og:title\" content=\"Kupite Powerball vstopnice na spletu\" \/>\n<meta property=\"og:description\" content=\"Kupite varne Powerball sre\u010dke na spletu \u2013 takole! Primerjajte najbolj\u0161e ponudnike, pridobite ekskluzivne bonuse in si zagotovite prilo\u017enost za osvojitev mega jackpota. Igrajte zdaj in zmagajte!\" \/>\n<meta property=\"og:url\" content=\"https:\/\/powerballonlinelos.de\/sl\/\" \/>\n<meta name=\"twitter:card\" content=\"summary_large_image\" \/>\n<meta name=\"twitter:label1\" content=\"Est. reading time\" \/>\n\t<meta name=\"twitter:data1\" content=\"3 minute\" \/>\n<script type=\"application\/ld+json\" class=\"yoast-schema-graph\">{\"@context\":\"https:\\\/\\\/schema.org\",\"@graph\":[{\"@type\":\"WebPage\",\"@id\":\"https:\\\/\\\/powerballonlinelos.de\\\/sl\\\/\",\"url\":\"https:\\\/\\\/powerballonlinelos.de\\\/sl\\\/\",\"name\":\"Kupite Powerball vstopnice na spletu\",\"isPartOf\":{\"@id\":\"https:\\\/\\\/powerballonlinelos.de\\\/sl\\\/#website\"},\"datePublished\":\"2025-08-01T18:10:23+00:00\",\"description\":\"Kupite varne Powerball sre\u010dke na spletu \u2013 takole! Primerjajte najbolj\u0161e ponudnike, pridobite ekskluzivne bonuse in si zagotovite prilo\u017enost za osvojitev mega jackpota. Igrajte zdaj in zmagajte!\",\"breadcrumb\":{\"@id\":\"https:\\\/\\\/powerballonlinelos.de\\\/sl\\\/#breadcrumb\"},\"inLanguage\":\"sl-SI\",\"potentialAction\":[{\"@type\":\"ReadAction\",\"target\":[\"https:\\\/\\\/powerballonlinelos.de\\\/sl\\\/\"]}]},{\"@type\":\"BreadcrumbList\",\"@id\":\"https:\\\/\\\/powerballonlinelos.de\\\/sl\\\/#breadcrumb\",\"itemListElement\":[{\"@type\":\"ListItem\",\"position\":1,\"name\":\"Home\",\"item\":\"https:\\\/\\\/powerballonlinelos.de\\\/sl\\\/\"},{\"@type\":\"ListItem\",\"position\":2,\"name\":\"Domov\"}]},{\"@type\":\"WebSite\",\"@id\":\"https:\\\/\\\/powerballonlinelos.de\\\/sl\\\/#website\",\"url\":\"https:\\\/\\\/powerballonlinelos.de\\\/sl\\\/\",\"name\":\"\",\"description\":\"\",\"potentialAction\":[{\"@type\":\"SearchAction\",\"target\":{\"@type\":\"EntryPoint\",\"urlTemplate\":\"https:\\\/\\\/powerballonlinelos.de\\\/sl\\\/?s={search_term_string}\"},\"query-input\":{\"@type\":\"PropertyValueSpecification\",\"valueRequired\":true,\"valueName\":\"search_term_string\"}}],\"inLanguage\":\"sl-SI\"}]}<\/script>\n<!-- \/ Yoast SEO plugin. -->","yoast_head_json":{"title":"Kupite Powerball vstopnice na spletu","description":"Kupite varne Powerball sre\u010dke na spletu \u2013 takole! Primerjajte najbolj\u0161e ponudnike, pridobite ekskluzivne bonuse in si zagotovite prilo\u017enost za osvojitev mega jackpota. Igrajte zdaj in zmagajte!","robots":{"index":"index","follow":"follow","max-snippet":"max-snippet:-1","max-image-preview":"max-image-preview:large","max-video-preview":"max-video-preview:-1"},"canonical":"https:\/\/powerballonlinelos.de\/sl\/","og_locale":"sl_SI","og_type":"article","og_title":"Kupite Powerball vstopnice na spletu","og_description":"Kupite varne Powerball sre\u010dke na spletu \u2013 takole! Primerjajte najbolj\u0161e ponudnike, pridobite ekskluzivne bonuse in si zagotovite prilo\u017enost za osvojitev mega jackpota. Igrajte zdaj in zmagajte!","og_url":"https:\/\/powerballonlinelos.de\/sl\/","twitter_card":"summary_large_image","twitter_misc":{"Est. reading time":"3 minute"},"schema":{"@context":"https:\/\/schema.org","@graph":[{"@type":"WebPage","@id":"https:\/\/powerballonlinelos.de\/sl\/","url":"https:\/\/powerballonlinelos.de\/sl\/","name":"Kupite Powerball vstopnice na spletu","isPartOf":{"@id":"https:\/\/powerballonlinelos.de\/sl\/#website"},"datePublished":"2025-08-01T18:10:23+00:00","description":"Kupite varne Powerball sre\u010dke na spletu \u2013 takole! Primerjajte najbolj\u0161e ponudnike, pridobite ekskluzivne bonuse in si zagotovite prilo\u017enost za osvojitev mega jackpota. Igrajte zdaj in zmagajte!","breadcrumb":{"@id":"https:\/\/powerballonlinelos.de\/sl\/#breadcrumb"},"inLanguage":"sl-SI","potentialAction":[{"@type":"ReadAction","target":["https:\/\/powerballonlinelos.de\/sl\/"]}]},{"@type":"BreadcrumbList","@id":"https:\/\/powerballonlinelos.de\/sl\/#breadcrumb","itemListElement":[{"@type":"ListItem","position":1,"name":"Home","item":"https:\/\/powerballonlinelos.de\/sl\/"},{"@type":"ListItem","position":2,"name":"Domov"}]},{"@type":"WebSite","@id":"https:\/\/powerballonlinelos.de\/sl\/#website","url":"https:\/\/powerballonlinelos.de\/sl\/","name":"","description":"","potentialAction":[{"@type":"SearchAction","target":{"@type":"EntryPoint","urlTemplate":"https:\/\/powerballonlinelos.de\/sl\/?s={search_term_string}"},"query-input":{"@type":"PropertyValueSpecification","valueRequired":true,"valueName":"search_term_string"}}],"inLanguage":"sl-SI"}]}},"_links":{"self":[{"href":"https:\/\/powerballonlinelos.de\/sl\/wp-json\/wp\/v2\/pages\/311","targetHints":{"allow":["GET"]}}],"collection":[{"href":"https:\/\/powerballonlinelos.de\/sl\/wp-json\/wp\/v2\/pages"}],"about":[{"href":"https:\/\/powerballonlinelos.de\/sl\/wp-json\/wp\/v2\/types\/page"}],"author":[{"embeddable":true,"href":"https:\/\/powerballonlinelos.de\/sl\/wp-json\/wp\/v2\/users\/1"}],"replies":[{"embeddable":true,"href":"https:\/\/powerballonlinelos.de\/sl\/wp-json\/wp\/v2\/comments?post=311"}],"version-history":[{"count":0,"href":"https:\/\/powerballonlinelos.de\/sl\/wp-json\/wp\/v2\/pages\/311\/revisions"}],"wp:attachment":[{"href":"https:\/\/powerballonlinelos.de\/sl\/wp-json\/wp\/v2\/media?parent=311"}],"curies":[{"name":"wp","href":"https:\/\/api.w.org\/{rel}","templated":true}]}}