{"id":310,"date":"2025-08-01T18:10:23","date_gmt":"2025-08-01T18:10:23","guid":{"rendered":"https:\/\/powerballonlinelos.de\/domov\/"},"modified":"2025-08-01T18:10:23","modified_gmt":"2025-08-01T18:10:23","slug":"domov","status":"publish","type":"page","link":"https:\/\/powerballonlinelos.de\/sk\/","title":{"rendered":"Domov"},"content":{"rendered":"<h2>K\u00fapi\u0165 tikety Powerball online<\/h2>\n<p>Ka\u017ed\u00fd nad\u0161enec lot\u00e9rie na celom svete ur\u010dite po\u010dul o americkej lot\u00e9rii Powerball. Jackpoty vo v\u00fd\u0161ke 200 mili\u00f3nov dol\u00e1rov a viac s\u00fa tam takmer be\u017en\u00e9. A spr\u00e1vy neust\u00e1le informuj\u00fa o tom, \u017ee Ameri\u010dania zaplavuj\u00fa predajne lot\u00e9rie, preto\u017ee jackpot Powerball s\u013eubuje obrovsk\u00e9 v\u00fdhry.<\/p>\n<p>Prirodzene, ka\u017ed\u00fd nemeck\u00fd hr\u00e1\u010d lot\u00e9rie sa p\u00fdta, \u010di si m\u00f4\u017ee k\u00fapi\u0165 tiket do americkej lot\u00e9rie online, alebo \u010di na to mus\u00ed \u017ei\u0165 v USA. Lieta\u0165 do Ameriky, aby si k\u00fapil tiket, naozaj ned\u00e1va zmysel&#8230;<\/p>\n<p>Rie\u0161enie je celkom jednoduch\u00e9: Tiket Powerball si m\u00f4\u017eete skuto\u010dne k\u00fapi\u0165 online!<\/strong> Existuje glob\u00e1lne p\u00f4sobiaca a predov\u0161etk\u00fdm \u00faplne renomovan\u00e1 a spo\u013eahliv\u00e1 spolo\u010dnos\u0165 s n\u00e1zvom RedFoxLotto, ktor\u00e1 tak\u00fato slu\u017ebu pon\u00faka. <a href=\"https:\/\/redfoxlotto.com\/play\/\" target=\"_blank\" rel=\"noopener noreferrer\">RedFoxLotto<\/a> m\u00e1 distribu\u010dn\u00fdch partnerov po celom svete. L\u00edstky objednan\u00e9 online v\u00e1m potom zak\u00fapia distribu\u010dn\u00ed partneri v pr\u00edslu\u0161nej krajine pod va\u0161\u00edm menom.<\/p>\n<h2>Ako si m\u00f4\u017eem k\u00fapi\u0165 tiket Powerball online?<\/h2>\n<p>Na pravej strane uvid\u00edte pole s aktu\u00e1lnym jackpotom Powerball. Kliknite na odkaz, kde si vyberiete svoje v\u00fdhern\u00e9 \u010d\u00edsla, vytvor\u00edte si z\u00e1kazn\u00edcky \u00fa\u010det a online zaplat\u00edte k\u00fapnu cenu tiketu. Kr\u00e1tko nato dostanete e-mail s potvrden\u00edm, \u017ee na va\u0161e meno bol skuto\u010dne zak\u00fapen\u00fd ofici\u00e1lny tiket. Tento e-mail obsahuje naskenovan\u00fd obr\u00e1zok origin\u00e1lneho tiketu \u2013 s va\u0161\u00edm menom.<\/p>\n<p>Toto je ve\u013emi d\u00f4le\u017eit\u00e9, preto\u017ee ak vyhr\u00e1te, m\u00e1te ofici\u00e1lny n\u00e1rok vo\u010di lot\u00e9riovej spolo\u010dnosti. Bohu\u017eia\u013e, existuj\u00fa aj poskytovatelia, ktor\u00ed v podstate \u201ezbieraj\u00fa\u201c v\u00fdhry z lot\u00e9rie a jednoducho vypl\u00e1caj\u00fa v\u00fdhry z vlastn\u00e9ho predaja. Ale naozaj si mysl\u00edte, \u017ee by v\u00e1m tieto spolo\u010dnosti zaplatili 50 mili\u00f3nov dol\u00e1rov alebo viac?<\/p>\n<p>\u00c1no, RedFoxLotto pon\u00faka nielen online tikety Powerball, ale aj online tikety na v\u0161etky ostatn\u00e9 hlavn\u00e9 lot\u00e9riov\u00e9 jackpoty po celom svete. V\u017edy ste chceli hra\u0165 EuroMillions (zauj\u00edmav\u00e9 je, \u017ee pre t\u00fato lot\u00e9riu neexistuj\u00fa \u017eiadne nemeck\u00e9 tikety)? Tikety na EuroMillions a mnoho \u010fal\u0161\u00edch tiketov s\u00fa k dispoz\u00edcii aj online prostredn\u00edctvom toho ist\u00e9ho z\u00e1kazn\u00edckeho \u00fa\u010dtu. Sta\u010d\u00ed sa pozrie\u0165 do prav\u00e9ho st\u013apca; tam n\u00e1jdete aktu\u00e1lne v\u00fdhry z r\u00f4znych lot\u00e9riov\u00fdch podujat\u00ed po celom svete.<\/p>\n<p>Takto si m\u00f4\u017eete, ak chcete, ka\u017ed\u00fd t\u00fd\u017ede\u0148 k\u00fapi\u0165 online tiket do lot\u00e9rie s najvy\u0161\u0161\u00edm jackpotom. U\u017e \u017eiadne \u010dakanie, k\u00fdm v nemeckej lot\u00e9rii kone\u010dne vyhr\u00e1te ve\u013ek\u00fd jackpot.<\/p>\n<p>Mimochodom, Redfoxlotto tie\u017e pom\u00e1ha s vypl\u00e1can\u00edm v\u00fdhier \u2013 bezplatne. V\u0161etky v\u00fdhry do 600 \u20ac sa prip\u00ed\u0161u priamo na v\u00e1\u0161 z\u00e1kazn\u00edcky \u00fa\u010det. Tieto sumy si potom m\u00f4\u017eete necha\u0165 previes\u0165 sp\u00e4\u0165 alebo si zak\u00fapi\u0165 nov\u00e9 tikety.<\/p>\n<p>Ak vyhr\u00e1te vy\u0161\u0161iu sumu, peniaze dostanete priamo od lot\u00e9riovej spolo\u010dnosti.<\/span> Nebojte sa, nemus\u00edte letie\u0165 do USA (pokia\u013e netraf\u00edte jackpot \u2013 rad\u0161ej si \u0161ek vyzdvihnete osobne, v\u0161ak?). Sta\u010d\u00ed vyplni\u0165 identifika\u010dn\u00fd formul\u00e1r. Dostanete ho od RedFoxLotto e-mailom, vypln\u00edte ho a vr\u00e1tite. Odtia\u013e bude online odoslan\u00fd lot\u00e9riovej komisii. Lot\u00e9riov\u00e1 spolo\u010dnos\u0165 v\u00e1m potom vyd\u00e1 \u0161ek, ktor\u00fd v\u00e1m bude doru\u010den\u00fd kuri\u00e9rom alebo doporu\u010dene. Sta\u010d\u00ed si \u0161ek preplati\u0165 v banke a vymyslie\u0165, \u010do urob\u00edte so svojou mili\u00f3novou v\u00fdhrou.<\/p>\n<p><strong>Dobre, teraz do toho \u2013 \u010dakaj\u00fa na v\u00e1s ve\u013ek\u00e9 jackpoty!<\/strong><\/p>\n","protected":false},"excerpt":{"rendered":"<p>K\u00fapi\u0165 tikety Powerball online Ka\u017ed\u00fd nad\u0161enec lot\u00e9rie na celom svete ur\u010dite po\u010dul o americkej lot\u00e9rii Powerball. Jackpoty vo v\u00fd\u0161ke 200 mili\u00f3nov dol\u00e1rov a viac s\u00fa tam takmer be\u017en\u00e9. A spr\u00e1vy neust\u00e1le informuj\u00fa o tom, \u017ee Ameri\u010dania zaplavuj\u00fa predajne lot\u00e9rie, preto\u017ee jackpot Powerball s\u013eubuje obrovsk\u00e9 v\u00fdhry. Prirodzene, ka\u017ed\u00fd nemeck\u00fd hr\u00e1\u010d lot\u00e9rie sa p\u00fdta, \u010di si m\u00f4\u017ee &hellip; <\/p>\n<p class=\"link-more\"><a href=\"https:\/\/powerballonlinelos.de\/sk\/\" class=\"more-link\">Read more<span class=\"screen-reader-text\"> &#8222;Domov&#8220;<\/span><\/a><\/p>\n","protected":false},"author":1,"featured_media":0,"parent":0,"menu_order":0,"comment_status":"closed","ping_status":"closed","template":"","meta":{"footnotes":""},"class_list":["post-310","page","type-page","status-publish","hentry"],"yoast_head":"<!-- This site is optimized with the Yoast SEO plugin v27.4 - https:\/\/yoast.com\/product\/yoast-seo-wordpress\/ -->\n<title>K\u00fapte si l\u00edstky Powerball online<\/title>\n<meta name=\"description\" content=\"K\u00fapte si bezpe\u010dn\u00e9 tikety Powerball online \u2013 takto! Porovnajte najlep\u0161\u00edch poskytovate\u013eov, z\u00edskajte exkluz\u00edvne bonusy a \u0161ancu vyhra\u0165 mega jackpot. Hrajte teraz a vyhrajte!\" \/>\n<meta name=\"robots\" content=\"index, follow, max-snippet:-1, max-image-preview:large, max-video-preview:-1\" \/>\n<link rel=\"canonical\" href=\"https:\/\/powerballonlinelos.de\/sk\/\" \/>\n<meta property=\"og:locale\" content=\"sk_SK\" \/>\n<meta property=\"og:type\" content=\"article\" \/>\n<meta property=\"og:title\" content=\"K\u00fapte si l\u00edstky Powerball online\" \/>\n<meta property=\"og:description\" content=\"K\u00fapte si bezpe\u010dn\u00e9 tikety Powerball online \u2013 takto! Porovnajte najlep\u0161\u00edch poskytovate\u013eov, z\u00edskajte exkluz\u00edvne bonusy a \u0161ancu vyhra\u0165 mega jackpot. Hrajte teraz a vyhrajte!\" \/>\n<meta property=\"og:url\" content=\"https:\/\/powerballonlinelos.de\/sk\/\" \/>\n<meta name=\"twitter:card\" content=\"summary_large_image\" \/>\n<meta name=\"twitter:label1\" content=\"Predpokladan\u00fd \u010das \u010d\u00edtania\" \/>\n\t<meta name=\"twitter:data1\" content=\"3 min\u00faty\" \/>\n<script type=\"application\/ld+json\" class=\"yoast-schema-graph\">{\"@context\":\"https:\\\/\\\/schema.org\",\"@graph\":[{\"@type\":\"WebPage\",\"@id\":\"https:\\\/\\\/powerballonlinelos.de\\\/sk\\\/\",\"url\":\"https:\\\/\\\/powerballonlinelos.de\\\/sk\\\/\",\"name\":\"K\u00fapte si l\u00edstky Powerball online\",\"isPartOf\":{\"@id\":\"https:\\\/\\\/powerballonlinelos.de\\\/sk\\\/#website\"},\"datePublished\":\"2025-08-01T18:10:23+00:00\",\"description\":\"K\u00fapte si bezpe\u010dn\u00e9 tikety Powerball online \u2013 takto! Porovnajte najlep\u0161\u00edch poskytovate\u013eov, z\u00edskajte exkluz\u00edvne bonusy a \u0161ancu vyhra\u0165 mega jackpot. Hrajte teraz a vyhrajte!\",\"breadcrumb\":{\"@id\":\"https:\\\/\\\/powerballonlinelos.de\\\/sk\\\/#breadcrumb\"},\"inLanguage\":\"sk-SK\",\"potentialAction\":[{\"@type\":\"ReadAction\",\"target\":[\"https:\\\/\\\/powerballonlinelos.de\\\/sk\\\/\"]}]},{\"@type\":\"BreadcrumbList\",\"@id\":\"https:\\\/\\\/powerballonlinelos.de\\\/sk\\\/#breadcrumb\",\"itemListElement\":[{\"@type\":\"ListItem\",\"position\":1,\"name\":\"Home\",\"item\":\"https:\\\/\\\/powerballonlinelos.de\\\/sk\\\/\"},{\"@type\":\"ListItem\",\"position\":2,\"name\":\"Domov\"}]},{\"@type\":\"WebSite\",\"@id\":\"https:\\\/\\\/powerballonlinelos.de\\\/sk\\\/#website\",\"url\":\"https:\\\/\\\/powerballonlinelos.de\\\/sk\\\/\",\"name\":\"\",\"description\":\"\",\"potentialAction\":[{\"@type\":\"SearchAction\",\"target\":{\"@type\":\"EntryPoint\",\"urlTemplate\":\"https:\\\/\\\/powerballonlinelos.de\\\/sk\\\/?s={search_term_string}\"},\"query-input\":{\"@type\":\"PropertyValueSpecification\",\"valueRequired\":true,\"valueName\":\"search_term_string\"}}],\"inLanguage\":\"sk-SK\"}]}<\/script>\n<!-- \/ Yoast SEO plugin. -->","yoast_head_json":{"title":"K\u00fapte si l\u00edstky Powerball online","description":"K\u00fapte si bezpe\u010dn\u00e9 tikety Powerball online \u2013 takto! Porovnajte najlep\u0161\u00edch poskytovate\u013eov, z\u00edskajte exkluz\u00edvne bonusy a \u0161ancu vyhra\u0165 mega jackpot. Hrajte teraz a vyhrajte!","robots":{"index":"index","follow":"follow","max-snippet":"max-snippet:-1","max-image-preview":"max-image-preview:large","max-video-preview":"max-video-preview:-1"},"canonical":"https:\/\/powerballonlinelos.de\/sk\/","og_locale":"sk_SK","og_type":"article","og_title":"K\u00fapte si l\u00edstky Powerball online","og_description":"K\u00fapte si bezpe\u010dn\u00e9 tikety Powerball online \u2013 takto! Porovnajte najlep\u0161\u00edch poskytovate\u013eov, z\u00edskajte exkluz\u00edvne bonusy a \u0161ancu vyhra\u0165 mega jackpot. Hrajte teraz a vyhrajte!","og_url":"https:\/\/powerballonlinelos.de\/sk\/","twitter_card":"summary_large_image","twitter_misc":{"Predpokladan\u00fd \u010das \u010d\u00edtania":"3 min\u00faty"},"schema":{"@context":"https:\/\/schema.org","@graph":[{"@type":"WebPage","@id":"https:\/\/powerballonlinelos.de\/sk\/","url":"https:\/\/powerballonlinelos.de\/sk\/","name":"K\u00fapte si l\u00edstky Powerball online","isPartOf":{"@id":"https:\/\/powerballonlinelos.de\/sk\/#website"},"datePublished":"2025-08-01T18:10:23+00:00","description":"K\u00fapte si bezpe\u010dn\u00e9 tikety Powerball online \u2013 takto! Porovnajte najlep\u0161\u00edch poskytovate\u013eov, z\u00edskajte exkluz\u00edvne bonusy a \u0161ancu vyhra\u0165 mega jackpot. Hrajte teraz a vyhrajte!","breadcrumb":{"@id":"https:\/\/powerballonlinelos.de\/sk\/#breadcrumb"},"inLanguage":"sk-SK","potentialAction":[{"@type":"ReadAction","target":["https:\/\/powerballonlinelos.de\/sk\/"]}]},{"@type":"BreadcrumbList","@id":"https:\/\/powerballonlinelos.de\/sk\/#breadcrumb","itemListElement":[{"@type":"ListItem","position":1,"name":"Home","item":"https:\/\/powerballonlinelos.de\/sk\/"},{"@type":"ListItem","position":2,"name":"Domov"}]},{"@type":"WebSite","@id":"https:\/\/powerballonlinelos.de\/sk\/#website","url":"https:\/\/powerballonlinelos.de\/sk\/","name":"","description":"","potentialAction":[{"@type":"SearchAction","target":{"@type":"EntryPoint","urlTemplate":"https:\/\/powerballonlinelos.de\/sk\/?s={search_term_string}"},"query-input":{"@type":"PropertyValueSpecification","valueRequired":true,"valueName":"search_term_string"}}],"inLanguage":"sk-SK"}]}},"_links":{"self":[{"href":"https:\/\/powerballonlinelos.de\/sk\/wp-json\/wp\/v2\/pages\/310","targetHints":{"allow":["GET"]}}],"collection":[{"href":"https:\/\/powerballonlinelos.de\/sk\/wp-json\/wp\/v2\/pages"}],"about":[{"href":"https:\/\/powerballonlinelos.de\/sk\/wp-json\/wp\/v2\/types\/page"}],"author":[{"embeddable":true,"href":"https:\/\/powerballonlinelos.de\/sk\/wp-json\/wp\/v2\/users\/1"}],"replies":[{"embeddable":true,"href":"https:\/\/powerballonlinelos.de\/sk\/wp-json\/wp\/v2\/comments?post=310"}],"version-history":[{"count":0,"href":"https:\/\/powerballonlinelos.de\/sk\/wp-json\/wp\/v2\/pages\/310\/revisions"}],"wp:attachment":[{"href":"https:\/\/powerballonlinelos.de\/sk\/wp-json\/wp\/v2\/media?parent=310"}],"curies":[{"name":"wp","href":"https:\/\/api.w.org\/{rel}","templated":true}]}}