{"id":313,"date":"2025-08-01T18:10:23","date_gmt":"2025-08-01T18:10:23","guid":{"rendered":"https:\/\/powerballonlinelos.de\/acasa\/"},"modified":"2025-08-01T18:10:23","modified_gmt":"2025-08-01T18:10:23","slug":"acasa","status":"publish","type":"page","link":"https:\/\/powerballonlinelos.de\/ro\/","title":{"rendered":"Acas\u0103"},"content":{"rendered":"<h2>Cump\u0103ra\u021bi bilete Powerball online<\/h2>\n<p>Fiecare pasionat de loterie din \u00eentreaga lume a auzit cu siguran\u021b\u0103 de loteria Powerball din SUA. Jackpot-urile de 200 de milioane de dolari \u0219i mai mult sunt aproape normale acolo. \u0218i \u0219tirile relateaz\u0103 constant c\u0103 americanii iau cu asalt punctele de v\u00e2nzare a loteriei, deoarece jackpot-ul Powerball promite c\u00e2\u0219tiguri enorme.<\/p>\n<p>Bine\u00een\u021beles, fiecare juc\u0103tor de loterie german se \u00eentreab\u0103 dac\u0103 poate cump\u0103ra un bilet pentru loteria american\u0103 online sau dac\u0103 trebuie s\u0103 locuiasc\u0103 \u00een SUA pentru a face acest lucru. S\u0103 zbori \u00een America pentru a cump\u0103ra un bilet chiar nu are sens&#8230;<\/p>\n<p>Ei bine, solu\u021bia este destul de simpl\u0103: Po\u021bi cump\u0103ra de fapt un bilet Powerball online!<\/strong> Exist\u0103 o companie care opereaz\u0103 la nivel global \u0219i, mai presus de toate, complet reputat\u0103 \u0219i fiabil\u0103, numit\u0103 RedFoxLotto, care ofer\u0103 un astfel de serviciu. <a href=\"https:\/\/redfoxlotto.com\/play\/\" target=\"_blank\" rel=\"noopener noreferrer\">RedFoxLotto<\/a> are parteneri de distribu\u021bie \u00een \u00eentreaga lume. Biletele comandate online sunt apoi achizi\u021bionate pentru dvs. de c\u0103tre partenerii de distribu\u021bie din \u021bara respectiv\u0103, sub numele dvs.<\/p>\n<h2>Cum cump\u0103r un bilet Powerball online?<\/h2>\n<p>\u00cen partea dreapt\u0103, ve\u021bi vedea o caset\u0103 cu jackpotul Powerball curent. Face\u021bi clic pe un link acolo pentru a selecta numerele c\u00e2\u0219tig\u0103toare, a configura un cont de client \u0219i a pl\u0103ti pre\u021bul de achizi\u021bie pentru bilet online. La scurt timp dup\u0103 aceea, ve\u021bi primi un e-mail care confirm\u0103 c\u0103 un bilet oficial a fost \u00eentr-adev\u0103r achizi\u021bionat pe numele dvs. Acest e-mail con\u021bine o imagine scanat\u0103 a biletului original &#8211; cu numele dvs. pe el.<\/p>\n<p>Acest lucru este foarte important, deoarece, dac\u0103 c\u00e2\u0219tiga\u021bi, ave\u021bi o preten\u021bie oficial\u0103 \u00eempotriva companiei de loterie. Din p\u0103cate, exist\u0103 \u0219i furnizori care, \u00een esen\u021b\u0103, \u201ecolecteaz\u0103\u201d c\u00e2\u0219tiguri la loterie \u0219i pur \u0219i simplu pl\u0103tesc c\u00e2\u0219tigurile din propriile v\u00e2nz\u0103ri. Dar chiar crede\u021bi c\u0103 aceste companii v-ar pl\u0103ti 50 de milioane de dolari sau mai mult?<\/p>\n<p>O, da, RedFoxLotto nu ofer\u0103 doar bilete Powerball online, ci \u0219i bilete de loterie online pentru toate celelalte jackpoturi majore de loterie din \u00eentreaga lume. \u021ai-ai dorit dintotdeauna s\u0103 joci EuroMillions (curios, nu exist\u0103 bilete germane pentru aceast\u0103 loterie)? Biletele pentru EuroMillions \u0219i multe alte bilete de loterie sunt disponibile \u0219i online prin acela\u0219i cont de client. Uit\u0103-te \u00een coloana din dreapta; acolo vei g\u0103si sumele actuale ale premiilor pentru diverse evenimente de loterie din \u00eentreaga lume.<\/p>\n<p>\u00cen acest fel, dac\u0103 dore\u0219ti, po\u021bi cump\u0103ra un bilet online pentru loteria cu cel mai mare jackpot \u00een fiecare s\u0103pt\u0103m\u00e2n\u0103. Nu mai trebuie s\u0103 a\u0219tep\u021bi p\u00e2n\u0103 c\u00e2nd un jackpot mare este c\u00e2\u0219tigat \u00een sf\u00e2r\u0219it la loteria german\u0103.<\/p>\n<p>Apropo, Redfoxlotto ajut\u0103 \u0219i la plata c\u00e2\u0219tigurilor &#8211; gratuit. Toate c\u00e2\u0219tigurile sub 600 \u20ac sunt creditate direct \u00een contul t\u0103u de client. Apoi, po\u021bi fie s\u0103-\u021bi transferi aceste sume \u00eenapoi, fie s\u0103 cumperi bilete noi.<\/p>\n<p>Dac\u0103 c\u00e2\u0219tigi o sum\u0103 mai mare, vei primi banii direct de la compania de loterie.<\/span> Nu-\u021bi face griji, nu trebuie s\u0103 zbori \u00een SUA (cu excep\u021bia cazului \u00een care nimere\u0219ti jackpotul &#8211; ai prefera s\u0103 ridici cecul personal, nu?). Tot ce trebuie s\u0103 faci este s\u0103 completezi un formular de identificare. \u00cel vei primi de la RedFoxLotto prin e-mail, \u00eel vei completa \u0219i \u00eel vei returna. De acolo, acesta va fi transmis online c\u0103tre comisia de loterie. Compania de loterie \u00ee\u021bi va emite apoi un cec, care \u00ee\u021bi va fi livrat prin curier sau po\u0219t\u0103 recomandat\u0103. Tot ce trebuie s\u0103 faci este s\u0103 \u00eencasezi cecul la banc\u0103 \u0219i s\u0103 te hot\u0103r\u0103\u0219ti ce s\u0103 faci cu c\u00e2\u0219tigurile tale de un milion de dolari.<\/p>\n<p><strong>Bine, acum d\u0103-i drumul &#8211; jackpoturile mari te a\u0219teapt\u0103!<\/strong><\/p>\n","protected":false},"excerpt":{"rendered":"<p>Cump\u0103ra\u021bi bilete Powerball online Fiecare pasionat de loterie din \u00eentreaga lume a auzit cu siguran\u021b\u0103 de loteria Powerball din SUA. Jackpot-urile de 200 de milioane de dolari \u0219i mai mult sunt aproape normale acolo. \u0218i \u0219tirile relateaz\u0103 constant c\u0103 americanii iau cu asalt punctele de v\u00e2nzare a loteriei, deoarece jackpot-ul Powerball promite c\u00e2\u0219tiguri enorme. Bine\u00een\u021beles, &hellip; <\/p>\n<p class=\"link-more\"><a href=\"https:\/\/powerballonlinelos.de\/ro\/\" class=\"more-link\">Cite\u0219te mai multe<span class=\"screen-reader-text\">\u201eAcas\u0103\u201d<\/span><\/a><\/p>\n","protected":false},"author":1,"featured_media":0,"parent":0,"menu_order":0,"comment_status":"closed","ping_status":"closed","template":"","meta":{"footnotes":""},"class_list":["post-313","page","type-page","status-publish","hentry"],"yoast_head":"<!-- This site is optimized with the Yoast SEO plugin v27.4 - https:\/\/yoast.com\/product\/yoast-seo-wordpress\/ -->\n<title>Cump\u0103r\u0103 bilete Powerball online<\/title>\n<meta name=\"description\" content=\"Cump\u0103r\u0103 bilete Powerball securizate online \u2013 iat\u0103 cum! Compar\u0103 cei mai buni furnizori, ob\u021bine bonusuri exclusive \u0219i ai \u0219ansa de a c\u00e2\u0219tiga mega jackpotul. Joac\u0103 acum \u0219i c\u00e2\u0219tig\u0103!\" \/>\n<meta name=\"robots\" content=\"index, follow, max-snippet:-1, max-image-preview:large, max-video-preview:-1\" \/>\n<link rel=\"canonical\" href=\"https:\/\/powerballonlinelos.de\/ro\/\" \/>\n<meta property=\"og:locale\" content=\"ro_RO\" \/>\n<meta property=\"og:type\" content=\"article\" \/>\n<meta property=\"og:title\" content=\"Cump\u0103r\u0103 bilete Powerball online\" \/>\n<meta property=\"og:description\" content=\"Cump\u0103r\u0103 bilete Powerball securizate online \u2013 iat\u0103 cum! Compar\u0103 cei mai buni furnizori, ob\u021bine bonusuri exclusive \u0219i ai \u0219ansa de a c\u00e2\u0219tiga mega jackpotul. Joac\u0103 acum \u0219i c\u00e2\u0219tig\u0103!\" \/>\n<meta property=\"og:url\" content=\"https:\/\/powerballonlinelos.de\/ro\/\" \/>\n<meta name=\"twitter:card\" content=\"summary_large_image\" \/>\n<meta name=\"twitter:label1\" content=\"Timp estimat pentru citire\" \/>\n\t<meta name=\"twitter:data1\" content=\"3 minute\" \/>\n<script type=\"application\/ld+json\" class=\"yoast-schema-graph\">{\"@context\":\"https:\\\/\\\/schema.org\",\"@graph\":[{\"@type\":\"WebPage\",\"@id\":\"https:\\\/\\\/powerballonlinelos.de\\\/ro\\\/\",\"url\":\"https:\\\/\\\/powerballonlinelos.de\\\/ro\\\/\",\"name\":\"Cump\u0103r\u0103 bilete Powerball online\",\"isPartOf\":{\"@id\":\"https:\\\/\\\/powerballonlinelos.de\\\/ro\\\/#website\"},\"datePublished\":\"2025-08-01T18:10:23+00:00\",\"description\":\"Cump\u0103r\u0103 bilete Powerball securizate online \u2013 iat\u0103 cum! Compar\u0103 cei mai buni furnizori, ob\u021bine bonusuri exclusive \u0219i ai \u0219ansa de a c\u00e2\u0219tiga mega jackpotul. Joac\u0103 acum \u0219i c\u00e2\u0219tig\u0103!\",\"breadcrumb\":{\"@id\":\"https:\\\/\\\/powerballonlinelos.de\\\/ro\\\/#breadcrumb\"},\"inLanguage\":\"ro-RO\",\"potentialAction\":[{\"@type\":\"ReadAction\",\"target\":[\"https:\\\/\\\/powerballonlinelos.de\\\/ro\\\/\"]}]},{\"@type\":\"BreadcrumbList\",\"@id\":\"https:\\\/\\\/powerballonlinelos.de\\\/ro\\\/#breadcrumb\",\"itemListElement\":[{\"@type\":\"ListItem\",\"position\":1,\"name\":\"Home\",\"item\":\"https:\\\/\\\/powerballonlinelos.de\\\/ro\\\/\"},{\"@type\":\"ListItem\",\"position\":2,\"name\":\"Acas\u0103\"}]},{\"@type\":\"WebSite\",\"@id\":\"https:\\\/\\\/powerballonlinelos.de\\\/ro\\\/#website\",\"url\":\"https:\\\/\\\/powerballonlinelos.de\\\/ro\\\/\",\"name\":\"\",\"description\":\"\",\"potentialAction\":[{\"@type\":\"SearchAction\",\"target\":{\"@type\":\"EntryPoint\",\"urlTemplate\":\"https:\\\/\\\/powerballonlinelos.de\\\/ro\\\/?s={search_term_string}\"},\"query-input\":{\"@type\":\"PropertyValueSpecification\",\"valueRequired\":true,\"valueName\":\"search_term_string\"}}],\"inLanguage\":\"ro-RO\"}]}<\/script>\n<!-- \/ Yoast SEO plugin. -->","yoast_head_json":{"title":"Cump\u0103r\u0103 bilete Powerball online","description":"Cump\u0103r\u0103 bilete Powerball securizate online \u2013 iat\u0103 cum! Compar\u0103 cei mai buni furnizori, ob\u021bine bonusuri exclusive \u0219i ai \u0219ansa de a c\u00e2\u0219tiga mega jackpotul. Joac\u0103 acum \u0219i c\u00e2\u0219tig\u0103!","robots":{"index":"index","follow":"follow","max-snippet":"max-snippet:-1","max-image-preview":"max-image-preview:large","max-video-preview":"max-video-preview:-1"},"canonical":"https:\/\/powerballonlinelos.de\/ro\/","og_locale":"ro_RO","og_type":"article","og_title":"Cump\u0103r\u0103 bilete Powerball online","og_description":"Cump\u0103r\u0103 bilete Powerball securizate online \u2013 iat\u0103 cum! Compar\u0103 cei mai buni furnizori, ob\u021bine bonusuri exclusive \u0219i ai \u0219ansa de a c\u00e2\u0219tiga mega jackpotul. Joac\u0103 acum \u0219i c\u00e2\u0219tig\u0103!","og_url":"https:\/\/powerballonlinelos.de\/ro\/","twitter_card":"summary_large_image","twitter_misc":{"Timp estimat pentru citire":"3 minute"},"schema":{"@context":"https:\/\/schema.org","@graph":[{"@type":"WebPage","@id":"https:\/\/powerballonlinelos.de\/ro\/","url":"https:\/\/powerballonlinelos.de\/ro\/","name":"Cump\u0103r\u0103 bilete Powerball online","isPartOf":{"@id":"https:\/\/powerballonlinelos.de\/ro\/#website"},"datePublished":"2025-08-01T18:10:23+00:00","description":"Cump\u0103r\u0103 bilete Powerball securizate online \u2013 iat\u0103 cum! Compar\u0103 cei mai buni furnizori, ob\u021bine bonusuri exclusive \u0219i ai \u0219ansa de a c\u00e2\u0219tiga mega jackpotul. Joac\u0103 acum \u0219i c\u00e2\u0219tig\u0103!","breadcrumb":{"@id":"https:\/\/powerballonlinelos.de\/ro\/#breadcrumb"},"inLanguage":"ro-RO","potentialAction":[{"@type":"ReadAction","target":["https:\/\/powerballonlinelos.de\/ro\/"]}]},{"@type":"BreadcrumbList","@id":"https:\/\/powerballonlinelos.de\/ro\/#breadcrumb","itemListElement":[{"@type":"ListItem","position":1,"name":"Home","item":"https:\/\/powerballonlinelos.de\/ro\/"},{"@type":"ListItem","position":2,"name":"Acas\u0103"}]},{"@type":"WebSite","@id":"https:\/\/powerballonlinelos.de\/ro\/#website","url":"https:\/\/powerballonlinelos.de\/ro\/","name":"","description":"","potentialAction":[{"@type":"SearchAction","target":{"@type":"EntryPoint","urlTemplate":"https:\/\/powerballonlinelos.de\/ro\/?s={search_term_string}"},"query-input":{"@type":"PropertyValueSpecification","valueRequired":true,"valueName":"search_term_string"}}],"inLanguage":"ro-RO"}]}},"_links":{"self":[{"href":"https:\/\/powerballonlinelos.de\/ro\/wp-json\/wp\/v2\/pages\/313","targetHints":{"allow":["GET"]}}],"collection":[{"href":"https:\/\/powerballonlinelos.de\/ro\/wp-json\/wp\/v2\/pages"}],"about":[{"href":"https:\/\/powerballonlinelos.de\/ro\/wp-json\/wp\/v2\/types\/page"}],"author":[{"embeddable":true,"href":"https:\/\/powerballonlinelos.de\/ro\/wp-json\/wp\/v2\/users\/1"}],"replies":[{"embeddable":true,"href":"https:\/\/powerballonlinelos.de\/ro\/wp-json\/wp\/v2\/comments?post=313"}],"version-history":[{"count":0,"href":"https:\/\/powerballonlinelos.de\/ro\/wp-json\/wp\/v2\/pages\/313\/revisions"}],"wp:attachment":[{"href":"https:\/\/powerballonlinelos.de\/ro\/wp-json\/wp\/v2\/media?parent=313"}],"curies":[{"name":"wp","href":"https:\/\/api.w.org\/{rel}","templated":true}]}}