{"id":314,"date":"2025-08-01T18:10:23","date_gmt":"2025-08-01T18:10:23","guid":{"rendered":"https:\/\/powerballonlinelos.de\/casa\/"},"modified":"2025-08-01T18:10:23","modified_gmt":"2025-08-01T18:10:23","slug":"casa","status":"publish","type":"page","link":"https:\/\/powerballonlinelos.de\/pt-pt\/","title":{"rendered":"Casa"},"content":{"rendered":"<h2>Comprar bilhetes da Powerball online<\/h2>\n<p>Todos os entusiastas de lotaria no mundo certamente j\u00e1 ouviram falar da lotaria Powerball dos EUA. Pr\u00e9mios de 200 milh\u00f5es de d\u00f3lares ou mais s\u00e3o quase comuns por l\u00e1. E os notici\u00e1rios relatam constantemente que os americanos est\u00e3o a invadir as casas lot\u00e9ricas porque o pr\u00e9mio da Powerball promete pr\u00e9mios enormes.<\/p>\n<p>Naturalmente, todo o jogador de lotaria alem\u00e3o se pergunta se pode comprar um bilhete de lotaria americana online ou se precisa de viver nos EUA para o fazer. Voar para os Estados Unidos para comprar um bilhete n\u00e3o faz mesmo sentido&#8230;<\/p>\n<p>Bem, a solu\u00e7\u00e3o \u00e9 bastante simples: pode comprar um bilhete Powerball online!<\/strong> Existe uma empresa globalmente ativa e, acima de tudo, totalmente respeit\u00e1vel e fi\u00e1vel, chamada RedFoxLotto, que oferece este servi\u00e7o. A <a href=\"https:\/\/redfoxlotto.com\/play\/\" target=\"_blank\" rel=\"noopener noreferrer\">RedFoxLotto<\/a> tem parceiros de distribui\u00e7\u00e3o em todo o mundo. Os bilhetes adquiridos online s\u00e3o depois adquiridos para si pelos parceiros de distribui\u00e7\u00e3o no respetivo pa\u00eds, em seu nome.<\/p>\n<h2>Como compro um bilhete da Powerball online?<\/h2>\n<p>No lado direito ver\u00e1s uma caixa com o pr\u00e9mio atual da Powerball. Clique num link para selecionar os n\u00fameros vencedores, criar uma conta de cliente e pagar o valor da compra do bilhete online. Logo de seguida, receber\u00e1 um e-mail a confirmar que um bilhete oficial foi realmente comprado em seu nome. Este e-mail cont\u00e9m uma imagem digitalizada do bilhete original \u2013 com o seu nome.<\/p>\n<p>Isto \u00e9 muito importante porque, se ganhar, ter\u00e1 uma reclama\u00e7\u00e3o oficial contra a empresa de lotaria. Infelizmente, tamb\u00e9m existem fornecedores que essencialmente &#8220;recolhe&#8221; os ganhos da lotaria e simplesmente pagam os ganhos das suas pr\u00f3prias vendas. Mas acha mesmo que essas empresas lhe pagariam 50 milh\u00f5es de d\u00f3lares ou mais?<\/p>\n<p>Ah, sim, a RedFoxLotto n\u00e3o oferece apenas bilhetes online da Powerball, mas tamb\u00e9m bilhetes de lotaria online para todos os outros grandes pr\u00e9mios de lotaria do mundo. Sempre quis jogar no EuroMilh\u00f5es (curiosamente, n\u00e3o h\u00e1 bilhetes alem\u00e3es para esta lotaria)? Os bilhetes para o EuroMilh\u00f5es e muitos outros bilhetes de lotaria tamb\u00e9m est\u00e3o dispon\u00edveis online atrav\u00e9s da mesma conta de cliente. Basta olhar para a coluna da direita; a\u00ed encontrar\u00e1 os valores atuais dos pr\u00e9mios para v\u00e1rios eventos de lotaria em todo o mundo.<\/p>\n<p>Desta forma, se desejar, pode comprar um bilhete online para a lotaria com o maior pr\u00e9mio todas as semanas. Chega de esperar at\u00e9 que um grande pr\u00e9mio seja finalmente ganho na lotaria alem\u00e3.<\/p>\n<p>Ali\u00e1s, a RedFoxLotto tamb\u00e9m auxilia no pagamento de pr\u00e9mios \u2013 gratuitamente. Todos os ganhos abaixo de 600\u20ac s\u00e3o creditados diretamente na sua conta de cliente. Poder\u00e1 ent\u00e3o ter esses valores transferidos de volta para si ou comprar novos bilhetes.<\/p>\n<p>Se ganhar uma quantia mais elevada, receber\u00e1 o dinheiro diretamente da empresa de lotaria.<\/span> N\u00e3o se preocupe, n\u00e3o precisa de voar para os EUA (a n\u00e3o ser que ganhe o pr\u00e9mio principal \u2014 prefere receber o cheque pessoalmente, certo?). Tudo o que tem de fazer \u00e9 preencher um formul\u00e1rio de identifica\u00e7\u00e3o. Receber\u00e1 este formul\u00e1rio da RedFoxLotto por e-mail, preench\u00ea-lo-\u00e1 e devolv\u00ea-lo. A partir da\u00ed, ser\u00e1 encaminhado online para a comiss\u00e3o da lotaria. A empresa de lotaria emitir\u00e1 um cheque, que lhe ser\u00e1 entregue por correio ou carta registada. Tudo o que tem de fazer \u00e9 descontar o cheque no seu banco e decidir o que fazer com os seus rendimentos milion\u00e1rios.<\/p>\n<p><strong>Ok, agora v\u00e1 em frente \u2014 os grandes pr\u00e9mios est\u00e3o \u00e0 sua espera!<\/strong><\/p>\n","protected":false},"excerpt":{"rendered":"<p>Comprar bilhetes da Powerball online Todos os entusiastas de lotaria no mundo certamente j\u00e1 ouviram falar da lotaria Powerball dos EUA. Pr\u00e9mios de 200 milh\u00f5es de d\u00f3lares ou mais s\u00e3o quase comuns por l\u00e1. E os notici\u00e1rios relatam constantemente que os americanos est\u00e3o a invadir as casas lot\u00e9ricas porque o pr\u00e9mio da Powerball promete pr\u00e9mios &hellip; <\/p>\n<p class=\"link-more\"><a href=\"https:\/\/powerballonlinelos.de\/pt-pt\/\" class=\"more-link\">Read more<span class=\"screen-reader-text\"> &#8220;Casa&#8221;<\/span><\/a><\/p>\n","protected":false},"author":1,"featured_media":0,"parent":0,"menu_order":0,"comment_status":"closed","ping_status":"closed","template":"","meta":{"footnotes":""},"class_list":["post-314","page","type-page","status-publish","hentry"],"yoast_head":"<!-- This site is optimized with the Yoast SEO plugin v27.3 - https:\/\/yoast.com\/product\/yoast-seo-wordpress\/ -->\n<title>Compre bilhetes da Powerball online<\/title>\n<meta name=\"description\" content=\"Compre bilhetes seguros Powerball online \u2013 veja como! Compare os melhores fornecedores, ganhe b\u00f3nus exclusivos e tenha a oportunidade de ganhar o mega jackpot. Jogue j\u00e1 e ganhe!\" \/>\n<meta name=\"robots\" content=\"index, follow, max-snippet:-1, max-image-preview:large, max-video-preview:-1\" \/>\n<link rel=\"canonical\" href=\"https:\/\/powerballonlinelos.de\/pt-pt\/\" \/>\n<meta property=\"og:locale\" content=\"pt_PT\" \/>\n<meta property=\"og:type\" content=\"article\" \/>\n<meta property=\"og:title\" content=\"Compre bilhetes da Powerball online\" \/>\n<meta property=\"og:description\" content=\"Compre bilhetes seguros Powerball online \u2013 veja como! Compare os melhores fornecedores, ganhe b\u00f3nus exclusivos e tenha a oportunidade de ganhar o mega jackpot. Jogue j\u00e1 e ganhe!\" \/>\n<meta property=\"og:url\" content=\"https:\/\/powerballonlinelos.de\/pt-pt\/\" \/>\n<meta name=\"twitter:card\" content=\"summary_large_image\" \/>\n<meta name=\"twitter:label1\" content=\"Tempo estimado de leitura\" \/>\n\t<meta name=\"twitter:data1\" content=\"3 minutos\" \/>\n<script type=\"application\/ld+json\" class=\"yoast-schema-graph\">{\"@context\":\"https:\\\/\\\/schema.org\",\"@graph\":[{\"@type\":\"WebPage\",\"@id\":\"https:\\\/\\\/powerballonlinelos.de\\\/pt-pt\\\/\",\"url\":\"https:\\\/\\\/powerballonlinelos.de\\\/pt-pt\\\/\",\"name\":\"Compre bilhetes da Powerball online\",\"isPartOf\":{\"@id\":\"https:\\\/\\\/powerballonlinelos.de\\\/pt-pt\\\/#website\"},\"datePublished\":\"2025-08-01T18:10:23+00:00\",\"description\":\"Compre bilhetes seguros Powerball online \u2013 veja como! Compare os melhores fornecedores, ganhe b\u00f3nus exclusivos e tenha a oportunidade de ganhar o mega jackpot. Jogue j\u00e1 e ganhe!\",\"breadcrumb\":{\"@id\":\"https:\\\/\\\/powerballonlinelos.de\\\/pt-pt\\\/#breadcrumb\"},\"inLanguage\":\"pt-PT\",\"potentialAction\":[{\"@type\":\"ReadAction\",\"target\":[\"https:\\\/\\\/powerballonlinelos.de\\\/pt-pt\\\/\"]}]},{\"@type\":\"BreadcrumbList\",\"@id\":\"https:\\\/\\\/powerballonlinelos.de\\\/pt-pt\\\/#breadcrumb\",\"itemListElement\":[{\"@type\":\"ListItem\",\"position\":1,\"name\":\"Home\",\"item\":\"https:\\\/\\\/powerballonlinelos.de\\\/pt-pt\\\/\"},{\"@type\":\"ListItem\",\"position\":2,\"name\":\"Casa\"}]},{\"@type\":\"WebSite\",\"@id\":\"https:\\\/\\\/powerballonlinelos.de\\\/pt-pt\\\/#website\",\"url\":\"https:\\\/\\\/powerballonlinelos.de\\\/pt-pt\\\/\",\"name\":\"\",\"description\":\"\",\"potentialAction\":[{\"@type\":\"SearchAction\",\"target\":{\"@type\":\"EntryPoint\",\"urlTemplate\":\"https:\\\/\\\/powerballonlinelos.de\\\/pt-pt\\\/?s={search_term_string}\"},\"query-input\":{\"@type\":\"PropertyValueSpecification\",\"valueRequired\":true,\"valueName\":\"search_term_string\"}}],\"inLanguage\":\"pt-PT\"}]}<\/script>\n<!-- \/ Yoast SEO plugin. -->","yoast_head_json":{"title":"Compre bilhetes da Powerball online","description":"Compre bilhetes seguros Powerball online \u2013 veja como! Compare os melhores fornecedores, ganhe b\u00f3nus exclusivos e tenha a oportunidade de ganhar o mega jackpot. Jogue j\u00e1 e ganhe!","robots":{"index":"index","follow":"follow","max-snippet":"max-snippet:-1","max-image-preview":"max-image-preview:large","max-video-preview":"max-video-preview:-1"},"canonical":"https:\/\/powerballonlinelos.de\/pt-pt\/","og_locale":"pt_PT","og_type":"article","og_title":"Compre bilhetes da Powerball online","og_description":"Compre bilhetes seguros Powerball online \u2013 veja como! Compare os melhores fornecedores, ganhe b\u00f3nus exclusivos e tenha a oportunidade de ganhar o mega jackpot. Jogue j\u00e1 e ganhe!","og_url":"https:\/\/powerballonlinelos.de\/pt-pt\/","twitter_card":"summary_large_image","twitter_misc":{"Tempo estimado de leitura":"3 minutos"},"schema":{"@context":"https:\/\/schema.org","@graph":[{"@type":"WebPage","@id":"https:\/\/powerballonlinelos.de\/pt-pt\/","url":"https:\/\/powerballonlinelos.de\/pt-pt\/","name":"Compre bilhetes da Powerball online","isPartOf":{"@id":"https:\/\/powerballonlinelos.de\/pt-pt\/#website"},"datePublished":"2025-08-01T18:10:23+00:00","description":"Compre bilhetes seguros Powerball online \u2013 veja como! Compare os melhores fornecedores, ganhe b\u00f3nus exclusivos e tenha a oportunidade de ganhar o mega jackpot. Jogue j\u00e1 e ganhe!","breadcrumb":{"@id":"https:\/\/powerballonlinelos.de\/pt-pt\/#breadcrumb"},"inLanguage":"pt-PT","potentialAction":[{"@type":"ReadAction","target":["https:\/\/powerballonlinelos.de\/pt-pt\/"]}]},{"@type":"BreadcrumbList","@id":"https:\/\/powerballonlinelos.de\/pt-pt\/#breadcrumb","itemListElement":[{"@type":"ListItem","position":1,"name":"Home","item":"https:\/\/powerballonlinelos.de\/pt-pt\/"},{"@type":"ListItem","position":2,"name":"Casa"}]},{"@type":"WebSite","@id":"https:\/\/powerballonlinelos.de\/pt-pt\/#website","url":"https:\/\/powerballonlinelos.de\/pt-pt\/","name":"","description":"","potentialAction":[{"@type":"SearchAction","target":{"@type":"EntryPoint","urlTemplate":"https:\/\/powerballonlinelos.de\/pt-pt\/?s={search_term_string}"},"query-input":{"@type":"PropertyValueSpecification","valueRequired":true,"valueName":"search_term_string"}}],"inLanguage":"pt-PT"}]}},"_links":{"self":[{"href":"https:\/\/powerballonlinelos.de\/pt-pt\/wp-json\/wp\/v2\/pages\/314","targetHints":{"allow":["GET"]}}],"collection":[{"href":"https:\/\/powerballonlinelos.de\/pt-pt\/wp-json\/wp\/v2\/pages"}],"about":[{"href":"https:\/\/powerballonlinelos.de\/pt-pt\/wp-json\/wp\/v2\/types\/page"}],"author":[{"embeddable":true,"href":"https:\/\/powerballonlinelos.de\/pt-pt\/wp-json\/wp\/v2\/users\/1"}],"replies":[{"embeddable":true,"href":"https:\/\/powerballonlinelos.de\/pt-pt\/wp-json\/wp\/v2\/comments?post=314"}],"version-history":[{"count":0,"href":"https:\/\/powerballonlinelos.de\/pt-pt\/wp-json\/wp\/v2\/pages\/314\/revisions"}],"wp:attachment":[{"href":"https:\/\/powerballonlinelos.de\/pt-pt\/wp-json\/wp\/v2\/media?parent=314"}],"curies":[{"name":"wp","href":"https:\/\/api.w.org\/{rel}","templated":true}]}}