{"id":315,"date":"2025-08-01T18:10:23","date_gmt":"2025-08-01T18:10:23","guid":{"rendered":"https:\/\/powerballonlinelos.de\/hjem\/"},"modified":"2025-08-01T18:10:23","modified_gmt":"2025-08-01T18:10:23","slug":"hjem","status":"publish","type":"page","link":"https:\/\/powerballonlinelos.de\/no\/","title":{"rendered":"Hjem"},"content":{"rendered":"<h2>Kj\u00f8p Powerball-kuponger p\u00e5 nett<\/h2>\n<p>Enhver lotterientusiast verden over har sikkert h\u00f8rt om det amerikanske Powerball-lotteriet. Jackpotter p\u00e5 200 millioner dollar og mer er nesten normalt der. Og nyhetene rapporterer stadig at amerikanere stormer lotteriutsalg fordi Powerball-jackpotten lover enorme gevinster.<\/p>\n<p>Naturligvis lurer enhver tyske lotterispiller p\u00e5 om de kan kj\u00f8pe en billett til det amerikanske lotteriet p\u00e5 nett, eller om de m\u00e5 bo i USA for \u00e5 gj\u00f8re det. \u00c5 fly til Amerika for \u00e5 kj\u00f8pe en billett gir egentlig ikke mening&#8230;<\/p>\n<p>Vel, l\u00f8sningen er ganske enkel: Du kan faktisk kj\u00f8pe en Powerball-billett p\u00e5 nett!<\/strong> Det finnes et globalt opererende og fremfor alt fullstendig anerkjent og p\u00e5litelig selskap kalt RedFoxLotto som tilbyr en slik tjeneste. <a href=\"https:\/\/redfoxlotto.com\/play\/\" target=\"_blank\" rel=\"noopener noreferrer\">RedFoxLotto<\/a> har distribusjonspartnere over hele verden. Billetter bestilt p\u00e5 nett kj\u00f8pes deretter for deg av distribusjonspartnerne i det respektive landet i ditt navn.<\/p>\n<h2>Hvordan kj\u00f8per jeg en Powerball-billett p\u00e5 nett?<\/h2>\n<p>P\u00e5 h\u00f8yre side ser du en boks med den gjeldende Powerball-jackpotten. Klikk p\u00e5 en lenke der for \u00e5 velge vinnertallene dine, opprette en kundekonto og betale kj\u00f8pesummen for billetten p\u00e5 nett. Kort tid etter vil du motta en e-post som bekrefter at en offisiell billett faktisk er kj\u00f8pt i ditt navn. Denne e-posten inneholder et skannet bilde av den originale billetten \u2013 med navnet ditt p\u00e5.<\/p>\n<p>Dette er veldig viktig fordi hvis du vinner, har du et offisielt krav mot lotteriselskapet. Dessverre finnes det ogs\u00e5 leverand\u00f8rer som i hovedsak &laquo;samler inn&raquo; lotterigevinster og bare utbetaler gevinster fra sitt eget salg. Men tror du virkelig at disse selskapene ville betale deg 50 millioner dollar eller mer?<\/p>\n<p>\u00c5 ja, RedFoxLotto tilbyr ikke bare Powerball-billetter p\u00e5 nett, men ogs\u00e5 lotteribilletter p\u00e5 nett for alle andre store lotterijackpotter over hele verden. Har du alltid hatt lyst til \u00e5 spille EuroMillions (merkelig nok finnes det ingen tyske lodd til dette lotteriet)? Lodd til EuroMillions og mange andre lodd er ogs\u00e5 tilgjengelige p\u00e5 nett gjennom samme kundekonto. Bare se i h\u00f8yre kolonne; der finner du de n\u00e5v\u00e6rende premiebel\u00f8pene for ulike lotteriarrangementer rundt om i verden.<\/p>\n<p>P\u00e5 denne m\u00e5ten kan du, hvis du \u00f8nsker det, kj\u00f8pe en online lodd til lotteriet med den h\u00f8yeste jackpotten hver uke. Ikke mer venting til en stor jackpot endelig vinnes i det tyske lotteriet.<\/p>\n<p>Forresten, Redfoxlotto hjelper ogs\u00e5 med utbetaling av gevinster \u2013 gratis. Alle gevinster under \u20ac600 krediteres direkte til kundekontoen din. Du kan deretter enten f\u00e5 disse bel\u00f8pene overf\u00f8rt tilbake til deg eller kj\u00f8pe nye lodd.<\/p>\n<p>Hvis du vinner et st\u00f8rre bel\u00f8p, vil du motta pengene dine direkte fra lotteriselskapet.<\/span> Ikke bekymre deg, du trenger ikke \u00e5 fly til USA (med mindre du vinner jackpotten \u2013 du foretrekker \u00e5 hente sjekken personlig, ikke sant?). Alt du trenger \u00e5 gj\u00f8re er \u00e5 fylle ut et identifikasjonsskjema. Du vil motta dette fra RedFoxLotto via e-post, fylle det ut og returnere det. Derfra vil det bli videresendt p\u00e5 nett til lotterikommisjonen. Lotteriselskapet vil deretter utstede en sjekk til deg, som vil bli levert til deg med bud eller rekommandert post. Alt du trenger \u00e5 gj\u00f8re er \u00e5 innl\u00f8se sjekken i banken din og finne ut hva du skal gj\u00f8re med milliongevinsten din.<\/p>\n<p><strong>Greit, kj\u00f8r p\u00e5 n\u00e5 \u2013 de store jackpottene venter p\u00e5 deg!<\/strong><\/p>\n","protected":false},"excerpt":{"rendered":"<p>Kj\u00f8p Powerball-kuponger p\u00e5 nett Enhver lotterientusiast verden over har sikkert h\u00f8rt om det amerikanske Powerball-lotteriet. Jackpotter p\u00e5 200 millioner dollar og mer er nesten normalt der. Og nyhetene rapporterer stadig at amerikanere stormer lotteriutsalg fordi Powerball-jackpotten lover enorme gevinster. Naturligvis lurer enhver tyske lotterispiller p\u00e5 om de kan kj\u00f8pe en billett til det amerikanske lotteriet &hellip; <\/p>\n<p class=\"link-more\"><a href=\"https:\/\/powerballonlinelos.de\/no\/\" class=\"more-link\">Read more<span class=\"screen-reader-text\"> &laquo;Hjem&raquo;<\/span><\/a><\/p>\n","protected":false},"author":1,"featured_media":0,"parent":0,"menu_order":0,"comment_status":"closed","ping_status":"closed","template":"","meta":{"footnotes":""},"class_list":["post-315","page","type-page","status-publish","hentry"],"yoast_head":"<!-- This site is optimized with the Yoast SEO plugin v27.4 - https:\/\/yoast.com\/product\/yoast-seo-wordpress\/ -->\n<title>Kj\u00f8p Powerball-billetter p\u00e5 nett<\/title>\n<meta name=\"description\" content=\"Kj\u00f8p sikre Powerball-kuponger p\u00e5 nett \u2013 slik gj\u00f8r du det! Sammenlign toppleverand\u00f8rer, f\u00e5 eksklusive bonuser og f\u00e5 sjansen til \u00e5 vinne megajackpotten. Spill n\u00e5 og vinn!\" \/>\n<meta name=\"robots\" content=\"index, follow, max-snippet:-1, max-image-preview:large, max-video-preview:-1\" \/>\n<link rel=\"canonical\" href=\"https:\/\/powerballonlinelos.de\/no\/\" \/>\n<meta property=\"og:locale\" content=\"nb_NO\" \/>\n<meta property=\"og:type\" content=\"article\" \/>\n<meta property=\"og:title\" content=\"Kj\u00f8p Powerball-billetter p\u00e5 nett\" \/>\n<meta property=\"og:description\" content=\"Kj\u00f8p sikre Powerball-kuponger p\u00e5 nett \u2013 slik gj\u00f8r du det! Sammenlign toppleverand\u00f8rer, f\u00e5 eksklusive bonuser og f\u00e5 sjansen til \u00e5 vinne megajackpotten. Spill n\u00e5 og vinn!\" \/>\n<meta property=\"og:url\" content=\"https:\/\/powerballonlinelos.de\/no\/\" \/>\n<meta name=\"twitter:card\" content=\"summary_large_image\" \/>\n<meta name=\"twitter:label1\" content=\"Ansl. lesetid\" \/>\n\t<meta name=\"twitter:data1\" content=\"3 minutter\" \/>\n<script type=\"application\/ld+json\" class=\"yoast-schema-graph\">{\"@context\":\"https:\\\/\\\/schema.org\",\"@graph\":[{\"@type\":\"WebPage\",\"@id\":\"https:\\\/\\\/powerballonlinelos.de\\\/no\\\/\",\"url\":\"https:\\\/\\\/powerballonlinelos.de\\\/no\\\/\",\"name\":\"Kj\u00f8p Powerball-billetter p\u00e5 nett\",\"isPartOf\":{\"@id\":\"https:\\\/\\\/powerballonlinelos.de\\\/no\\\/#website\"},\"datePublished\":\"2025-08-01T18:10:23+00:00\",\"description\":\"Kj\u00f8p sikre Powerball-kuponger p\u00e5 nett \u2013 slik gj\u00f8r du det! Sammenlign toppleverand\u00f8rer, f\u00e5 eksklusive bonuser og f\u00e5 sjansen til \u00e5 vinne megajackpotten. Spill n\u00e5 og vinn!\",\"breadcrumb\":{\"@id\":\"https:\\\/\\\/powerballonlinelos.de\\\/no\\\/#breadcrumb\"},\"inLanguage\":\"nb-NO\",\"potentialAction\":[{\"@type\":\"ReadAction\",\"target\":[\"https:\\\/\\\/powerballonlinelos.de\\\/no\\\/\"]}]},{\"@type\":\"BreadcrumbList\",\"@id\":\"https:\\\/\\\/powerballonlinelos.de\\\/no\\\/#breadcrumb\",\"itemListElement\":[{\"@type\":\"ListItem\",\"position\":1,\"name\":\"Home\",\"item\":\"https:\\\/\\\/powerballonlinelos.de\\\/no\\\/\"},{\"@type\":\"ListItem\",\"position\":2,\"name\":\"Hjem\"}]},{\"@type\":\"WebSite\",\"@id\":\"https:\\\/\\\/powerballonlinelos.de\\\/no\\\/#website\",\"url\":\"https:\\\/\\\/powerballonlinelos.de\\\/no\\\/\",\"name\":\"\",\"description\":\"\",\"potentialAction\":[{\"@type\":\"SearchAction\",\"target\":{\"@type\":\"EntryPoint\",\"urlTemplate\":\"https:\\\/\\\/powerballonlinelos.de\\\/no\\\/?s={search_term_string}\"},\"query-input\":{\"@type\":\"PropertyValueSpecification\",\"valueRequired\":true,\"valueName\":\"search_term_string\"}}],\"inLanguage\":\"nb-NO\"}]}<\/script>\n<!-- \/ Yoast SEO plugin. -->","yoast_head_json":{"title":"Kj\u00f8p Powerball-billetter p\u00e5 nett","description":"Kj\u00f8p sikre Powerball-kuponger p\u00e5 nett \u2013 slik gj\u00f8r du det! Sammenlign toppleverand\u00f8rer, f\u00e5 eksklusive bonuser og f\u00e5 sjansen til \u00e5 vinne megajackpotten. Spill n\u00e5 og vinn!","robots":{"index":"index","follow":"follow","max-snippet":"max-snippet:-1","max-image-preview":"max-image-preview:large","max-video-preview":"max-video-preview:-1"},"canonical":"https:\/\/powerballonlinelos.de\/no\/","og_locale":"nb_NO","og_type":"article","og_title":"Kj\u00f8p Powerball-billetter p\u00e5 nett","og_description":"Kj\u00f8p sikre Powerball-kuponger p\u00e5 nett \u2013 slik gj\u00f8r du det! Sammenlign toppleverand\u00f8rer, f\u00e5 eksklusive bonuser og f\u00e5 sjansen til \u00e5 vinne megajackpotten. Spill n\u00e5 og vinn!","og_url":"https:\/\/powerballonlinelos.de\/no\/","twitter_card":"summary_large_image","twitter_misc":{"Ansl. lesetid":"3 minutter"},"schema":{"@context":"https:\/\/schema.org","@graph":[{"@type":"WebPage","@id":"https:\/\/powerballonlinelos.de\/no\/","url":"https:\/\/powerballonlinelos.de\/no\/","name":"Kj\u00f8p Powerball-billetter p\u00e5 nett","isPartOf":{"@id":"https:\/\/powerballonlinelos.de\/no\/#website"},"datePublished":"2025-08-01T18:10:23+00:00","description":"Kj\u00f8p sikre Powerball-kuponger p\u00e5 nett \u2013 slik gj\u00f8r du det! Sammenlign toppleverand\u00f8rer, f\u00e5 eksklusive bonuser og f\u00e5 sjansen til \u00e5 vinne megajackpotten. Spill n\u00e5 og vinn!","breadcrumb":{"@id":"https:\/\/powerballonlinelos.de\/no\/#breadcrumb"},"inLanguage":"nb-NO","potentialAction":[{"@type":"ReadAction","target":["https:\/\/powerballonlinelos.de\/no\/"]}]},{"@type":"BreadcrumbList","@id":"https:\/\/powerballonlinelos.de\/no\/#breadcrumb","itemListElement":[{"@type":"ListItem","position":1,"name":"Home","item":"https:\/\/powerballonlinelos.de\/no\/"},{"@type":"ListItem","position":2,"name":"Hjem"}]},{"@type":"WebSite","@id":"https:\/\/powerballonlinelos.de\/no\/#website","url":"https:\/\/powerballonlinelos.de\/no\/","name":"","description":"","potentialAction":[{"@type":"SearchAction","target":{"@type":"EntryPoint","urlTemplate":"https:\/\/powerballonlinelos.de\/no\/?s={search_term_string}"},"query-input":{"@type":"PropertyValueSpecification","valueRequired":true,"valueName":"search_term_string"}}],"inLanguage":"nb-NO"}]}},"_links":{"self":[{"href":"https:\/\/powerballonlinelos.de\/no\/wp-json\/wp\/v2\/pages\/315","targetHints":{"allow":["GET"]}}],"collection":[{"href":"https:\/\/powerballonlinelos.de\/no\/wp-json\/wp\/v2\/pages"}],"about":[{"href":"https:\/\/powerballonlinelos.de\/no\/wp-json\/wp\/v2\/types\/page"}],"author":[{"embeddable":true,"href":"https:\/\/powerballonlinelos.de\/no\/wp-json\/wp\/v2\/users\/1"}],"replies":[{"embeddable":true,"href":"https:\/\/powerballonlinelos.de\/no\/wp-json\/wp\/v2\/comments?post=315"}],"version-history":[{"count":0,"href":"https:\/\/powerballonlinelos.de\/no\/wp-json\/wp\/v2\/pages\/315\/revisions"}],"wp:attachment":[{"href":"https:\/\/powerballonlinelos.de\/no\/wp-json\/wp\/v2\/media?parent=315"}],"curies":[{"name":"wp","href":"https:\/\/api.w.org\/{rel}","templated":true}]}}