{"id":318,"date":"2025-08-01T18:10:23","date_gmt":"2025-08-01T18:10:23","guid":{"rendered":"https:\/\/powerballonlinelos.de\/casa\/"},"modified":"2025-08-01T18:10:23","modified_gmt":"2025-08-01T18:10:23","slug":"casa","status":"publish","type":"page","link":"https:\/\/powerballonlinelos.de\/it\/","title":{"rendered":"Casa"},"content":{"rendered":"<h2>Acquista biglietti Powerball online<\/h2>\n<p>Ogni appassionato di lotteria in tutto il mondo ha sicuramente sentito parlare della lotteria statunitense Powerball. Jackpot da 200 milioni di dollari e oltre sono quasi la norma l\u00ec. E i notiziari riportano costantemente che gli americani stanno prendendo d&#8217;assalto le estrazioni della lotteria perch\u00e9 il jackpot del Powerball promette vincite enormi.<\/p>\n<p>Naturalmente, ogni giocatore tedesco si chiede se pu\u00f2 acquistare un biglietto per la lotteria americana online o se deve vivere negli Stati Uniti per farlo. Volare in America per acquistare un biglietto non ha davvero senso&#8230;<\/p>\n<p>Beh, la soluzione \u00e8 molto semplice: puoi effettivamente acquistare un biglietto Powerball online!<\/strong> Esiste un&#8217;azienda che opera a livello globale e, soprattutto, assolutamente affidabile e rispettabile, chiamata RedFoxLotto, che offre questo servizio. <a href=\"https:\/\/redfoxlotto.com\/play\/\" target=\"_blank\" rel=\"noopener noreferrer\">RedFoxLotto<\/a> ha partner di distribuzione in tutto il mondo. I biglietti ordinati online vengono poi acquistati per te dai partner di distribuzione nel rispettivo Paese a tuo nome.<\/p>\n<h2>Come posso acquistare un biglietto Powerball online?<\/h2>\n<p>Sul lato destro, vedrai un riquadro con l&#8217;attuale jackpot Powerball. Clicca su un link per selezionare i tuoi numeri vincenti, creare un account cliente e pagare il prezzo di acquisto del biglietto online. Poco dopo, riceverai un&#8217;e-mail di conferma che un biglietto ufficiale \u00e8 stato effettivamente acquistato a tuo nome. Questa e-mail contiene un&#8217;immagine scansionata del biglietto originale, con il tuo nome.<\/p>\n<p>Questo \u00e8 molto importante perch\u00e9 se vinci, hai un diritto di rivalsa ufficiale nei confronti della societ\u00e0 che gestisce la lotteria. Sfortunatamente, ci sono anche fornitori che sostanzialmente &#8220;incassano&#8221; le vincite della lotteria e si limitano a pagarle tramite le proprie vendite. Ma pensi davvero che queste aziende ti pagherebbero 50 milioni di dollari o pi\u00f9?<\/p>\n<p>Oh s\u00ec, RedFoxLotto non offre solo biglietti online del Powerball, ma anche biglietti della lotteria online per tutti gli altri principali jackpot della lotteria mondiale. Hai sempre desiderato giocare all&#8217;EuroMillions (curiosamente, non ci sono biglietti tedeschi per questa lotteria)? I biglietti per l&#8217;EuroMillions e per molte altre lotterie sono disponibili anche online tramite lo stesso account cliente. Basta guardare nella colonna di destra; l\u00ec troverai gli importi attuali dei premi per vari eventi della lotteria in tutto il mondo.<\/p>\n<p>In questo modo, se lo desideri, puoi acquistare ogni settimana un biglietto online per la lotteria con il jackpot pi\u00f9 alto. Non dovrai pi\u00f9 aspettare che venga finalmente vinto un grande jackpot alla lotteria tedesca.<\/p>\n<p>A proposito, Redfoxlotto ti aiuta anche con il pagamento delle vincite, gratuitamente. Tutte le vincite inferiori a 600 euro vengono accreditate direttamente sul tuo account cliente. Potrai quindi richiedere il rimborso di questi importi o acquistare nuovi biglietti.<\/p>\n<p>Se vinci una somma maggiore, riceverai il denaro direttamente dalla societ\u00e0 che gestisce la lotteria.<\/span> Non preoccuparti, non devi volare negli Stati Uniti (a meno che tu non vinca il jackpot: preferiresti ritirare l&#8217;assegno di persona, giusto?). Tutto ci\u00f2 che devi fare \u00e8 compilare un modulo di identificazione. Lo riceverai da RedFoxLotto via e-mail, compilalo e restituiscilo. Da l\u00ec, verr\u00e0 inoltrato online alla commissione della lotteria. La societ\u00e0 che gestisce la lotteria ti emetter\u00e0 quindi un assegno, che ti verr\u00e0 consegnato tramite corriere o posta raccomandata. Non ti resta che incassare l&#8217;assegno in banca e decidere cosa fare con la tua vincita milionaria.<\/p>\n<p><strong>Ok, ora vai: i grandi jackpot ti aspettano!<\/strong><\/p>\n","protected":false},"excerpt":{"rendered":"<p>Acquista biglietti Powerball online Ogni appassionato di lotteria in tutto il mondo ha sicuramente sentito parlare della lotteria statunitense Powerball. Jackpot da 200 milioni di dollari e oltre sono quasi la norma l\u00ec. E i notiziari riportano costantemente che gli americani stanno prendendo d&#8217;assalto le estrazioni della lotteria perch\u00e9 il jackpot del Powerball promette vincite &hellip; <\/p>\n<p class=\"link-more\"><a href=\"https:\/\/powerballonlinelos.de\/it\/\" class=\"more-link\">Leggi tutto<span class=\"screen-reader-text\"> &#8220;Casa&#8221;<\/span><\/a><\/p>\n","protected":false},"author":1,"featured_media":0,"parent":0,"menu_order":0,"comment_status":"closed","ping_status":"closed","template":"","meta":{"footnotes":""},"class_list":["post-318","page","type-page","status-publish","hentry"],"yoast_head":"<!-- This site is optimized with the Yoast SEO plugin v27.3 - https:\/\/yoast.com\/product\/yoast-seo-wordpress\/ -->\n<title>Acquista i biglietti del Powerball online<\/title>\n<meta name=\"description\" content=\"Acquista biglietti Powerball online in tutta sicurezza: ecco come! Confronta i migliori fornitori, ottieni bonus esclusivi e vinci il mega jackpot. Gioca ora e vinci!\" \/>\n<meta name=\"robots\" content=\"index, follow, max-snippet:-1, max-image-preview:large, max-video-preview:-1\" \/>\n<link rel=\"canonical\" href=\"https:\/\/powerballonlinelos.de\/it\/\" \/>\n<meta property=\"og:locale\" content=\"it_IT\" \/>\n<meta property=\"og:type\" content=\"article\" \/>\n<meta property=\"og:title\" content=\"Acquista i biglietti del Powerball online\" \/>\n<meta property=\"og:description\" content=\"Acquista biglietti Powerball online in tutta sicurezza: ecco come! Confronta i migliori fornitori, ottieni bonus esclusivi e vinci il mega jackpot. Gioca ora e vinci!\" \/>\n<meta property=\"og:url\" content=\"https:\/\/powerballonlinelos.de\/it\/\" \/>\n<meta name=\"twitter:card\" content=\"summary_large_image\" \/>\n<meta name=\"twitter:label1\" content=\"Tempo di lettura stimato\" \/>\n\t<meta name=\"twitter:data1\" content=\"3 minuti\" \/>\n<script type=\"application\/ld+json\" class=\"yoast-schema-graph\">{\"@context\":\"https:\\\/\\\/schema.org\",\"@graph\":[{\"@type\":\"WebPage\",\"@id\":\"https:\\\/\\\/powerballonlinelos.de\\\/it\\\/\",\"url\":\"https:\\\/\\\/powerballonlinelos.de\\\/it\\\/\",\"name\":\"Acquista i biglietti del Powerball online\",\"isPartOf\":{\"@id\":\"https:\\\/\\\/powerballonlinelos.de\\\/it\\\/#website\"},\"datePublished\":\"2025-08-01T18:10:23+00:00\",\"description\":\"Acquista biglietti Powerball online in tutta sicurezza: ecco come! Confronta i migliori fornitori, ottieni bonus esclusivi e vinci il mega jackpot. Gioca ora e vinci!\",\"breadcrumb\":{\"@id\":\"https:\\\/\\\/powerballonlinelos.de\\\/it\\\/#breadcrumb\"},\"inLanguage\":\"it-IT\",\"potentialAction\":[{\"@type\":\"ReadAction\",\"target\":[\"https:\\\/\\\/powerballonlinelos.de\\\/it\\\/\"]}]},{\"@type\":\"BreadcrumbList\",\"@id\":\"https:\\\/\\\/powerballonlinelos.de\\\/it\\\/#breadcrumb\",\"itemListElement\":[{\"@type\":\"ListItem\",\"position\":1,\"name\":\"Home\",\"item\":\"https:\\\/\\\/powerballonlinelos.de\\\/it\\\/\"},{\"@type\":\"ListItem\",\"position\":2,\"name\":\"Casa\"}]},{\"@type\":\"WebSite\",\"@id\":\"https:\\\/\\\/powerballonlinelos.de\\\/it\\\/#website\",\"url\":\"https:\\\/\\\/powerballonlinelos.de\\\/it\\\/\",\"name\":\"\",\"description\":\"\",\"potentialAction\":[{\"@type\":\"SearchAction\",\"target\":{\"@type\":\"EntryPoint\",\"urlTemplate\":\"https:\\\/\\\/powerballonlinelos.de\\\/it\\\/?s={search_term_string}\"},\"query-input\":{\"@type\":\"PropertyValueSpecification\",\"valueRequired\":true,\"valueName\":\"search_term_string\"}}],\"inLanguage\":\"it-IT\"}]}<\/script>\n<!-- \/ Yoast SEO plugin. -->","yoast_head_json":{"title":"Acquista i biglietti del Powerball online","description":"Acquista biglietti Powerball online in tutta sicurezza: ecco come! Confronta i migliori fornitori, ottieni bonus esclusivi e vinci il mega jackpot. Gioca ora e vinci!","robots":{"index":"index","follow":"follow","max-snippet":"max-snippet:-1","max-image-preview":"max-image-preview:large","max-video-preview":"max-video-preview:-1"},"canonical":"https:\/\/powerballonlinelos.de\/it\/","og_locale":"it_IT","og_type":"article","og_title":"Acquista i biglietti del Powerball online","og_description":"Acquista biglietti Powerball online in tutta sicurezza: ecco come! Confronta i migliori fornitori, ottieni bonus esclusivi e vinci il mega jackpot. Gioca ora e vinci!","og_url":"https:\/\/powerballonlinelos.de\/it\/","twitter_card":"summary_large_image","twitter_misc":{"Tempo di lettura stimato":"3 minuti"},"schema":{"@context":"https:\/\/schema.org","@graph":[{"@type":"WebPage","@id":"https:\/\/powerballonlinelos.de\/it\/","url":"https:\/\/powerballonlinelos.de\/it\/","name":"Acquista i biglietti del Powerball online","isPartOf":{"@id":"https:\/\/powerballonlinelos.de\/it\/#website"},"datePublished":"2025-08-01T18:10:23+00:00","description":"Acquista biglietti Powerball online in tutta sicurezza: ecco come! Confronta i migliori fornitori, ottieni bonus esclusivi e vinci il mega jackpot. Gioca ora e vinci!","breadcrumb":{"@id":"https:\/\/powerballonlinelos.de\/it\/#breadcrumb"},"inLanguage":"it-IT","potentialAction":[{"@type":"ReadAction","target":["https:\/\/powerballonlinelos.de\/it\/"]}]},{"@type":"BreadcrumbList","@id":"https:\/\/powerballonlinelos.de\/it\/#breadcrumb","itemListElement":[{"@type":"ListItem","position":1,"name":"Home","item":"https:\/\/powerballonlinelos.de\/it\/"},{"@type":"ListItem","position":2,"name":"Casa"}]},{"@type":"WebSite","@id":"https:\/\/powerballonlinelos.de\/it\/#website","url":"https:\/\/powerballonlinelos.de\/it\/","name":"","description":"","potentialAction":[{"@type":"SearchAction","target":{"@type":"EntryPoint","urlTemplate":"https:\/\/powerballonlinelos.de\/it\/?s={search_term_string}"},"query-input":{"@type":"PropertyValueSpecification","valueRequired":true,"valueName":"search_term_string"}}],"inLanguage":"it-IT"}]}},"_links":{"self":[{"href":"https:\/\/powerballonlinelos.de\/it\/wp-json\/wp\/v2\/pages\/318","targetHints":{"allow":["GET"]}}],"collection":[{"href":"https:\/\/powerballonlinelos.de\/it\/wp-json\/wp\/v2\/pages"}],"about":[{"href":"https:\/\/powerballonlinelos.de\/it\/wp-json\/wp\/v2\/types\/page"}],"author":[{"embeddable":true,"href":"https:\/\/powerballonlinelos.de\/it\/wp-json\/wp\/v2\/users\/1"}],"replies":[{"embeddable":true,"href":"https:\/\/powerballonlinelos.de\/it\/wp-json\/wp\/v2\/comments?post=318"}],"version-history":[{"count":0,"href":"https:\/\/powerballonlinelos.de\/it\/wp-json\/wp\/v2\/pages\/318\/revisions"}],"wp:attachment":[{"href":"https:\/\/powerballonlinelos.de\/it\/wp-json\/wp\/v2\/media?parent=318"}],"curies":[{"name":"wp","href":"https:\/\/api.w.org\/{rel}","templated":true}]}}