{"id":301,"date":"2025-08-01T18:10:23","date_gmt":"2025-08-01T18:10:23","guid":{"rendered":"https:\/\/powerballonlinelos.de\/dom\/"},"modified":"2025-08-01T18:10:23","modified_gmt":"2025-08-01T18:10:23","slug":"dom","status":"publish","type":"page","link":"https:\/\/powerballonlinelos.de\/hr\/","title":{"rendered":"Dom"},"content":{"rendered":"<h2>Kupite Powerball tikete online<\/h2>\n<p>Svaki ljubitelj lutrije diljem svijeta sigurno je \u010duo za ameri\u010dku Powerball lutriju. Jackpotovi od 200 milijuna dolara i vi\u0161e tamo su gotovo normalni. A vijesti stalno izvje\u0161tavaju da Amerikanci juri\u0161aju na prodajna mjesta lutrije jer Powerball jackpot obe\u0107ava ogromne dobitke.<\/p>\n<p>Naravno, svaki njema\u010dki igra\u010d lutrije pita se mo\u017ee li kupiti tiket za ameri\u010dku lutriju online ili mora \u017eivjeti u SAD-u da bi to u\u010dinio. Letjeti u Ameriku da bi kupili tiket stvarno nema smisla&#8230;<\/p>\n<p>Pa, rje\u0161enje je prili\u010dno jednostavno: Powerball tiket zapravo mo\u017eete kupiti online!<\/strong> Postoji globalno operativna i, prije svega, potpuno ugledna i pouzdana tvrtka pod nazivom RedFoxLotto koja nudi takvu uslugu. <a href=\"https:\/\/redfoxlotto.com\/play\/\" target=\"_blank\" rel=\"noopener noreferrer\">RedFoxLotto<\/a> ima distribucijske partnere diljem svijeta. Ulaznice naru\u010dene online zatim za vas kupuju distribucijski partneri u odgovaraju\u0107oj zemlji pod va\u0161im imenom.<\/p>\n<h2>Kako mogu kupiti Powerball listi\u0107 online?<\/h2>\n<p>S desne strane vidjet \u0107ete okvir s trenutnim Powerball jackpotom. Kliknite na poveznicu tamo da biste odabrali svoje dobitne brojeve, postavili korisni\u010dki ra\u010dun i platili kupovnu cijenu listi\u0107a online. Ubrzo nakon toga primit \u0107ete e-poruku kojom se potvr\u0111uje da je slu\u017ebeni listi\u0107 doista kupljen na va\u0161e ime. Ova e-poruka sadr\u017ei skeniranu sliku originalnog listi\u0107a \u2013 s va\u0161im imenom na njemu.<\/p>\n<p>Ovo je vrlo va\u017eno jer ako pobijedite, imate slu\u017ebeni zahtjev prema lutrijskoj tvrtki. Na\u017ealost, postoje i pru\u017eatelji usluga koji u biti &#8220;skupljaju&#8221; dobitke na lutriji i jednostavno ispla\u0107uju dobitke od vlastite prodaje. Ali mislite li stvarno da bi vam te tvrtke platile 50 milijuna dolara ili vi\u0161e?<\/p>\n<p>Oh da, RedFoxLotto ne nudi samo online Powerball listi\u0107e, ve\u0107 i online lutrijske listi\u0107e za sve ostale glavne lutrijske jackpotove diljem svijeta. Jeste li oduvijek \u017eeljeli igrati EuroMillions (zanimljivo je da za ovu lutriju nema njema\u010dkih listi\u0107a)? Listi\u0107i za EuroMillions i mnoge druge lutrijske listi\u0107e dostupni su i online putem istog korisni\u010dkog ra\u010duna. Samo pogledajte u desni stupac; tamo \u0107ete prona\u0107i trenutne iznose nagrada za razne lutrijske doga\u0111aje diljem svijeta.<\/p>\n<p>Na ovaj na\u010din, ako \u017eelite, mo\u017eete svaki tjedan kupiti online listi\u0107 za lutriju s najve\u0107im jackpotom. Nema vi\u0161e \u010dekanja dok se kona\u010dno ne osvoji veliki jackpot u njema\u010dkoj lutriji.<\/p>\n<p>Usput, Redfoxlotto tako\u0111er poma\u017ee s isplatom dobitaka \u2013 besplatno. Svi dobici ispod 600 \u20ac pripisuju se izravno va\u0161em korisni\u010dkom ra\u010dunu. Zatim mo\u017eete ili vratiti te iznose ili kupiti nove listi\u0107e.<\/p>\n<p>Ako osvojite ve\u0107i iznos, novac \u0107ete dobiti izravno od lutrijske tvrtke.<\/span> Ne brinite, ne morate letjeti u SAD (osim ako ne osvojite jackpot \u2013 radije biste osobno preuzeli \u010dek, zar ne?). Sve \u0161to trebate u\u010diniti je ispuniti identifikacijski obrazac. Primit \u0107ete ga od RedFoxLotta putem e-po\u0161te, ispunite ga i vratite. Odatle \u0107e biti online proslije\u0111en komisiji za lutriju. Lutrijska tvrtka \u0107e vam zatim izdati \u010dek, koji \u0107e vam biti dostavljen kurirskom slu\u017ebom ili preporu\u010denom po\u0161tom. Sve \u0161to trebate u\u010diniti je unov\u010diti \u010dek u svojoj banci i smisliti \u0161to \u0107ete sa svojim dobitkom od milijun dolara.<\/p>\n<p><strong>U redu, sada samo naprijed &#8211; veliki jackpotovi vas \u010dekaju!<\/strong><\/p>\n","protected":false},"excerpt":{"rendered":"<p>Kupite Powerball tikete online Svaki ljubitelj lutrije diljem svijeta sigurno je \u010duo za ameri\u010dku Powerball lutriju. Jackpotovi od 200 milijuna dolara i vi\u0161e tamo su gotovo normalni. A vijesti stalno izvje\u0161tavaju da Amerikanci juri\u0161aju na prodajna mjesta lutrije jer Powerball jackpot obe\u0107ava ogromne dobitke. Naravno, svaki njema\u010dki igra\u010d lutrije pita se mo\u017ee li kupiti tiket &hellip; <\/p>\n<p class=\"link-more\"><a href=\"https:\/\/powerballonlinelos.de\/hr\/\" class=\"more-link\">Read more<span class=\"screen-reader-text\"> &#8220;Dom&#8221;<\/span><\/a><\/p>\n","protected":false},"author":1,"featured_media":0,"parent":0,"menu_order":0,"comment_status":"closed","ping_status":"closed","template":"","meta":{"footnotes":""},"class_list":["post-301","page","type-page","status-publish","hentry"],"yoast_head":"<!-- This site is optimized with the Yoast SEO plugin v27.4 - https:\/\/yoast.com\/product\/yoast-seo-wordpress\/ -->\n<title>Kupite Powerball karte online<\/title>\n<meta name=\"description\" content=\"Kupite sigurne Powerball tikete online \u2013 evo kako! Usporedite najbolje pru\u017eatelje usluga, osvojite ekskluzivne bonuse i osvojite mega jackpot. Igrajte sada i osvojite!\" \/>\n<meta name=\"robots\" content=\"index, follow, max-snippet:-1, max-image-preview:large, max-video-preview:-1\" \/>\n<link rel=\"canonical\" href=\"https:\/\/powerballonlinelos.de\/hr\/\" \/>\n<meta property=\"og:locale\" content=\"hr_HR\" \/>\n<meta property=\"og:type\" content=\"article\" \/>\n<meta property=\"og:title\" content=\"Kupite Powerball karte online\" \/>\n<meta property=\"og:description\" content=\"Kupite sigurne Powerball tikete online \u2013 evo kako! Usporedite najbolje pru\u017eatelje usluga, osvojite ekskluzivne bonuse i osvojite mega jackpot. Igrajte sada i osvojite!\" \/>\n<meta property=\"og:url\" content=\"https:\/\/powerballonlinelos.de\/hr\/\" \/>\n<meta name=\"twitter:card\" content=\"summary_large_image\" \/>\n<meta name=\"twitter:label1\" content=\"Procijenjeno vrijeme \u010ditanja\" \/>\n\t<meta name=\"twitter:data1\" content=\"3 minute\" \/>\n<script type=\"application\/ld+json\" class=\"yoast-schema-graph\">{\"@context\":\"https:\\\/\\\/schema.org\",\"@graph\":[{\"@type\":\"WebPage\",\"@id\":\"https:\\\/\\\/powerballonlinelos.de\\\/hr\\\/\",\"url\":\"https:\\\/\\\/powerballonlinelos.de\\\/hr\\\/\",\"name\":\"Kupite Powerball karte online\",\"isPartOf\":{\"@id\":\"https:\\\/\\\/powerballonlinelos.de\\\/hr\\\/#website\"},\"datePublished\":\"2025-08-01T18:10:23+00:00\",\"description\":\"Kupite sigurne Powerball tikete online \u2013 evo kako! Usporedite najbolje pru\u017eatelje usluga, osvojite ekskluzivne bonuse i osvojite mega jackpot. Igrajte sada i osvojite!\",\"breadcrumb\":{\"@id\":\"https:\\\/\\\/powerballonlinelos.de\\\/hr\\\/#breadcrumb\"},\"inLanguage\":\"hr\",\"potentialAction\":[{\"@type\":\"ReadAction\",\"target\":[\"https:\\\/\\\/powerballonlinelos.de\\\/hr\\\/\"]}]},{\"@type\":\"BreadcrumbList\",\"@id\":\"https:\\\/\\\/powerballonlinelos.de\\\/hr\\\/#breadcrumb\",\"itemListElement\":[{\"@type\":\"ListItem\",\"position\":1,\"name\":\"Home\",\"item\":\"https:\\\/\\\/powerballonlinelos.de\\\/hr\\\/\"},{\"@type\":\"ListItem\",\"position\":2,\"name\":\"Dom\"}]},{\"@type\":\"WebSite\",\"@id\":\"https:\\\/\\\/powerballonlinelos.de\\\/hr\\\/#website\",\"url\":\"https:\\\/\\\/powerballonlinelos.de\\\/hr\\\/\",\"name\":\"\",\"description\":\"\",\"potentialAction\":[{\"@type\":\"SearchAction\",\"target\":{\"@type\":\"EntryPoint\",\"urlTemplate\":\"https:\\\/\\\/powerballonlinelos.de\\\/hr\\\/?s={search_term_string}\"},\"query-input\":{\"@type\":\"PropertyValueSpecification\",\"valueRequired\":true,\"valueName\":\"search_term_string\"}}],\"inLanguage\":\"hr\"}]}<\/script>\n<!-- \/ Yoast SEO plugin. -->","yoast_head_json":{"title":"Kupite Powerball karte online","description":"Kupite sigurne Powerball tikete online \u2013 evo kako! Usporedite najbolje pru\u017eatelje usluga, osvojite ekskluzivne bonuse i osvojite mega jackpot. Igrajte sada i osvojite!","robots":{"index":"index","follow":"follow","max-snippet":"max-snippet:-1","max-image-preview":"max-image-preview:large","max-video-preview":"max-video-preview:-1"},"canonical":"https:\/\/powerballonlinelos.de\/hr\/","og_locale":"hr_HR","og_type":"article","og_title":"Kupite Powerball karte online","og_description":"Kupite sigurne Powerball tikete online \u2013 evo kako! Usporedite najbolje pru\u017eatelje usluga, osvojite ekskluzivne bonuse i osvojite mega jackpot. Igrajte sada i osvojite!","og_url":"https:\/\/powerballonlinelos.de\/hr\/","twitter_card":"summary_large_image","twitter_misc":{"Procijenjeno vrijeme \u010ditanja":"3 minute"},"schema":{"@context":"https:\/\/schema.org","@graph":[{"@type":"WebPage","@id":"https:\/\/powerballonlinelos.de\/hr\/","url":"https:\/\/powerballonlinelos.de\/hr\/","name":"Kupite Powerball karte online","isPartOf":{"@id":"https:\/\/powerballonlinelos.de\/hr\/#website"},"datePublished":"2025-08-01T18:10:23+00:00","description":"Kupite sigurne Powerball tikete online \u2013 evo kako! Usporedite najbolje pru\u017eatelje usluga, osvojite ekskluzivne bonuse i osvojite mega jackpot. Igrajte sada i osvojite!","breadcrumb":{"@id":"https:\/\/powerballonlinelos.de\/hr\/#breadcrumb"},"inLanguage":"hr","potentialAction":[{"@type":"ReadAction","target":["https:\/\/powerballonlinelos.de\/hr\/"]}]},{"@type":"BreadcrumbList","@id":"https:\/\/powerballonlinelos.de\/hr\/#breadcrumb","itemListElement":[{"@type":"ListItem","position":1,"name":"Home","item":"https:\/\/powerballonlinelos.de\/hr\/"},{"@type":"ListItem","position":2,"name":"Dom"}]},{"@type":"WebSite","@id":"https:\/\/powerballonlinelos.de\/hr\/#website","url":"https:\/\/powerballonlinelos.de\/hr\/","name":"","description":"","potentialAction":[{"@type":"SearchAction","target":{"@type":"EntryPoint","urlTemplate":"https:\/\/powerballonlinelos.de\/hr\/?s={search_term_string}"},"query-input":{"@type":"PropertyValueSpecification","valueRequired":true,"valueName":"search_term_string"}}],"inLanguage":"hr"}]}},"_links":{"self":[{"href":"https:\/\/powerballonlinelos.de\/hr\/wp-json\/wp\/v2\/pages\/301","targetHints":{"allow":["GET"]}}],"collection":[{"href":"https:\/\/powerballonlinelos.de\/hr\/wp-json\/wp\/v2\/pages"}],"about":[{"href":"https:\/\/powerballonlinelos.de\/hr\/wp-json\/wp\/v2\/types\/page"}],"author":[{"embeddable":true,"href":"https:\/\/powerballonlinelos.de\/hr\/wp-json\/wp\/v2\/users\/1"}],"replies":[{"embeddable":true,"href":"https:\/\/powerballonlinelos.de\/hr\/wp-json\/wp\/v2\/comments?post=301"}],"version-history":[{"count":0,"href":"https:\/\/powerballonlinelos.de\/hr\/wp-json\/wp\/v2\/pages\/301\/revisions"}],"wp:attachment":[{"href":"https:\/\/powerballonlinelos.de\/hr\/wp-json\/wp\/v2\/media?parent=301"}],"curies":[{"name":"wp","href":"https:\/\/api.w.org\/{rel}","templated":true}]}}