{"id":68,"date":"2025-08-01T17:39:34","date_gmt":"2025-08-01T17:39:34","guid":{"rendered":"https:\/\/powerballonlinelos.de\/autres-jeux-de-hasard-en-ligne\/"},"modified":"2025-08-01T17:39:34","modified_gmt":"2025-08-01T17:39:34","slug":"autres-jeux-de-hasard-en-ligne","status":"publish","type":"page","link":"https:\/\/powerballonlinelos.de\/fr\/autres-jeux-de-hasard-en-ligne\/","title":{"rendered":"Autres jeux de hasard en ligne"},"content":{"rendered":"<h1>Ce que les casinos en ligne ont \u00e0 offrir<\/h1>\n<p>Les casinos en ligne permettent aux utilisateurs de vivre l&rsquo;excitation de jouer \u00e0 leurs jeux pr\u00e9f\u00e9r\u00e9s depuis le confort de leur domicile. La seule condition requise est une connexion internet. Les technologies modernes permettent m\u00eame aux joueurs d&rsquo;acc\u00e9der aux casinos en ligne depuis leur t\u00e9l\u00e9phone portable. Que ce soit \u00e0 la maison, au parc, \u00e0 l&rsquo;arr\u00eat de bus ou en voyage, l&rsquo;exp\u00e9rience passionnante des casinos en ligne est accessible partout.<\/p>\n<p>La vari\u00e9t\u00e9 des jeux propos\u00e9s par les casinos en ligne est un atout majeur. Les casinos en ligne proposent un large choix de jeux tels que la roulette, les machines \u00e0 sous, le blackjack, le poker, le bingo, le baccarat et bien d&rsquo;autres. Si les d\u00e9butants ont la possibilit\u00e9 d&rsquo;apprendre le jeu, les joueurs exp\u00e9riment\u00e9s disposent d&rsquo;une multitude d&rsquo;options suppl\u00e9mentaires. Ceux qui souhaitent profiter d&rsquo;un jeu en ligne simple peuvent opter pour les cartes \u00e0 gratter en ligne. Les cartes \u00e0 gratter garantissent beaucoup de plaisir et des gains substantiels.<\/p>\n<p><a href=\"http:\/\/www.onlinewette24.de\" target=\"_blank\">Les paris sportifs<\/a> sont une autre offre int\u00e9ressante des casinos en ligne. Parmi tous les avantages des casinos en ligne, leurs offres de bonus exceptionnelles attirent la plupart des joueurs. Les bonus sont propos\u00e9s sous diff\u00e9rentes formes, comme les bonus de bienvenue, les bonus de d\u00e9p\u00f4t, les bonus promotionnels, et bien d&rsquo;autres. De nombreux casinos en ligne offrent d&rsquo;autres r\u00e9compenses tr\u00e8s attractives. Contrairement aux casinos terrestres, les joueurs ne peuvent pas s&rsquo;attendre \u00e0 recevoir des repas, des boissons, un h\u00e9bergement, etc. gratuits. C&rsquo;est pourquoi les bonus en esp\u00e8ces massifs constituent un moyen d&rsquo;attirer les joueurs.<\/p>\n<p>Pour les joueurs avis\u00e9s, des jeux comme le blackjack, le poker, le bingo, le baccarat, etc. sont disponibles sur les casinos en ligne\u00a0; des jeux qui requi\u00e8rent une certaine strat\u00e9gie. Chaque joueur de casino en ligne devrait consulter les r\u00e8gles et politiques du site avant de commencer. L&rsquo;int\u00e9grit\u00e9 et la fiabilit\u00e9 des sites peuvent \u00eatre v\u00e9rifi\u00e9es en consultant les avis sur les casinos en ligne.<\/p>\n","protected":false},"excerpt":{"rendered":"<p>Ce que les casinos en ligne ont \u00e0 offrir Les casinos en ligne permettent aux utilisateurs de vivre l&rsquo;excitation de jouer \u00e0 leurs jeux pr\u00e9f\u00e9r\u00e9s depuis le confort de leur domicile. La seule condition requise est une connexion internet. Les technologies modernes permettent m\u00eame aux joueurs d&rsquo;acc\u00e9der aux casinos en ligne depuis leur t\u00e9l\u00e9phone portable. &hellip; <\/p>\n<p class=\"link-more\"><a href=\"https:\/\/powerballonlinelos.de\/fr\/autres-jeux-de-hasard-en-ligne\/\" class=\"more-link\">Lire la suite de<span class=\"screen-reader-text\">\u00ab\u00a0Autres jeux de hasard en ligne\u00a0\u00bb<\/span><\/a><\/p>\n","protected":false},"author":1,"featured_media":0,"parent":0,"menu_order":0,"comment_status":"closed","ping_status":"closed","template":"","meta":{"footnotes":""},"class_list":["post-68","page","type-page","status-publish","hentry"],"yoast_head":"<!-- This site is optimized with the Yoast SEO plugin v27.3 - https:\/\/yoast.com\/product\/yoast-seo-wordpress\/ -->\n<title>Ce que les casinos en ligne ont \u00e0 offrir<\/title>\n<meta name=\"robots\" content=\"index, follow, max-snippet:-1, max-image-preview:large, max-video-preview:-1\" \/>\n<link rel=\"canonical\" href=\"https:\/\/powerballonlinelos.de\/fr\/autres-jeux-de-hasard-en-ligne\/\" \/>\n<meta property=\"og:locale\" content=\"fr_FR\" \/>\n<meta property=\"og:type\" content=\"article\" \/>\n<meta property=\"og:title\" content=\"Ce que les casinos en ligne ont \u00e0 offrir\" \/>\n<meta property=\"og:description\" content=\"Ce que les casinos en ligne ont \u00e0 offrir Les casinos en ligne permettent aux utilisateurs de vivre l&rsquo;excitation de jouer \u00e0 leurs jeux pr\u00e9f\u00e9r\u00e9s depuis le confort de leur domicile. La seule condition requise est une connexion internet. Les technologies modernes permettent m\u00eame aux joueurs d&rsquo;acc\u00e9der aux casinos en ligne depuis leur t\u00e9l\u00e9phone portable. &hellip; Lire la suite de\u00ab\u00a0Autres jeux de hasard en ligne\u00a0\u00bb\" \/>\n<meta property=\"og:url\" content=\"https:\/\/powerballonlinelos.de\/fr\/autres-jeux-de-hasard-en-ligne\/\" \/>\n<meta name=\"twitter:card\" content=\"summary_large_image\" \/>\n<meta name=\"twitter:label1\" content=\"Dur\u00e9e de lecture estim\u00e9e\" \/>\n\t<meta name=\"twitter:data1\" content=\"2 minutes\" \/>\n<script type=\"application\/ld+json\" class=\"yoast-schema-graph\">{\"@context\":\"https:\\\/\\\/schema.org\",\"@graph\":[{\"@type\":\"WebPage\",\"@id\":\"https:\\\/\\\/powerballonlinelos.de\\\/fr\\\/autres-jeux-de-hasard-en-ligne\\\/\",\"url\":\"https:\\\/\\\/powerballonlinelos.de\\\/fr\\\/autres-jeux-de-hasard-en-ligne\\\/\",\"name\":\"Ce que les casinos en ligne ont \u00e0 offrir\",\"isPartOf\":{\"@id\":\"https:\\\/\\\/powerballonlinelos.de\\\/fr\\\/#website\"},\"datePublished\":\"2025-08-01T17:39:34+00:00\",\"breadcrumb\":{\"@id\":\"https:\\\/\\\/powerballonlinelos.de\\\/fr\\\/autres-jeux-de-hasard-en-ligne\\\/#breadcrumb\"},\"inLanguage\":\"fr-FR\",\"potentialAction\":[{\"@type\":\"ReadAction\",\"target\":[\"https:\\\/\\\/powerballonlinelos.de\\\/fr\\\/autres-jeux-de-hasard-en-ligne\\\/\"]}]},{\"@type\":\"BreadcrumbList\",\"@id\":\"https:\\\/\\\/powerballonlinelos.de\\\/fr\\\/autres-jeux-de-hasard-en-ligne\\\/#breadcrumb\",\"itemListElement\":[{\"@type\":\"ListItem\",\"position\":1,\"name\":\"Home\",\"item\":\"https:\\\/\\\/powerballonlinelos.de\\\/fr\\\/\"},{\"@type\":\"ListItem\",\"position\":2,\"name\":\"Autres jeux de hasard en ligne\"}]},{\"@type\":\"WebSite\",\"@id\":\"https:\\\/\\\/powerballonlinelos.de\\\/fr\\\/#website\",\"url\":\"https:\\\/\\\/powerballonlinelos.de\\\/fr\\\/\",\"name\":\"\",\"description\":\"\",\"potentialAction\":[{\"@type\":\"SearchAction\",\"target\":{\"@type\":\"EntryPoint\",\"urlTemplate\":\"https:\\\/\\\/powerballonlinelos.de\\\/fr\\\/?s={search_term_string}\"},\"query-input\":{\"@type\":\"PropertyValueSpecification\",\"valueRequired\":true,\"valueName\":\"search_term_string\"}}],\"inLanguage\":\"fr-FR\"}]}<\/script>\n<!-- \/ Yoast SEO plugin. -->","yoast_head_json":{"title":"Ce que les casinos en ligne ont \u00e0 offrir","robots":{"index":"index","follow":"follow","max-snippet":"max-snippet:-1","max-image-preview":"max-image-preview:large","max-video-preview":"max-video-preview:-1"},"canonical":"https:\/\/powerballonlinelos.de\/fr\/autres-jeux-de-hasard-en-ligne\/","og_locale":"fr_FR","og_type":"article","og_title":"Ce que les casinos en ligne ont \u00e0 offrir","og_description":"Ce que les casinos en ligne ont \u00e0 offrir Les casinos en ligne permettent aux utilisateurs de vivre l&rsquo;excitation de jouer \u00e0 leurs jeux pr\u00e9f\u00e9r\u00e9s depuis le confort de leur domicile. La seule condition requise est une connexion internet. Les technologies modernes permettent m\u00eame aux joueurs d&rsquo;acc\u00e9der aux casinos en ligne depuis leur t\u00e9l\u00e9phone portable. &hellip; Lire la suite de\u00ab\u00a0Autres jeux de hasard en ligne\u00a0\u00bb","og_url":"https:\/\/powerballonlinelos.de\/fr\/autres-jeux-de-hasard-en-ligne\/","twitter_card":"summary_large_image","twitter_misc":{"Dur\u00e9e de lecture estim\u00e9e":"2 minutes"},"schema":{"@context":"https:\/\/schema.org","@graph":[{"@type":"WebPage","@id":"https:\/\/powerballonlinelos.de\/fr\/autres-jeux-de-hasard-en-ligne\/","url":"https:\/\/powerballonlinelos.de\/fr\/autres-jeux-de-hasard-en-ligne\/","name":"Ce que les casinos en ligne ont \u00e0 offrir","isPartOf":{"@id":"https:\/\/powerballonlinelos.de\/fr\/#website"},"datePublished":"2025-08-01T17:39:34+00:00","breadcrumb":{"@id":"https:\/\/powerballonlinelos.de\/fr\/autres-jeux-de-hasard-en-ligne\/#breadcrumb"},"inLanguage":"fr-FR","potentialAction":[{"@type":"ReadAction","target":["https:\/\/powerballonlinelos.de\/fr\/autres-jeux-de-hasard-en-ligne\/"]}]},{"@type":"BreadcrumbList","@id":"https:\/\/powerballonlinelos.de\/fr\/autres-jeux-de-hasard-en-ligne\/#breadcrumb","itemListElement":[{"@type":"ListItem","position":1,"name":"Home","item":"https:\/\/powerballonlinelos.de\/fr\/"},{"@type":"ListItem","position":2,"name":"Autres jeux de hasard en ligne"}]},{"@type":"WebSite","@id":"https:\/\/powerballonlinelos.de\/fr\/#website","url":"https:\/\/powerballonlinelos.de\/fr\/","name":"","description":"","potentialAction":[{"@type":"SearchAction","target":{"@type":"EntryPoint","urlTemplate":"https:\/\/powerballonlinelos.de\/fr\/?s={search_term_string}"},"query-input":{"@type":"PropertyValueSpecification","valueRequired":true,"valueName":"search_term_string"}}],"inLanguage":"fr-FR"}]}},"_links":{"self":[{"href":"https:\/\/powerballonlinelos.de\/fr\/wp-json\/wp\/v2\/pages\/68","targetHints":{"allow":["GET"]}}],"collection":[{"href":"https:\/\/powerballonlinelos.de\/fr\/wp-json\/wp\/v2\/pages"}],"about":[{"href":"https:\/\/powerballonlinelos.de\/fr\/wp-json\/wp\/v2\/types\/page"}],"author":[{"embeddable":true,"href":"https:\/\/powerballonlinelos.de\/fr\/wp-json\/wp\/v2\/users\/1"}],"replies":[{"embeddable":true,"href":"https:\/\/powerballonlinelos.de\/fr\/wp-json\/wp\/v2\/comments?post=68"}],"version-history":[{"count":0,"href":"https:\/\/powerballonlinelos.de\/fr\/wp-json\/wp\/v2\/pages\/68\/revisions"}],"wp:attachment":[{"href":"https:\/\/powerballonlinelos.de\/fr\/wp-json\/wp\/v2\/media?parent=68"}],"curies":[{"name":"wp","href":"https:\/\/api.w.org\/{rel}","templated":true}]}}