{"id":54,"date":"2025-08-01T18:01:47","date_gmt":"2025-08-01T18:01:47","guid":{"rendered":"https:\/\/powerballonlinelos.de\/le-loto-national\/"},"modified":"2025-08-01T19:25:43","modified_gmt":"2025-08-01T19:25:43","slug":"le-loto-national","status":"publish","type":"page","link":"https:\/\/powerballonlinelos.de\/fr\/autres-jeux-de-hasard-en-ligne\/le-loto-national\/","title":{"rendered":"Le Loto National"},"content":{"rendered":"<h1><span style=\"font-size: 18pt;\">Le Loto National<\/span><\/h1>\n<p>Votre <strong>Loto National<\/strong> pr\u00e9sente des avantages. Vous connaissez parfaitement les r\u00e8gles et savez exactement quand les tirages ont lieu. Il vous suffit de consulter les affiches de votre kiosque local pour d\u00e9couvrir les offres du Loto National. Gr\u00e2ce \u00e0 Internet, vous pouvez d\u00e9sormais gagner des jackpots internationaux. C&rsquo;est bien s\u00fbr plus amusant que la Loterie Nationale, mais veillez \u00e0 ne jouer qu&rsquo;aupr\u00e8s de fournisseurs reconnus et approuv\u00e9s.<\/p>\n<h2><span style=\"font-size: 14pt;\">Jouer au Loto National<\/span><\/h2>\n<p>Lorsque vous jouez au Loto National, vous le ferez probablement via votre kiosque local. Quel que soit le temps que vous passez en ligne, jouer \u00e0 la loterie en ligne semble \u00eatre une alternative logique. Vous avez peut-\u00eatre d\u00e9j\u00e0 jou\u00e9 dans un casino en ligne international, mais malheureusement, vous ne pouvez plus acheter vos billets de loterie nationale en ligne depuis un certain temps. Mais pour les loteries internationales, ce n&rsquo;est pas un probl\u00e8me\u00a0!<\/p>\n<h2><span style=\"font-size: 14pt;\">Jeux de loterie internationaux<\/span><\/h2>\n<p>Les loteries nationales de nombreux pays sont d\u00e9sormais accessibles <a href=\"https:\/\/redfoxlotto.com\/de\" target=\"_blank\" rel=\"noopener noreferrer\"><span style=\"text-decoration: underline;\">au format international en ligne via RedFoxLotto<\/span><\/a>. Vous pouvez ainsi jouer aux jackpots de loteries internationales en ligne, tir\u00e9s aux \u00c9tats-Unis, en Australie, au Royaume-Uni, etc. Vous pourriez m\u00eame jouer \u00e0 la loterie de votre pays et \u00e0 certaines loteries internationales en ligne la m\u00eame semaine. Si vous cherchez une loterie internationale en ligne, v\u00e9rifiez vos chances de gagner. Vous pourriez vouloir tenter votre chance \u00e0 un jackpot de loterie particuli\u00e8rement lucratif pour augmenter vos chances de gagner.<\/p>\n<h2><span style=\"font-size: 14pt;\">Gagner gros \u00e0 la loterie<\/span><\/h2>\n<p>Vous pouvez gagner beaucoup d&rsquo;argent \u00e0 la loterie, mais tout d\u00e9pend de plusieurs facteurs. Avant tout, la chance\u00a0! Les loteries internationales sont aussi une question de chance, car on ne sait jamais quels num\u00e9ros seront gagnants. Assurez-vous de bien choisir votre timing lorsque vous jouez \u00e0 un jackpot de loterie internationale. Bien s\u00fbr, vous n&rsquo;\u00eates jamais s\u00fbr de gagner gros. Le plus important avec les loteries internationales est de s&rsquo;amuser. Alors, jouez avec vos num\u00e9ros pr\u00e9f\u00e9r\u00e9s et utilisez des sites web qui offrent un service de loterie de qualit\u00e9. Attention aux arnaqueurs\u00a0!<\/p>\n<p>La s\u00e9curit\u00e9 est un point auquel vous devez faire tr\u00e8s attention lorsque vous jouez \u00e0 des loteries internationales. Les arnaques en ligne sont nombreuses. Quel que soit le site web que vous choisissez pour jouer aux loteries internationales, assurez-vous qu&rsquo;il est r\u00e9glement\u00e9 et agr\u00e9\u00e9 pour ce type d&rsquo;activit\u00e9 en ligne. Veuillez noter que Wintrillions est 100 % s\u00fbr et fiable, et que les loteries internationales propos\u00e9es ici proviennent toutes d&rsquo;op\u00e9rateurs agr\u00e9\u00e9s par l&rsquo;\u00c9tat.<\/p>\n","protected":false},"excerpt":{"rendered":"<p>Le Loto National Votre Loto National pr\u00e9sente des avantages. Vous connaissez parfaitement les r\u00e8gles et savez exactement quand les tirages ont lieu. Il vous suffit de consulter les affiches de votre kiosque local pour d\u00e9couvrir les offres du Loto National. Gr\u00e2ce \u00e0 Internet, vous pouvez d\u00e9sormais gagner des jackpots internationaux. C&rsquo;est bien s\u00fbr plus amusant &hellip; <\/p>\n<p class=\"link-more\"><a href=\"https:\/\/powerballonlinelos.de\/fr\/autres-jeux-de-hasard-en-ligne\/le-loto-national\/\" class=\"more-link\">Lire la suite de<span class=\"screen-reader-text\">\u00ab\u00a0Le Loto National\u00a0\u00bb<\/span><\/a><\/p>\n","protected":false},"author":1,"featured_media":0,"parent":68,"menu_order":0,"comment_status":"closed","ping_status":"closed","template":"","meta":{"footnotes":""},"class_list":["post-54","page","type-page","status-publish","hentry"],"yoast_head":"<!-- This site is optimized with the Yoast SEO plugin v27.3 - https:\/\/yoast.com\/product\/yoast-seo-wordpress\/ -->\n<title>Le Loto National<\/title>\n<meta name=\"robots\" content=\"index, follow, max-snippet:-1, max-image-preview:large, max-video-preview:-1\" \/>\n<link rel=\"canonical\" href=\"https:\/\/powerballonlinelos.de\/fr\/autres-jeux-de-hasard-en-ligne\/le-loto-national\/\" \/>\n<meta property=\"og:locale\" content=\"fr_FR\" \/>\n<meta property=\"og:type\" content=\"article\" \/>\n<meta property=\"og:title\" content=\"Le Loto National\" \/>\n<meta property=\"og:description\" content=\"Le Loto National Votre Loto National pr\u00e9sente des avantages. Vous connaissez parfaitement les r\u00e8gles et savez exactement quand les tirages ont lieu. Il vous suffit de consulter les affiches de votre kiosque local pour d\u00e9couvrir les offres du Loto National. Gr\u00e2ce \u00e0 Internet, vous pouvez d\u00e9sormais gagner des jackpots internationaux. C&rsquo;est bien s\u00fbr plus amusant &hellip; Lire la suite de\u00ab\u00a0Le Loto National\u00a0\u00bb\" \/>\n<meta property=\"og:url\" content=\"https:\/\/powerballonlinelos.de\/fr\/autres-jeux-de-hasard-en-ligne\/le-loto-national\/\" \/>\n<meta property=\"article:modified_time\" content=\"2025-08-01T19:25:43+00:00\" \/>\n<meta name=\"twitter:card\" content=\"summary_large_image\" \/>\n<meta name=\"twitter:label1\" content=\"Dur\u00e9e de lecture estim\u00e9e\" \/>\n\t<meta name=\"twitter:data1\" content=\"2 minutes\" \/>\n<script type=\"application\/ld+json\" class=\"yoast-schema-graph\">{\"@context\":\"https:\\\/\\\/schema.org\",\"@graph\":[{\"@type\":\"WebPage\",\"@id\":\"https:\\\/\\\/powerballonlinelos.de\\\/fr\\\/autres-jeux-de-hasard-en-ligne\\\/le-loto-national\\\/\",\"url\":\"https:\\\/\\\/powerballonlinelos.de\\\/fr\\\/autres-jeux-de-hasard-en-ligne\\\/le-loto-national\\\/\",\"name\":\"Le Loto National\",\"isPartOf\":{\"@id\":\"https:\\\/\\\/powerballonlinelos.de\\\/fr\\\/#website\"},\"datePublished\":\"2025-08-01T18:01:47+00:00\",\"dateModified\":\"2025-08-01T19:25:43+00:00\",\"breadcrumb\":{\"@id\":\"https:\\\/\\\/powerballonlinelos.de\\\/fr\\\/autres-jeux-de-hasard-en-ligne\\\/le-loto-national\\\/#breadcrumb\"},\"inLanguage\":\"fr-FR\",\"potentialAction\":[{\"@type\":\"ReadAction\",\"target\":[\"https:\\\/\\\/powerballonlinelos.de\\\/fr\\\/autres-jeux-de-hasard-en-ligne\\\/le-loto-national\\\/\"]}]},{\"@type\":\"BreadcrumbList\",\"@id\":\"https:\\\/\\\/powerballonlinelos.de\\\/fr\\\/autres-jeux-de-hasard-en-ligne\\\/le-loto-national\\\/#breadcrumb\",\"itemListElement\":[{\"@type\":\"ListItem\",\"position\":1,\"name\":\"Home\",\"item\":\"https:\\\/\\\/powerballonlinelos.de\\\/fr\\\/\"},{\"@type\":\"ListItem\",\"position\":2,\"name\":\"Autres jeux de hasard en ligne\",\"item\":\"https:\\\/\\\/powerballonlinelos.de\\\/fr\\\/andere-online-gluecksspiele\\\/\"},{\"@type\":\"ListItem\",\"position\":3,\"name\":\"Le Loto National\"}]},{\"@type\":\"WebSite\",\"@id\":\"https:\\\/\\\/powerballonlinelos.de\\\/fr\\\/#website\",\"url\":\"https:\\\/\\\/powerballonlinelos.de\\\/fr\\\/\",\"name\":\"\",\"description\":\"\",\"potentialAction\":[{\"@type\":\"SearchAction\",\"target\":{\"@type\":\"EntryPoint\",\"urlTemplate\":\"https:\\\/\\\/powerballonlinelos.de\\\/fr\\\/?s={search_term_string}\"},\"query-input\":{\"@type\":\"PropertyValueSpecification\",\"valueRequired\":true,\"valueName\":\"search_term_string\"}}],\"inLanguage\":\"fr-FR\"}]}<\/script>\n<!-- \/ Yoast SEO plugin. -->","yoast_head_json":{"title":"Le Loto National","robots":{"index":"index","follow":"follow","max-snippet":"max-snippet:-1","max-image-preview":"max-image-preview:large","max-video-preview":"max-video-preview:-1"},"canonical":"https:\/\/powerballonlinelos.de\/fr\/autres-jeux-de-hasard-en-ligne\/le-loto-national\/","og_locale":"fr_FR","og_type":"article","og_title":"Le Loto National","og_description":"Le Loto National Votre Loto National pr\u00e9sente des avantages. Vous connaissez parfaitement les r\u00e8gles et savez exactement quand les tirages ont lieu. Il vous suffit de consulter les affiches de votre kiosque local pour d\u00e9couvrir les offres du Loto National. Gr\u00e2ce \u00e0 Internet, vous pouvez d\u00e9sormais gagner des jackpots internationaux. C&rsquo;est bien s\u00fbr plus amusant &hellip; Lire la suite de\u00ab\u00a0Le Loto National\u00a0\u00bb","og_url":"https:\/\/powerballonlinelos.de\/fr\/autres-jeux-de-hasard-en-ligne\/le-loto-national\/","article_modified_time":"2025-08-01T19:25:43+00:00","twitter_card":"summary_large_image","twitter_misc":{"Dur\u00e9e de lecture estim\u00e9e":"2 minutes"},"schema":{"@context":"https:\/\/schema.org","@graph":[{"@type":"WebPage","@id":"https:\/\/powerballonlinelos.de\/fr\/autres-jeux-de-hasard-en-ligne\/le-loto-national\/","url":"https:\/\/powerballonlinelos.de\/fr\/autres-jeux-de-hasard-en-ligne\/le-loto-national\/","name":"Le Loto National","isPartOf":{"@id":"https:\/\/powerballonlinelos.de\/fr\/#website"},"datePublished":"2025-08-01T18:01:47+00:00","dateModified":"2025-08-01T19:25:43+00:00","breadcrumb":{"@id":"https:\/\/powerballonlinelos.de\/fr\/autres-jeux-de-hasard-en-ligne\/le-loto-national\/#breadcrumb"},"inLanguage":"fr-FR","potentialAction":[{"@type":"ReadAction","target":["https:\/\/powerballonlinelos.de\/fr\/autres-jeux-de-hasard-en-ligne\/le-loto-national\/"]}]},{"@type":"BreadcrumbList","@id":"https:\/\/powerballonlinelos.de\/fr\/autres-jeux-de-hasard-en-ligne\/le-loto-national\/#breadcrumb","itemListElement":[{"@type":"ListItem","position":1,"name":"Home","item":"https:\/\/powerballonlinelos.de\/fr\/"},{"@type":"ListItem","position":2,"name":"Autres jeux de hasard en ligne","item":"https:\/\/powerballonlinelos.de\/fr\/andere-online-gluecksspiele\/"},{"@type":"ListItem","position":3,"name":"Le Loto National"}]},{"@type":"WebSite","@id":"https:\/\/powerballonlinelos.de\/fr\/#website","url":"https:\/\/powerballonlinelos.de\/fr\/","name":"","description":"","potentialAction":[{"@type":"SearchAction","target":{"@type":"EntryPoint","urlTemplate":"https:\/\/powerballonlinelos.de\/fr\/?s={search_term_string}"},"query-input":{"@type":"PropertyValueSpecification","valueRequired":true,"valueName":"search_term_string"}}],"inLanguage":"fr-FR"}]}},"_links":{"self":[{"href":"https:\/\/powerballonlinelos.de\/fr\/wp-json\/wp\/v2\/pages\/54","targetHints":{"allow":["GET"]}}],"collection":[{"href":"https:\/\/powerballonlinelos.de\/fr\/wp-json\/wp\/v2\/pages"}],"about":[{"href":"https:\/\/powerballonlinelos.de\/fr\/wp-json\/wp\/v2\/types\/page"}],"author":[{"embeddable":true,"href":"https:\/\/powerballonlinelos.de\/fr\/wp-json\/wp\/v2\/users\/1"}],"replies":[{"embeddable":true,"href":"https:\/\/powerballonlinelos.de\/fr\/wp-json\/wp\/v2\/comments?post=54"}],"version-history":[{"count":1,"href":"https:\/\/powerballonlinelos.de\/fr\/wp-json\/wp\/v2\/pages\/54\/revisions"}],"predecessor-version":[{"id":71,"href":"https:\/\/powerballonlinelos.de\/fr\/wp-json\/wp\/v2\/pages\/54\/revisions\/71"}],"up":[{"embeddable":true,"href":"https:\/\/powerballonlinelos.de\/fr\/wp-json\/wp\/v2\/pages\/68"}],"wp:attachment":[{"href":"https:\/\/powerballonlinelos.de\/fr\/wp-json\/wp\/v2\/media?parent=54"}],"curies":[{"name":"wp","href":"https:\/\/api.w.org\/{rel}","templated":true}]}}