{"id":51,"date":"2025-08-01T17:49:42","date_gmt":"2025-08-01T17:49:42","guid":{"rendered":"https:\/\/powerballonlinelos.de\/le-poker-en-ligne-est-en-plein-essor\/"},"modified":"2025-08-01T19:25:43","modified_gmt":"2025-08-01T19:25:43","slug":"le-poker-en-ligne-est-en-plein-essor","status":"publish","type":"page","link":"https:\/\/powerballonlinelos.de\/fr\/autres-jeux-de-hasard-en-ligne\/le-poker-en-ligne-est-en-plein-essor\/","title":{"rendered":"Le poker en ligne est en plein essor !"},"content":{"rendered":"<h1>Le poker en ligne est en plein essor\u00a0!<\/h1>\n<p>En 1998, lorsque la toute premi\u00e8re carte de poker a \u00e9t\u00e9 distribu\u00e9e en ligne, la plupart des gens n&rsquo;auraient pas pu pr\u00e9voir que le poker en ligne se r\u00e9pandrait \u00e0 l&rsquo;\u00e9chelle mondiale avec autant de dynamisme.<\/p>\n<p>Certes, il y a eu des hauts et des bas par le pass\u00e9, et quelques revers importants, mais l&rsquo;explosion n&rsquo;en est pas moins \u00e9poustouflante. Et, compte tenu des r\u00e9cents changements aux \u00c9tats-Unis, il est \u00e9galement envisageable que nous assistions \u00e0 une nouvelle augmentation demain. Selon des \u00e9valuations ind\u00e9pendantes r\u00e9alis\u00e9es par des experts du poker, l&rsquo;industrie du poker devrait conna\u00eetre une croissance soutenue.<\/p>\n<p>Gr\u00e2ce \u00e0 Internet Relay Chat, la premi\u00e8re main historique de poker en ligne en argent r\u00e9el a \u00e9t\u00e9 jou\u00e9e sur Planet Poker \u00e0 la fin des ann\u00e9es 1990.<\/p>\n<p>En quelques ann\u00e9es seulement, gr\u00e2ce \u00e0 un logiciel r\u00e9volutionnaire, le <a href=\"http:\/\/www.poker-bonuscode.de\" target=\"_blank\">poker en ligne<\/a> a fait sensation aux \u00c9tats-Unis, devenant un produit tr\u00e8s pris\u00e9 d\u00e8s les 24 premiers mois \u2013 et ce n&rsquo;\u00e9tait qu&rsquo;un d\u00e9but.<\/p>\n<p>De 2001 \u00e0 2005, l&rsquo;industrie du poker en ligne a connu l&rsquo;une des croissances les plus spectaculaires de toutes les \u00e9conomies, avec des revenus explosant, passant de 80 millions de dollars initialement \u00e0 plus de 2\u00a0000 millions de dollars. .<\/p>\n<p>Cela est d\u00fb en grande partie au fait que Chris Moneymaker, aujourd&rsquo;hui inconnu, a remport\u00e9 les WSOP 2003 apr\u00e8s avoir obtenu son ticket sur PokerStars, l&rsquo;un des sites de poker en ligne les plus populaires de l&rsquo;\u00e9poque.<br \/>Malheureusement, 2006 a \u00e9t\u00e9 une ann\u00e9e de s\u00e9rieux revers pour l&rsquo;industrie du poker en ligne, mettant un terme \u00e0 la hausse du march\u00e9, les autorit\u00e9s et la justice am\u00e9ricaines ayant pris des mesures et d\u00e9clar\u00e9 le poker en ligne ill\u00e9gal.<\/p>\n<p>Depuis cette ann\u00e9e-l\u00e0, des personnalit\u00e9s cl\u00e9s du poker en ligne ont \u00e9t\u00e9 inculp\u00e9es dans plusieurs \u00c9tats am\u00e9ricains, et les citoyens am\u00e9ricains n&rsquo;ont finalement plus \u00e9t\u00e9 autoris\u00e9s \u00e0 jouer en ligne.<\/p>\n<p>En raison de ce m\u00eame probl\u00e8me, les casinos en ligne ne sont plus accessibles aux Am\u00e9ricains, alors que, curieusement, les paris sportifs sont toujours propos\u00e9s en ligne aux \u00c9tats-Unis.<\/p>\n<p>Les donn\u00e9es actuelles sur les casinos en ligne sont disponibles <a href=\"http:\/\/www.gambling6.com\/de\" target=\"_blank\">sur ce site internet. adresse<\/a>.<\/p>\n<p>En revanche, le poker en ligne a continu\u00e9 de prosp\u00e9rer dans plusieurs pays, de nombreux sites de poker ayant \u00e9galement d\u00e9localis\u00e9 leurs serveurs et leurs noms de domaine vers des sites de l&rsquo;Union europ\u00e9enne ou ailleurs.<\/p>\n<p>N\u00e9anmoins, l&rsquo;exclusion des joueurs am\u00e9ricains a ralenti l&rsquo;essor international du poker en ligne.<br \/>Finalement, la situation a commenc\u00e9 \u00e0 changer, la Floride et le Nevada r\u00e9glementant d\u00e9sormais officiellement le poker en ligne en tant qu&rsquo;\u00c9tats ind\u00e9pendants des \u00c9tats-Unis. pour une entit\u00e9 pleinement organis\u00e9e et l\u00e9gale.<br \/>Ceux qui pensaient que l&rsquo;essor mondial du poker en ligne \u00e9tait d\u00e9j\u00e0 termin\u00e9 doivent rester vigilants en 2013.<\/p>\n<p>Un grand nombre d&rsquo;Am\u00e9ricains en ont assez de regarder le reste du monde jouer au poker sans rien faire, et ce n&rsquo;est donc qu&rsquo;une question de temps avant que le poker en ligne ne redevienne ce qu&rsquo;il \u00e9tait\u00a0!<\/p>\n","protected":false},"excerpt":{"rendered":"<p>Le poker en ligne est en plein essor\u00a0! En 1998, lorsque la toute premi\u00e8re carte de poker a \u00e9t\u00e9 distribu\u00e9e en ligne, la plupart des gens n&rsquo;auraient pas pu pr\u00e9voir que le poker en ligne se r\u00e9pandrait \u00e0 l&rsquo;\u00e9chelle mondiale avec autant de dynamisme. Certes, il y a eu des hauts et des bas par &hellip; <\/p>\n<p class=\"link-more\"><a href=\"https:\/\/powerballonlinelos.de\/fr\/autres-jeux-de-hasard-en-ligne\/le-poker-en-ligne-est-en-plein-essor\/\" class=\"more-link\">Lire la suite de<span class=\"screen-reader-text\">\u00ab\u00a0Le poker en ligne est en plein essor !\u00a0\u00bb<\/span><\/a><\/p>\n","protected":false},"author":1,"featured_media":0,"parent":68,"menu_order":0,"comment_status":"closed","ping_status":"closed","template":"","meta":{"footnotes":""},"class_list":["post-51","page","type-page","status-publish","hentry"],"yoast_head":"<!-- This site is optimized with the Yoast SEO plugin v27.3 - https:\/\/yoast.com\/product\/yoast-seo-wordpress\/ -->\n<title>Le poker en ligne est en plein essor !<\/title>\n<meta name=\"robots\" content=\"index, follow, max-snippet:-1, max-image-preview:large, max-video-preview:-1\" \/>\n<link rel=\"canonical\" href=\"https:\/\/powerballonlinelos.de\/fr\/autres-jeux-de-hasard-en-ligne\/le-poker-en-ligne-est-en-plein-essor\/\" \/>\n<meta property=\"og:locale\" content=\"fr_FR\" \/>\n<meta property=\"og:type\" content=\"article\" \/>\n<meta property=\"og:title\" content=\"Le poker en ligne est en plein essor !\" \/>\n<meta property=\"og:description\" content=\"Le poker en ligne est en plein essor\u00a0! En 1998, lorsque la toute premi\u00e8re carte de poker a \u00e9t\u00e9 distribu\u00e9e en ligne, la plupart des gens n&rsquo;auraient pas pu pr\u00e9voir que le poker en ligne se r\u00e9pandrait \u00e0 l&rsquo;\u00e9chelle mondiale avec autant de dynamisme. Certes, il y a eu des hauts et des bas par &hellip; Lire la suite de\u00ab\u00a0Le poker en ligne est en plein essor !\u00a0\u00bb\" \/>\n<meta property=\"og:url\" content=\"https:\/\/powerballonlinelos.de\/fr\/autres-jeux-de-hasard-en-ligne\/le-poker-en-ligne-est-en-plein-essor\/\" \/>\n<meta property=\"article:modified_time\" content=\"2025-08-01T19:25:43+00:00\" \/>\n<meta name=\"twitter:card\" content=\"summary_large_image\" \/>\n<meta name=\"twitter:label1\" content=\"Dur\u00e9e de lecture estim\u00e9e\" \/>\n\t<meta name=\"twitter:data1\" content=\"3 minutes\" \/>\n<script type=\"application\/ld+json\" class=\"yoast-schema-graph\">{\"@context\":\"https:\\\/\\\/schema.org\",\"@graph\":[{\"@type\":\"WebPage\",\"@id\":\"https:\\\/\\\/powerballonlinelos.de\\\/fr\\\/autres-jeux-de-hasard-en-ligne\\\/le-poker-en-ligne-est-en-plein-essor\\\/\",\"url\":\"https:\\\/\\\/powerballonlinelos.de\\\/fr\\\/autres-jeux-de-hasard-en-ligne\\\/le-poker-en-ligne-est-en-plein-essor\\\/\",\"name\":\"Le poker en ligne est en plein essor !\",\"isPartOf\":{\"@id\":\"https:\\\/\\\/powerballonlinelos.de\\\/fr\\\/#website\"},\"datePublished\":\"2025-08-01T17:49:42+00:00\",\"dateModified\":\"2025-08-01T19:25:43+00:00\",\"breadcrumb\":{\"@id\":\"https:\\\/\\\/powerballonlinelos.de\\\/fr\\\/autres-jeux-de-hasard-en-ligne\\\/le-poker-en-ligne-est-en-plein-essor\\\/#breadcrumb\"},\"inLanguage\":\"fr-FR\",\"potentialAction\":[{\"@type\":\"ReadAction\",\"target\":[\"https:\\\/\\\/powerballonlinelos.de\\\/fr\\\/autres-jeux-de-hasard-en-ligne\\\/le-poker-en-ligne-est-en-plein-essor\\\/\"]}]},{\"@type\":\"BreadcrumbList\",\"@id\":\"https:\\\/\\\/powerballonlinelos.de\\\/fr\\\/autres-jeux-de-hasard-en-ligne\\\/le-poker-en-ligne-est-en-plein-essor\\\/#breadcrumb\",\"itemListElement\":[{\"@type\":\"ListItem\",\"position\":1,\"name\":\"Home\",\"item\":\"https:\\\/\\\/powerballonlinelos.de\\\/fr\\\/\"},{\"@type\":\"ListItem\",\"position\":2,\"name\":\"Autres jeux de hasard en ligne\",\"item\":\"https:\\\/\\\/powerballonlinelos.de\\\/fr\\\/andere-online-gluecksspiele\\\/\"},{\"@type\":\"ListItem\",\"position\":3,\"name\":\"Le poker en ligne est en plein essor !\"}]},{\"@type\":\"WebSite\",\"@id\":\"https:\\\/\\\/powerballonlinelos.de\\\/fr\\\/#website\",\"url\":\"https:\\\/\\\/powerballonlinelos.de\\\/fr\\\/\",\"name\":\"\",\"description\":\"\",\"potentialAction\":[{\"@type\":\"SearchAction\",\"target\":{\"@type\":\"EntryPoint\",\"urlTemplate\":\"https:\\\/\\\/powerballonlinelos.de\\\/fr\\\/?s={search_term_string}\"},\"query-input\":{\"@type\":\"PropertyValueSpecification\",\"valueRequired\":true,\"valueName\":\"search_term_string\"}}],\"inLanguage\":\"fr-FR\"}]}<\/script>\n<!-- \/ Yoast SEO plugin. -->","yoast_head_json":{"title":"Le poker en ligne est en plein essor !","robots":{"index":"index","follow":"follow","max-snippet":"max-snippet:-1","max-image-preview":"max-image-preview:large","max-video-preview":"max-video-preview:-1"},"canonical":"https:\/\/powerballonlinelos.de\/fr\/autres-jeux-de-hasard-en-ligne\/le-poker-en-ligne-est-en-plein-essor\/","og_locale":"fr_FR","og_type":"article","og_title":"Le poker en ligne est en plein essor !","og_description":"Le poker en ligne est en plein essor\u00a0! En 1998, lorsque la toute premi\u00e8re carte de poker a \u00e9t\u00e9 distribu\u00e9e en ligne, la plupart des gens n&rsquo;auraient pas pu pr\u00e9voir que le poker en ligne se r\u00e9pandrait \u00e0 l&rsquo;\u00e9chelle mondiale avec autant de dynamisme. Certes, il y a eu des hauts et des bas par &hellip; Lire la suite de\u00ab\u00a0Le poker en ligne est en plein essor !\u00a0\u00bb","og_url":"https:\/\/powerballonlinelos.de\/fr\/autres-jeux-de-hasard-en-ligne\/le-poker-en-ligne-est-en-plein-essor\/","article_modified_time":"2025-08-01T19:25:43+00:00","twitter_card":"summary_large_image","twitter_misc":{"Dur\u00e9e de lecture estim\u00e9e":"3 minutes"},"schema":{"@context":"https:\/\/schema.org","@graph":[{"@type":"WebPage","@id":"https:\/\/powerballonlinelos.de\/fr\/autres-jeux-de-hasard-en-ligne\/le-poker-en-ligne-est-en-plein-essor\/","url":"https:\/\/powerballonlinelos.de\/fr\/autres-jeux-de-hasard-en-ligne\/le-poker-en-ligne-est-en-plein-essor\/","name":"Le poker en ligne est en plein essor !","isPartOf":{"@id":"https:\/\/powerballonlinelos.de\/fr\/#website"},"datePublished":"2025-08-01T17:49:42+00:00","dateModified":"2025-08-01T19:25:43+00:00","breadcrumb":{"@id":"https:\/\/powerballonlinelos.de\/fr\/autres-jeux-de-hasard-en-ligne\/le-poker-en-ligne-est-en-plein-essor\/#breadcrumb"},"inLanguage":"fr-FR","potentialAction":[{"@type":"ReadAction","target":["https:\/\/powerballonlinelos.de\/fr\/autres-jeux-de-hasard-en-ligne\/le-poker-en-ligne-est-en-plein-essor\/"]}]},{"@type":"BreadcrumbList","@id":"https:\/\/powerballonlinelos.de\/fr\/autres-jeux-de-hasard-en-ligne\/le-poker-en-ligne-est-en-plein-essor\/#breadcrumb","itemListElement":[{"@type":"ListItem","position":1,"name":"Home","item":"https:\/\/powerballonlinelos.de\/fr\/"},{"@type":"ListItem","position":2,"name":"Autres jeux de hasard en ligne","item":"https:\/\/powerballonlinelos.de\/fr\/andere-online-gluecksspiele\/"},{"@type":"ListItem","position":3,"name":"Le poker en ligne est en plein essor !"}]},{"@type":"WebSite","@id":"https:\/\/powerballonlinelos.de\/fr\/#website","url":"https:\/\/powerballonlinelos.de\/fr\/","name":"","description":"","potentialAction":[{"@type":"SearchAction","target":{"@type":"EntryPoint","urlTemplate":"https:\/\/powerballonlinelos.de\/fr\/?s={search_term_string}"},"query-input":{"@type":"PropertyValueSpecification","valueRequired":true,"valueName":"search_term_string"}}],"inLanguage":"fr-FR"}]}},"_links":{"self":[{"href":"https:\/\/powerballonlinelos.de\/fr\/wp-json\/wp\/v2\/pages\/51","targetHints":{"allow":["GET"]}}],"collection":[{"href":"https:\/\/powerballonlinelos.de\/fr\/wp-json\/wp\/v2\/pages"}],"about":[{"href":"https:\/\/powerballonlinelos.de\/fr\/wp-json\/wp\/v2\/types\/page"}],"author":[{"embeddable":true,"href":"https:\/\/powerballonlinelos.de\/fr\/wp-json\/wp\/v2\/users\/1"}],"replies":[{"embeddable":true,"href":"https:\/\/powerballonlinelos.de\/fr\/wp-json\/wp\/v2\/comments?post=51"}],"version-history":[{"count":1,"href":"https:\/\/powerballonlinelos.de\/fr\/wp-json\/wp\/v2\/pages\/51\/revisions"}],"predecessor-version":[{"id":70,"href":"https:\/\/powerballonlinelos.de\/fr\/wp-json\/wp\/v2\/pages\/51\/revisions\/70"}],"up":[{"embeddable":true,"href":"https:\/\/powerballonlinelos.de\/fr\/wp-json\/wp\/v2\/pages\/68"}],"wp:attachment":[{"href":"https:\/\/powerballonlinelos.de\/fr\/wp-json\/wp\/v2\/media?parent=51"}],"curies":[{"name":"wp","href":"https:\/\/api.w.org\/{rel}","templated":true}]}}