{"id":50,"date":"2025-08-01T18:06:21","date_gmt":"2025-08-01T18:06:21","guid":{"rendered":"https:\/\/powerballonlinelos.de\/loteries-a-jackpot-geant-du-monde\/"},"modified":"2025-08-01T18:58:04","modified_gmt":"2025-08-01T18:58:04","slug":"loteries-a-jackpot-geant-du-monde","status":"publish","type":"page","link":"https:\/\/powerballonlinelos.de\/fr\/autres-jeux-de-hasard-en-ligne\/le-loto-national\/loteries-a-jackpot-geant-du-monde\/","title":{"rendered":"Loteries \u00e0 jackpot g\u00e9ant du monde"},"content":{"rendered":"<h1><span style=\"font-size: 14pt;\">Les loteries \u00e0 jackpot g\u00e9ant du monde entier<\/span><\/h1>\n<p>Il existe toute une gamme de <a href=\"http:\/\/www.jackpotlotteryonline.com\/de\" target=\"_blank\" rel=\"noopener noreferrer\">loteries \u00e0 jackpot<\/a> dans le monde, allant des <strong>Super Jackpots<\/strong> comme la loterie de Floride ou de New York aux <strong>M\u00e9ga Jackpots<\/strong> comme le Powerball ou l&rsquo;Euromillions, qui atteignent facilement des centaines de millions de dollars. Les tickets pour ces jackpots g\u00e9ants ne sont pas disponibles en magasin en Allemagne, mais ils peuvent tous \u00eatre r\u00e9serv\u00e9s et gagn\u00e9s en ligne. En cr\u00e9ant un compte client de loterie sur <a href=\"https:\/\/redfoxlotto.com\/\" target=\"_blank\" rel=\"noopener noreferrer\">RedFoxLotto<\/a>, vous pouvez choisir vos num\u00e9ros gagnants pour n&rsquo;importe quel Super ou Mega Jackpot dans le monde et acheter un ticket en ligne.<\/p>\n<p>Le plus pratique est que vous pouvez voir \u00e0 tout moment sur notre site web quelle loterie Mega d\u00e9tient actuellement le jackpot le plus \u00e9lev\u00e9 et quel sera le prochain Mega Jackpot. Nous vous recommandons d&rsquo;ajouter notre site web \u00e0 vos favoris et de le consulter r\u00e9guli\u00e8rement\u00a0; d&rsquo;ailleurs, nous affichons \u00e9galement en permanence les derniers num\u00e9ros gagnants.<\/p>\n","protected":false},"excerpt":{"rendered":"<p>Les loteries \u00e0 jackpot g\u00e9ant du monde entier Il existe toute une gamme de loteries \u00e0 jackpot dans le monde, allant des Super Jackpots comme la loterie de Floride ou de New York aux M\u00e9ga Jackpots comme le Powerball ou l&rsquo;Euromillions, qui atteignent facilement des centaines de millions de dollars. Les tickets pour ces jackpots &hellip; <\/p>\n<p class=\"link-more\"><a href=\"https:\/\/powerballonlinelos.de\/fr\/autres-jeux-de-hasard-en-ligne\/le-loto-national\/loteries-a-jackpot-geant-du-monde\/\" class=\"more-link\">Lire la suite de<span class=\"screen-reader-text\">\u00ab\u00a0Loteries \u00e0 jackpot g\u00e9ant du monde\u00a0\u00bb<\/span><\/a><\/p>\n","protected":false},"author":1,"featured_media":0,"parent":54,"menu_order":0,"comment_status":"closed","ping_status":"closed","template":"","meta":{"footnotes":""},"class_list":["post-50","page","type-page","status-publish","hentry"],"yoast_head":"<!-- This site is optimized with the Yoast SEO plugin v27.3 - https:\/\/yoast.com\/product\/yoast-seo-wordpress\/ -->\n<title>Jouez aux jackpots Mega Lotto Worldwide en ligne<\/title>\n<meta name=\"robots\" content=\"index, follow, max-snippet:-1, max-image-preview:large, max-video-preview:-1\" \/>\n<link rel=\"canonical\" href=\"https:\/\/powerballonlinelos.de\/fr\/autres-jeux-de-hasard-en-ligne\/le-loto-national\/loteries-a-jackpot-geant-du-monde\/\" \/>\n<meta property=\"og:locale\" content=\"fr_FR\" \/>\n<meta property=\"og:type\" content=\"article\" \/>\n<meta property=\"og:title\" content=\"Jouez aux jackpots Mega Lotto Worldwide en ligne\" \/>\n<meta property=\"og:description\" content=\"Les loteries \u00e0 jackpot g\u00e9ant du monde entier Il existe toute une gamme de loteries \u00e0 jackpot dans le monde, allant des Super Jackpots comme la loterie de Floride ou de New York aux M\u00e9ga Jackpots comme le Powerball ou l&rsquo;Euromillions, qui atteignent facilement des centaines de millions de dollars. Les tickets pour ces jackpots &hellip; Lire la suite de\u00ab\u00a0Loteries \u00e0 jackpot g\u00e9ant du monde\u00a0\u00bb\" \/>\n<meta property=\"og:url\" content=\"https:\/\/powerballonlinelos.de\/fr\/autres-jeux-de-hasard-en-ligne\/le-loto-national\/loteries-a-jackpot-geant-du-monde\/\" \/>\n<meta property=\"article:modified_time\" content=\"2025-08-01T18:58:04+00:00\" \/>\n<meta name=\"twitter:card\" content=\"summary_large_image\" \/>\n<meta name=\"twitter:label1\" content=\"Dur\u00e9e de lecture estim\u00e9e\" \/>\n\t<meta name=\"twitter:data1\" content=\"1 minute\" \/>\n<script type=\"application\/ld+json\" class=\"yoast-schema-graph\">{\"@context\":\"https:\\\/\\\/schema.org\",\"@graph\":[{\"@type\":\"WebPage\",\"@id\":\"https:\\\/\\\/powerballonlinelos.de\\\/fr\\\/autres-jeux-de-hasard-en-ligne\\\/le-loto-national\\\/loteries-a-jackpot-geant-du-monde\\\/\",\"url\":\"https:\\\/\\\/powerballonlinelos.de\\\/fr\\\/autres-jeux-de-hasard-en-ligne\\\/le-loto-national\\\/loteries-a-jackpot-geant-du-monde\\\/\",\"name\":\"Jouez aux jackpots Mega Lotto Worldwide en ligne\",\"isPartOf\":{\"@id\":\"https:\\\/\\\/powerballonlinelos.de\\\/fr\\\/#website\"},\"datePublished\":\"2025-08-01T18:06:21+00:00\",\"dateModified\":\"2025-08-01T18:58:04+00:00\",\"breadcrumb\":{\"@id\":\"https:\\\/\\\/powerballonlinelos.de\\\/fr\\\/autres-jeux-de-hasard-en-ligne\\\/le-loto-national\\\/loteries-a-jackpot-geant-du-monde\\\/#breadcrumb\"},\"inLanguage\":\"fr-FR\",\"potentialAction\":[{\"@type\":\"ReadAction\",\"target\":[\"https:\\\/\\\/powerballonlinelos.de\\\/fr\\\/autres-jeux-de-hasard-en-ligne\\\/le-loto-national\\\/loteries-a-jackpot-geant-du-monde\\\/\"]}]},{\"@type\":\"BreadcrumbList\",\"@id\":\"https:\\\/\\\/powerballonlinelos.de\\\/fr\\\/autres-jeux-de-hasard-en-ligne\\\/le-loto-national\\\/loteries-a-jackpot-geant-du-monde\\\/#breadcrumb\",\"itemListElement\":[{\"@type\":\"ListItem\",\"position\":1,\"name\":\"Home\",\"item\":\"https:\\\/\\\/powerballonlinelos.de\\\/fr\\\/\"},{\"@type\":\"ListItem\",\"position\":2,\"name\":\"Autres jeux de hasard en ligne\",\"item\":\"https:\\\/\\\/powerballonlinelos.de\\\/fr\\\/andere-online-gluecksspiele\\\/\"},{\"@type\":\"ListItem\",\"position\":3,\"name\":\"Le Loto National\",\"item\":\"https:\\\/\\\/powerballonlinelos.de\\\/fr\\\/andere-online-gluecksspiele\\\/das-nationallotto\\\/\"},{\"@type\":\"ListItem\",\"position\":4,\"name\":\"Loteries \u00e0 jackpot g\u00e9ant du monde\"}]},{\"@type\":\"WebSite\",\"@id\":\"https:\\\/\\\/powerballonlinelos.de\\\/fr\\\/#website\",\"url\":\"https:\\\/\\\/powerballonlinelos.de\\\/fr\\\/\",\"name\":\"\",\"description\":\"\",\"potentialAction\":[{\"@type\":\"SearchAction\",\"target\":{\"@type\":\"EntryPoint\",\"urlTemplate\":\"https:\\\/\\\/powerballonlinelos.de\\\/fr\\\/?s={search_term_string}\"},\"query-input\":{\"@type\":\"PropertyValueSpecification\",\"valueRequired\":true,\"valueName\":\"search_term_string\"}}],\"inLanguage\":\"fr-FR\"}]}<\/script>\n<!-- \/ Yoast SEO plugin. -->","yoast_head_json":{"title":"Jouez aux jackpots Mega Lotto Worldwide en ligne","robots":{"index":"index","follow":"follow","max-snippet":"max-snippet:-1","max-image-preview":"max-image-preview:large","max-video-preview":"max-video-preview:-1"},"canonical":"https:\/\/powerballonlinelos.de\/fr\/autres-jeux-de-hasard-en-ligne\/le-loto-national\/loteries-a-jackpot-geant-du-monde\/","og_locale":"fr_FR","og_type":"article","og_title":"Jouez aux jackpots Mega Lotto Worldwide en ligne","og_description":"Les loteries \u00e0 jackpot g\u00e9ant du monde entier Il existe toute une gamme de loteries \u00e0 jackpot dans le monde, allant des Super Jackpots comme la loterie de Floride ou de New York aux M\u00e9ga Jackpots comme le Powerball ou l&rsquo;Euromillions, qui atteignent facilement des centaines de millions de dollars. Les tickets pour ces jackpots &hellip; Lire la suite de\u00ab\u00a0Loteries \u00e0 jackpot g\u00e9ant du monde\u00a0\u00bb","og_url":"https:\/\/powerballonlinelos.de\/fr\/autres-jeux-de-hasard-en-ligne\/le-loto-national\/loteries-a-jackpot-geant-du-monde\/","article_modified_time":"2025-08-01T18:58:04+00:00","twitter_card":"summary_large_image","twitter_misc":{"Dur\u00e9e de lecture estim\u00e9e":"1 minute"},"schema":{"@context":"https:\/\/schema.org","@graph":[{"@type":"WebPage","@id":"https:\/\/powerballonlinelos.de\/fr\/autres-jeux-de-hasard-en-ligne\/le-loto-national\/loteries-a-jackpot-geant-du-monde\/","url":"https:\/\/powerballonlinelos.de\/fr\/autres-jeux-de-hasard-en-ligne\/le-loto-national\/loteries-a-jackpot-geant-du-monde\/","name":"Jouez aux jackpots Mega Lotto Worldwide en ligne","isPartOf":{"@id":"https:\/\/powerballonlinelos.de\/fr\/#website"},"datePublished":"2025-08-01T18:06:21+00:00","dateModified":"2025-08-01T18:58:04+00:00","breadcrumb":{"@id":"https:\/\/powerballonlinelos.de\/fr\/autres-jeux-de-hasard-en-ligne\/le-loto-national\/loteries-a-jackpot-geant-du-monde\/#breadcrumb"},"inLanguage":"fr-FR","potentialAction":[{"@type":"ReadAction","target":["https:\/\/powerballonlinelos.de\/fr\/autres-jeux-de-hasard-en-ligne\/le-loto-national\/loteries-a-jackpot-geant-du-monde\/"]}]},{"@type":"BreadcrumbList","@id":"https:\/\/powerballonlinelos.de\/fr\/autres-jeux-de-hasard-en-ligne\/le-loto-national\/loteries-a-jackpot-geant-du-monde\/#breadcrumb","itemListElement":[{"@type":"ListItem","position":1,"name":"Home","item":"https:\/\/powerballonlinelos.de\/fr\/"},{"@type":"ListItem","position":2,"name":"Autres jeux de hasard en ligne","item":"https:\/\/powerballonlinelos.de\/fr\/andere-online-gluecksspiele\/"},{"@type":"ListItem","position":3,"name":"Le Loto National","item":"https:\/\/powerballonlinelos.de\/fr\/andere-online-gluecksspiele\/das-nationallotto\/"},{"@type":"ListItem","position":4,"name":"Loteries \u00e0 jackpot g\u00e9ant du monde"}]},{"@type":"WebSite","@id":"https:\/\/powerballonlinelos.de\/fr\/#website","url":"https:\/\/powerballonlinelos.de\/fr\/","name":"","description":"","potentialAction":[{"@type":"SearchAction","target":{"@type":"EntryPoint","urlTemplate":"https:\/\/powerballonlinelos.de\/fr\/?s={search_term_string}"},"query-input":{"@type":"PropertyValueSpecification","valueRequired":true,"valueName":"search_term_string"}}],"inLanguage":"fr-FR"}]}},"_links":{"self":[{"href":"https:\/\/powerballonlinelos.de\/fr\/wp-json\/wp\/v2\/pages\/50","targetHints":{"allow":["GET"]}}],"collection":[{"href":"https:\/\/powerballonlinelos.de\/fr\/wp-json\/wp\/v2\/pages"}],"about":[{"href":"https:\/\/powerballonlinelos.de\/fr\/wp-json\/wp\/v2\/types\/page"}],"author":[{"embeddable":true,"href":"https:\/\/powerballonlinelos.de\/fr\/wp-json\/wp\/v2\/users\/1"}],"replies":[{"embeddable":true,"href":"https:\/\/powerballonlinelos.de\/fr\/wp-json\/wp\/v2\/comments?post=50"}],"version-history":[{"count":1,"href":"https:\/\/powerballonlinelos.de\/fr\/wp-json\/wp\/v2\/pages\/50\/revisions"}],"predecessor-version":[{"id":55,"href":"https:\/\/powerballonlinelos.de\/fr\/wp-json\/wp\/v2\/pages\/50\/revisions\/55"}],"up":[{"embeddable":true,"href":"https:\/\/powerballonlinelos.de\/fr\/wp-json\/wp\/v2\/pages\/54"}],"wp:attachment":[{"href":"https:\/\/powerballonlinelos.de\/fr\/wp-json\/wp\/v2\/media?parent=50"}],"curies":[{"name":"wp","href":"https:\/\/api.w.org\/{rel}","templated":true}]}}