{"id":44,"date":"2025-08-01T17:55:09","date_gmt":"2025-08-01T17:55:09","guid":{"rendered":"https:\/\/powerballonlinelos.de\/loterie-powerball-avec-bitcoins\/"},"modified":"2025-08-01T17:55:09","modified_gmt":"2025-08-01T17:55:09","slug":"loterie-powerball-avec-bitcoins","status":"publish","type":"page","link":"https:\/\/powerballonlinelos.de\/fr\/loterie-powerball-avec-bitcoins\/","title":{"rendered":"Loterie Powerball avec Bitcoins"},"content":{"rendered":"<h1>Peut-on jouer \u00e0 la loterie Powerball avec des bitcoins\u00a0?<\/h1>\n<p>L&rsquo;ann\u00e9e derni\u00e8re, la loterie Powerball am\u00e9ricaine a atteint un record historique de 1,5 milliard de dollars. Vous n&rsquo;imaginez m\u00eame pas ce chiffre et ce que cela repr\u00e9sente de gagner autant d&rsquo;argent. Tout le monde achetait des billets comme des fous pour devenir riche comme Cr\u00e9sus. Mais saviez-vous qu&rsquo;il \u00e9tait possible d&rsquo;acheter un ticket Powerball avec des bitcoins\u00a0?<br \/>Ceux d&rsquo;entre vous qui poss\u00e9daient d\u00e9j\u00e0 un portefeuille Bitcoin ont eu de la chance, car ils pouvaient utiliser leurs bitcoins. Apprenez-en plus sur les jeux d&rsquo;argent et les loteries Bitcoin et ouvrez-vous \u00e0 un tout nouveau monde.<\/p>\n<h2>O\u00f9 acheter des tickets Powerball avec des bitcoins\u00a0?<\/h2>\n<p>Bien s\u00fbr, vous ne pouvez pas acheter un ticket Powerball avec des bitcoins dans votre magasin de loterie habituel. Ce n&rsquo;est pas comme \u00e7a que Bitcoin fonctionne. Il vous suffit de trouver un revendeur en ligne officiel et l\u00e9gitime de billets de loterie Powerball.<br \/>Il n&rsquo;est pas difficile d&rsquo;en trouver, car presque tous les d\u00e9taillants en ligne d\u00e9couvrent peu \u00e0 peu les avantages de cette cryptomonnaie. M\u00eame les plus grandes marques s&rsquo;y mettent. La plupart de ces revendeurs acceptent \u00e9galement les dollars, mais le plus important est qu&rsquo;ils vous permettent d&rsquo;acheter des billets Powerball en Bitcoins.<br \/>Certains d&rsquo;entre eux vendent m\u00eame des billets de loterie pour des jeux internationaux comme l&rsquo;EuroMillions en Europe, la plus grande loterie du pays. Si vous avez achet\u00e9 un billet Powerball, le revendeur vous enverra des scans de vos billets. C&rsquo;est pratiquement la m\u00eame chose qu&rsquo;acheter en dollars.<\/p>\n<h2>Comment obtenir un paiement\u00a0?<\/h2>\n<p>Voici la partie la plus importante\u00a0: comment recevoir vos gains\u00a0? Plusieurs options s&rsquo;offrent \u00e0 vous. Si vous gagnez un petit montant, vous pouvez recevoir la totalit\u00e9 du montant en une seule fois. Si vous gagnez un montant plus important, le revendeur peut verser directement sur votre portefeuille Bitcoin en plusieurs versements. Si vous remportez le jackpot, qui est g\u00e9n\u00e9ralement \u00e9norme, vous pouvez \u00e9galement choisir de retirer vos gains en personne.<br \/>Mais le meilleur dans tout \u00e7a\u00a0: vous n&rsquo;\u00eates pas oblig\u00e9 de retirer vos gains en personne. Cette option est g\u00e9n\u00e9ralement la plus adapt\u00e9e si vous souhaitez \u00eatre pay\u00e9 en monnaie courante. Si vous souhaitez recevoir vos gains en bitcoins, retirez simplement la totalit\u00e9 du montant (si possible).<br \/>Les bitcoins ne sont pas tax\u00e9s et ne sont soumis \u00e0 aucuns frais de traitement. Plus important encore, vous pouvez retirer vos gains en 10 minutes, ce qui n&rsquo;est possible avec aucun autre moyen de paiement.<\/p>\n<h3>L&rsquo;avantage<\/h3>\n<p>Jouer \u00e0 la loterie avec des Bitcoins pr\u00e9sente un avantage majeur\u00a0: l&rsquo;anonymat. Si les d\u00e9p\u00f4ts en devises classiques n\u00e9cessitent diverses pi\u00e8ces d&rsquo;identit\u00e9, ce n&rsquo;est pas le cas avec les Bitcoins. Ouvrir un compte chez un revendeur en ligne est \u00e9galement tr\u00e8s simple. Il vous suffit de saisir votre adresse e-mail et de g\u00e9n\u00e9rer une adresse Bitcoin personnelle o\u00f9 vos Bitcoins arriveront et seront stock\u00e9s. Pas de pr\u00e9nom, pas de nom, pas de carte de cr\u00e9dit, pas de rue, pas d&rsquo;adresse\u00a0: rien li\u00e9 \u00e0 des donn\u00e9es sensibles qui pourraient \u00eatre utilis\u00e9es pour vous nuire.<\/p>\n","protected":false},"excerpt":{"rendered":"<p>Peut-on jouer \u00e0 la loterie Powerball avec des bitcoins\u00a0? L&rsquo;ann\u00e9e derni\u00e8re, la loterie Powerball am\u00e9ricaine a atteint un record historique de 1,5 milliard de dollars. Vous n&rsquo;imaginez m\u00eame pas ce chiffre et ce que cela repr\u00e9sente de gagner autant d&rsquo;argent. Tout le monde achetait des billets comme des fous pour devenir riche comme Cr\u00e9sus. Mais &hellip; <\/p>\n<p class=\"link-more\"><a href=\"https:\/\/powerballonlinelos.de\/fr\/loterie-powerball-avec-bitcoins\/\" class=\"more-link\">Lire la suite de<span class=\"screen-reader-text\">\u00ab\u00a0Loterie Powerball avec Bitcoins\u00a0\u00bb<\/span><\/a><\/p>\n","protected":false},"author":1,"featured_media":0,"parent":0,"menu_order":0,"comment_status":"closed","ping_status":"closed","template":"","meta":{"footnotes":""},"class_list":["post-44","page","type-page","status-publish","hentry"],"yoast_head":"<!-- This site is optimized with the Yoast SEO plugin v27.3 - https:\/\/yoast.com\/product\/yoast-seo-wordpress\/ -->\n<title>Loterie Powerball avec Bitcoins<\/title>\n<meta name=\"robots\" content=\"index, follow, max-snippet:-1, max-image-preview:large, max-video-preview:-1\" \/>\n<link rel=\"canonical\" href=\"https:\/\/powerballonlinelos.de\/fr\/loterie-powerball-avec-bitcoins\/\" \/>\n<meta property=\"og:locale\" content=\"fr_FR\" \/>\n<meta property=\"og:type\" content=\"article\" \/>\n<meta property=\"og:title\" content=\"Loterie Powerball avec Bitcoins\" \/>\n<meta property=\"og:description\" content=\"Peut-on jouer \u00e0 la loterie Powerball avec des bitcoins\u00a0? L&rsquo;ann\u00e9e derni\u00e8re, la loterie Powerball am\u00e9ricaine a atteint un record historique de 1,5 milliard de dollars. Vous n&rsquo;imaginez m\u00eame pas ce chiffre et ce que cela repr\u00e9sente de gagner autant d&rsquo;argent. Tout le monde achetait des billets comme des fous pour devenir riche comme Cr\u00e9sus. Mais &hellip; Lire la suite de\u00ab\u00a0Loterie Powerball avec Bitcoins\u00a0\u00bb\" \/>\n<meta property=\"og:url\" content=\"https:\/\/powerballonlinelos.de\/fr\/loterie-powerball-avec-bitcoins\/\" \/>\n<meta name=\"twitter:card\" content=\"summary_large_image\" \/>\n<meta name=\"twitter:label1\" content=\"Dur\u00e9e de lecture estim\u00e9e\" \/>\n\t<meta name=\"twitter:data1\" content=\"3 minutes\" \/>\n<script type=\"application\/ld+json\" class=\"yoast-schema-graph\">{\"@context\":\"https:\\\/\\\/schema.org\",\"@graph\":[{\"@type\":\"WebPage\",\"@id\":\"https:\\\/\\\/powerballonlinelos.de\\\/fr\\\/loterie-powerball-avec-bitcoins\\\/\",\"url\":\"https:\\\/\\\/powerballonlinelos.de\\\/fr\\\/loterie-powerball-avec-bitcoins\\\/\",\"name\":\"Loterie Powerball avec Bitcoins\",\"isPartOf\":{\"@id\":\"https:\\\/\\\/powerballonlinelos.de\\\/fr\\\/#website\"},\"datePublished\":\"2025-08-01T17:55:09+00:00\",\"breadcrumb\":{\"@id\":\"https:\\\/\\\/powerballonlinelos.de\\\/fr\\\/loterie-powerball-avec-bitcoins\\\/#breadcrumb\"},\"inLanguage\":\"fr-FR\",\"potentialAction\":[{\"@type\":\"ReadAction\",\"target\":[\"https:\\\/\\\/powerballonlinelos.de\\\/fr\\\/loterie-powerball-avec-bitcoins\\\/\"]}]},{\"@type\":\"BreadcrumbList\",\"@id\":\"https:\\\/\\\/powerballonlinelos.de\\\/fr\\\/loterie-powerball-avec-bitcoins\\\/#breadcrumb\",\"itemListElement\":[{\"@type\":\"ListItem\",\"position\":1,\"name\":\"Home\",\"item\":\"https:\\\/\\\/powerballonlinelos.de\\\/fr\\\/\"},{\"@type\":\"ListItem\",\"position\":2,\"name\":\"Loterie Powerball avec Bitcoins\"}]},{\"@type\":\"WebSite\",\"@id\":\"https:\\\/\\\/powerballonlinelos.de\\\/fr\\\/#website\",\"url\":\"https:\\\/\\\/powerballonlinelos.de\\\/fr\\\/\",\"name\":\"\",\"description\":\"\",\"potentialAction\":[{\"@type\":\"SearchAction\",\"target\":{\"@type\":\"EntryPoint\",\"urlTemplate\":\"https:\\\/\\\/powerballonlinelos.de\\\/fr\\\/?s={search_term_string}\"},\"query-input\":{\"@type\":\"PropertyValueSpecification\",\"valueRequired\":true,\"valueName\":\"search_term_string\"}}],\"inLanguage\":\"fr-FR\"}]}<\/script>\n<!-- \/ Yoast SEO plugin. -->","yoast_head_json":{"title":"Loterie Powerball avec Bitcoins","robots":{"index":"index","follow":"follow","max-snippet":"max-snippet:-1","max-image-preview":"max-image-preview:large","max-video-preview":"max-video-preview:-1"},"canonical":"https:\/\/powerballonlinelos.de\/fr\/loterie-powerball-avec-bitcoins\/","og_locale":"fr_FR","og_type":"article","og_title":"Loterie Powerball avec Bitcoins","og_description":"Peut-on jouer \u00e0 la loterie Powerball avec des bitcoins\u00a0? L&rsquo;ann\u00e9e derni\u00e8re, la loterie Powerball am\u00e9ricaine a atteint un record historique de 1,5 milliard de dollars. Vous n&rsquo;imaginez m\u00eame pas ce chiffre et ce que cela repr\u00e9sente de gagner autant d&rsquo;argent. Tout le monde achetait des billets comme des fous pour devenir riche comme Cr\u00e9sus. Mais &hellip; Lire la suite de\u00ab\u00a0Loterie Powerball avec Bitcoins\u00a0\u00bb","og_url":"https:\/\/powerballonlinelos.de\/fr\/loterie-powerball-avec-bitcoins\/","twitter_card":"summary_large_image","twitter_misc":{"Dur\u00e9e de lecture estim\u00e9e":"3 minutes"},"schema":{"@context":"https:\/\/schema.org","@graph":[{"@type":"WebPage","@id":"https:\/\/powerballonlinelos.de\/fr\/loterie-powerball-avec-bitcoins\/","url":"https:\/\/powerballonlinelos.de\/fr\/loterie-powerball-avec-bitcoins\/","name":"Loterie Powerball avec Bitcoins","isPartOf":{"@id":"https:\/\/powerballonlinelos.de\/fr\/#website"},"datePublished":"2025-08-01T17:55:09+00:00","breadcrumb":{"@id":"https:\/\/powerballonlinelos.de\/fr\/loterie-powerball-avec-bitcoins\/#breadcrumb"},"inLanguage":"fr-FR","potentialAction":[{"@type":"ReadAction","target":["https:\/\/powerballonlinelos.de\/fr\/loterie-powerball-avec-bitcoins\/"]}]},{"@type":"BreadcrumbList","@id":"https:\/\/powerballonlinelos.de\/fr\/loterie-powerball-avec-bitcoins\/#breadcrumb","itemListElement":[{"@type":"ListItem","position":1,"name":"Home","item":"https:\/\/powerballonlinelos.de\/fr\/"},{"@type":"ListItem","position":2,"name":"Loterie Powerball avec Bitcoins"}]},{"@type":"WebSite","@id":"https:\/\/powerballonlinelos.de\/fr\/#website","url":"https:\/\/powerballonlinelos.de\/fr\/","name":"","description":"","potentialAction":[{"@type":"SearchAction","target":{"@type":"EntryPoint","urlTemplate":"https:\/\/powerballonlinelos.de\/fr\/?s={search_term_string}"},"query-input":{"@type":"PropertyValueSpecification","valueRequired":true,"valueName":"search_term_string"}}],"inLanguage":"fr-FR"}]}},"_links":{"self":[{"href":"https:\/\/powerballonlinelos.de\/fr\/wp-json\/wp\/v2\/pages\/44","targetHints":{"allow":["GET"]}}],"collection":[{"href":"https:\/\/powerballonlinelos.de\/fr\/wp-json\/wp\/v2\/pages"}],"about":[{"href":"https:\/\/powerballonlinelos.de\/fr\/wp-json\/wp\/v2\/types\/page"}],"author":[{"embeddable":true,"href":"https:\/\/powerballonlinelos.de\/fr\/wp-json\/wp\/v2\/users\/1"}],"replies":[{"embeddable":true,"href":"https:\/\/powerballonlinelos.de\/fr\/wp-json\/wp\/v2\/comments?post=44"}],"version-history":[{"count":0,"href":"https:\/\/powerballonlinelos.de\/fr\/wp-json\/wp\/v2\/pages\/44\/revisions"}],"wp:attachment":[{"href":"https:\/\/powerballonlinelos.de\/fr\/wp-json\/wp\/v2\/media?parent=44"}],"curies":[{"name":"wp","href":"https:\/\/api.w.org\/{rel}","templated":true}]}}