{"id":39,"date":"2025-08-01T18:08:21","date_gmt":"2025-08-01T18:08:21","guid":{"rendered":"https:\/\/powerballonlinelos.de\/plus-dinformations-sur-la-loterie-en-ligne\/comment-jouer-aux-loteries-americaines-en-ligne\/"},"modified":"2025-08-01T18:08:21","modified_gmt":"2025-08-01T18:08:21","slug":"comment-jouer-aux-loteries-americaines-en-ligne","status":"publish","type":"page","link":"https:\/\/powerballonlinelos.de\/fr\/plus-dinformations-sur-la-loterie-en-ligne\/comment-jouer-aux-loteries-americaines-en-ligne\/","title":{"rendered":"Comment jouer aux loteries am\u00e9ricaines en ligne"},"content":{"rendered":"<p>Envie de jouer aux loteries am\u00e9ricaines\u00a0? Les \u00c9tats-Unis abritent certaines des plus grandes loteries au monde, comme le Powerball et le Mega Millions. Ces loteries sont ouvertes aux r\u00e9sidents am\u00e9ricains. Si vous r\u00e9sidez hors des \u00c9tats-Unis, vous vous demandez peut-\u00eatre comment y participer. Pour ce faire, vous pouvez <a href=\"https:\/\/simbalotto.com\/buy-lottery-tickets-online\/\">acheter des billets de loterie en ligne<\/a>.<\/p>\n<p>&nbsp;<\/p>\n<h2>Les billets en ligne sont-ils r\u00e9els\u00a0?<\/h2>\n<p>Vous pouvez facilement acheter des billets de loterie en ligne, mais soyez prudent. La plupart des loteries am\u00e9ricaines sont ouvertes aux r\u00e9sidents am\u00e9ricains, mais il existe des vendeurs de billets en ligne. Ces fournisseurs vous donnent acc\u00e8s aux meilleures loteries internationales du monde entier.<\/p>\n<p>&nbsp;<\/p>\n<p>Notez que certains sites de loterie ne vous permettent de parier que sur le r\u00e9sultat du tirage. Il est important de v\u00e9rifier que vous utilisez des sites donnant acc\u00e8s aux <a href=\"https:\/\/simbalotto.com\/play-online\/mega-millions\/\">loteries am\u00e9ricaines<\/a>, comme simbalotto.com.<\/p>\n<p>&nbsp;<\/p>\n<h2>Comment acheter des billets de loterie en ligne<\/h2>\n<p>Si vous utilisez un site en ligne pour acheter des billets de loterie, la premi\u00e8re \u00e9tape consiste \u00e0 choisir la loterie \u00e0 laquelle vous souhaitez jouer. Par exemple, choisissez Powerball, choisissez vos num\u00e9ros, puis le tirage auquel vous souhaitez participer. Ensuite, payez votre billet.<\/p>\n<p>&nbsp;<\/p>\n<p>La plupart des sites vous demanderont de vous inscrire au moment du paiement. Lors de votre inscription, vous pouvez retirer vos gains directement depuis le site. Si vous souhaitez jouer aux loteries am\u00e9ricaines d\u00e8s aujourd&rsquo;hui, <a href=\"https:\/\/simbalotto.com\">rendez-vous sur simbalotto.com<\/a>.<\/p>\n","protected":false},"excerpt":{"rendered":"<p>Envie de jouer aux loteries am\u00e9ricaines\u00a0? Les \u00c9tats-Unis abritent certaines des plus grandes loteries au monde, comme le Powerball et le Mega Millions. Ces loteries sont ouvertes aux r\u00e9sidents am\u00e9ricains. Si vous r\u00e9sidez hors des \u00c9tats-Unis, vous vous demandez peut-\u00eatre comment y participer. Pour ce faire, vous pouvez acheter des billets de loterie en ligne. &hellip; <\/p>\n<p class=\"link-more\"><a href=\"https:\/\/powerballonlinelos.de\/fr\/plus-dinformations-sur-la-loterie-en-ligne\/comment-jouer-aux-loteries-americaines-en-ligne\/\" class=\"more-link\">Lire la suite de<span class=\"screen-reader-text\">\u00ab\u00a0Comment jouer aux loteries am\u00e9ricaines en ligne\u00a0\u00bb<\/span><\/a><\/p>\n","protected":false},"author":1,"featured_media":0,"parent":38,"menu_order":0,"comment_status":"closed","ping_status":"closed","template":"","meta":{"footnotes":""},"class_list":["post-39","page","type-page","status-publish","hentry"],"yoast_head":"<!-- This site is optimized with the Yoast SEO plugin v27.3 - https:\/\/yoast.com\/product\/yoast-seo-wordpress\/ -->\n<title>Comment jouer aux loteries am\u00e9ricaines en ligne<\/title>\n<meta name=\"robots\" content=\"index, follow, max-snippet:-1, max-image-preview:large, max-video-preview:-1\" \/>\n<link rel=\"canonical\" href=\"https:\/\/powerballonlinelos.de\/fr\/plus-dinformations-sur-la-loterie-en-ligne\/comment-jouer-aux-loteries-americaines-en-ligne\/\" \/>\n<meta property=\"og:locale\" content=\"fr_FR\" \/>\n<meta property=\"og:type\" content=\"article\" \/>\n<meta property=\"og:title\" content=\"Comment jouer aux loteries am\u00e9ricaines en ligne\" \/>\n<meta property=\"og:description\" content=\"Envie de jouer aux loteries am\u00e9ricaines\u00a0? Les \u00c9tats-Unis abritent certaines des plus grandes loteries au monde, comme le Powerball et le Mega Millions. Ces loteries sont ouvertes aux r\u00e9sidents am\u00e9ricains. Si vous r\u00e9sidez hors des \u00c9tats-Unis, vous vous demandez peut-\u00eatre comment y participer. Pour ce faire, vous pouvez acheter des billets de loterie en ligne. &hellip; Lire la suite de\u00ab\u00a0Comment jouer aux loteries am\u00e9ricaines en ligne\u00a0\u00bb\" \/>\n<meta property=\"og:url\" content=\"https:\/\/powerballonlinelos.de\/fr\/plus-dinformations-sur-la-loterie-en-ligne\/comment-jouer-aux-loteries-americaines-en-ligne\/\" \/>\n<meta name=\"twitter:card\" content=\"summary_large_image\" \/>\n<meta name=\"twitter:label1\" content=\"Dur\u00e9e de lecture estim\u00e9e\" \/>\n\t<meta name=\"twitter:data1\" content=\"1 minute\" \/>\n<script type=\"application\/ld+json\" class=\"yoast-schema-graph\">{\"@context\":\"https:\\\/\\\/schema.org\",\"@graph\":[{\"@type\":\"WebPage\",\"@id\":\"https:\\\/\\\/powerballonlinelos.de\\\/fr\\\/plus-dinformations-sur-la-loterie-en-ligne\\\/comment-jouer-aux-loteries-americaines-en-ligne\\\/\",\"url\":\"https:\\\/\\\/powerballonlinelos.de\\\/fr\\\/plus-dinformations-sur-la-loterie-en-ligne\\\/comment-jouer-aux-loteries-americaines-en-ligne\\\/\",\"name\":\"Comment jouer aux loteries am\u00e9ricaines en ligne\",\"isPartOf\":{\"@id\":\"https:\\\/\\\/powerballonlinelos.de\\\/fr\\\/#website\"},\"datePublished\":\"2025-08-01T18:08:21+00:00\",\"breadcrumb\":{\"@id\":\"https:\\\/\\\/powerballonlinelos.de\\\/fr\\\/plus-dinformations-sur-la-loterie-en-ligne\\\/comment-jouer-aux-loteries-americaines-en-ligne\\\/#breadcrumb\"},\"inLanguage\":\"fr-FR\",\"potentialAction\":[{\"@type\":\"ReadAction\",\"target\":[\"https:\\\/\\\/powerballonlinelos.de\\\/fr\\\/plus-dinformations-sur-la-loterie-en-ligne\\\/comment-jouer-aux-loteries-americaines-en-ligne\\\/\"]}]},{\"@type\":\"BreadcrumbList\",\"@id\":\"https:\\\/\\\/powerballonlinelos.de\\\/fr\\\/plus-dinformations-sur-la-loterie-en-ligne\\\/comment-jouer-aux-loteries-americaines-en-ligne\\\/#breadcrumb\",\"itemListElement\":[{\"@type\":\"ListItem\",\"position\":1,\"name\":\"Home\",\"item\":\"https:\\\/\\\/powerballonlinelos.de\\\/fr\\\/\"},{\"@type\":\"ListItem\",\"position\":2,\"name\":\"Plus d&#8217;informations sur la loterie en ligne\",\"item\":\"https:\\\/\\\/powerballonlinelos.de\\\/fr\\\/mehr-informationen-zum-online-lotto\\\/\"},{\"@type\":\"ListItem\",\"position\":3,\"name\":\"Comment jouer aux loteries am\u00e9ricaines en ligne\"}]},{\"@type\":\"WebSite\",\"@id\":\"https:\\\/\\\/powerballonlinelos.de\\\/fr\\\/#website\",\"url\":\"https:\\\/\\\/powerballonlinelos.de\\\/fr\\\/\",\"name\":\"\",\"description\":\"\",\"potentialAction\":[{\"@type\":\"SearchAction\",\"target\":{\"@type\":\"EntryPoint\",\"urlTemplate\":\"https:\\\/\\\/powerballonlinelos.de\\\/fr\\\/?s={search_term_string}\"},\"query-input\":{\"@type\":\"PropertyValueSpecification\",\"valueRequired\":true,\"valueName\":\"search_term_string\"}}],\"inLanguage\":\"fr-FR\"}]}<\/script>\n<!-- \/ Yoast SEO plugin. -->","yoast_head_json":{"title":"Comment jouer aux loteries am\u00e9ricaines en ligne","robots":{"index":"index","follow":"follow","max-snippet":"max-snippet:-1","max-image-preview":"max-image-preview:large","max-video-preview":"max-video-preview:-1"},"canonical":"https:\/\/powerballonlinelos.de\/fr\/plus-dinformations-sur-la-loterie-en-ligne\/comment-jouer-aux-loteries-americaines-en-ligne\/","og_locale":"fr_FR","og_type":"article","og_title":"Comment jouer aux loteries am\u00e9ricaines en ligne","og_description":"Envie de jouer aux loteries am\u00e9ricaines\u00a0? Les \u00c9tats-Unis abritent certaines des plus grandes loteries au monde, comme le Powerball et le Mega Millions. Ces loteries sont ouvertes aux r\u00e9sidents am\u00e9ricains. Si vous r\u00e9sidez hors des \u00c9tats-Unis, vous vous demandez peut-\u00eatre comment y participer. Pour ce faire, vous pouvez acheter des billets de loterie en ligne. &hellip; Lire la suite de\u00ab\u00a0Comment jouer aux loteries am\u00e9ricaines en ligne\u00a0\u00bb","og_url":"https:\/\/powerballonlinelos.de\/fr\/plus-dinformations-sur-la-loterie-en-ligne\/comment-jouer-aux-loteries-americaines-en-ligne\/","twitter_card":"summary_large_image","twitter_misc":{"Dur\u00e9e de lecture estim\u00e9e":"1 minute"},"schema":{"@context":"https:\/\/schema.org","@graph":[{"@type":"WebPage","@id":"https:\/\/powerballonlinelos.de\/fr\/plus-dinformations-sur-la-loterie-en-ligne\/comment-jouer-aux-loteries-americaines-en-ligne\/","url":"https:\/\/powerballonlinelos.de\/fr\/plus-dinformations-sur-la-loterie-en-ligne\/comment-jouer-aux-loteries-americaines-en-ligne\/","name":"Comment jouer aux loteries am\u00e9ricaines en ligne","isPartOf":{"@id":"https:\/\/powerballonlinelos.de\/fr\/#website"},"datePublished":"2025-08-01T18:08:21+00:00","breadcrumb":{"@id":"https:\/\/powerballonlinelos.de\/fr\/plus-dinformations-sur-la-loterie-en-ligne\/comment-jouer-aux-loteries-americaines-en-ligne\/#breadcrumb"},"inLanguage":"fr-FR","potentialAction":[{"@type":"ReadAction","target":["https:\/\/powerballonlinelos.de\/fr\/plus-dinformations-sur-la-loterie-en-ligne\/comment-jouer-aux-loteries-americaines-en-ligne\/"]}]},{"@type":"BreadcrumbList","@id":"https:\/\/powerballonlinelos.de\/fr\/plus-dinformations-sur-la-loterie-en-ligne\/comment-jouer-aux-loteries-americaines-en-ligne\/#breadcrumb","itemListElement":[{"@type":"ListItem","position":1,"name":"Home","item":"https:\/\/powerballonlinelos.de\/fr\/"},{"@type":"ListItem","position":2,"name":"Plus d&#8217;informations sur la loterie en ligne","item":"https:\/\/powerballonlinelos.de\/fr\/mehr-informationen-zum-online-lotto\/"},{"@type":"ListItem","position":3,"name":"Comment jouer aux loteries am\u00e9ricaines en ligne"}]},{"@type":"WebSite","@id":"https:\/\/powerballonlinelos.de\/fr\/#website","url":"https:\/\/powerballonlinelos.de\/fr\/","name":"","description":"","potentialAction":[{"@type":"SearchAction","target":{"@type":"EntryPoint","urlTemplate":"https:\/\/powerballonlinelos.de\/fr\/?s={search_term_string}"},"query-input":{"@type":"PropertyValueSpecification","valueRequired":true,"valueName":"search_term_string"}}],"inLanguage":"fr-FR"}]}},"_links":{"self":[{"href":"https:\/\/powerballonlinelos.de\/fr\/wp-json\/wp\/v2\/pages\/39","targetHints":{"allow":["GET"]}}],"collection":[{"href":"https:\/\/powerballonlinelos.de\/fr\/wp-json\/wp\/v2\/pages"}],"about":[{"href":"https:\/\/powerballonlinelos.de\/fr\/wp-json\/wp\/v2\/types\/page"}],"author":[{"embeddable":true,"href":"https:\/\/powerballonlinelos.de\/fr\/wp-json\/wp\/v2\/users\/1"}],"replies":[{"embeddable":true,"href":"https:\/\/powerballonlinelos.de\/fr\/wp-json\/wp\/v2\/comments?post=39"}],"version-history":[{"count":0,"href":"https:\/\/powerballonlinelos.de\/fr\/wp-json\/wp\/v2\/pages\/39\/revisions"}],"up":[{"embeddable":true,"href":"https:\/\/powerballonlinelos.de\/fr\/wp-json\/wp\/v2\/pages\/38"}],"wp:attachment":[{"href":"https:\/\/powerballonlinelos.de\/fr\/wp-json\/wp\/v2\/media?parent=39"}],"curies":[{"name":"wp","href":"https:\/\/api.w.org\/{rel}","templated":true}]}}