{"id":38,"date":"2025-08-01T17:59:21","date_gmt":"2025-08-01T17:59:21","guid":{"rendered":"https:\/\/powerballonlinelos.de\/plus-dinformations-sur-la-loterie-en-ligne\/"},"modified":"2025-08-01T17:59:21","modified_gmt":"2025-08-01T17:59:21","slug":"plus-dinformations-sur-la-loterie-en-ligne","status":"publish","type":"page","link":"https:\/\/powerballonlinelos.de\/fr\/plus-dinformations-sur-la-loterie-en-ligne\/","title":{"rendered":"Plus d&rsquo;informations sur la loterie en ligne"},"content":{"rendered":"<h2>Jouer \u00e0 la loterie en ligne<\/h2>\n<p>Autrefois, jouer \u00e0 la loterie d\u00e9pendait de votre situation g\u00e9ographique. Mais gr\u00e2ce \u00e0 Internet, vous pouvez participer \u00e0 des loteries en ligne dans le monde entier.<\/p>\n<p>Auparavant, vous ne pouviez jouer qu&rsquo;\u00e0 la loterie de votre r\u00e9gion. Gr\u00e2ce \u00e0 Internet, vous pouvez d\u00e9sormais jouer \u00e0 la loterie locale et internationale.<\/p>\n<p>Ainsi, o\u00f9 que vous soyez, une grande vari\u00e9t\u00e9 de loteries est disponible. Les loteries en ligne sont extr\u00eamement populaires et sont accessibles dans de nombreux pays, des loteries australiennes et anglaises aux loteries am\u00e9ricaines.<\/p>\n<p>Jouer en ligne est tr\u00e8s simple avec le service RedFoxLotto. Vous pouvez choisir de jouer \u00e0 une loterie de votre pays ou \u00e0 une loterie internationale. Il vous suffit d&rsquo;acheter un ticket en ligne.<\/p>\n<p>Pour participer aux loteries concern\u00e9es, vous devez respecter les r\u00e8gles du pays et \u00eatre g\u00e9n\u00e9ralement \u00e2g\u00e9 de plus de 18 ans. Le reste est simple. Tout ce dont vous avez besoin, c&rsquo;est d&rsquo;une connexion internet et de quelques tickets.<\/p>\n<h2>Loteries internationales en ligne<\/h2>\n<p>Comment choisir la loterie \u00e0 laquelle jouer\u00a0? Cela d\u00e9pend enti\u00e8rement de vous. Vous pouvez choisir de mani\u00e8re totalement al\u00e9atoire ou de suivre une strat\u00e9gie. Par exemple, vous pouvez choisir une loterie avec plusieurs tirages par semaine ou un seul.<\/p>\n<p>Si vous souhaitez gagner beaucoup d&rsquo;argent en une seule fois, vous pouvez jouer \u00e0 celle qui offre le jackpot le plus \u00e9lev\u00e9 de la semaine.<\/p>\n<p>Une fois inscrit \u00e0 RedFoxLotto, vous devez fournir votre adresse e-mail et quelques informations g\u00e9n\u00e9rales. Vous pourrez ensuite explorer le monde des jeux de loterie. Sur notre site web, vous trouverez les loteries les plus populaires \u00e0 gauche et \u00e0 droite, class\u00e9es par montant de jackpot et par date de tirage. Vous pouvez facilement les parcourir et acheter un ticket en ligne en un clic.<\/p>\n<p>Il vous suffit de choisir la loterie \u00e0 laquelle vous souhaitez jouer et de s\u00e9lectionner vos num\u00e9ros. Vous pouvez acheter votre <a href=\"https:\/\/redfoxlotto.com\/de\" target=\"_self\">billet de loterie en ligne<\/a>, une m\u00e9thode tr\u00e8s populaire car impossible de perdre un ticket num\u00e9rique.<\/p>\n<p>Apr\u00e8s chaque tirage, les r\u00e9sultats sont imm\u00e9diatement publi\u00e9s en ligne. Si vous gagnez un prix, vous serez automatiquement inform\u00e9 \u00e0 l&rsquo;adresse e-mail fournie lors de votre inscription.<\/p>\n<p>&nbsp;<\/p>\n<p>&nbsp;<\/p>\n","protected":false},"excerpt":{"rendered":"<p>Jouer \u00e0 la loterie en ligne Autrefois, jouer \u00e0 la loterie d\u00e9pendait de votre situation g\u00e9ographique. Mais gr\u00e2ce \u00e0 Internet, vous pouvez participer \u00e0 des loteries en ligne dans le monde entier. Auparavant, vous ne pouviez jouer qu&rsquo;\u00e0 la loterie de votre r\u00e9gion. Gr\u00e2ce \u00e0 Internet, vous pouvez d\u00e9sormais jouer \u00e0 la loterie locale et &hellip; <\/p>\n<p class=\"link-more\"><a href=\"https:\/\/powerballonlinelos.de\/fr\/plus-dinformations-sur-la-loterie-en-ligne\/\" class=\"more-link\">Lire la suite de<span class=\"screen-reader-text\">\u00ab\u00a0Plus d&rsquo;informations sur la loterie en ligne\u00a0\u00bb<\/span><\/a><\/p>\n","protected":false},"author":1,"featured_media":0,"parent":0,"menu_order":0,"comment_status":"closed","ping_status":"closed","template":"","meta":{"footnotes":""},"class_list":["post-38","page","type-page","status-publish","hentry"],"yoast_head":"<!-- This site is optimized with the Yoast SEO plugin v27.3 - https:\/\/yoast.com\/product\/yoast-seo-wordpress\/ -->\n<title>Loto sur Internet | Jouez aux loteries internationales en ligne<\/title>\n<meta name=\"robots\" content=\"index, follow, max-snippet:-1, max-image-preview:large, max-video-preview:-1\" \/>\n<link rel=\"canonical\" href=\"https:\/\/powerballonlinelos.de\/fr\/plus-dinformations-sur-la-loterie-en-ligne\/\" \/>\n<meta property=\"og:locale\" content=\"fr_FR\" \/>\n<meta property=\"og:type\" content=\"article\" \/>\n<meta property=\"og:title\" content=\"Loto sur Internet | Jouez aux loteries internationales en ligne\" \/>\n<meta property=\"og:description\" content=\"Jouer \u00e0 la loterie en ligne Autrefois, jouer \u00e0 la loterie d\u00e9pendait de votre situation g\u00e9ographique. Mais gr\u00e2ce \u00e0 Internet, vous pouvez participer \u00e0 des loteries en ligne dans le monde entier. Auparavant, vous ne pouviez jouer qu&rsquo;\u00e0 la loterie de votre r\u00e9gion. Gr\u00e2ce \u00e0 Internet, vous pouvez d\u00e9sormais jouer \u00e0 la loterie locale et &hellip; Lire la suite de\u00ab\u00a0Plus d&rsquo;informations sur la loterie en ligne\u00a0\u00bb\" \/>\n<meta property=\"og:url\" content=\"https:\/\/powerballonlinelos.de\/fr\/plus-dinformations-sur-la-loterie-en-ligne\/\" \/>\n<meta name=\"twitter:card\" content=\"summary_large_image\" \/>\n<meta name=\"twitter:label1\" content=\"Dur\u00e9e de lecture estim\u00e9e\" \/>\n\t<meta name=\"twitter:data1\" content=\"2 minutes\" \/>\n<script type=\"application\/ld+json\" class=\"yoast-schema-graph\">{\"@context\":\"https:\\\/\\\/schema.org\",\"@graph\":[{\"@type\":\"WebPage\",\"@id\":\"https:\\\/\\\/powerballonlinelos.de\\\/fr\\\/plus-dinformations-sur-la-loterie-en-ligne\\\/\",\"url\":\"https:\\\/\\\/powerballonlinelos.de\\\/fr\\\/plus-dinformations-sur-la-loterie-en-ligne\\\/\",\"name\":\"Loto sur Internet | Jouez aux loteries internationales en ligne\",\"isPartOf\":{\"@id\":\"https:\\\/\\\/powerballonlinelos.de\\\/fr\\\/#website\"},\"datePublished\":\"2025-08-01T17:59:21+00:00\",\"breadcrumb\":{\"@id\":\"https:\\\/\\\/powerballonlinelos.de\\\/fr\\\/plus-dinformations-sur-la-loterie-en-ligne\\\/#breadcrumb\"},\"inLanguage\":\"fr-FR\",\"potentialAction\":[{\"@type\":\"ReadAction\",\"target\":[\"https:\\\/\\\/powerballonlinelos.de\\\/fr\\\/plus-dinformations-sur-la-loterie-en-ligne\\\/\"]}]},{\"@type\":\"BreadcrumbList\",\"@id\":\"https:\\\/\\\/powerballonlinelos.de\\\/fr\\\/plus-dinformations-sur-la-loterie-en-ligne\\\/#breadcrumb\",\"itemListElement\":[{\"@type\":\"ListItem\",\"position\":1,\"name\":\"Home\",\"item\":\"https:\\\/\\\/powerballonlinelos.de\\\/fr\\\/\"},{\"@type\":\"ListItem\",\"position\":2,\"name\":\"Plus d&#8217;informations sur la loterie en ligne\"}]},{\"@type\":\"WebSite\",\"@id\":\"https:\\\/\\\/powerballonlinelos.de\\\/fr\\\/#website\",\"url\":\"https:\\\/\\\/powerballonlinelos.de\\\/fr\\\/\",\"name\":\"\",\"description\":\"\",\"potentialAction\":[{\"@type\":\"SearchAction\",\"target\":{\"@type\":\"EntryPoint\",\"urlTemplate\":\"https:\\\/\\\/powerballonlinelos.de\\\/fr\\\/?s={search_term_string}\"},\"query-input\":{\"@type\":\"PropertyValueSpecification\",\"valueRequired\":true,\"valueName\":\"search_term_string\"}}],\"inLanguage\":\"fr-FR\"}]}<\/script>\n<!-- \/ Yoast SEO plugin. -->","yoast_head_json":{"title":"Loto sur Internet | Jouez aux loteries internationales en ligne","robots":{"index":"index","follow":"follow","max-snippet":"max-snippet:-1","max-image-preview":"max-image-preview:large","max-video-preview":"max-video-preview:-1"},"canonical":"https:\/\/powerballonlinelos.de\/fr\/plus-dinformations-sur-la-loterie-en-ligne\/","og_locale":"fr_FR","og_type":"article","og_title":"Loto sur Internet | Jouez aux loteries internationales en ligne","og_description":"Jouer \u00e0 la loterie en ligne Autrefois, jouer \u00e0 la loterie d\u00e9pendait de votre situation g\u00e9ographique. Mais gr\u00e2ce \u00e0 Internet, vous pouvez participer \u00e0 des loteries en ligne dans le monde entier. Auparavant, vous ne pouviez jouer qu&rsquo;\u00e0 la loterie de votre r\u00e9gion. Gr\u00e2ce \u00e0 Internet, vous pouvez d\u00e9sormais jouer \u00e0 la loterie locale et &hellip; Lire la suite de\u00ab\u00a0Plus d&rsquo;informations sur la loterie en ligne\u00a0\u00bb","og_url":"https:\/\/powerballonlinelos.de\/fr\/plus-dinformations-sur-la-loterie-en-ligne\/","twitter_card":"summary_large_image","twitter_misc":{"Dur\u00e9e de lecture estim\u00e9e":"2 minutes"},"schema":{"@context":"https:\/\/schema.org","@graph":[{"@type":"WebPage","@id":"https:\/\/powerballonlinelos.de\/fr\/plus-dinformations-sur-la-loterie-en-ligne\/","url":"https:\/\/powerballonlinelos.de\/fr\/plus-dinformations-sur-la-loterie-en-ligne\/","name":"Loto sur Internet | Jouez aux loteries internationales en ligne","isPartOf":{"@id":"https:\/\/powerballonlinelos.de\/fr\/#website"},"datePublished":"2025-08-01T17:59:21+00:00","breadcrumb":{"@id":"https:\/\/powerballonlinelos.de\/fr\/plus-dinformations-sur-la-loterie-en-ligne\/#breadcrumb"},"inLanguage":"fr-FR","potentialAction":[{"@type":"ReadAction","target":["https:\/\/powerballonlinelos.de\/fr\/plus-dinformations-sur-la-loterie-en-ligne\/"]}]},{"@type":"BreadcrumbList","@id":"https:\/\/powerballonlinelos.de\/fr\/plus-dinformations-sur-la-loterie-en-ligne\/#breadcrumb","itemListElement":[{"@type":"ListItem","position":1,"name":"Home","item":"https:\/\/powerballonlinelos.de\/fr\/"},{"@type":"ListItem","position":2,"name":"Plus d&#8217;informations sur la loterie en ligne"}]},{"@type":"WebSite","@id":"https:\/\/powerballonlinelos.de\/fr\/#website","url":"https:\/\/powerballonlinelos.de\/fr\/","name":"","description":"","potentialAction":[{"@type":"SearchAction","target":{"@type":"EntryPoint","urlTemplate":"https:\/\/powerballonlinelos.de\/fr\/?s={search_term_string}"},"query-input":{"@type":"PropertyValueSpecification","valueRequired":true,"valueName":"search_term_string"}}],"inLanguage":"fr-FR"}]}},"_links":{"self":[{"href":"https:\/\/powerballonlinelos.de\/fr\/wp-json\/wp\/v2\/pages\/38","targetHints":{"allow":["GET"]}}],"collection":[{"href":"https:\/\/powerballonlinelos.de\/fr\/wp-json\/wp\/v2\/pages"}],"about":[{"href":"https:\/\/powerballonlinelos.de\/fr\/wp-json\/wp\/v2\/types\/page"}],"author":[{"embeddable":true,"href":"https:\/\/powerballonlinelos.de\/fr\/wp-json\/wp\/v2\/users\/1"}],"replies":[{"embeddable":true,"href":"https:\/\/powerballonlinelos.de\/fr\/wp-json\/wp\/v2\/comments?post=38"}],"version-history":[{"count":0,"href":"https:\/\/powerballonlinelos.de\/fr\/wp-json\/wp\/v2\/pages\/38\/revisions"}],"wp:attachment":[{"href":"https:\/\/powerballonlinelos.de\/fr\/wp-json\/wp\/v2\/media?parent=38"}],"curies":[{"name":"wp","href":"https:\/\/api.w.org\/{rel}","templated":true}]}}