{"id":33,"date":"2025-08-01T18:10:23","date_gmt":"2025-08-01T18:10:23","guid":{"rendered":"https:\/\/powerballonlinelos.de\/maison\/"},"modified":"2025-08-27T07:13:48","modified_gmt":"2025-08-27T07:13:48","slug":"maison","status":"publish","type":"page","link":"https:\/\/powerballonlinelos.de\/fr\/","title":{"rendered":"Maison"},"content":{"rendered":"<h2>Acheter des billets Powerball en ligne<\/h2>\n<p>Tous les amateurs de loterie du monde entier ont s\u00fbrement entendu parler du Powerball am\u00e9ricain. Les jackpots de 200 millions de dollars ou plus y sont monnaie courante. Et les m\u00e9dias rapportent sans cesse que les Am\u00e9ricains se ruent sur les loteries, car le jackpot du Powerball promet des gains \u00e9normes.<\/p>\n<p>Naturellement, tous les joueurs de loterie allemands se demandent s&rsquo;ils peuvent acheter un billet pour la loterie am\u00e9ricaine en ligne, ou s&rsquo;ils doivent vivre aux \u00c9tats-Unis. Prendre l&rsquo;avion pour les \u00c9tats-Unis pour acheter un billet n&rsquo;a pas vraiment de sens\u2026<\/p>\n<p>Eh bien, la solution est simple\u00a0: vous pouvez tout \u00e0 fait acheter un billet Powerball en ligne\u00a0!<\/strong> Il existe une entreprise mondialement connue et, surtout, r\u00e9put\u00e9e et fiable, RedFoxLotto, qui propose ce service. <a href=\"https:\/\/redfoxlotto.com\/play\/\" target=\"_blank\" rel=\"noopener noreferrer\">RedFoxLotto<\/a> dispose d&rsquo;agents dans le monde entier. Les billets de loterie que vous commandez en ligne sont ensuite achet\u00e9s pour vous par l&rsquo;agent du pays concern\u00e9, \u00e0 votre nom.<\/p>\n<h2>Comment acheter un billet Powerball en ligne\u00a0?<\/h2>\n<p>Sur la droite, vous verrez un encadr\u00e9 affichant le jackpot actuel de la loterie Powerball. En cliquant sur un lien, il vous suffit de choisir vos num\u00e9ros gagnants, de cr\u00e9er un compte client et de payer le prix d&rsquo;achat du billet en ligne. Peu apr\u00e8s, vous recevrez un e-mail confirmant qu&rsquo;un billet officiel a bien \u00e9t\u00e9 achet\u00e9 \u00e0 votre nom. Cet e-mail contient une image scann\u00e9e du billet original, \u00e0 votre nom.<\/p>\n<p>Ceci est tr\u00e8s important, car si vous gagnez, vous disposez d&rsquo;une r\u00e9clamation officielle contre la loterie. Malheureusement, certains fournisseurs se contentent de \u00ab rattraper \u00bb la loterie et de reverser les gains de leurs propres ventes. Mais croyez-vous vraiment que ces entreprises vous verseraient un montant de l&rsquo;ordre de 50 millions de dollars ou plus\u00a0?<\/p>\n<p>Ah oui, et le service de RedFoxLotto ne se limite pas aux billets Powerball en ligne\u00a0: ils proposent \u00e9galement des billets de loterie en ligne pour tous les autres grands jackpots de loterie du monde entier. Vous avez toujours r\u00eav\u00e9 de jouer \u00e0 l&rsquo;EuroMillions (\u00e9trangement, il n&rsquo;existe pas de billets de loterie allemands disponibles pour cette loterie)\u00a0? Les billets pour l&rsquo;EuroMillions et bien d&rsquo;autres sont \u00e9galement disponibles en ligne via le m\u00eame compte client. Consultez la colonne de droite\u00a0: vous y trouverez les montants actuels des gains de diff\u00e9rentes loteries du monde entier.<\/p>\n<p>Vous pouvez donc acheter chaque semaine un billet en ligne pour la loterie au jackpot le plus \u00e9lev\u00e9. Plus besoin d&rsquo;attendre qu&rsquo;un gros jackpot soit enfin d\u00e9croch\u00e9 \u00e0 la loterie allemande.<\/p>\n<p>D&rsquo;ailleurs, Redfoxlotto facilite \u00e9galement le versement des gains, sans frais. Tous les gains inf\u00e9rieurs \u00e0 600 $ sont cr\u00e9dit\u00e9s directement sur votre compte client. Vous pouvez ensuite vous faire transf\u00e9rer ces sommes ou acheter de nouveaux billets de loterie.<\/p>\n<p>Si vous avez gagn\u00e9 un montant plus important, <span style=\"text-decoration: underline;\">vous recevrez votre argent directement de la loterie.<\/span> Pas d&rsquo;inqui\u00e9tude, vous n&rsquo;avez pas besoin de prendre l&rsquo;avion pour les \u00c9tats-Unis (sauf si vous avez d\u00e9croch\u00e9 le jackpot\u00a0\u2013 vous aimeriez bien r\u00e9cup\u00e9rer ce ch\u00e8que en personne, n&rsquo;est-ce pas\u00a0?). Il vous suffit de remplir un formulaire d&rsquo;identification. Vous le recevrez par e-mail de RedFoxLotto, que vous remplirez et leur retournerez. Il sera ensuite transmis en ligne \u00e0 la commission de loterie. La soci\u00e9t\u00e9 de loterie vous fera ensuite un ch\u00e8que, qui vous sera envoy\u00e9 par coursier ou par courrier recommand\u00e9. Il ne vous restera plus qu&rsquo;\u00e0 encaisser le ch\u00e8que \u00e0 votre banque et \u00e0 r\u00e9fl\u00e9chir \u00e0 ce que vous ferez de votre gain d&rsquo;un million de dollars.<\/p>\n<p><strong>Bon, lancez-vous\u00a0! Les gros jackpots vous attendent\u00a0!<\/strong><\/p>\n","protected":false},"excerpt":{"rendered":"<p>Acheter des billets Powerball en ligne Tous les amateurs de loterie du monde entier ont s\u00fbrement entendu parler du Powerball am\u00e9ricain. Les jackpots de 200 millions de dollars ou plus y sont monnaie courante. Et les m\u00e9dias rapportent sans cesse que les Am\u00e9ricains se ruent sur les loteries, car le jackpot du Powerball promet des &hellip; <\/p>\n<p class=\"link-more\"><a href=\"https:\/\/powerballonlinelos.de\/fr\/\" class=\"more-link\">Lire la suite de<span class=\"screen-reader-text\">\u00ab\u00a0Maison\u00a0\u00bb<\/span><\/a><\/p>\n","protected":false},"author":1,"featured_media":0,"parent":0,"menu_order":0,"comment_status":"closed","ping_status":"closed","template":"","meta":{"footnotes":""},"class_list":["post-33","page","type-page","status-publish","hentry"],"yoast_head":"<!-- This site is optimized with the Yoast SEO plugin v27.3 - https:\/\/yoast.com\/product\/yoast-seo-wordpress\/ -->\n<title>Achetez des billets Powerball en ligne<\/title>\n<meta name=\"robots\" content=\"index, follow, max-snippet:-1, max-image-preview:large, max-video-preview:-1\" \/>\n<link rel=\"canonical\" href=\"https:\/\/powerballonlinelos.de\/fr\/\" \/>\n<meta property=\"og:locale\" content=\"fr_FR\" \/>\n<meta property=\"og:type\" content=\"article\" \/>\n<meta property=\"og:title\" content=\"Achetez des billets Powerball en ligne\" \/>\n<meta property=\"og:description\" content=\"Acheter des billets Powerball en ligne Tous les amateurs de loterie du monde entier ont s\u00fbrement entendu parler du Powerball am\u00e9ricain. Les jackpots de 200 millions de dollars ou plus y sont monnaie courante. Et les m\u00e9dias rapportent sans cesse que les Am\u00e9ricains se ruent sur les loteries, car le jackpot du Powerball promet des &hellip; Lire la suite de\u00ab\u00a0Maison\u00a0\u00bb\" \/>\n<meta property=\"og:url\" content=\"https:\/\/powerballonlinelos.de\/fr\/\" \/>\n<meta property=\"article:modified_time\" content=\"2025-08-27T07:13:48+00:00\" \/>\n<meta name=\"twitter:card\" content=\"summary_large_image\" \/>\n<meta name=\"twitter:label1\" content=\"Dur\u00e9e de lecture estim\u00e9e\" \/>\n\t<meta name=\"twitter:data1\" content=\"3 minutes\" \/>\n<script type=\"application\/ld+json\" class=\"yoast-schema-graph\">{\"@context\":\"https:\\\/\\\/schema.org\",\"@graph\":[{\"@type\":\"WebPage\",\"@id\":\"https:\\\/\\\/powerballonlinelos.de\\\/fr\\\/\",\"url\":\"https:\\\/\\\/powerballonlinelos.de\\\/fr\\\/\",\"name\":\"Achetez des billets Powerball en ligne\",\"isPartOf\":{\"@id\":\"https:\\\/\\\/powerballonlinelos.de\\\/fr\\\/#website\"},\"datePublished\":\"2025-08-01T18:10:23+00:00\",\"dateModified\":\"2025-08-27T07:13:48+00:00\",\"breadcrumb\":{\"@id\":\"https:\\\/\\\/powerballonlinelos.de\\\/fr\\\/#breadcrumb\"},\"inLanguage\":\"fr-FR\",\"potentialAction\":[{\"@type\":\"ReadAction\",\"target\":[\"https:\\\/\\\/powerballonlinelos.de\\\/fr\\\/\"]}]},{\"@type\":\"BreadcrumbList\",\"@id\":\"https:\\\/\\\/powerballonlinelos.de\\\/fr\\\/#breadcrumb\",\"itemListElement\":[{\"@type\":\"ListItem\",\"position\":1,\"name\":\"Home\",\"item\":\"https:\\\/\\\/powerballonlinelos.de\\\/fr\\\/\"},{\"@type\":\"ListItem\",\"position\":2,\"name\":\"Maison\"}]},{\"@type\":\"WebSite\",\"@id\":\"https:\\\/\\\/powerballonlinelos.de\\\/fr\\\/#website\",\"url\":\"https:\\\/\\\/powerballonlinelos.de\\\/fr\\\/\",\"name\":\"\",\"description\":\"\",\"potentialAction\":[{\"@type\":\"SearchAction\",\"target\":{\"@type\":\"EntryPoint\",\"urlTemplate\":\"https:\\\/\\\/powerballonlinelos.de\\\/fr\\\/?s={search_term_string}\"},\"query-input\":{\"@type\":\"PropertyValueSpecification\",\"valueRequired\":true,\"valueName\":\"search_term_string\"}}],\"inLanguage\":\"fr-FR\"}]}<\/script>\n<!-- \/ Yoast SEO plugin. -->","yoast_head_json":{"title":"Achetez des billets Powerball en ligne","robots":{"index":"index","follow":"follow","max-snippet":"max-snippet:-1","max-image-preview":"max-image-preview:large","max-video-preview":"max-video-preview:-1"},"canonical":"https:\/\/powerballonlinelos.de\/fr\/","og_locale":"fr_FR","og_type":"article","og_title":"Achetez des billets Powerball en ligne","og_description":"Acheter des billets Powerball en ligne Tous les amateurs de loterie du monde entier ont s\u00fbrement entendu parler du Powerball am\u00e9ricain. Les jackpots de 200 millions de dollars ou plus y sont monnaie courante. Et les m\u00e9dias rapportent sans cesse que les Am\u00e9ricains se ruent sur les loteries, car le jackpot du Powerball promet des &hellip; Lire la suite de\u00ab\u00a0Maison\u00a0\u00bb","og_url":"https:\/\/powerballonlinelos.de\/fr\/","article_modified_time":"2025-08-27T07:13:48+00:00","twitter_card":"summary_large_image","twitter_misc":{"Dur\u00e9e de lecture estim\u00e9e":"3 minutes"},"schema":{"@context":"https:\/\/schema.org","@graph":[{"@type":"WebPage","@id":"https:\/\/powerballonlinelos.de\/fr\/","url":"https:\/\/powerballonlinelos.de\/fr\/","name":"Achetez des billets Powerball en ligne","isPartOf":{"@id":"https:\/\/powerballonlinelos.de\/fr\/#website"},"datePublished":"2025-08-01T18:10:23+00:00","dateModified":"2025-08-27T07:13:48+00:00","breadcrumb":{"@id":"https:\/\/powerballonlinelos.de\/fr\/#breadcrumb"},"inLanguage":"fr-FR","potentialAction":[{"@type":"ReadAction","target":["https:\/\/powerballonlinelos.de\/fr\/"]}]},{"@type":"BreadcrumbList","@id":"https:\/\/powerballonlinelos.de\/fr\/#breadcrumb","itemListElement":[{"@type":"ListItem","position":1,"name":"Home","item":"https:\/\/powerballonlinelos.de\/fr\/"},{"@type":"ListItem","position":2,"name":"Maison"}]},{"@type":"WebSite","@id":"https:\/\/powerballonlinelos.de\/fr\/#website","url":"https:\/\/powerballonlinelos.de\/fr\/","name":"","description":"","potentialAction":[{"@type":"SearchAction","target":{"@type":"EntryPoint","urlTemplate":"https:\/\/powerballonlinelos.de\/fr\/?s={search_term_string}"},"query-input":{"@type":"PropertyValueSpecification","valueRequired":true,"valueName":"search_term_string"}}],"inLanguage":"fr-FR"}]}},"_links":{"self":[{"href":"https:\/\/powerballonlinelos.de\/fr\/wp-json\/wp\/v2\/pages\/33","targetHints":{"allow":["GET"]}}],"collection":[{"href":"https:\/\/powerballonlinelos.de\/fr\/wp-json\/wp\/v2\/pages"}],"about":[{"href":"https:\/\/powerballonlinelos.de\/fr\/wp-json\/wp\/v2\/types\/page"}],"author":[{"embeddable":true,"href":"https:\/\/powerballonlinelos.de\/fr\/wp-json\/wp\/v2\/users\/1"}],"replies":[{"embeddable":true,"href":"https:\/\/powerballonlinelos.de\/fr\/wp-json\/wp\/v2\/comments?post=33"}],"version-history":[{"count":1,"href":"https:\/\/powerballonlinelos.de\/fr\/wp-json\/wp\/v2\/pages\/33\/revisions"}],"predecessor-version":[{"id":274,"href":"https:\/\/powerballonlinelos.de\/fr\/wp-json\/wp\/v2\/pages\/33\/revisions\/274"}],"wp:attachment":[{"href":"https:\/\/powerballonlinelos.de\/fr\/wp-json\/wp\/v2\/media?parent=33"}],"curies":[{"name":"wp","href":"https:\/\/api.w.org\/{rel}","templated":true}]}}