{"id":304,"date":"2025-08-01T18:10:23","date_gmt":"2025-08-01T18:10:23","guid":{"rendered":"https:\/\/powerballonlinelos.de\/kotiin\/"},"modified":"2025-08-01T18:10:23","modified_gmt":"2025-08-01T18:10:23","slug":"kotiin","status":"publish","type":"page","link":"https:\/\/powerballonlinelos.de\/fi\/","title":{"rendered":"Kotiin"},"content":{"rendered":"<h2>Osta Powerball-lippuja netist\u00e4<\/h2>\n<p>Jokainen lottoharrastaja maailmanlaajuisesti on varmasti kuullut Yhdysvaltain Powerball-loton. Yli 200 miljoonan dollarin j\u00e4ttipotit ovat siell\u00e4 l\u00e4hes normaaleja. Ja uutiset kertovat jatkuvasti, ett\u00e4 amerikkalaiset valtaavat lottopisteit\u00e4, koska Powerball-j\u00e4ttipotti lupaa valtavia voittoja.<\/p>\n<p>Luonnollisesti jokainen saksalainen lottopelaaja miettii, voiko h\u00e4n ostaa amerikkalaisen lottolipun netist\u00e4 vai pit\u00e4\u00e4k\u00f6 h\u00e4nen asua Yhdysvalloissa tehd\u00e4kseen niin. Amerikkaan lent\u00e4minen ostamaan lippua ei todellakaan ole j\u00e4rkev\u00e4\u00e4&#8230;<\/p>\n<p>No, ratkaisu on melko yksinkertainen: Voit itse asiassa ostaa Powerball-lipun netist\u00e4!<\/strong> On olemassa maailmanlaajuisesti toimiva ja ennen kaikkea t\u00e4ysin hyv\u00e4maineinen ja luotettava yritys nimelt\u00e4 RedFoxLotto, joka tarjoaa t\u00e4llaista palvelua. <a href=\"https:\/\/redfoxlotto.com\/play\/\" target=\"_blank\" rel=\"noopener noreferrer\">RedFoxLottolla<\/a> on jakelukumppaneita maailmanlaajuisesti. Verkossa tilatut liput ostetaan sitten puolestasi kunkin maan jakelukumppanien toimesta nimell\u00e4si.<\/p>\n<h2>Kuinka ostan Powerball-lipun verkosta?<\/h2>\n<p>Oikealla puolella n\u00e4et laatikon, jossa on nykyinen Powerball-j\u00e4ttipotti. Napsauta siell\u00e4 olevaa linkki\u00e4 valitaksesi voittonumerosi, luodaksesi asiakastilin ja maksaaksesi lipun ostohinnan verkossa. Pian sen j\u00e4lkeen saat s\u00e4hk\u00f6postin, joka vahvistaa, ett\u00e4 virallinen lippu on todella ostettu nimellesi. T\u00e4m\u00e4 s\u00e4hk\u00f6posti sis\u00e4lt\u00e4\u00e4 skannatun kuvan alkuper\u00e4isest\u00e4 lipusta \u2013 nimesi kanssa.<\/p>\n<p>T\u00e4m\u00e4 on eritt\u00e4in t\u00e4rke\u00e4\u00e4, koska jos voitat, sinulla on virallinen vaatimus lottoyhti\u00f6t\u00e4 vastaan. Valitettavasti on my\u00f6s palveluntarjoajia, jotka olennaisesti &#8221;ker\u00e4\u00e4v\u00e4t&#8221; lottovoitot ja maksavat voitot omista myynneist\u00e4\u00e4n. Mutta luuletko todella, ett\u00e4 n\u00e4m\u00e4 yritykset maksaisivat sinulle 50 miljoonaa dollaria tai enemm\u00e4n?<\/p>\n<p>Kyll\u00e4, RedFoxLotto ei tarjoa vain Powerball-lippuja verkossa, vaan my\u00f6s kaikkien muiden suurten lottoj\u00e4ttipottien verkkolippuja maailmanlaajuisesti. Oletko aina halunnut pelata EuroMillionsia (kummallista kyll\u00e4, t\u00e4h\u00e4n lottoon ei ole saatavilla saksalaisia \u200b\u200blippuja)? EuroMillionsin ja monien muiden lottokupongit ovat saatavilla my\u00f6s verkossa saman asiakastilin kautta. Katso vain oikeaa saraketta; sielt\u00e4 l\u00f6yd\u00e4t nykyiset voittosummat eri lottotapahtumiin ymp\u00e4ri maailmaa.<\/p>\n<p>T\u00e4ll\u00e4 tavoin voit halutessasi ostaa joka viikko verkkolipun lottoon, jossa on suurin j\u00e4ttipotti. Ei en\u00e4\u00e4 odottelua, kunnes suuri j\u00e4ttipotti lopulta voitetaan Saksan lotossa.<\/p>\n<p>Muuten, Redfoxlotto auttaa my\u00f6s voittojen maksamisessa \u2013 ilmaiseksi. Kaikki alle 600 euron voitot hyvitet\u00e4\u00e4n suoraan asiakastilillesi. Voit sitten joko siirt\u00e4\u00e4 n\u00e4m\u00e4 summat takaisin sinulle tai ostaa uusia lippuja.<\/p>\n<p>Jos voitat suuremman summan, saat rahasi suoraan lottoyhti\u00f6lt\u00e4.<\/span> \u00c4l\u00e4 huoli, sinun ei tarvitse lent\u00e4\u00e4 Yhdysvaltoihin (ellet sitten voita j\u00e4ttipottia \u2013 mieluummin noudat shekin henkil\u00f6kohtaisesti, eik\u00f6 niin?). Sinun tarvitsee vain t\u00e4ytt\u00e4\u00e4 henkil\u00f6llisyystodistuslomake. Saat t\u00e4m\u00e4n RedFoxLottolta s\u00e4hk\u00f6postitse, t\u00e4yt\u00e4t sen ja palautat sen. Sielt\u00e4 se l\u00e4hetet\u00e4\u00e4n edelleen verkossa arpajaiskomissiolle. Arpajaisyhti\u00f6 antaa sinulle sitten shekin, joka toimitetaan sinulle kuriirilla tai kirjattuna kirjeen\u00e4. Sinun tarvitsee vain lunastaa shekki pankissasi ja selvitt\u00e4\u00e4, mit\u00e4 teet miljoonan dollarin voitoillasi.<\/p>\n<p><strong>Okei, nyt menn\u00e4\u00e4n \u2013 suuret j\u00e4ttipotit odottavat sinua!<\/strong><\/p>\n","protected":false},"excerpt":{"rendered":"<p>Osta Powerball-lippuja netist\u00e4 Jokainen lottoharrastaja maailmanlaajuisesti on varmasti kuullut Yhdysvaltain Powerball-loton. Yli 200 miljoonan dollarin j\u00e4ttipotit ovat siell\u00e4 l\u00e4hes normaaleja. Ja uutiset kertovat jatkuvasti, ett\u00e4 amerikkalaiset valtaavat lottopisteit\u00e4, koska Powerball-j\u00e4ttipotti lupaa valtavia voittoja. Luonnollisesti jokainen saksalainen lottopelaaja miettii, voiko h\u00e4n ostaa amerikkalaisen lottolipun netist\u00e4 vai pit\u00e4\u00e4k\u00f6 h\u00e4nen asua Yhdysvalloissa tehd\u00e4kseen niin. Amerikkaan lent\u00e4minen ostamaan lippua &hellip; <\/p>\n<p class=\"link-more\"><a href=\"https:\/\/powerballonlinelos.de\/fi\/\" class=\"more-link\">Read more<span class=\"screen-reader-text\"> &#8221;Kotiin&#8221;<\/span><\/a><\/p>\n","protected":false},"author":1,"featured_media":0,"parent":0,"menu_order":0,"comment_status":"closed","ping_status":"closed","template":"","meta":{"footnotes":""},"class_list":["post-304","page","type-page","status-publish","hentry"],"yoast_head":"<!-- This site is optimized with the Yoast SEO plugin v27.3 - https:\/\/yoast.com\/product\/yoast-seo-wordpress\/ -->\n<title>Osta Powerball-lippuja netist\u00e4<\/title>\n<meta name=\"description\" content=\"Osta turvalliset Powerball-liput netist\u00e4 \u2013 n\u00e4in se tapahtuu! Vertaile parhaita tarjoajia, hanki ainutlaatuisia bonuksia ja saat mahdollisuuden voittaa megaj\u00e4ttipotin. Pelaa nyt ja voita!\" \/>\n<meta name=\"robots\" content=\"index, follow, max-snippet:-1, max-image-preview:large, max-video-preview:-1\" \/>\n<link rel=\"canonical\" href=\"https:\/\/powerballonlinelos.de\/fi\/\" \/>\n<meta property=\"og:locale\" content=\"fi_FI\" \/>\n<meta property=\"og:type\" content=\"article\" \/>\n<meta property=\"og:title\" content=\"Osta Powerball-lippuja netist\u00e4\" \/>\n<meta property=\"og:description\" content=\"Osta turvalliset Powerball-liput netist\u00e4 \u2013 n\u00e4in se tapahtuu! Vertaile parhaita tarjoajia, hanki ainutlaatuisia bonuksia ja saat mahdollisuuden voittaa megaj\u00e4ttipotin. Pelaa nyt ja voita!\" \/>\n<meta property=\"og:url\" content=\"https:\/\/powerballonlinelos.de\/fi\/\" \/>\n<meta name=\"twitter:card\" content=\"summary_large_image\" \/>\n<meta name=\"twitter:label1\" content=\"Arvioitu lukuaika\" \/>\n\t<meta name=\"twitter:data1\" content=\"2 minuuttia\" \/>\n<script type=\"application\/ld+json\" class=\"yoast-schema-graph\">{\"@context\":\"https:\\\/\\\/schema.org\",\"@graph\":[{\"@type\":\"WebPage\",\"@id\":\"https:\\\/\\\/powerballonlinelos.de\\\/fi\\\/\",\"url\":\"https:\\\/\\\/powerballonlinelos.de\\\/fi\\\/\",\"name\":\"Osta Powerball-lippuja netist\u00e4\",\"isPartOf\":{\"@id\":\"https:\\\/\\\/powerballonlinelos.de\\\/fi\\\/#website\"},\"datePublished\":\"2025-08-01T18:10:23+00:00\",\"description\":\"Osta turvalliset Powerball-liput netist\u00e4 \u2013 n\u00e4in se tapahtuu! Vertaile parhaita tarjoajia, hanki ainutlaatuisia bonuksia ja saat mahdollisuuden voittaa megaj\u00e4ttipotin. Pelaa nyt ja voita!\",\"breadcrumb\":{\"@id\":\"https:\\\/\\\/powerballonlinelos.de\\\/fi\\\/#breadcrumb\"},\"inLanguage\":\"fi\",\"potentialAction\":[{\"@type\":\"ReadAction\",\"target\":[\"https:\\\/\\\/powerballonlinelos.de\\\/fi\\\/\"]}]},{\"@type\":\"BreadcrumbList\",\"@id\":\"https:\\\/\\\/powerballonlinelos.de\\\/fi\\\/#breadcrumb\",\"itemListElement\":[{\"@type\":\"ListItem\",\"position\":1,\"name\":\"Home\",\"item\":\"https:\\\/\\\/powerballonlinelos.de\\\/fi\\\/\"},{\"@type\":\"ListItem\",\"position\":2,\"name\":\"Kotiin\"}]},{\"@type\":\"WebSite\",\"@id\":\"https:\\\/\\\/powerballonlinelos.de\\\/fi\\\/#website\",\"url\":\"https:\\\/\\\/powerballonlinelos.de\\\/fi\\\/\",\"name\":\"\",\"description\":\"\",\"potentialAction\":[{\"@type\":\"SearchAction\",\"target\":{\"@type\":\"EntryPoint\",\"urlTemplate\":\"https:\\\/\\\/powerballonlinelos.de\\\/fi\\\/?s={search_term_string}\"},\"query-input\":{\"@type\":\"PropertyValueSpecification\",\"valueRequired\":true,\"valueName\":\"search_term_string\"}}],\"inLanguage\":\"fi\"}]}<\/script>\n<!-- \/ Yoast SEO plugin. -->","yoast_head_json":{"title":"Osta Powerball-lippuja netist\u00e4","description":"Osta turvalliset Powerball-liput netist\u00e4 \u2013 n\u00e4in se tapahtuu! Vertaile parhaita tarjoajia, hanki ainutlaatuisia bonuksia ja saat mahdollisuuden voittaa megaj\u00e4ttipotin. Pelaa nyt ja voita!","robots":{"index":"index","follow":"follow","max-snippet":"max-snippet:-1","max-image-preview":"max-image-preview:large","max-video-preview":"max-video-preview:-1"},"canonical":"https:\/\/powerballonlinelos.de\/fi\/","og_locale":"fi_FI","og_type":"article","og_title":"Osta Powerball-lippuja netist\u00e4","og_description":"Osta turvalliset Powerball-liput netist\u00e4 \u2013 n\u00e4in se tapahtuu! Vertaile parhaita tarjoajia, hanki ainutlaatuisia bonuksia ja saat mahdollisuuden voittaa megaj\u00e4ttipotin. Pelaa nyt ja voita!","og_url":"https:\/\/powerballonlinelos.de\/fi\/","twitter_card":"summary_large_image","twitter_misc":{"Arvioitu lukuaika":"2 minuuttia"},"schema":{"@context":"https:\/\/schema.org","@graph":[{"@type":"WebPage","@id":"https:\/\/powerballonlinelos.de\/fi\/","url":"https:\/\/powerballonlinelos.de\/fi\/","name":"Osta Powerball-lippuja netist\u00e4","isPartOf":{"@id":"https:\/\/powerballonlinelos.de\/fi\/#website"},"datePublished":"2025-08-01T18:10:23+00:00","description":"Osta turvalliset Powerball-liput netist\u00e4 \u2013 n\u00e4in se tapahtuu! Vertaile parhaita tarjoajia, hanki ainutlaatuisia bonuksia ja saat mahdollisuuden voittaa megaj\u00e4ttipotin. Pelaa nyt ja voita!","breadcrumb":{"@id":"https:\/\/powerballonlinelos.de\/fi\/#breadcrumb"},"inLanguage":"fi","potentialAction":[{"@type":"ReadAction","target":["https:\/\/powerballonlinelos.de\/fi\/"]}]},{"@type":"BreadcrumbList","@id":"https:\/\/powerballonlinelos.de\/fi\/#breadcrumb","itemListElement":[{"@type":"ListItem","position":1,"name":"Home","item":"https:\/\/powerballonlinelos.de\/fi\/"},{"@type":"ListItem","position":2,"name":"Kotiin"}]},{"@type":"WebSite","@id":"https:\/\/powerballonlinelos.de\/fi\/#website","url":"https:\/\/powerballonlinelos.de\/fi\/","name":"","description":"","potentialAction":[{"@type":"SearchAction","target":{"@type":"EntryPoint","urlTemplate":"https:\/\/powerballonlinelos.de\/fi\/?s={search_term_string}"},"query-input":{"@type":"PropertyValueSpecification","valueRequired":true,"valueName":"search_term_string"}}],"inLanguage":"fi"}]}},"_links":{"self":[{"href":"https:\/\/powerballonlinelos.de\/fi\/wp-json\/wp\/v2\/pages\/304","targetHints":{"allow":["GET"]}}],"collection":[{"href":"https:\/\/powerballonlinelos.de\/fi\/wp-json\/wp\/v2\/pages"}],"about":[{"href":"https:\/\/powerballonlinelos.de\/fi\/wp-json\/wp\/v2\/types\/page"}],"author":[{"embeddable":true,"href":"https:\/\/powerballonlinelos.de\/fi\/wp-json\/wp\/v2\/users\/1"}],"replies":[{"embeddable":true,"href":"https:\/\/powerballonlinelos.de\/fi\/wp-json\/wp\/v2\/comments?post=304"}],"version-history":[{"count":0,"href":"https:\/\/powerballonlinelos.de\/fi\/wp-json\/wp\/v2\/pages\/304\/revisions"}],"wp:attachment":[{"href":"https:\/\/powerballonlinelos.de\/fi\/wp-json\/wp\/v2\/media?parent=304"}],"curies":[{"name":"wp","href":"https:\/\/api.w.org\/{rel}","templated":true}]}}