{"id":58,"date":"2025-08-01T18:01:47","date_gmt":"2025-08-01T18:01:47","guid":{"rendered":"https:\/\/powerballonlinelos.de\/la-loteria-nacional\/"},"modified":"2025-08-01T19:19:55","modified_gmt":"2025-08-01T19:19:55","slug":"la-loteria-nacional","status":"publish","type":"page","link":"https:\/\/powerballonlinelos.de\/es\/otros-juegos-de-azar-en-linea\/la-loteria-nacional\/","title":{"rendered":"La Loter\u00eda Nacional"},"content":{"rendered":"<h1><span style=\"font-size: 18pt;\">La Loter\u00eda Nacional<\/span><\/h1>\n<p>La <strong>Loter\u00eda Nacional<\/strong> tiene sus ventajas. Conoce bien las reglas y tambi\u00e9n sabe exactamente cu\u00e1ndo se realizan los sorteos. Solo tiene que consultar los carteles de su quiosco local para descubrir qu\u00e9 ofrece la Loter\u00eda Nacional. Gracias a internet, ahora tambi\u00e9n puede ganar premios gordos de loter\u00edas internacionales. Esto es, por supuesto, m\u00e1s divertido que la Loter\u00eda Nacional, pero debe tener cuidado de jugar solo a trav\u00e9s de proveedores reconocidos y aprobados.<\/p>\n<h2><span style=\"font-size: 14pt;\">Jugar a la Loter\u00eda Nacional<\/span><\/h2>\n<p>Cuando juegue a la Loter\u00eda Nacional, probablemente lo haga a trav\u00e9s de su quiosco local. No importa cu\u00e1nto tiempo pase en l\u00ednea, jugar a la loter\u00eda en l\u00ednea parece una alternativa l\u00f3gica. Quiz\u00e1s ya hayas jugado en un casino internacional en l\u00ednea, pero lamentablemente, hace tiempo que no puedes comprar tus billetes de loter\u00eda nacional en l\u00ednea. \u00a1Pero para las loter\u00edas internacionales, esto no es un problema!<\/p>\n<h2><span style=\"font-size: 14pt;\">Juegos de Loter\u00eda Internacional<\/span><\/h2>\n<p>Las loter\u00edas nacionales de muchos pa\u00edses ya est\u00e1n disponibles <a href=\"https:\/\/redfoxlotto.com\/de\" target=\"_blank\" rel=\"noopener noreferrer\"><span style=\"text-decoration: underline;\">en formato internacional en l\u00ednea a trav\u00e9s de RedFoxLotto<\/span><\/a>. Esto significa que puedes jugar a los botes de loter\u00eda internacional en l\u00ednea, sorteados en EE. UU., Australia, Reino Unido, etc. De hecho, podr\u00edas jugar a la loter\u00eda de tu pa\u00eds y a algunas loter\u00edas internacionales en l\u00ednea la misma semana. Si buscas una loter\u00eda internacional en l\u00ednea, aseg\u00farate de consultar tus probabilidades. Quiz\u00e1s quieras jugar un premio mayor de loter\u00eda particularmente lucrativo para aumentar tus posibilidades de ganar.<\/p>\n<h2><span style=\"font-size: 14pt;\">Ganar mucho dinero en la loter\u00eda<\/span><\/h2>\n<p>Puedes ganar mucho dinero en la loter\u00eda, pero todo depende de varios factores. Ante todo, \u00a1la suerte! Las loter\u00edas internacionales tambi\u00e9n son cuesti\u00f3n de suerte, ya que nunca se sabe cu\u00e1les ser\u00e1n los n\u00fameros ganadores. Aseg\u00farate de jugar en el momento justo al jugar a los premios mayores de la loter\u00eda internacional. Por supuesto, no puedes estar seguro de ganar mucho dinero. Lo m\u00e1s importante en las loter\u00edas internacionales es divertirse, as\u00ed que juega con los n\u00fameros que te gusten y usa sitios web que ofrezcan un buen servicio de loter\u00eda. \u00a1Cuidado con los estafadores!<\/p>\n<p>Algo con lo que debes tener mucho cuidado al jugar a las loter\u00edas internacionales es la seguridad. Hay muchas estafas en l\u00ednea. Independientemente del sitio web que elija para jugar a la loter\u00eda internacional, aseg\u00farese siempre de que est\u00e9 regulado y tenga licencia para este tipo de actividad en l\u00ednea. Tenga en cuenta que Wintrillions es 100 % seguro y confiable, y todas las loter\u00edas internacionales que se ofrecen aqu\u00ed provienen de operadores con licencia estatal.<\/p>\n","protected":false},"excerpt":{"rendered":"<p>La Loter\u00eda Nacional La Loter\u00eda Nacional tiene sus ventajas. Conoce bien las reglas y tambi\u00e9n sabe exactamente cu\u00e1ndo se realizan los sorteos. Solo tiene que consultar los carteles de su quiosco local para descubrir qu\u00e9 ofrece la Loter\u00eda Nacional. Gracias a internet, ahora tambi\u00e9n puede ganar premios gordos de loter\u00edas internacionales. Esto es, por supuesto, &hellip; <\/p>\n<p class=\"link-more\"><a href=\"https:\/\/powerballonlinelos.de\/es\/otros-juegos-de-azar-en-linea\/la-loteria-nacional\/\" class=\"more-link\">Leer m\u00e1s<span class=\"screen-reader-text\"> \u00abLa Loter\u00eda Nacional\u00bb<\/span><\/a><\/p>\n","protected":false},"author":1,"featured_media":0,"parent":60,"menu_order":0,"comment_status":"closed","ping_status":"closed","template":"","meta":{"footnotes":""},"class_list":["post-58","page","type-page","status-publish","hentry"],"yoast_head":"<!-- This site is optimized with the Yoast SEO plugin v27.3 - https:\/\/yoast.com\/product\/yoast-seo-wordpress\/ -->\n<title>La Loter\u00eda Nacional<\/title>\n<meta name=\"robots\" content=\"index, follow, max-snippet:-1, max-image-preview:large, max-video-preview:-1\" \/>\n<link rel=\"canonical\" href=\"https:\/\/powerballonlinelos.de\/es\/otros-juegos-de-azar-en-linea\/la-loteria-nacional\/\" \/>\n<meta property=\"og:locale\" content=\"es_ES\" \/>\n<meta property=\"og:type\" content=\"article\" \/>\n<meta property=\"og:title\" content=\"La Loter\u00eda Nacional\" \/>\n<meta property=\"og:description\" content=\"La Loter\u00eda Nacional La Loter\u00eda Nacional tiene sus ventajas. Conoce bien las reglas y tambi\u00e9n sabe exactamente cu\u00e1ndo se realizan los sorteos. Solo tiene que consultar los carteles de su quiosco local para descubrir qu\u00e9 ofrece la Loter\u00eda Nacional. Gracias a internet, ahora tambi\u00e9n puede ganar premios gordos de loter\u00edas internacionales. Esto es, por supuesto, &hellip; Leer m\u00e1s \u00abLa Loter\u00eda Nacional\u00bb\" \/>\n<meta property=\"og:url\" content=\"https:\/\/powerballonlinelos.de\/es\/otros-juegos-de-azar-en-linea\/la-loteria-nacional\/\" \/>\n<meta property=\"article:modified_time\" content=\"2025-08-01T19:19:55+00:00\" \/>\n<meta name=\"twitter:card\" content=\"summary_large_image\" \/>\n<meta name=\"twitter:label1\" content=\"Tiempo de lectura\" \/>\n\t<meta name=\"twitter:data1\" content=\"2 minutos\" \/>\n<script type=\"application\/ld+json\" class=\"yoast-schema-graph\">{\"@context\":\"https:\\\/\\\/schema.org\",\"@graph\":[{\"@type\":\"WebPage\",\"@id\":\"https:\\\/\\\/powerballonlinelos.de\\\/es\\\/otros-juegos-de-azar-en-linea\\\/la-loteria-nacional\\\/\",\"url\":\"https:\\\/\\\/powerballonlinelos.de\\\/es\\\/otros-juegos-de-azar-en-linea\\\/la-loteria-nacional\\\/\",\"name\":\"La Loter\u00eda Nacional\",\"isPartOf\":{\"@id\":\"https:\\\/\\\/powerballonlinelos.de\\\/es\\\/#website\"},\"datePublished\":\"2025-08-01T18:01:47+00:00\",\"dateModified\":\"2025-08-01T19:19:55+00:00\",\"breadcrumb\":{\"@id\":\"https:\\\/\\\/powerballonlinelos.de\\\/es\\\/otros-juegos-de-azar-en-linea\\\/la-loteria-nacional\\\/#breadcrumb\"},\"inLanguage\":\"es\",\"potentialAction\":[{\"@type\":\"ReadAction\",\"target\":[\"https:\\\/\\\/powerballonlinelos.de\\\/es\\\/otros-juegos-de-azar-en-linea\\\/la-loteria-nacional\\\/\"]}]},{\"@type\":\"BreadcrumbList\",\"@id\":\"https:\\\/\\\/powerballonlinelos.de\\\/es\\\/otros-juegos-de-azar-en-linea\\\/la-loteria-nacional\\\/#breadcrumb\",\"itemListElement\":[{\"@type\":\"ListItem\",\"position\":1,\"name\":\"Home\",\"item\":\"https:\\\/\\\/powerballonlinelos.de\\\/es\\\/\"},{\"@type\":\"ListItem\",\"position\":2,\"name\":\"Otros juegos de azar en l\u00ednea\",\"item\":\"https:\\\/\\\/powerballonlinelos.de\\\/es\\\/andere-online-gluecksspiele\\\/\"},{\"@type\":\"ListItem\",\"position\":3,\"name\":\"La Loter\u00eda Nacional\"}]},{\"@type\":\"WebSite\",\"@id\":\"https:\\\/\\\/powerballonlinelos.de\\\/es\\\/#website\",\"url\":\"https:\\\/\\\/powerballonlinelos.de\\\/es\\\/\",\"name\":\"\",\"description\":\"\",\"potentialAction\":[{\"@type\":\"SearchAction\",\"target\":{\"@type\":\"EntryPoint\",\"urlTemplate\":\"https:\\\/\\\/powerballonlinelos.de\\\/es\\\/?s={search_term_string}\"},\"query-input\":{\"@type\":\"PropertyValueSpecification\",\"valueRequired\":true,\"valueName\":\"search_term_string\"}}],\"inLanguage\":\"es\"}]}<\/script>\n<!-- \/ Yoast SEO plugin. -->","yoast_head_json":{"title":"La Loter\u00eda Nacional","robots":{"index":"index","follow":"follow","max-snippet":"max-snippet:-1","max-image-preview":"max-image-preview:large","max-video-preview":"max-video-preview:-1"},"canonical":"https:\/\/powerballonlinelos.de\/es\/otros-juegos-de-azar-en-linea\/la-loteria-nacional\/","og_locale":"es_ES","og_type":"article","og_title":"La Loter\u00eda Nacional","og_description":"La Loter\u00eda Nacional La Loter\u00eda Nacional tiene sus ventajas. Conoce bien las reglas y tambi\u00e9n sabe exactamente cu\u00e1ndo se realizan los sorteos. Solo tiene que consultar los carteles de su quiosco local para descubrir qu\u00e9 ofrece la Loter\u00eda Nacional. Gracias a internet, ahora tambi\u00e9n puede ganar premios gordos de loter\u00edas internacionales. Esto es, por supuesto, &hellip; Leer m\u00e1s \u00abLa Loter\u00eda Nacional\u00bb","og_url":"https:\/\/powerballonlinelos.de\/es\/otros-juegos-de-azar-en-linea\/la-loteria-nacional\/","article_modified_time":"2025-08-01T19:19:55+00:00","twitter_card":"summary_large_image","twitter_misc":{"Tiempo de lectura":"2 minutos"},"schema":{"@context":"https:\/\/schema.org","@graph":[{"@type":"WebPage","@id":"https:\/\/powerballonlinelos.de\/es\/otros-juegos-de-azar-en-linea\/la-loteria-nacional\/","url":"https:\/\/powerballonlinelos.de\/es\/otros-juegos-de-azar-en-linea\/la-loteria-nacional\/","name":"La Loter\u00eda Nacional","isPartOf":{"@id":"https:\/\/powerballonlinelos.de\/es\/#website"},"datePublished":"2025-08-01T18:01:47+00:00","dateModified":"2025-08-01T19:19:55+00:00","breadcrumb":{"@id":"https:\/\/powerballonlinelos.de\/es\/otros-juegos-de-azar-en-linea\/la-loteria-nacional\/#breadcrumb"},"inLanguage":"es","potentialAction":[{"@type":"ReadAction","target":["https:\/\/powerballonlinelos.de\/es\/otros-juegos-de-azar-en-linea\/la-loteria-nacional\/"]}]},{"@type":"BreadcrumbList","@id":"https:\/\/powerballonlinelos.de\/es\/otros-juegos-de-azar-en-linea\/la-loteria-nacional\/#breadcrumb","itemListElement":[{"@type":"ListItem","position":1,"name":"Home","item":"https:\/\/powerballonlinelos.de\/es\/"},{"@type":"ListItem","position":2,"name":"Otros juegos de azar en l\u00ednea","item":"https:\/\/powerballonlinelos.de\/es\/andere-online-gluecksspiele\/"},{"@type":"ListItem","position":3,"name":"La Loter\u00eda Nacional"}]},{"@type":"WebSite","@id":"https:\/\/powerballonlinelos.de\/es\/#website","url":"https:\/\/powerballonlinelos.de\/es\/","name":"","description":"","potentialAction":[{"@type":"SearchAction","target":{"@type":"EntryPoint","urlTemplate":"https:\/\/powerballonlinelos.de\/es\/?s={search_term_string}"},"query-input":{"@type":"PropertyValueSpecification","valueRequired":true,"valueName":"search_term_string"}}],"inLanguage":"es"}]}},"_links":{"self":[{"href":"https:\/\/powerballonlinelos.de\/es\/wp-json\/wp\/v2\/pages\/58","targetHints":{"allow":["GET"]}}],"collection":[{"href":"https:\/\/powerballonlinelos.de\/es\/wp-json\/wp\/v2\/pages"}],"about":[{"href":"https:\/\/powerballonlinelos.de\/es\/wp-json\/wp\/v2\/types\/page"}],"author":[{"embeddable":true,"href":"https:\/\/powerballonlinelos.de\/es\/wp-json\/wp\/v2\/users\/1"}],"replies":[{"embeddable":true,"href":"https:\/\/powerballonlinelos.de\/es\/wp-json\/wp\/v2\/comments?post=58"}],"version-history":[{"count":1,"href":"https:\/\/powerballonlinelos.de\/es\/wp-json\/wp\/v2\/pages\/58\/revisions"}],"predecessor-version":[{"id":63,"href":"https:\/\/powerballonlinelos.de\/es\/wp-json\/wp\/v2\/pages\/58\/revisions\/63"}],"up":[{"embeddable":true,"href":"https:\/\/powerballonlinelos.de\/es\/wp-json\/wp\/v2\/pages\/60"}],"wp:attachment":[{"href":"https:\/\/powerballonlinelos.de\/es\/wp-json\/wp\/v2\/media?parent=58"}],"curies":[{"name":"wp","href":"https:\/\/api.w.org\/{rel}","templated":true}]}}