{"id":53,"date":"2025-08-01T17:49:42","date_gmt":"2025-08-01T17:49:42","guid":{"rendered":"https:\/\/powerballonlinelos.de\/el-poker-en-linea-esta-en-auge\/"},"modified":"2025-08-01T19:19:55","modified_gmt":"2025-08-01T19:19:55","slug":"el-poker-en-linea-esta-en-auge","status":"publish","type":"page","link":"https:\/\/powerballonlinelos.de\/es\/otros-juegos-de-azar-en-linea\/el-poker-en-linea-esta-en-auge\/","title":{"rendered":"\u00a1El poker en l\u00ednea est\u00e1 en auge!"},"content":{"rendered":"<p>\u00a1El p\u00f3ker en l\u00ednea est\u00e1 en auge!<\/p>\n<p>En 1998, cuando se reparti\u00f3 la primera carta de p\u00f3ker en l\u00ednea, la mayor\u00eda de la gente no pod\u00eda prever que la expansi\u00f3n global del p\u00f3ker en l\u00ednea se desarrollar\u00eda de forma tan din\u00e1mica.<\/p>\n<p>Es cierto que ha habido altibajos en el pasado, y algunos contratiempos significativos, pero aun as\u00ed, la explosi\u00f3n es impresionante. Y, dados los \u00faltimos cambios en EE. UU., tambi\u00e9n es posible que veamos otro aumento ma\u00f1ana. Seg\u00fan evaluaciones independientes realizadas por expertos en p\u00f3ker, se espera que la industria del p\u00f3ker crezca.<\/p>\n<p>Con la ayuda de Internet Relay Chat, la primera mano hist\u00f3rica de p\u00f3ker web con dinero real se jug\u00f3 en Planet Poker a finales de la d\u00e9cada de 1990.<\/p>\n<p>Despu\u00e9s de tan solo unos a\u00f1os, gracias a un software innovador, el <a href=\"http:\/\/www.poker-bonuscode.de\" target=\"_blank\">p\u00f3ker en l\u00ednea<\/a> caus\u00f3 sensaci\u00f3n en Estados Unidos, convirti\u00e9ndose en un producto codiciado en los primeros 24 meses, y esto fue solo el comienzo.<\/p>\n<p>De 2001 a 2005, la industria del p\u00f3ker web experiment\u00f3 uno de los crecimientos m\u00e1s impresionantes de cualquier econom\u00eda, con ingresos que se dispararon de 80 millones de d\u00f3lares iniciales a m\u00e1s de 2000 millones de d\u00f3lares. .<\/p>\n<p>Esto se debi\u00f3 en gran medida a que el ahora famoso don nadie Chris Moneymaker gan\u00f3 las WSOP de 2003 tras conseguir su boleto a trav\u00e9s de PokerStars, uno de los sitios web de p\u00f3ker en l\u00ednea m\u00e1s populares de la \u00e9poca.<br \/>Desafortunadamente, 2006 fue un a\u00f1o de graves reveses para la industria del p\u00f3ker en l\u00ednea, lo que pr\u00e1cticamente paraliz\u00f3 el mercado alcista cuando las autoridades y el poder judicial estadounidenses tomaron medidas y declararon ilegal el p\u00f3ker en l\u00ednea.<\/p>\n<p>Desde ese a\u00f1o, figuras clave de la escena del p\u00f3ker en l\u00ednea han sido acusadas en varios estados de EE. UU. y, finalmente, a los ciudadanos estadounidenses se les prohibi\u00f3 jugar por dinero en l\u00ednea.<\/p>\n<p>Debido al mismo problema, los casinos en l\u00ednea ya no son accesibles para los estadounidenses, mientras que, curiosamente, las apuestas deportivas a\u00fan se pueden ofrecer en l\u00ednea en EE. UU.<\/p>\n<p>Los datos actuales sobre casinos en l\u00ednea se pueden encontrar en <a href=\"http:\/\/www.gambling6.com\/de\" target=\"_blank\">en esta direcci\u00f3n de internet<\/a>.<\/p>\n<p>En contraste, el p\u00f3ker en l\u00ednea continu\u00f3 floreciendo en varios pa\u00edses, ya que muchos sitios de p\u00f3ker tambi\u00e9n reubicaron sus servidores y nombres de dominio a ubicaciones en la Uni\u00f3n Europea o en otros lugares.<\/p>\n<p>Sin embargo, la exclusi\u00f3n de los jugadores estadounidenses fren\u00f3 el auge internacional del p\u00f3ker en l\u00ednea.<br \/>Finalmente, la situaci\u00f3n comenz\u00f3 a cambiar de nuevo, justo cuando Florida y Nevada ahora lo regulan oficialmente como estados individuales en Estados Unidos.<br \/>Cualquiera que pensara que el auge global del p\u00f3ker en internet ya hab\u00eda terminado debe estar atento en 2013.<\/p>\n<p>Un gran n\u00famero de estadounidenses est\u00e1n cansados de sentarse a ver al resto del mundo jugar al p\u00f3ker, por lo que es solo cuesti\u00f3n de tiempo antes de que el p\u00f3ker en l\u00ednea vuelva a ser lo que sol\u00eda ser.<\/p>\n","protected":false},"excerpt":{"rendered":"<p>\u00a1El p\u00f3ker en l\u00ednea est\u00e1 en auge! En 1998, cuando se reparti\u00f3 la primera carta de p\u00f3ker en l\u00ednea, la mayor\u00eda de la gente no pod\u00eda prever que la expansi\u00f3n global del p\u00f3ker en l\u00ednea se desarrollar\u00eda de forma tan din\u00e1mica. Es cierto que ha habido altibajos en el pasado, y algunos contratiempos significativos, pero &hellip; <\/p>\n<p class=\"link-more\"><a href=\"https:\/\/powerballonlinelos.de\/es\/otros-juegos-de-azar-en-linea\/el-poker-en-linea-esta-en-auge\/\" class=\"more-link\">Leer m\u00e1s<span class=\"screen-reader-text\"> \u00ab\u00a1El poker en l\u00ednea est\u00e1 en auge!\u00bb<\/span><\/a><\/p>\n","protected":false},"author":1,"featured_media":0,"parent":60,"menu_order":0,"comment_status":"closed","ping_status":"closed","template":"","meta":{"footnotes":""},"class_list":["post-53","page","type-page","status-publish","hentry"],"yoast_head":"<!-- This site is optimized with the Yoast SEO plugin v27.3 - https:\/\/yoast.com\/product\/yoast-seo-wordpress\/ -->\n<title>\u00a1El poker en l\u00ednea est\u00e1 en auge!<\/title>\n<meta name=\"robots\" content=\"index, follow, max-snippet:-1, max-image-preview:large, max-video-preview:-1\" \/>\n<link rel=\"canonical\" href=\"https:\/\/powerballonlinelos.de\/es\/otros-juegos-de-azar-en-linea\/el-poker-en-linea-esta-en-auge\/\" \/>\n<meta property=\"og:locale\" content=\"es_ES\" \/>\n<meta property=\"og:type\" content=\"article\" \/>\n<meta property=\"og:title\" content=\"\u00a1El poker en l\u00ednea est\u00e1 en auge!\" \/>\n<meta property=\"og:description\" content=\"\u00a1El p\u00f3ker en l\u00ednea est\u00e1 en auge! En 1998, cuando se reparti\u00f3 la primera carta de p\u00f3ker en l\u00ednea, la mayor\u00eda de la gente no pod\u00eda prever que la expansi\u00f3n global del p\u00f3ker en l\u00ednea se desarrollar\u00eda de forma tan din\u00e1mica. Es cierto que ha habido altibajos en el pasado, y algunos contratiempos significativos, pero &hellip; Leer m\u00e1s \u00ab\u00a1El poker en l\u00ednea est\u00e1 en auge!\u00bb\" \/>\n<meta property=\"og:url\" content=\"https:\/\/powerballonlinelos.de\/es\/otros-juegos-de-azar-en-linea\/el-poker-en-linea-esta-en-auge\/\" \/>\n<meta property=\"article:modified_time\" content=\"2025-08-01T19:19:55+00:00\" \/>\n<meta name=\"twitter:card\" content=\"summary_large_image\" \/>\n<meta name=\"twitter:label1\" content=\"Tiempo de lectura\" \/>\n\t<meta name=\"twitter:data1\" content=\"3 minutos\" \/>\n<script type=\"application\/ld+json\" class=\"yoast-schema-graph\">{\"@context\":\"https:\\\/\\\/schema.org\",\"@graph\":[{\"@type\":\"WebPage\",\"@id\":\"https:\\\/\\\/powerballonlinelos.de\\\/es\\\/otros-juegos-de-azar-en-linea\\\/el-poker-en-linea-esta-en-auge\\\/\",\"url\":\"https:\\\/\\\/powerballonlinelos.de\\\/es\\\/otros-juegos-de-azar-en-linea\\\/el-poker-en-linea-esta-en-auge\\\/\",\"name\":\"\u00a1El poker en l\u00ednea est\u00e1 en auge!\",\"isPartOf\":{\"@id\":\"https:\\\/\\\/powerballonlinelos.de\\\/es\\\/#website\"},\"datePublished\":\"2025-08-01T17:49:42+00:00\",\"dateModified\":\"2025-08-01T19:19:55+00:00\",\"breadcrumb\":{\"@id\":\"https:\\\/\\\/powerballonlinelos.de\\\/es\\\/otros-juegos-de-azar-en-linea\\\/el-poker-en-linea-esta-en-auge\\\/#breadcrumb\"},\"inLanguage\":\"es\",\"potentialAction\":[{\"@type\":\"ReadAction\",\"target\":[\"https:\\\/\\\/powerballonlinelos.de\\\/es\\\/otros-juegos-de-azar-en-linea\\\/el-poker-en-linea-esta-en-auge\\\/\"]}]},{\"@type\":\"BreadcrumbList\",\"@id\":\"https:\\\/\\\/powerballonlinelos.de\\\/es\\\/otros-juegos-de-azar-en-linea\\\/el-poker-en-linea-esta-en-auge\\\/#breadcrumb\",\"itemListElement\":[{\"@type\":\"ListItem\",\"position\":1,\"name\":\"Home\",\"item\":\"https:\\\/\\\/powerballonlinelos.de\\\/es\\\/\"},{\"@type\":\"ListItem\",\"position\":2,\"name\":\"Otros juegos de azar en l\u00ednea\",\"item\":\"https:\\\/\\\/powerballonlinelos.de\\\/es\\\/andere-online-gluecksspiele\\\/\"},{\"@type\":\"ListItem\",\"position\":3,\"name\":\"\u00a1El poker en l\u00ednea est\u00e1 en auge!\"}]},{\"@type\":\"WebSite\",\"@id\":\"https:\\\/\\\/powerballonlinelos.de\\\/es\\\/#website\",\"url\":\"https:\\\/\\\/powerballonlinelos.de\\\/es\\\/\",\"name\":\"\",\"description\":\"\",\"potentialAction\":[{\"@type\":\"SearchAction\",\"target\":{\"@type\":\"EntryPoint\",\"urlTemplate\":\"https:\\\/\\\/powerballonlinelos.de\\\/es\\\/?s={search_term_string}\"},\"query-input\":{\"@type\":\"PropertyValueSpecification\",\"valueRequired\":true,\"valueName\":\"search_term_string\"}}],\"inLanguage\":\"es\"}]}<\/script>\n<!-- \/ Yoast SEO plugin. -->","yoast_head_json":{"title":"\u00a1El poker en l\u00ednea est\u00e1 en auge!","robots":{"index":"index","follow":"follow","max-snippet":"max-snippet:-1","max-image-preview":"max-image-preview:large","max-video-preview":"max-video-preview:-1"},"canonical":"https:\/\/powerballonlinelos.de\/es\/otros-juegos-de-azar-en-linea\/el-poker-en-linea-esta-en-auge\/","og_locale":"es_ES","og_type":"article","og_title":"\u00a1El poker en l\u00ednea est\u00e1 en auge!","og_description":"\u00a1El p\u00f3ker en l\u00ednea est\u00e1 en auge! En 1998, cuando se reparti\u00f3 la primera carta de p\u00f3ker en l\u00ednea, la mayor\u00eda de la gente no pod\u00eda prever que la expansi\u00f3n global del p\u00f3ker en l\u00ednea se desarrollar\u00eda de forma tan din\u00e1mica. Es cierto que ha habido altibajos en el pasado, y algunos contratiempos significativos, pero &hellip; Leer m\u00e1s \u00ab\u00a1El poker en l\u00ednea est\u00e1 en auge!\u00bb","og_url":"https:\/\/powerballonlinelos.de\/es\/otros-juegos-de-azar-en-linea\/el-poker-en-linea-esta-en-auge\/","article_modified_time":"2025-08-01T19:19:55+00:00","twitter_card":"summary_large_image","twitter_misc":{"Tiempo de lectura":"3 minutos"},"schema":{"@context":"https:\/\/schema.org","@graph":[{"@type":"WebPage","@id":"https:\/\/powerballonlinelos.de\/es\/otros-juegos-de-azar-en-linea\/el-poker-en-linea-esta-en-auge\/","url":"https:\/\/powerballonlinelos.de\/es\/otros-juegos-de-azar-en-linea\/el-poker-en-linea-esta-en-auge\/","name":"\u00a1El poker en l\u00ednea est\u00e1 en auge!","isPartOf":{"@id":"https:\/\/powerballonlinelos.de\/es\/#website"},"datePublished":"2025-08-01T17:49:42+00:00","dateModified":"2025-08-01T19:19:55+00:00","breadcrumb":{"@id":"https:\/\/powerballonlinelos.de\/es\/otros-juegos-de-azar-en-linea\/el-poker-en-linea-esta-en-auge\/#breadcrumb"},"inLanguage":"es","potentialAction":[{"@type":"ReadAction","target":["https:\/\/powerballonlinelos.de\/es\/otros-juegos-de-azar-en-linea\/el-poker-en-linea-esta-en-auge\/"]}]},{"@type":"BreadcrumbList","@id":"https:\/\/powerballonlinelos.de\/es\/otros-juegos-de-azar-en-linea\/el-poker-en-linea-esta-en-auge\/#breadcrumb","itemListElement":[{"@type":"ListItem","position":1,"name":"Home","item":"https:\/\/powerballonlinelos.de\/es\/"},{"@type":"ListItem","position":2,"name":"Otros juegos de azar en l\u00ednea","item":"https:\/\/powerballonlinelos.de\/es\/andere-online-gluecksspiele\/"},{"@type":"ListItem","position":3,"name":"\u00a1El poker en l\u00ednea est\u00e1 en auge!"}]},{"@type":"WebSite","@id":"https:\/\/powerballonlinelos.de\/es\/#website","url":"https:\/\/powerballonlinelos.de\/es\/","name":"","description":"","potentialAction":[{"@type":"SearchAction","target":{"@type":"EntryPoint","urlTemplate":"https:\/\/powerballonlinelos.de\/es\/?s={search_term_string}"},"query-input":{"@type":"PropertyValueSpecification","valueRequired":true,"valueName":"search_term_string"}}],"inLanguage":"es"}]}},"_links":{"self":[{"href":"https:\/\/powerballonlinelos.de\/es\/wp-json\/wp\/v2\/pages\/53","targetHints":{"allow":["GET"]}}],"collection":[{"href":"https:\/\/powerballonlinelos.de\/es\/wp-json\/wp\/v2\/pages"}],"about":[{"href":"https:\/\/powerballonlinelos.de\/es\/wp-json\/wp\/v2\/types\/page"}],"author":[{"embeddable":true,"href":"https:\/\/powerballonlinelos.de\/es\/wp-json\/wp\/v2\/users\/1"}],"replies":[{"embeddable":true,"href":"https:\/\/powerballonlinelos.de\/es\/wp-json\/wp\/v2\/comments?post=53"}],"version-history":[{"count":1,"href":"https:\/\/powerballonlinelos.de\/es\/wp-json\/wp\/v2\/pages\/53\/revisions"}],"predecessor-version":[{"id":62,"href":"https:\/\/powerballonlinelos.de\/es\/wp-json\/wp\/v2\/pages\/53\/revisions\/62"}],"up":[{"embeddable":true,"href":"https:\/\/powerballonlinelos.de\/es\/wp-json\/wp\/v2\/pages\/60"}],"wp:attachment":[{"href":"https:\/\/powerballonlinelos.de\/es\/wp-json\/wp\/v2\/media?parent=53"}],"curies":[{"name":"wp","href":"https:\/\/api.w.org\/{rel}","templated":true}]}}