{"id":48,"date":"2025-08-01T18:06:21","date_gmt":"2025-08-01T18:06:21","guid":{"rendered":"https:\/\/powerballonlinelos.de\/loterias-mega-jackpot-del-mundo\/"},"modified":"2025-08-01T19:16:04","modified_gmt":"2025-08-01T19:16:04","slug":"loterias-mega-jackpot-del-mundo","status":"publish","type":"page","link":"https:\/\/powerballonlinelos.de\/es\/otros-juegos-de-azar-en-linea\/la-loteria-nacional\/loterias-mega-jackpot-del-mundo\/","title":{"rendered":"Loter\u00edas Mega Jackpot del Mundo"},"content":{"rendered":"<h1><span style=\"font-size: 14pt;\">Las loter\u00edas con grandes premios del mundo<\/span><\/h1>\n<p>Existe una amplia gama de <a href=\"http:\/\/www.jackpotlotteryonline.com\/de\" target=\"_blank\" rel=\"noopener noreferrer\">loter\u00edas con grandes premios<\/a> en todo el mundo, desde los <strong>Super Jackpots<\/strong> como la Loter\u00eda de Florida o Nueva York hasta los <strong>Mega Jackpots<\/strong> como el Powerball o Euromillones, que alcanzan f\u00e1cilmente cientos de millones de d\u00f3lares. Los billetes para estos grandes premios no se pueden comprar en tiendas en Alemania, pero todos se pueden reservar y ganar en l\u00ednea. Al crear una cuenta de cliente de loter\u00eda en <a href=\"https:\/\/redfoxlotto.com\/\" target=\"_blank\" rel=\"noopener noreferrer\">RedFoxLotto<\/a>, puede elegir sus n\u00fameros ganadores para cualquier Super o Mega Jackpot del mundo y comprar un boleto en l\u00ednea.<\/p>\n<p>La funci\u00f3n m\u00e1s pr\u00e1ctica es que puede ver en cualquier momento en nuestro sitio web cu\u00e1l de las principales Mega Loter\u00edas del mundo tiene el premio mayor m\u00e1s alto y cu\u00e1l ser\u00e1 el pr\u00f3ximo Mega Jackpot sorteado. Le recomendamos que agregue nuestro sitio web a sus favoritos y lo visite con frecuencia; por cierto, tambi\u00e9n mostramos constantemente los \u00faltimos n\u00fameros ganadores.<\/p>\n","protected":false},"excerpt":{"rendered":"<p>Las loter\u00edas con grandes premios del mundo Existe una amplia gama de loter\u00edas con grandes premios en todo el mundo, desde los Super Jackpots como la Loter\u00eda de Florida o Nueva York hasta los Mega Jackpots como el Powerball o Euromillones, que alcanzan f\u00e1cilmente cientos de millones de d\u00f3lares. Los billetes para estos grandes premios &hellip; <\/p>\n<p class=\"link-more\"><a href=\"https:\/\/powerballonlinelos.de\/es\/otros-juegos-de-azar-en-linea\/la-loteria-nacional\/loterias-mega-jackpot-del-mundo\/\" class=\"more-link\">Leer m\u00e1s<span class=\"screen-reader-text\"> \u00abLoter\u00edas Mega Jackpot del Mundo\u00bb<\/span><\/a><\/p>\n","protected":false},"author":1,"featured_media":0,"parent":58,"menu_order":0,"comment_status":"closed","ping_status":"closed","template":"","meta":{"footnotes":""},"class_list":["post-48","page","type-page","status-publish","hentry"],"yoast_head":"<!-- This site is optimized with the Yoast SEO plugin v27.3 - https:\/\/yoast.com\/product\/yoast-seo-wordpress\/ -->\n<title>Juega a los Mega Lotto Jackpots de todo el mundo en l\u00ednea<\/title>\n<meta name=\"robots\" content=\"index, follow, max-snippet:-1, max-image-preview:large, max-video-preview:-1\" \/>\n<link rel=\"canonical\" href=\"https:\/\/powerballonlinelos.de\/es\/otros-juegos-de-azar-en-linea\/la-loteria-nacional\/loterias-mega-jackpot-del-mundo\/\" \/>\n<meta property=\"og:locale\" content=\"es_ES\" \/>\n<meta property=\"og:type\" content=\"article\" \/>\n<meta property=\"og:title\" content=\"Juega a los Mega Lotto Jackpots de todo el mundo en l\u00ednea\" \/>\n<meta property=\"og:description\" content=\"Las loter\u00edas con grandes premios del mundo Existe una amplia gama de loter\u00edas con grandes premios en todo el mundo, desde los Super Jackpots como la Loter\u00eda de Florida o Nueva York hasta los Mega Jackpots como el Powerball o Euromillones, que alcanzan f\u00e1cilmente cientos de millones de d\u00f3lares. Los billetes para estos grandes premios &hellip; Leer m\u00e1s \u00abLoter\u00edas Mega Jackpot del Mundo\u00bb\" \/>\n<meta property=\"og:url\" content=\"https:\/\/powerballonlinelos.de\/es\/otros-juegos-de-azar-en-linea\/la-loteria-nacional\/loterias-mega-jackpot-del-mundo\/\" \/>\n<meta property=\"article:modified_time\" content=\"2025-08-01T19:16:04+00:00\" \/>\n<meta name=\"twitter:card\" content=\"summary_large_image\" \/>\n<meta name=\"twitter:label1\" content=\"Tiempo de lectura\" \/>\n\t<meta name=\"twitter:data1\" content=\"1 minuto\" \/>\n<script type=\"application\/ld+json\" class=\"yoast-schema-graph\">{\"@context\":\"https:\\\/\\\/schema.org\",\"@graph\":[{\"@type\":\"WebPage\",\"@id\":\"https:\\\/\\\/powerballonlinelos.de\\\/es\\\/otros-juegos-de-azar-en-linea\\\/la-loteria-nacional\\\/loterias-mega-jackpot-del-mundo\\\/\",\"url\":\"https:\\\/\\\/powerballonlinelos.de\\\/es\\\/otros-juegos-de-azar-en-linea\\\/la-loteria-nacional\\\/loterias-mega-jackpot-del-mundo\\\/\",\"name\":\"Juega a los Mega Lotto Jackpots de todo el mundo en l\u00ednea\",\"isPartOf\":{\"@id\":\"https:\\\/\\\/powerballonlinelos.de\\\/es\\\/#website\"},\"datePublished\":\"2025-08-01T18:06:21+00:00\",\"dateModified\":\"2025-08-01T19:16:04+00:00\",\"breadcrumb\":{\"@id\":\"https:\\\/\\\/powerballonlinelos.de\\\/es\\\/otros-juegos-de-azar-en-linea\\\/la-loteria-nacional\\\/loterias-mega-jackpot-del-mundo\\\/#breadcrumb\"},\"inLanguage\":\"es\",\"potentialAction\":[{\"@type\":\"ReadAction\",\"target\":[\"https:\\\/\\\/powerballonlinelos.de\\\/es\\\/otros-juegos-de-azar-en-linea\\\/la-loteria-nacional\\\/loterias-mega-jackpot-del-mundo\\\/\"]}]},{\"@type\":\"BreadcrumbList\",\"@id\":\"https:\\\/\\\/powerballonlinelos.de\\\/es\\\/otros-juegos-de-azar-en-linea\\\/la-loteria-nacional\\\/loterias-mega-jackpot-del-mundo\\\/#breadcrumb\",\"itemListElement\":[{\"@type\":\"ListItem\",\"position\":1,\"name\":\"Home\",\"item\":\"https:\\\/\\\/powerballonlinelos.de\\\/es\\\/\"},{\"@type\":\"ListItem\",\"position\":2,\"name\":\"Otros juegos de azar en l\u00ednea\",\"item\":\"https:\\\/\\\/powerballonlinelos.de\\\/es\\\/andere-online-gluecksspiele\\\/\"},{\"@type\":\"ListItem\",\"position\":3,\"name\":\"La Loter\u00eda Nacional\",\"item\":\"https:\\\/\\\/powerballonlinelos.de\\\/es\\\/andere-online-gluecksspiele\\\/das-nationallotto\\\/\"},{\"@type\":\"ListItem\",\"position\":4,\"name\":\"Loter\u00edas Mega Jackpot del Mundo\"}]},{\"@type\":\"WebSite\",\"@id\":\"https:\\\/\\\/powerballonlinelos.de\\\/es\\\/#website\",\"url\":\"https:\\\/\\\/powerballonlinelos.de\\\/es\\\/\",\"name\":\"\",\"description\":\"\",\"potentialAction\":[{\"@type\":\"SearchAction\",\"target\":{\"@type\":\"EntryPoint\",\"urlTemplate\":\"https:\\\/\\\/powerballonlinelos.de\\\/es\\\/?s={search_term_string}\"},\"query-input\":{\"@type\":\"PropertyValueSpecification\",\"valueRequired\":true,\"valueName\":\"search_term_string\"}}],\"inLanguage\":\"es\"}]}<\/script>\n<!-- \/ Yoast SEO plugin. -->","yoast_head_json":{"title":"Juega a los Mega Lotto Jackpots de todo el mundo en l\u00ednea","robots":{"index":"index","follow":"follow","max-snippet":"max-snippet:-1","max-image-preview":"max-image-preview:large","max-video-preview":"max-video-preview:-1"},"canonical":"https:\/\/powerballonlinelos.de\/es\/otros-juegos-de-azar-en-linea\/la-loteria-nacional\/loterias-mega-jackpot-del-mundo\/","og_locale":"es_ES","og_type":"article","og_title":"Juega a los Mega Lotto Jackpots de todo el mundo en l\u00ednea","og_description":"Las loter\u00edas con grandes premios del mundo Existe una amplia gama de loter\u00edas con grandes premios en todo el mundo, desde los Super Jackpots como la Loter\u00eda de Florida o Nueva York hasta los Mega Jackpots como el Powerball o Euromillones, que alcanzan f\u00e1cilmente cientos de millones de d\u00f3lares. Los billetes para estos grandes premios &hellip; Leer m\u00e1s \u00abLoter\u00edas Mega Jackpot del Mundo\u00bb","og_url":"https:\/\/powerballonlinelos.de\/es\/otros-juegos-de-azar-en-linea\/la-loteria-nacional\/loterias-mega-jackpot-del-mundo\/","article_modified_time":"2025-08-01T19:16:04+00:00","twitter_card":"summary_large_image","twitter_misc":{"Tiempo de lectura":"1 minuto"},"schema":{"@context":"https:\/\/schema.org","@graph":[{"@type":"WebPage","@id":"https:\/\/powerballonlinelos.de\/es\/otros-juegos-de-azar-en-linea\/la-loteria-nacional\/loterias-mega-jackpot-del-mundo\/","url":"https:\/\/powerballonlinelos.de\/es\/otros-juegos-de-azar-en-linea\/la-loteria-nacional\/loterias-mega-jackpot-del-mundo\/","name":"Juega a los Mega Lotto Jackpots de todo el mundo en l\u00ednea","isPartOf":{"@id":"https:\/\/powerballonlinelos.de\/es\/#website"},"datePublished":"2025-08-01T18:06:21+00:00","dateModified":"2025-08-01T19:16:04+00:00","breadcrumb":{"@id":"https:\/\/powerballonlinelos.de\/es\/otros-juegos-de-azar-en-linea\/la-loteria-nacional\/loterias-mega-jackpot-del-mundo\/#breadcrumb"},"inLanguage":"es","potentialAction":[{"@type":"ReadAction","target":["https:\/\/powerballonlinelos.de\/es\/otros-juegos-de-azar-en-linea\/la-loteria-nacional\/loterias-mega-jackpot-del-mundo\/"]}]},{"@type":"BreadcrumbList","@id":"https:\/\/powerballonlinelos.de\/es\/otros-juegos-de-azar-en-linea\/la-loteria-nacional\/loterias-mega-jackpot-del-mundo\/#breadcrumb","itemListElement":[{"@type":"ListItem","position":1,"name":"Home","item":"https:\/\/powerballonlinelos.de\/es\/"},{"@type":"ListItem","position":2,"name":"Otros juegos de azar en l\u00ednea","item":"https:\/\/powerballonlinelos.de\/es\/andere-online-gluecksspiele\/"},{"@type":"ListItem","position":3,"name":"La Loter\u00eda Nacional","item":"https:\/\/powerballonlinelos.de\/es\/andere-online-gluecksspiele\/das-nationallotto\/"},{"@type":"ListItem","position":4,"name":"Loter\u00edas Mega Jackpot del Mundo"}]},{"@type":"WebSite","@id":"https:\/\/powerballonlinelos.de\/es\/#website","url":"https:\/\/powerballonlinelos.de\/es\/","name":"","description":"","potentialAction":[{"@type":"SearchAction","target":{"@type":"EntryPoint","urlTemplate":"https:\/\/powerballonlinelos.de\/es\/?s={search_term_string}"},"query-input":{"@type":"PropertyValueSpecification","valueRequired":true,"valueName":"search_term_string"}}],"inLanguage":"es"}]}},"_links":{"self":[{"href":"https:\/\/powerballonlinelos.de\/es\/wp-json\/wp\/v2\/pages\/48","targetHints":{"allow":["GET"]}}],"collection":[{"href":"https:\/\/powerballonlinelos.de\/es\/wp-json\/wp\/v2\/pages"}],"about":[{"href":"https:\/\/powerballonlinelos.de\/es\/wp-json\/wp\/v2\/types\/page"}],"author":[{"embeddable":true,"href":"https:\/\/powerballonlinelos.de\/es\/wp-json\/wp\/v2\/users\/1"}],"replies":[{"embeddable":true,"href":"https:\/\/powerballonlinelos.de\/es\/wp-json\/wp\/v2\/comments?post=48"}],"version-history":[{"count":1,"href":"https:\/\/powerballonlinelos.de\/es\/wp-json\/wp\/v2\/pages\/48\/revisions"}],"predecessor-version":[{"id":59,"href":"https:\/\/powerballonlinelos.de\/es\/wp-json\/wp\/v2\/pages\/48\/revisions\/59"}],"up":[{"embeddable":true,"href":"https:\/\/powerballonlinelos.de\/es\/wp-json\/wp\/v2\/pages\/58"}],"wp:attachment":[{"href":"https:\/\/powerballonlinelos.de\/es\/wp-json\/wp\/v2\/media?parent=48"}],"curies":[{"name":"wp","href":"https:\/\/api.w.org\/{rel}","templated":true}]}}