{"id":47,"date":"2025-08-01T17:46:30","date_gmt":"2025-08-01T17:46:30","guid":{"rendered":"https:\/\/powerballonlinelos.de\/lo-que-los-casinos-en-linea-tienen-para-ofrecer\/"},"modified":"2025-08-01T19:19:55","modified_gmt":"2025-08-01T19:19:55","slug":"lo-que-los-casinos-en-linea-tienen-para-ofrecer","status":"publish","type":"page","link":"https:\/\/powerballonlinelos.de\/es\/otros-juegos-de-azar-en-linea\/lo-que-los-casinos-en-linea-tienen-para-ofrecer\/","title":{"rendered":"Lo que los casinos en l\u00ednea tienen para ofrecer"},"content":{"rendered":"<p>Qu\u00e9 ofrecen los casinos en l\u00ednea<\/p>\n<p>Los casinos en l\u00ednea permiten a los usuarios experimentar la emoci\u00f3n de jugar a sus juegos favoritos desde la comodidad de su hogar. El \u00fanico requisito es tener acceso a internet. La tecnolog\u00eda moderna incluso permite a los jugadores acceder a los casinos en l\u00ednea desde sus tel\u00e9fonos m\u00f3viles. Ya sea en casa, en el parque, en la parada del autob\u00fas o de viaje, la emocionante experiencia de jugar en casinos en l\u00ednea est\u00e1 disponible en todas partes.<\/p>\n<p>La variedad de juegos que ofrecen los casinos en l\u00ednea es una gran ventaja. Ofrecen una amplia selecci\u00f3n de juegos de casino como ruleta, tragamonedas, blackjack, p\u00f3ker, bingo, bacar\u00e1 y muchos m\u00e1s. Mientras que los principiantes tienen la oportunidad de aprender el juego, los jugadores experimentados tienen una gran cantidad de opciones adicionales. Quienes quieran disfrutar de un juego en l\u00ednea sencillo pueden optar por las tarjetas rasca y gana. Las tarjetas rasca y gana garantizan mucha diversi\u00f3n y premios sustanciales.<\/p>\n<p><a href=\"http:\/\/www.onlinewette24.de\" target=\"_blank\">Las apuestas deportivas<\/a> son otra oferta emocionante de los casinos en l\u00ednea. Entre todas las ventajas de los casinos en l\u00ednea, las incre\u00edbles ofertas de bonos atraen a la mayor\u00eda de los jugadores. Los bonos se ofrecen en varios tipos, como bonos de bienvenida, bonos de dep\u00f3sito, bonos promocionales y muchos m\u00e1s. Existen numerosos casinos en l\u00ednea que ofrecen otras recompensas muy atractivas. A diferencia de los casinos f\u00edsicos, los jugadores no pueden esperar recibir comidas, bebidas, alojamiento, etc. gratis en los casinos en l\u00ednea. Por lo tanto, los grandes bonos en efectivo ofrecen una forma de atraer a los jugadores.<\/p>\n<p>Para los jugadores inteligentes, existen juegos como blackjack, p\u00f3ker, bingo, bacar\u00e1, etc., disponibles en los casinos en l\u00ednea; juegos que requieren cierta estrategia. Todo jugador de casino en l\u00ednea debe consultar las reglas y pol\u00edticas del sitio antes de comenzar. La integridad y confiabilidad de los sitios se pueden verificar leyendo rese\u00f1as de casinos en l\u00ednea.<\/p>\n","protected":false},"excerpt":{"rendered":"<p>Qu\u00e9 ofrecen los casinos en l\u00ednea Los casinos en l\u00ednea permiten a los usuarios experimentar la emoci\u00f3n de jugar a sus juegos favoritos desde la comodidad de su hogar. El \u00fanico requisito es tener acceso a internet. La tecnolog\u00eda moderna incluso permite a los jugadores acceder a los casinos en l\u00ednea desde sus tel\u00e9fonos m\u00f3viles. &hellip; <\/p>\n<p class=\"link-more\"><a href=\"https:\/\/powerballonlinelos.de\/es\/otros-juegos-de-azar-en-linea\/lo-que-los-casinos-en-linea-tienen-para-ofrecer\/\" class=\"more-link\">Leer m\u00e1s<span class=\"screen-reader-text\"> \u00abLo que los casinos en l\u00ednea tienen para ofrecer\u00bb<\/span><\/a><\/p>\n","protected":false},"author":1,"featured_media":0,"parent":60,"menu_order":0,"comment_status":"closed","ping_status":"closed","template":"","meta":{"footnotes":""},"class_list":["post-47","page","type-page","status-publish","hentry"],"yoast_head":"<!-- This site is optimized with the Yoast SEO plugin v27.3 - https:\/\/yoast.com\/product\/yoast-seo-wordpress\/ -->\n<title>Lo que los casinos en l\u00ednea tienen para ofrecer<\/title>\n<meta name=\"robots\" content=\"index, follow, max-snippet:-1, max-image-preview:large, max-video-preview:-1\" \/>\n<link rel=\"canonical\" href=\"https:\/\/powerballonlinelos.de\/es\/otros-juegos-de-azar-en-linea\/lo-que-los-casinos-en-linea-tienen-para-ofrecer\/\" \/>\n<meta property=\"og:locale\" content=\"es_ES\" \/>\n<meta property=\"og:type\" content=\"article\" \/>\n<meta property=\"og:title\" content=\"Lo que los casinos en l\u00ednea tienen para ofrecer\" \/>\n<meta property=\"og:description\" content=\"Qu\u00e9 ofrecen los casinos en l\u00ednea Los casinos en l\u00ednea permiten a los usuarios experimentar la emoci\u00f3n de jugar a sus juegos favoritos desde la comodidad de su hogar. El \u00fanico requisito es tener acceso a internet. La tecnolog\u00eda moderna incluso permite a los jugadores acceder a los casinos en l\u00ednea desde sus tel\u00e9fonos m\u00f3viles. &hellip; Leer m\u00e1s \u00abLo que los casinos en l\u00ednea tienen para ofrecer\u00bb\" \/>\n<meta property=\"og:url\" content=\"https:\/\/powerballonlinelos.de\/es\/otros-juegos-de-azar-en-linea\/lo-que-los-casinos-en-linea-tienen-para-ofrecer\/\" \/>\n<meta property=\"article:modified_time\" content=\"2025-08-01T19:19:55+00:00\" \/>\n<meta name=\"twitter:card\" content=\"summary_large_image\" \/>\n<meta name=\"twitter:label1\" content=\"Tiempo de lectura\" \/>\n\t<meta name=\"twitter:data1\" content=\"2 minutos\" \/>\n<script type=\"application\/ld+json\" class=\"yoast-schema-graph\">{\"@context\":\"https:\\\/\\\/schema.org\",\"@graph\":[{\"@type\":\"WebPage\",\"@id\":\"https:\\\/\\\/powerballonlinelos.de\\\/es\\\/otros-juegos-de-azar-en-linea\\\/lo-que-los-casinos-en-linea-tienen-para-ofrecer\\\/\",\"url\":\"https:\\\/\\\/powerballonlinelos.de\\\/es\\\/otros-juegos-de-azar-en-linea\\\/lo-que-los-casinos-en-linea-tienen-para-ofrecer\\\/\",\"name\":\"Lo que los casinos en l\u00ednea tienen para ofrecer\",\"isPartOf\":{\"@id\":\"https:\\\/\\\/powerballonlinelos.de\\\/es\\\/#website\"},\"datePublished\":\"2025-08-01T17:46:30+00:00\",\"dateModified\":\"2025-08-01T19:19:55+00:00\",\"breadcrumb\":{\"@id\":\"https:\\\/\\\/powerballonlinelos.de\\\/es\\\/otros-juegos-de-azar-en-linea\\\/lo-que-los-casinos-en-linea-tienen-para-ofrecer\\\/#breadcrumb\"},\"inLanguage\":\"es\",\"potentialAction\":[{\"@type\":\"ReadAction\",\"target\":[\"https:\\\/\\\/powerballonlinelos.de\\\/es\\\/otros-juegos-de-azar-en-linea\\\/lo-que-los-casinos-en-linea-tienen-para-ofrecer\\\/\"]}]},{\"@type\":\"BreadcrumbList\",\"@id\":\"https:\\\/\\\/powerballonlinelos.de\\\/es\\\/otros-juegos-de-azar-en-linea\\\/lo-que-los-casinos-en-linea-tienen-para-ofrecer\\\/#breadcrumb\",\"itemListElement\":[{\"@type\":\"ListItem\",\"position\":1,\"name\":\"Home\",\"item\":\"https:\\\/\\\/powerballonlinelos.de\\\/es\\\/\"},{\"@type\":\"ListItem\",\"position\":2,\"name\":\"Otros juegos de azar en l\u00ednea\",\"item\":\"https:\\\/\\\/powerballonlinelos.de\\\/es\\\/andere-online-gluecksspiele\\\/\"},{\"@type\":\"ListItem\",\"position\":3,\"name\":\"Lo que los casinos en l\u00ednea tienen para ofrecer\"}]},{\"@type\":\"WebSite\",\"@id\":\"https:\\\/\\\/powerballonlinelos.de\\\/es\\\/#website\",\"url\":\"https:\\\/\\\/powerballonlinelos.de\\\/es\\\/\",\"name\":\"\",\"description\":\"\",\"potentialAction\":[{\"@type\":\"SearchAction\",\"target\":{\"@type\":\"EntryPoint\",\"urlTemplate\":\"https:\\\/\\\/powerballonlinelos.de\\\/es\\\/?s={search_term_string}\"},\"query-input\":{\"@type\":\"PropertyValueSpecification\",\"valueRequired\":true,\"valueName\":\"search_term_string\"}}],\"inLanguage\":\"es\"}]}<\/script>\n<!-- \/ Yoast SEO plugin. -->","yoast_head_json":{"title":"Lo que los casinos en l\u00ednea tienen para ofrecer","robots":{"index":"index","follow":"follow","max-snippet":"max-snippet:-1","max-image-preview":"max-image-preview:large","max-video-preview":"max-video-preview:-1"},"canonical":"https:\/\/powerballonlinelos.de\/es\/otros-juegos-de-azar-en-linea\/lo-que-los-casinos-en-linea-tienen-para-ofrecer\/","og_locale":"es_ES","og_type":"article","og_title":"Lo que los casinos en l\u00ednea tienen para ofrecer","og_description":"Qu\u00e9 ofrecen los casinos en l\u00ednea Los casinos en l\u00ednea permiten a los usuarios experimentar la emoci\u00f3n de jugar a sus juegos favoritos desde la comodidad de su hogar. El \u00fanico requisito es tener acceso a internet. La tecnolog\u00eda moderna incluso permite a los jugadores acceder a los casinos en l\u00ednea desde sus tel\u00e9fonos m\u00f3viles. &hellip; Leer m\u00e1s \u00abLo que los casinos en l\u00ednea tienen para ofrecer\u00bb","og_url":"https:\/\/powerballonlinelos.de\/es\/otros-juegos-de-azar-en-linea\/lo-que-los-casinos-en-linea-tienen-para-ofrecer\/","article_modified_time":"2025-08-01T19:19:55+00:00","twitter_card":"summary_large_image","twitter_misc":{"Tiempo de lectura":"2 minutos"},"schema":{"@context":"https:\/\/schema.org","@graph":[{"@type":"WebPage","@id":"https:\/\/powerballonlinelos.de\/es\/otros-juegos-de-azar-en-linea\/lo-que-los-casinos-en-linea-tienen-para-ofrecer\/","url":"https:\/\/powerballonlinelos.de\/es\/otros-juegos-de-azar-en-linea\/lo-que-los-casinos-en-linea-tienen-para-ofrecer\/","name":"Lo que los casinos en l\u00ednea tienen para ofrecer","isPartOf":{"@id":"https:\/\/powerballonlinelos.de\/es\/#website"},"datePublished":"2025-08-01T17:46:30+00:00","dateModified":"2025-08-01T19:19:55+00:00","breadcrumb":{"@id":"https:\/\/powerballonlinelos.de\/es\/otros-juegos-de-azar-en-linea\/lo-que-los-casinos-en-linea-tienen-para-ofrecer\/#breadcrumb"},"inLanguage":"es","potentialAction":[{"@type":"ReadAction","target":["https:\/\/powerballonlinelos.de\/es\/otros-juegos-de-azar-en-linea\/lo-que-los-casinos-en-linea-tienen-para-ofrecer\/"]}]},{"@type":"BreadcrumbList","@id":"https:\/\/powerballonlinelos.de\/es\/otros-juegos-de-azar-en-linea\/lo-que-los-casinos-en-linea-tienen-para-ofrecer\/#breadcrumb","itemListElement":[{"@type":"ListItem","position":1,"name":"Home","item":"https:\/\/powerballonlinelos.de\/es\/"},{"@type":"ListItem","position":2,"name":"Otros juegos de azar en l\u00ednea","item":"https:\/\/powerballonlinelos.de\/es\/andere-online-gluecksspiele\/"},{"@type":"ListItem","position":3,"name":"Lo que los casinos en l\u00ednea tienen para ofrecer"}]},{"@type":"WebSite","@id":"https:\/\/powerballonlinelos.de\/es\/#website","url":"https:\/\/powerballonlinelos.de\/es\/","name":"","description":"","potentialAction":[{"@type":"SearchAction","target":{"@type":"EntryPoint","urlTemplate":"https:\/\/powerballonlinelos.de\/es\/?s={search_term_string}"},"query-input":{"@type":"PropertyValueSpecification","valueRequired":true,"valueName":"search_term_string"}}],"inLanguage":"es"}]}},"_links":{"self":[{"href":"https:\/\/powerballonlinelos.de\/es\/wp-json\/wp\/v2\/pages\/47","targetHints":{"allow":["GET"]}}],"collection":[{"href":"https:\/\/powerballonlinelos.de\/es\/wp-json\/wp\/v2\/pages"}],"about":[{"href":"https:\/\/powerballonlinelos.de\/es\/wp-json\/wp\/v2\/types\/page"}],"author":[{"embeddable":true,"href":"https:\/\/powerballonlinelos.de\/es\/wp-json\/wp\/v2\/users\/1"}],"replies":[{"embeddable":true,"href":"https:\/\/powerballonlinelos.de\/es\/wp-json\/wp\/v2\/comments?post=47"}],"version-history":[{"count":1,"href":"https:\/\/powerballonlinelos.de\/es\/wp-json\/wp\/v2\/pages\/47\/revisions"}],"predecessor-version":[{"id":61,"href":"https:\/\/powerballonlinelos.de\/es\/wp-json\/wp\/v2\/pages\/47\/revisions\/61"}],"up":[{"embeddable":true,"href":"https:\/\/powerballonlinelos.de\/es\/wp-json\/wp\/v2\/pages\/60"}],"wp:attachment":[{"href":"https:\/\/powerballonlinelos.de\/es\/wp-json\/wp\/v2\/media?parent=47"}],"curies":[{"name":"wp","href":"https:\/\/api.w.org\/{rel}","templated":true}]}}