{"id":42,"date":"2025-08-01T17:55:09","date_gmt":"2025-08-01T17:55:09","guid":{"rendered":"https:\/\/powerballonlinelos.de\/loteria-powerball-con-bitcoins\/"},"modified":"2025-08-01T17:55:09","modified_gmt":"2025-08-01T17:55:09","slug":"loteria-powerball-con-bitcoins","status":"publish","type":"page","link":"https:\/\/powerballonlinelos.de\/es\/loteria-powerball-con-bitcoins\/","title":{"rendered":"Loter\u00eda Powerball con Bitcoins"},"content":{"rendered":"<p>\u00bfSe puede jugar a la loter\u00eda Powerball con bitcoins?<\/p>\n<p>El a\u00f1o pasado, la loter\u00eda Powerball de EE. UU. alcanz\u00f3 un m\u00e1ximo hist\u00f3rico de 1500 millones de d\u00f3lares. \u00a1Incre\u00edble! Ni te imaginas esa cifra ni lo que significa ganar tanto dinero. Todos compraban billetes como locos para hacerse ricos como Creso. \u00bfPero sab\u00edas que es posible comprar un billete de Powerball con bitcoins?<br \/>Quienes ya ten\u00edan una billetera Bitcoin tuvieron suerte porque pudieron usar sus bitcoins. Aprende m\u00e1s sobre las apuestas y loter\u00edas con bitcoins y descubre un mundo completamente nuevo.<\/p>\n<p>D\u00f3nde comprar billetes de la loter\u00eda Powerball con bitcoins<\/p>\n<p>Por supuesto, no puedes comprar un billete de Powerball con bitcoins en tu loter\u00eda local. Bitcoin no funciona as\u00ed. Solo necesita encontrar un revendedor en l\u00ednea oficial y leg\u00edtimo de billetes de loter\u00eda Powerball.<br \/>No es dif\u00edcil encontrarlos, ya que casi todos los minoristas en l\u00ednea est\u00e1n descubriendo poco a poco los beneficios de esta criptomoneda. Incluso las marcas m\u00e1s importantes se est\u00e1n sumando. La mayor\u00eda de estos revendedores tambi\u00e9n aceptan d\u00f3lares, pero lo m\u00e1s importante es que le permitir\u00e1n <span style=\"text-decoration: underline;\"><a href=\"http:\/\/www.bitcoincasino.org\/games\/lottery\" target=\"_blank\" rel=\"noopener noreferrer\">comprar billetes de Powerball en Bitcoins<\/a><\/span>.<br \/>Algunos incluso venden billetes de loter\u00eda internacionales como Euromillones en Europa, la loter\u00eda m\u00e1s grande del pa\u00eds. Si compr\u00f3 un billete de Powerball, el revendedor le enviar\u00e1 copias escaneadas de sus billetes. Es pr\u00e1cticamente lo mismo que comprar en d\u00f3lares.<\/p>\n<h2>\u00bfC\u00f3mo recibo mi pago?<\/h2>\n<p>Esta es la parte m\u00e1s importante: \u00bfc\u00f3mo recibes tus ganancias? Hay varias opciones. Si ganas una cantidad peque\u00f1a, puedes recibir el importe completo de una vez. Si ganas una cantidad mayor, el revendedor puede pagar directamente a tu billetera Bitcoin en varias cuotas. Si ganas el premio gordo, que suele ser enorme, tambi\u00e9n puedes optar por cobrar tus ganancias en persona.<br \/>Pero lo mejor es que no tienes que cobrar tus ganancias en persona. Esta opci\u00f3n suele ser la mejor si quieres que te paguen en moneda corriente. Pero si quieres tus ganancias en Bitcoins, simplemente cobra el importe completo (si es posible).<br \/>Los Bitcoins no est\u00e1n sujetos a impuestos ni a comisiones de procesamiento. Lo m\u00e1s importante es que puedes retirar tus ganancias en 10 minutos, algo imposible con cualquier otro m\u00e9todo de pago.<\/p>\n<h3>La Ventaja<\/h3>\n<p>Jugar a la loter\u00eda con Bitcoins tiene una gran ventaja: el anonimato. Si bien los dep\u00f3sitos en moneda tradicional requieren diversas formas de identificaci\u00f3n y prueba de identidad, esto no ocurre con Bitcoins. Abrir una cuenta con un revendedor en l\u00ednea tambi\u00e9n requiere un esfuerzo m\u00ednimo. Solo necesitas ingresar tu correo electr\u00f3nico y generar una direcci\u00f3n Bitcoin personal donde se recibir\u00e1n y almacenar\u00e1n tus Bitcoins. Sin nombre, apellidos, tarjetas de cr\u00e9dito, calle ni direcci\u00f3n: nada relacionado con datos confidenciales que puedan usarse para perjudicarte.<\/p>\n","protected":false},"excerpt":{"rendered":"<p>\u00bfSe puede jugar a la loter\u00eda Powerball con bitcoins? El a\u00f1o pasado, la loter\u00eda Powerball de EE. UU. alcanz\u00f3 un m\u00e1ximo hist\u00f3rico de 1500 millones de d\u00f3lares. \u00a1Incre\u00edble! Ni te imaginas esa cifra ni lo que significa ganar tanto dinero. Todos compraban billetes como locos para hacerse ricos como Creso. \u00bfPero sab\u00edas que es posible &hellip; <\/p>\n<p class=\"link-more\"><a href=\"https:\/\/powerballonlinelos.de\/es\/loteria-powerball-con-bitcoins\/\" class=\"more-link\">Leer m\u00e1s<span class=\"screen-reader-text\"> \u00abLoter\u00eda Powerball con Bitcoins\u00bb<\/span><\/a><\/p>\n","protected":false},"author":1,"featured_media":0,"parent":0,"menu_order":0,"comment_status":"closed","ping_status":"closed","template":"","meta":{"footnotes":""},"class_list":["post-42","page","type-page","status-publish","hentry"],"yoast_head":"<!-- This site is optimized with the Yoast SEO plugin v27.3 - https:\/\/yoast.com\/product\/yoast-seo-wordpress\/ -->\n<title>Loter\u00eda Powerball con Bitcoins<\/title>\n<meta name=\"robots\" content=\"index, follow, max-snippet:-1, max-image-preview:large, max-video-preview:-1\" \/>\n<link rel=\"canonical\" href=\"https:\/\/powerballonlinelos.de\/es\/loteria-powerball-con-bitcoins\/\" \/>\n<meta property=\"og:locale\" content=\"es_ES\" \/>\n<meta property=\"og:type\" content=\"article\" \/>\n<meta property=\"og:title\" content=\"Loter\u00eda Powerball con Bitcoins\" \/>\n<meta property=\"og:description\" content=\"\u00bfSe puede jugar a la loter\u00eda Powerball con bitcoins? El a\u00f1o pasado, la loter\u00eda Powerball de EE. UU. alcanz\u00f3 un m\u00e1ximo hist\u00f3rico de 1500 millones de d\u00f3lares. \u00a1Incre\u00edble! Ni te imaginas esa cifra ni lo que significa ganar tanto dinero. Todos compraban billetes como locos para hacerse ricos como Creso. \u00bfPero sab\u00edas que es posible &hellip; Leer m\u00e1s \u00abLoter\u00eda Powerball con Bitcoins\u00bb\" \/>\n<meta property=\"og:url\" content=\"https:\/\/powerballonlinelos.de\/es\/loteria-powerball-con-bitcoins\/\" \/>\n<meta name=\"twitter:card\" content=\"summary_large_image\" \/>\n<meta name=\"twitter:label1\" content=\"Tiempo de lectura\" \/>\n\t<meta name=\"twitter:data1\" content=\"3 minutos\" \/>\n<script type=\"application\/ld+json\" class=\"yoast-schema-graph\">{\"@context\":\"https:\\\/\\\/schema.org\",\"@graph\":[{\"@type\":\"WebPage\",\"@id\":\"https:\\\/\\\/powerballonlinelos.de\\\/es\\\/loteria-powerball-con-bitcoins\\\/\",\"url\":\"https:\\\/\\\/powerballonlinelos.de\\\/es\\\/loteria-powerball-con-bitcoins\\\/\",\"name\":\"Loter\u00eda Powerball con Bitcoins\",\"isPartOf\":{\"@id\":\"https:\\\/\\\/powerballonlinelos.de\\\/es\\\/#website\"},\"datePublished\":\"2025-08-01T17:55:09+00:00\",\"breadcrumb\":{\"@id\":\"https:\\\/\\\/powerballonlinelos.de\\\/es\\\/loteria-powerball-con-bitcoins\\\/#breadcrumb\"},\"inLanguage\":\"es\",\"potentialAction\":[{\"@type\":\"ReadAction\",\"target\":[\"https:\\\/\\\/powerballonlinelos.de\\\/es\\\/loteria-powerball-con-bitcoins\\\/\"]}]},{\"@type\":\"BreadcrumbList\",\"@id\":\"https:\\\/\\\/powerballonlinelos.de\\\/es\\\/loteria-powerball-con-bitcoins\\\/#breadcrumb\",\"itemListElement\":[{\"@type\":\"ListItem\",\"position\":1,\"name\":\"Home\",\"item\":\"https:\\\/\\\/powerballonlinelos.de\\\/es\\\/\"},{\"@type\":\"ListItem\",\"position\":2,\"name\":\"Loter\u00eda Powerball con Bitcoins\"}]},{\"@type\":\"WebSite\",\"@id\":\"https:\\\/\\\/powerballonlinelos.de\\\/es\\\/#website\",\"url\":\"https:\\\/\\\/powerballonlinelos.de\\\/es\\\/\",\"name\":\"\",\"description\":\"\",\"potentialAction\":[{\"@type\":\"SearchAction\",\"target\":{\"@type\":\"EntryPoint\",\"urlTemplate\":\"https:\\\/\\\/powerballonlinelos.de\\\/es\\\/?s={search_term_string}\"},\"query-input\":{\"@type\":\"PropertyValueSpecification\",\"valueRequired\":true,\"valueName\":\"search_term_string\"}}],\"inLanguage\":\"es\"}]}<\/script>\n<!-- \/ Yoast SEO plugin. -->","yoast_head_json":{"title":"Loter\u00eda Powerball con Bitcoins","robots":{"index":"index","follow":"follow","max-snippet":"max-snippet:-1","max-image-preview":"max-image-preview:large","max-video-preview":"max-video-preview:-1"},"canonical":"https:\/\/powerballonlinelos.de\/es\/loteria-powerball-con-bitcoins\/","og_locale":"es_ES","og_type":"article","og_title":"Loter\u00eda Powerball con Bitcoins","og_description":"\u00bfSe puede jugar a la loter\u00eda Powerball con bitcoins? El a\u00f1o pasado, la loter\u00eda Powerball de EE. UU. alcanz\u00f3 un m\u00e1ximo hist\u00f3rico de 1500 millones de d\u00f3lares. \u00a1Incre\u00edble! Ni te imaginas esa cifra ni lo que significa ganar tanto dinero. Todos compraban billetes como locos para hacerse ricos como Creso. \u00bfPero sab\u00edas que es posible &hellip; Leer m\u00e1s \u00abLoter\u00eda Powerball con Bitcoins\u00bb","og_url":"https:\/\/powerballonlinelos.de\/es\/loteria-powerball-con-bitcoins\/","twitter_card":"summary_large_image","twitter_misc":{"Tiempo de lectura":"3 minutos"},"schema":{"@context":"https:\/\/schema.org","@graph":[{"@type":"WebPage","@id":"https:\/\/powerballonlinelos.de\/es\/loteria-powerball-con-bitcoins\/","url":"https:\/\/powerballonlinelos.de\/es\/loteria-powerball-con-bitcoins\/","name":"Loter\u00eda Powerball con Bitcoins","isPartOf":{"@id":"https:\/\/powerballonlinelos.de\/es\/#website"},"datePublished":"2025-08-01T17:55:09+00:00","breadcrumb":{"@id":"https:\/\/powerballonlinelos.de\/es\/loteria-powerball-con-bitcoins\/#breadcrumb"},"inLanguage":"es","potentialAction":[{"@type":"ReadAction","target":["https:\/\/powerballonlinelos.de\/es\/loteria-powerball-con-bitcoins\/"]}]},{"@type":"BreadcrumbList","@id":"https:\/\/powerballonlinelos.de\/es\/loteria-powerball-con-bitcoins\/#breadcrumb","itemListElement":[{"@type":"ListItem","position":1,"name":"Home","item":"https:\/\/powerballonlinelos.de\/es\/"},{"@type":"ListItem","position":2,"name":"Loter\u00eda Powerball con Bitcoins"}]},{"@type":"WebSite","@id":"https:\/\/powerballonlinelos.de\/es\/#website","url":"https:\/\/powerballonlinelos.de\/es\/","name":"","description":"","potentialAction":[{"@type":"SearchAction","target":{"@type":"EntryPoint","urlTemplate":"https:\/\/powerballonlinelos.de\/es\/?s={search_term_string}"},"query-input":{"@type":"PropertyValueSpecification","valueRequired":true,"valueName":"search_term_string"}}],"inLanguage":"es"}]}},"_links":{"self":[{"href":"https:\/\/powerballonlinelos.de\/es\/wp-json\/wp\/v2\/pages\/42","targetHints":{"allow":["GET"]}}],"collection":[{"href":"https:\/\/powerballonlinelos.de\/es\/wp-json\/wp\/v2\/pages"}],"about":[{"href":"https:\/\/powerballonlinelos.de\/es\/wp-json\/wp\/v2\/types\/page"}],"author":[{"embeddable":true,"href":"https:\/\/powerballonlinelos.de\/es\/wp-json\/wp\/v2\/users\/1"}],"replies":[{"embeddable":true,"href":"https:\/\/powerballonlinelos.de\/es\/wp-json\/wp\/v2\/comments?post=42"}],"version-history":[{"count":0,"href":"https:\/\/powerballonlinelos.de\/es\/wp-json\/wp\/v2\/pages\/42\/revisions"}],"wp:attachment":[{"href":"https:\/\/powerballonlinelos.de\/es\/wp-json\/wp\/v2\/media?parent=42"}],"curies":[{"name":"wp","href":"https:\/\/api.w.org\/{rel}","templated":true}]}}