{"id":41,"date":"2025-08-01T18:08:21","date_gmt":"2025-08-01T18:08:21","guid":{"rendered":"https:\/\/powerballonlinelos.de\/mas-informacion-sobre-la-loteria-online\/como-jugar-a-las-loterias-estadounidenses-en-linea\/"},"modified":"2025-08-01T18:08:21","modified_gmt":"2025-08-01T18:08:21","slug":"como-jugar-a-las-loterias-estadounidenses-en-linea","status":"publish","type":"page","link":"https:\/\/powerballonlinelos.de\/es\/mas-informacion-sobre-la-loteria-online\/como-jugar-a-las-loterias-estadounidenses-en-linea\/","title":{"rendered":"C\u00f3mo jugar a las loter\u00edas estadounidenses en l\u00ednea"},"content":{"rendered":"<p>\u00bfQuieres jugar a las loter\u00edas estadounidenses? Estados Unidos alberga algunas de las loter\u00edas m\u00e1s grandes del mundo, como Powerball y Mega Millions. Estas loter\u00edas est\u00e1n abiertas a quienes viven en Estados Unidos. Pero si vives fuera de Estados Unidos, quiz\u00e1s te preguntes c\u00f3mo puedes jugar a la loter\u00eda estadounidense. Puedes hacerlo <a href=\"https:\/\/simbalotto.com\/buy-lottery-tickets-online\/\">comprando billetes de loter\u00eda en l\u00ednea<\/a>.<\/p>\n<p>&nbsp;<\/p>\n<h2>\u00bfSon reales los billetes en l\u00ednea?<\/h2>\n<p>Puedes comprar billetes de loter\u00eda f\u00e1cilmente en l\u00ednea, pero ten cuidado. La mayor\u00eda de las loter\u00edas estadounidenses est\u00e1n abiertas a quienes viven en Estados Unidos, pero hay algunos proveedores de loter\u00eda en l\u00ednea. Estos proveedores te dan acceso a las principales loter\u00edas internacionales desde cualquier parte del mundo.<\/p>\n<p>&nbsp;<\/p>\n<p>Ten en cuenta que algunos sitios de loter\u00eda solo te dan la oportunidad de apostar al resultado. Es importante verificar que est\u00e9s usando sitios que te den acceso a <a href=\"https:\/\/simbalotto.com\/play-online\/mega-millions\/\">loter\u00edas estadounidenses<\/a>, como simbalotto.com.<\/p>\n<p>&nbsp;<\/p>\n<h2>C\u00f3mo comprar billetes de loter\u00eda en l\u00ednea<\/h2>\n<p>Si usas un sitio en l\u00ednea para comprar billetes de loter\u00eda, el primer paso es elegir la loter\u00eda a la que quieres jugar. Por ejemplo, elige Powerball, elige tus n\u00fameros y luego el sorteo en el que quieres participar. Despu\u00e9s, paga tu billete.<\/p>\n<p>&nbsp;<\/p>\n<p>La mayor\u00eda de los sitios te pedir\u00e1n que te registres al momento del pago. Al registrarte, podr\u00e1s cobrar cualquier premio que ganes directamente desde el sitio. As\u00ed que, si quieres jugar a las loter\u00edas estadounidenses hoy mismo, visita simbalotto.com.<\/p>\n","protected":false},"excerpt":{"rendered":"<p>\u00bfQuieres jugar a las loter\u00edas estadounidenses? Estados Unidos alberga algunas de las loter\u00edas m\u00e1s grandes del mundo, como Powerball y Mega Millions. Estas loter\u00edas est\u00e1n abiertas a quienes viven en Estados Unidos. Pero si vives fuera de Estados Unidos, quiz\u00e1s te preguntes c\u00f3mo puedes jugar a la loter\u00eda estadounidense. Puedes hacerlo comprando billetes de loter\u00eda &hellip; <\/p>\n<p class=\"link-more\"><a href=\"https:\/\/powerballonlinelos.de\/es\/mas-informacion-sobre-la-loteria-online\/como-jugar-a-las-loterias-estadounidenses-en-linea\/\" class=\"more-link\">Leer m\u00e1s<span class=\"screen-reader-text\"> \u00abC\u00f3mo jugar a las loter\u00edas estadounidenses en l\u00ednea\u00bb<\/span><\/a><\/p>\n","protected":false},"author":1,"featured_media":0,"parent":36,"menu_order":0,"comment_status":"closed","ping_status":"closed","template":"","meta":{"footnotes":""},"class_list":["post-41","page","type-page","status-publish","hentry"],"yoast_head":"<!-- This site is optimized with the Yoast SEO plugin v27.3 - https:\/\/yoast.com\/product\/yoast-seo-wordpress\/ -->\n<title>C\u00f3mo jugar a las loter\u00edas estadounidenses en l\u00ednea<\/title>\n<meta name=\"robots\" content=\"index, follow, max-snippet:-1, max-image-preview:large, max-video-preview:-1\" \/>\n<link rel=\"canonical\" href=\"https:\/\/powerballonlinelos.de\/es\/mas-informacion-sobre-la-loteria-online\/como-jugar-a-las-loterias-estadounidenses-en-linea\/\" \/>\n<meta property=\"og:locale\" content=\"es_ES\" \/>\n<meta property=\"og:type\" content=\"article\" \/>\n<meta property=\"og:title\" content=\"C\u00f3mo jugar a las loter\u00edas estadounidenses en l\u00ednea\" \/>\n<meta property=\"og:description\" content=\"\u00bfQuieres jugar a las loter\u00edas estadounidenses? Estados Unidos alberga algunas de las loter\u00edas m\u00e1s grandes del mundo, como Powerball y Mega Millions. Estas loter\u00edas est\u00e1n abiertas a quienes viven en Estados Unidos. Pero si vives fuera de Estados Unidos, quiz\u00e1s te preguntes c\u00f3mo puedes jugar a la loter\u00eda estadounidense. Puedes hacerlo comprando billetes de loter\u00eda &hellip; Leer m\u00e1s \u00abC\u00f3mo jugar a las loter\u00edas estadounidenses en l\u00ednea\u00bb\" \/>\n<meta property=\"og:url\" content=\"https:\/\/powerballonlinelos.de\/es\/mas-informacion-sobre-la-loteria-online\/como-jugar-a-las-loterias-estadounidenses-en-linea\/\" \/>\n<meta name=\"twitter:card\" content=\"summary_large_image\" \/>\n<meta name=\"twitter:label1\" content=\"Tiempo de lectura\" \/>\n\t<meta name=\"twitter:data1\" content=\"1 minuto\" \/>\n<script type=\"application\/ld+json\" class=\"yoast-schema-graph\">{\"@context\":\"https:\\\/\\\/schema.org\",\"@graph\":[{\"@type\":\"WebPage\",\"@id\":\"https:\\\/\\\/powerballonlinelos.de\\\/es\\\/mas-informacion-sobre-la-loteria-online\\\/como-jugar-a-las-loterias-estadounidenses-en-linea\\\/\",\"url\":\"https:\\\/\\\/powerballonlinelos.de\\\/es\\\/mas-informacion-sobre-la-loteria-online\\\/como-jugar-a-las-loterias-estadounidenses-en-linea\\\/\",\"name\":\"C\u00f3mo jugar a las loter\u00edas estadounidenses en l\u00ednea\",\"isPartOf\":{\"@id\":\"https:\\\/\\\/powerballonlinelos.de\\\/es\\\/#website\"},\"datePublished\":\"2025-08-01T18:08:21+00:00\",\"breadcrumb\":{\"@id\":\"https:\\\/\\\/powerballonlinelos.de\\\/es\\\/mas-informacion-sobre-la-loteria-online\\\/como-jugar-a-las-loterias-estadounidenses-en-linea\\\/#breadcrumb\"},\"inLanguage\":\"es\",\"potentialAction\":[{\"@type\":\"ReadAction\",\"target\":[\"https:\\\/\\\/powerballonlinelos.de\\\/es\\\/mas-informacion-sobre-la-loteria-online\\\/como-jugar-a-las-loterias-estadounidenses-en-linea\\\/\"]}]},{\"@type\":\"BreadcrumbList\",\"@id\":\"https:\\\/\\\/powerballonlinelos.de\\\/es\\\/mas-informacion-sobre-la-loteria-online\\\/como-jugar-a-las-loterias-estadounidenses-en-linea\\\/#breadcrumb\",\"itemListElement\":[{\"@type\":\"ListItem\",\"position\":1,\"name\":\"Home\",\"item\":\"https:\\\/\\\/powerballonlinelos.de\\\/es\\\/\"},{\"@type\":\"ListItem\",\"position\":2,\"name\":\"M\u00e1s informaci\u00f3n sobre la loter\u00eda online\",\"item\":\"https:\\\/\\\/powerballonlinelos.de\\\/es\\\/mehr-informationen-zum-online-lotto\\\/\"},{\"@type\":\"ListItem\",\"position\":3,\"name\":\"C\u00f3mo jugar a las loter\u00edas estadounidenses en l\u00ednea\"}]},{\"@type\":\"WebSite\",\"@id\":\"https:\\\/\\\/powerballonlinelos.de\\\/es\\\/#website\",\"url\":\"https:\\\/\\\/powerballonlinelos.de\\\/es\\\/\",\"name\":\"\",\"description\":\"\",\"potentialAction\":[{\"@type\":\"SearchAction\",\"target\":{\"@type\":\"EntryPoint\",\"urlTemplate\":\"https:\\\/\\\/powerballonlinelos.de\\\/es\\\/?s={search_term_string}\"},\"query-input\":{\"@type\":\"PropertyValueSpecification\",\"valueRequired\":true,\"valueName\":\"search_term_string\"}}],\"inLanguage\":\"es\"}]}<\/script>\n<!-- \/ Yoast SEO plugin. -->","yoast_head_json":{"title":"C\u00f3mo jugar a las loter\u00edas estadounidenses en l\u00ednea","robots":{"index":"index","follow":"follow","max-snippet":"max-snippet:-1","max-image-preview":"max-image-preview:large","max-video-preview":"max-video-preview:-1"},"canonical":"https:\/\/powerballonlinelos.de\/es\/mas-informacion-sobre-la-loteria-online\/como-jugar-a-las-loterias-estadounidenses-en-linea\/","og_locale":"es_ES","og_type":"article","og_title":"C\u00f3mo jugar a las loter\u00edas estadounidenses en l\u00ednea","og_description":"\u00bfQuieres jugar a las loter\u00edas estadounidenses? Estados Unidos alberga algunas de las loter\u00edas m\u00e1s grandes del mundo, como Powerball y Mega Millions. Estas loter\u00edas est\u00e1n abiertas a quienes viven en Estados Unidos. Pero si vives fuera de Estados Unidos, quiz\u00e1s te preguntes c\u00f3mo puedes jugar a la loter\u00eda estadounidense. Puedes hacerlo comprando billetes de loter\u00eda &hellip; Leer m\u00e1s \u00abC\u00f3mo jugar a las loter\u00edas estadounidenses en l\u00ednea\u00bb","og_url":"https:\/\/powerballonlinelos.de\/es\/mas-informacion-sobre-la-loteria-online\/como-jugar-a-las-loterias-estadounidenses-en-linea\/","twitter_card":"summary_large_image","twitter_misc":{"Tiempo de lectura":"1 minuto"},"schema":{"@context":"https:\/\/schema.org","@graph":[{"@type":"WebPage","@id":"https:\/\/powerballonlinelos.de\/es\/mas-informacion-sobre-la-loteria-online\/como-jugar-a-las-loterias-estadounidenses-en-linea\/","url":"https:\/\/powerballonlinelos.de\/es\/mas-informacion-sobre-la-loteria-online\/como-jugar-a-las-loterias-estadounidenses-en-linea\/","name":"C\u00f3mo jugar a las loter\u00edas estadounidenses en l\u00ednea","isPartOf":{"@id":"https:\/\/powerballonlinelos.de\/es\/#website"},"datePublished":"2025-08-01T18:08:21+00:00","breadcrumb":{"@id":"https:\/\/powerballonlinelos.de\/es\/mas-informacion-sobre-la-loteria-online\/como-jugar-a-las-loterias-estadounidenses-en-linea\/#breadcrumb"},"inLanguage":"es","potentialAction":[{"@type":"ReadAction","target":["https:\/\/powerballonlinelos.de\/es\/mas-informacion-sobre-la-loteria-online\/como-jugar-a-las-loterias-estadounidenses-en-linea\/"]}]},{"@type":"BreadcrumbList","@id":"https:\/\/powerballonlinelos.de\/es\/mas-informacion-sobre-la-loteria-online\/como-jugar-a-las-loterias-estadounidenses-en-linea\/#breadcrumb","itemListElement":[{"@type":"ListItem","position":1,"name":"Home","item":"https:\/\/powerballonlinelos.de\/es\/"},{"@type":"ListItem","position":2,"name":"M\u00e1s informaci\u00f3n sobre la loter\u00eda online","item":"https:\/\/powerballonlinelos.de\/es\/mehr-informationen-zum-online-lotto\/"},{"@type":"ListItem","position":3,"name":"C\u00f3mo jugar a las loter\u00edas estadounidenses en l\u00ednea"}]},{"@type":"WebSite","@id":"https:\/\/powerballonlinelos.de\/es\/#website","url":"https:\/\/powerballonlinelos.de\/es\/","name":"","description":"","potentialAction":[{"@type":"SearchAction","target":{"@type":"EntryPoint","urlTemplate":"https:\/\/powerballonlinelos.de\/es\/?s={search_term_string}"},"query-input":{"@type":"PropertyValueSpecification","valueRequired":true,"valueName":"search_term_string"}}],"inLanguage":"es"}]}},"_links":{"self":[{"href":"https:\/\/powerballonlinelos.de\/es\/wp-json\/wp\/v2\/pages\/41","targetHints":{"allow":["GET"]}}],"collection":[{"href":"https:\/\/powerballonlinelos.de\/es\/wp-json\/wp\/v2\/pages"}],"about":[{"href":"https:\/\/powerballonlinelos.de\/es\/wp-json\/wp\/v2\/types\/page"}],"author":[{"embeddable":true,"href":"https:\/\/powerballonlinelos.de\/es\/wp-json\/wp\/v2\/users\/1"}],"replies":[{"embeddable":true,"href":"https:\/\/powerballonlinelos.de\/es\/wp-json\/wp\/v2\/comments?post=41"}],"version-history":[{"count":0,"href":"https:\/\/powerballonlinelos.de\/es\/wp-json\/wp\/v2\/pages\/41\/revisions"}],"up":[{"embeddable":true,"href":"https:\/\/powerballonlinelos.de\/es\/wp-json\/wp\/v2\/pages\/36"}],"wp:attachment":[{"href":"https:\/\/powerballonlinelos.de\/es\/wp-json\/wp\/v2\/media?parent=41"}],"curies":[{"name":"wp","href":"https:\/\/api.w.org\/{rel}","templated":true}]}}