{"id":36,"date":"2025-08-01T17:59:21","date_gmt":"2025-08-01T17:59:21","guid":{"rendered":"https:\/\/powerballonlinelos.de\/mas-informacion-sobre-la-loteria-online\/"},"modified":"2025-08-01T17:59:21","modified_gmt":"2025-08-01T17:59:21","slug":"mas-informacion-sobre-la-loteria-online","status":"publish","type":"page","link":"https:\/\/powerballonlinelos.de\/es\/mas-informacion-sobre-la-loteria-online\/","title":{"rendered":"M\u00e1s informaci\u00f3n sobre la loter\u00eda online"},"content":{"rendered":"<p>Jugar a la loter\u00eda en l\u00ednea<\/p>\n<p>Jugar a la loter\u00eda antes depend\u00eda de tu ubicaci\u00f3n geogr\u00e1fica. Pero desde que existe internet, puedes participar en loter\u00edas en l\u00ednea de todo el mundo.<\/p>\n<p>Antes, solo pod\u00edas jugar a la loter\u00eda en tu zona. Gracias a internet, ahora puedes jugar a la loter\u00eda local e internacionalmente.<\/p>\n<p>As\u00ed que, sin importar d\u00f3nde te encuentres, hay una gran variedad de loter\u00edas disponibles. Las loter\u00edas en l\u00ednea son incre\u00edblemente populares y se pueden jugar en todas las categor\u00edas, desde loter\u00edas australianas e inglesas hasta loter\u00edas estadounidenses.<\/p>\n<p>Jugar en l\u00ednea es muy f\u00e1cil con el servicio RedFoxLotto. Puedes elegir si quieres jugar a la loter\u00eda de tu pa\u00eds o a una internacional. Solo tienes que comprar un boleto en l\u00ednea.<\/p>\n<p>Para participar en las loter\u00edas correspondientes, debes cumplir siempre con las normas del pa\u00eds y, por lo general, ser mayor de 18 a\u00f1os. El resto es f\u00e1cil. Solo necesitas acceso a internet y algunos billetes.<\/p>\n<h2>Loter\u00edas Internacionales Online<\/h2>\n<p>Entonces, \u00bfc\u00f3mo decides a qu\u00e9 loter\u00eda jugar? Eso depende completamente de ti. Puedes elegir al azar o seguir una estrategia. Por ejemplo, puedes elegir una loter\u00eda con varios sorteos por semana o solo uno.<\/p>\n<p>Si quieres jugar a una loter\u00eda que te haga significativamente rico de una sola vez, puedes jugar a la que tenga el premio mayor m\u00e1s alto de esa semana.<\/p>\n<p>Una vez que te registres como miembro de RedFoxLotto, debes proporcionar tu direcci\u00f3n de correo electr\u00f3nico e informaci\u00f3n general. Despu\u00e9s, podr\u00e1s explorar el mundo de los juegos de loter\u00eda. En nuestro sitio web, encontrar\u00e1s las loter\u00edas m\u00e1s populares a la izquierda y a la derecha, ordenadas por importe del premio mayor y fecha del sorteo. Puedes explorarlas f\u00e1cilmente y comprar un billete online con un solo clic.<\/p>\n<p>Solo tienes que elegir la loter\u00eda a la que quieres jugar y seleccionar tus n\u00fameros. Puedes comprar tu <a href=\"https:\/\/redfoxlotto.com\/es\" target=\"_self\">billete de loter\u00eda en l\u00ednea<\/a>, una opci\u00f3n muy popular porque no se pierde un billete digital.<\/p>\n<p>Despu\u00e9s de cada sorteo, los resultados se publican en l\u00ednea inmediatamente. Si ganas alg\u00fan premio, recibir\u00e1s una notificaci\u00f3n autom\u00e1tica en la direcci\u00f3n de correo electr\u00f3nico que proporcionaste durante el registro.<\/p>\n<p>&nbsp;<\/p>\n<p>&nbsp;<\/p>\n","protected":false},"excerpt":{"rendered":"<p>Jugar a la loter\u00eda en l\u00ednea Jugar a la loter\u00eda antes depend\u00eda de tu ubicaci\u00f3n geogr\u00e1fica. Pero desde que existe internet, puedes participar en loter\u00edas en l\u00ednea de todo el mundo. Antes, solo pod\u00edas jugar a la loter\u00eda en tu zona. Gracias a internet, ahora puedes jugar a la loter\u00eda local e internacionalmente. As\u00ed que, &hellip; <\/p>\n<p class=\"link-more\"><a href=\"https:\/\/powerballonlinelos.de\/es\/mas-informacion-sobre-la-loteria-online\/\" class=\"more-link\">Leer m\u00e1s<span class=\"screen-reader-text\"> \u00abM\u00e1s informaci\u00f3n sobre la loter\u00eda online\u00bb<\/span><\/a><\/p>\n","protected":false},"author":1,"featured_media":0,"parent":0,"menu_order":0,"comment_status":"closed","ping_status":"closed","template":"","meta":{"footnotes":""},"class_list":["post-36","page","type-page","status-publish","hentry"],"yoast_head":"<!-- This site is optimized with the Yoast SEO plugin v27.3 - https:\/\/yoast.com\/product\/yoast-seo-wordpress\/ -->\n<title>Loter\u00eda en Internet | Juega a loter\u00edas internacionales en l\u00ednea<\/title>\n<meta name=\"robots\" content=\"index, follow, max-snippet:-1, max-image-preview:large, max-video-preview:-1\" \/>\n<link rel=\"canonical\" href=\"https:\/\/powerballonlinelos.de\/es\/mas-informacion-sobre-la-loteria-online\/\" \/>\n<meta property=\"og:locale\" content=\"es_ES\" \/>\n<meta property=\"og:type\" content=\"article\" \/>\n<meta property=\"og:title\" content=\"Loter\u00eda en Internet | Juega a loter\u00edas internacionales en l\u00ednea\" \/>\n<meta property=\"og:description\" content=\"Jugar a la loter\u00eda en l\u00ednea Jugar a la loter\u00eda antes depend\u00eda de tu ubicaci\u00f3n geogr\u00e1fica. Pero desde que existe internet, puedes participar en loter\u00edas en l\u00ednea de todo el mundo. Antes, solo pod\u00edas jugar a la loter\u00eda en tu zona. Gracias a internet, ahora puedes jugar a la loter\u00eda local e internacionalmente. As\u00ed que, &hellip; Leer m\u00e1s \u00abM\u00e1s informaci\u00f3n sobre la loter\u00eda online\u00bb\" \/>\n<meta property=\"og:url\" content=\"https:\/\/powerballonlinelos.de\/es\/mas-informacion-sobre-la-loteria-online\/\" \/>\n<meta name=\"twitter:card\" content=\"summary_large_image\" \/>\n<meta name=\"twitter:label1\" content=\"Tiempo de lectura\" \/>\n\t<meta name=\"twitter:data1\" content=\"2 minutos\" \/>\n<script type=\"application\/ld+json\" class=\"yoast-schema-graph\">{\"@context\":\"https:\\\/\\\/schema.org\",\"@graph\":[{\"@type\":\"WebPage\",\"@id\":\"https:\\\/\\\/powerballonlinelos.de\\\/es\\\/mas-informacion-sobre-la-loteria-online\\\/\",\"url\":\"https:\\\/\\\/powerballonlinelos.de\\\/es\\\/mas-informacion-sobre-la-loteria-online\\\/\",\"name\":\"Loter\u00eda en Internet | Juega a loter\u00edas internacionales en l\u00ednea\",\"isPartOf\":{\"@id\":\"https:\\\/\\\/powerballonlinelos.de\\\/es\\\/#website\"},\"datePublished\":\"2025-08-01T17:59:21+00:00\",\"breadcrumb\":{\"@id\":\"https:\\\/\\\/powerballonlinelos.de\\\/es\\\/mas-informacion-sobre-la-loteria-online\\\/#breadcrumb\"},\"inLanguage\":\"es\",\"potentialAction\":[{\"@type\":\"ReadAction\",\"target\":[\"https:\\\/\\\/powerballonlinelos.de\\\/es\\\/mas-informacion-sobre-la-loteria-online\\\/\"]}]},{\"@type\":\"BreadcrumbList\",\"@id\":\"https:\\\/\\\/powerballonlinelos.de\\\/es\\\/mas-informacion-sobre-la-loteria-online\\\/#breadcrumb\",\"itemListElement\":[{\"@type\":\"ListItem\",\"position\":1,\"name\":\"Home\",\"item\":\"https:\\\/\\\/powerballonlinelos.de\\\/es\\\/\"},{\"@type\":\"ListItem\",\"position\":2,\"name\":\"M\u00e1s informaci\u00f3n sobre la loter\u00eda online\"}]},{\"@type\":\"WebSite\",\"@id\":\"https:\\\/\\\/powerballonlinelos.de\\\/es\\\/#website\",\"url\":\"https:\\\/\\\/powerballonlinelos.de\\\/es\\\/\",\"name\":\"\",\"description\":\"\",\"potentialAction\":[{\"@type\":\"SearchAction\",\"target\":{\"@type\":\"EntryPoint\",\"urlTemplate\":\"https:\\\/\\\/powerballonlinelos.de\\\/es\\\/?s={search_term_string}\"},\"query-input\":{\"@type\":\"PropertyValueSpecification\",\"valueRequired\":true,\"valueName\":\"search_term_string\"}}],\"inLanguage\":\"es\"}]}<\/script>\n<!-- \/ Yoast SEO plugin. -->","yoast_head_json":{"title":"Loter\u00eda en Internet | Juega a loter\u00edas internacionales en l\u00ednea","robots":{"index":"index","follow":"follow","max-snippet":"max-snippet:-1","max-image-preview":"max-image-preview:large","max-video-preview":"max-video-preview:-1"},"canonical":"https:\/\/powerballonlinelos.de\/es\/mas-informacion-sobre-la-loteria-online\/","og_locale":"es_ES","og_type":"article","og_title":"Loter\u00eda en Internet | Juega a loter\u00edas internacionales en l\u00ednea","og_description":"Jugar a la loter\u00eda en l\u00ednea Jugar a la loter\u00eda antes depend\u00eda de tu ubicaci\u00f3n geogr\u00e1fica. Pero desde que existe internet, puedes participar en loter\u00edas en l\u00ednea de todo el mundo. Antes, solo pod\u00edas jugar a la loter\u00eda en tu zona. Gracias a internet, ahora puedes jugar a la loter\u00eda local e internacionalmente. As\u00ed que, &hellip; Leer m\u00e1s \u00abM\u00e1s informaci\u00f3n sobre la loter\u00eda online\u00bb","og_url":"https:\/\/powerballonlinelos.de\/es\/mas-informacion-sobre-la-loteria-online\/","twitter_card":"summary_large_image","twitter_misc":{"Tiempo de lectura":"2 minutos"},"schema":{"@context":"https:\/\/schema.org","@graph":[{"@type":"WebPage","@id":"https:\/\/powerballonlinelos.de\/es\/mas-informacion-sobre-la-loteria-online\/","url":"https:\/\/powerballonlinelos.de\/es\/mas-informacion-sobre-la-loteria-online\/","name":"Loter\u00eda en Internet | Juega a loter\u00edas internacionales en l\u00ednea","isPartOf":{"@id":"https:\/\/powerballonlinelos.de\/es\/#website"},"datePublished":"2025-08-01T17:59:21+00:00","breadcrumb":{"@id":"https:\/\/powerballonlinelos.de\/es\/mas-informacion-sobre-la-loteria-online\/#breadcrumb"},"inLanguage":"es","potentialAction":[{"@type":"ReadAction","target":["https:\/\/powerballonlinelos.de\/es\/mas-informacion-sobre-la-loteria-online\/"]}]},{"@type":"BreadcrumbList","@id":"https:\/\/powerballonlinelos.de\/es\/mas-informacion-sobre-la-loteria-online\/#breadcrumb","itemListElement":[{"@type":"ListItem","position":1,"name":"Home","item":"https:\/\/powerballonlinelos.de\/es\/"},{"@type":"ListItem","position":2,"name":"M\u00e1s informaci\u00f3n sobre la loter\u00eda online"}]},{"@type":"WebSite","@id":"https:\/\/powerballonlinelos.de\/es\/#website","url":"https:\/\/powerballonlinelos.de\/es\/","name":"","description":"","potentialAction":[{"@type":"SearchAction","target":{"@type":"EntryPoint","urlTemplate":"https:\/\/powerballonlinelos.de\/es\/?s={search_term_string}"},"query-input":{"@type":"PropertyValueSpecification","valueRequired":true,"valueName":"search_term_string"}}],"inLanguage":"es"}]}},"_links":{"self":[{"href":"https:\/\/powerballonlinelos.de\/es\/wp-json\/wp\/v2\/pages\/36","targetHints":{"allow":["GET"]}}],"collection":[{"href":"https:\/\/powerballonlinelos.de\/es\/wp-json\/wp\/v2\/pages"}],"about":[{"href":"https:\/\/powerballonlinelos.de\/es\/wp-json\/wp\/v2\/types\/page"}],"author":[{"embeddable":true,"href":"https:\/\/powerballonlinelos.de\/es\/wp-json\/wp\/v2\/users\/1"}],"replies":[{"embeddable":true,"href":"https:\/\/powerballonlinelos.de\/es\/wp-json\/wp\/v2\/comments?post=36"}],"version-history":[{"count":0,"href":"https:\/\/powerballonlinelos.de\/es\/wp-json\/wp\/v2\/pages\/36\/revisions"}],"wp:attachment":[{"href":"https:\/\/powerballonlinelos.de\/es\/wp-json\/wp\/v2\/media?parent=36"}],"curies":[{"name":"wp","href":"https:\/\/api.w.org\/{rel}","templated":true}]}}