{"id":35,"date":"2025-08-01T18:10:23","date_gmt":"2025-08-01T18:10:23","guid":{"rendered":"https:\/\/powerballonlinelos.de\/hogar\/"},"modified":"2025-08-27T07:14:05","modified_gmt":"2025-08-27T07:14:05","slug":"hogar","status":"publish","type":"page","link":"https:\/\/powerballonlinelos.de\/es\/","title":{"rendered":"Hogar"},"content":{"rendered":"<p>Comprar boletos de Powerball en l\u00ednea<\/p>\n<p>Todos los aficionados a la loter\u00eda del mundo seguramente han o\u00eddo hablar de la loter\u00eda Powerball estadounidense. Los botes de 200 millones de d\u00f3lares o m\u00e1s son casi habituales all\u00ed. Y las noticias informan constantemente de que los estadounidenses acuden masivamente a las loter\u00edas porque el bote de Powerball promete enormes premios.<\/p>\n<p>Naturalmente, todos los jugadores de loter\u00eda alemanes se preguntan si pueden comprar un boleto de la loter\u00eda estadounidense en l\u00ednea o si tienen que vivir en EE. UU. Volar a Estados Unidos para comprar un boleto no tiene mucho sentido&#8230;<\/p>\n<p>Bueno, la soluci\u00f3n es bastante simple: \u00a1s\u00ed se puede comprar un boleto de Powerball en l\u00ednea! Existe una empresa global y, sobre todo, totalmente confiable llamada RedFoxLotto que ofrece este servicio. <a href=\"https:\/\/redfoxlotto.com\/play\/\" target=\"_blank\" rel=\"noopener noreferrer\">RedFoxLotto<\/a> tiene agentes en todo el mundo, y los billetes de loter\u00eda que pides en l\u00ednea son comprados por el agente en el pa\u00eds correspondiente, usando tu nombre.<\/p>\n<h2>\u00bfC\u00f3mo comprar un billete de Powerball en l\u00ednea?<\/h2>\n<p>A la derecha, ver\u00e1s un recuadro con el premio mayor actual de la loter\u00eda Powerball. Si haces clic en un enlace, solo tienes que elegir tus n\u00fameros ganadores, crear una cuenta y pagar el precio del billete en l\u00ednea. Poco despu\u00e9s, recibir\u00e1s un correo electr\u00f3nico confirmando que se ha comprado un billete oficial a tu nombre. Este correo electr\u00f3nico contiene una imagen escaneada del billete original, con tu nombre.<\/p>\n<p>Esto es muy importante porque significa que, si ganas, tienes derecho a reclamar oficialmente a la compa\u00f1\u00eda de loter\u00eda. Desafortunadamente, tambi\u00e9n hay proveedores que b\u00e1sicamente \u00abse ponen al d\u00eda\u00bb con la loter\u00eda y simplemente pagan las ganancias de sus propias ventas. Pero, \u00bfde verdad cree que estas empresas le pagar\u00edan una cantidad cercana a los 50 millones de d\u00f3lares o m\u00e1s?<\/p>\n<p>Ah, s\u00ed, y el servicio de RedFoxLotto no se limita a los billetes de Powerball en l\u00ednea; tambi\u00e9n ofrece billetes de loter\u00eda en l\u00ednea para todos los dem\u00e1s premios mayores de loter\u00eda importantes de todo el mundo. \u00bfSiempre ha querido jugar a Euromillones (curiosamente, no hay billetes de loter\u00eda alemana disponibles para esta loter\u00eda)? Los billetes de Euromillones y muchos otros tambi\u00e9n est\u00e1n disponibles en l\u00ednea a trav\u00e9s de la misma cuenta de cliente. Simplemente eche un vistazo a la columna de la derecha; all\u00ed encontrar\u00e1 los montos de los premios actuales de varios eventos de loter\u00eda en todo el mundo.<\/p>\n<p>As\u00ed que, si lo desea, puede comprar un billete en l\u00ednea cada semana para la loter\u00eda con el premio mayor m\u00e1s alto. Se acab\u00f3 esperar hasta que finalmente se acumule un gran premio en la loter\u00eda alemana.<\/p>\n<p>Por cierto, Redfoxlotto tambi\u00e9n te ayuda con el pago de tus ganancias, sin comisiones. Todas las ganancias inferiores a $600 se abonan directamente en tu cuenta de cliente. Puedes solicitar la devoluci\u00f3n de estas cantidades o comprar nuevos billetes de loter\u00eda.<\/p>\n<p>Si has ganado una cantidad mayor, <span style=\"text-decoration: underline;\">recibir\u00e1s tu dinero directamente de la compa\u00f1\u00eda de loter\u00eda.<\/span> No te preocupes, no necesitas volar a EE. UU. (a menos que hayas ganado el premio gordo; te encantar\u00eda recoger ese cheque en persona, \u00bfverdad?). Solo tienes que rellenar un formulario de identificaci\u00f3n. Lo recibir\u00e1s de RedFoxLotto por correo electr\u00f3nico; compl\u00e9talo y devu\u00e9lvelo. Desde all\u00ed, se enviar\u00e1 en l\u00ednea a la comisi\u00f3n de loter\u00eda. La compa\u00f1\u00eda de loter\u00eda le extender\u00e1 un cheque, que le ser\u00e1 entregado por mensajer\u00eda o correo certificado. Solo tiene que cobrarlo en su banco y empezar a pensar en qu\u00e9 hacer con su premio millonario.<\/p>\n<p><strong>\u00a1Adelante, los grandes premios le esperan!<\/strong><\/p>\n","protected":false},"excerpt":{"rendered":"<p>Comprar boletos de Powerball en l\u00ednea Todos los aficionados a la loter\u00eda del mundo seguramente han o\u00eddo hablar de la loter\u00eda Powerball estadounidense. Los botes de 200 millones de d\u00f3lares o m\u00e1s son casi habituales all\u00ed. Y las noticias informan constantemente de que los estadounidenses acuden masivamente a las loter\u00edas porque el bote de Powerball &hellip; <\/p>\n<p class=\"link-more\"><a href=\"https:\/\/powerballonlinelos.de\/es\/\" class=\"more-link\">Leer m\u00e1s<span class=\"screen-reader-text\"> \u00abHogar\u00bb<\/span><\/a><\/p>\n","protected":false},"author":1,"featured_media":0,"parent":0,"menu_order":0,"comment_status":"closed","ping_status":"closed","template":"","meta":{"footnotes":""},"class_list":["post-35","page","type-page","status-publish","hentry"],"yoast_head":"<!-- This site is optimized with the Yoast SEO plugin v27.3 - https:\/\/yoast.com\/product\/yoast-seo-wordpress\/ -->\n<title>Compre boletos de Powerball en l\u00ednea<\/title>\n<meta name=\"robots\" content=\"index, follow, max-snippet:-1, max-image-preview:large, max-video-preview:-1\" \/>\n<link rel=\"canonical\" href=\"https:\/\/powerballonlinelos.de\/es\/\" \/>\n<meta property=\"og:locale\" content=\"es_ES\" \/>\n<meta property=\"og:type\" content=\"article\" \/>\n<meta property=\"og:title\" content=\"Compre boletos de Powerball en l\u00ednea\" \/>\n<meta property=\"og:description\" content=\"Comprar boletos de Powerball en l\u00ednea Todos los aficionados a la loter\u00eda del mundo seguramente han o\u00eddo hablar de la loter\u00eda Powerball estadounidense. Los botes de 200 millones de d\u00f3lares o m\u00e1s son casi habituales all\u00ed. Y las noticias informan constantemente de que los estadounidenses acuden masivamente a las loter\u00edas porque el bote de Powerball &hellip; Leer m\u00e1s \u00abHogar\u00bb\" \/>\n<meta property=\"og:url\" content=\"https:\/\/powerballonlinelos.de\/es\/\" \/>\n<meta property=\"article:modified_time\" content=\"2025-08-27T07:14:05+00:00\" \/>\n<meta name=\"twitter:card\" content=\"summary_large_image\" \/>\n<meta name=\"twitter:label1\" content=\"Tiempo de lectura\" \/>\n\t<meta name=\"twitter:data1\" content=\"3 minutos\" \/>\n<script type=\"application\/ld+json\" class=\"yoast-schema-graph\">{\"@context\":\"https:\\\/\\\/schema.org\",\"@graph\":[{\"@type\":\"WebPage\",\"@id\":\"https:\\\/\\\/powerballonlinelos.de\\\/es\\\/\",\"url\":\"https:\\\/\\\/powerballonlinelos.de\\\/es\\\/\",\"name\":\"Compre boletos de Powerball en l\u00ednea\",\"isPartOf\":{\"@id\":\"https:\\\/\\\/powerballonlinelos.de\\\/es\\\/#website\"},\"datePublished\":\"2025-08-01T18:10:23+00:00\",\"dateModified\":\"2025-08-27T07:14:05+00:00\",\"breadcrumb\":{\"@id\":\"https:\\\/\\\/powerballonlinelos.de\\\/es\\\/#breadcrumb\"},\"inLanguage\":\"es\",\"potentialAction\":[{\"@type\":\"ReadAction\",\"target\":[\"https:\\\/\\\/powerballonlinelos.de\\\/es\\\/\"]}]},{\"@type\":\"BreadcrumbList\",\"@id\":\"https:\\\/\\\/powerballonlinelos.de\\\/es\\\/#breadcrumb\",\"itemListElement\":[{\"@type\":\"ListItem\",\"position\":1,\"name\":\"Home\",\"item\":\"https:\\\/\\\/powerballonlinelos.de\\\/es\\\/\"},{\"@type\":\"ListItem\",\"position\":2,\"name\":\"Hogar\"}]},{\"@type\":\"WebSite\",\"@id\":\"https:\\\/\\\/powerballonlinelos.de\\\/es\\\/#website\",\"url\":\"https:\\\/\\\/powerballonlinelos.de\\\/es\\\/\",\"name\":\"\",\"description\":\"\",\"potentialAction\":[{\"@type\":\"SearchAction\",\"target\":{\"@type\":\"EntryPoint\",\"urlTemplate\":\"https:\\\/\\\/powerballonlinelos.de\\\/es\\\/?s={search_term_string}\"},\"query-input\":{\"@type\":\"PropertyValueSpecification\",\"valueRequired\":true,\"valueName\":\"search_term_string\"}}],\"inLanguage\":\"es\"}]}<\/script>\n<!-- \/ Yoast SEO plugin. -->","yoast_head_json":{"title":"Compre boletos de Powerball en l\u00ednea","robots":{"index":"index","follow":"follow","max-snippet":"max-snippet:-1","max-image-preview":"max-image-preview:large","max-video-preview":"max-video-preview:-1"},"canonical":"https:\/\/powerballonlinelos.de\/es\/","og_locale":"es_ES","og_type":"article","og_title":"Compre boletos de Powerball en l\u00ednea","og_description":"Comprar boletos de Powerball en l\u00ednea Todos los aficionados a la loter\u00eda del mundo seguramente han o\u00eddo hablar de la loter\u00eda Powerball estadounidense. Los botes de 200 millones de d\u00f3lares o m\u00e1s son casi habituales all\u00ed. Y las noticias informan constantemente de que los estadounidenses acuden masivamente a las loter\u00edas porque el bote de Powerball &hellip; Leer m\u00e1s \u00abHogar\u00bb","og_url":"https:\/\/powerballonlinelos.de\/es\/","article_modified_time":"2025-08-27T07:14:05+00:00","twitter_card":"summary_large_image","twitter_misc":{"Tiempo de lectura":"3 minutos"},"schema":{"@context":"https:\/\/schema.org","@graph":[{"@type":"WebPage","@id":"https:\/\/powerballonlinelos.de\/es\/","url":"https:\/\/powerballonlinelos.de\/es\/","name":"Compre boletos de Powerball en l\u00ednea","isPartOf":{"@id":"https:\/\/powerballonlinelos.de\/es\/#website"},"datePublished":"2025-08-01T18:10:23+00:00","dateModified":"2025-08-27T07:14:05+00:00","breadcrumb":{"@id":"https:\/\/powerballonlinelos.de\/es\/#breadcrumb"},"inLanguage":"es","potentialAction":[{"@type":"ReadAction","target":["https:\/\/powerballonlinelos.de\/es\/"]}]},{"@type":"BreadcrumbList","@id":"https:\/\/powerballonlinelos.de\/es\/#breadcrumb","itemListElement":[{"@type":"ListItem","position":1,"name":"Home","item":"https:\/\/powerballonlinelos.de\/es\/"},{"@type":"ListItem","position":2,"name":"Hogar"}]},{"@type":"WebSite","@id":"https:\/\/powerballonlinelos.de\/es\/#website","url":"https:\/\/powerballonlinelos.de\/es\/","name":"","description":"","potentialAction":[{"@type":"SearchAction","target":{"@type":"EntryPoint","urlTemplate":"https:\/\/powerballonlinelos.de\/es\/?s={search_term_string}"},"query-input":{"@type":"PropertyValueSpecification","valueRequired":true,"valueName":"search_term_string"}}],"inLanguage":"es"}]}},"_links":{"self":[{"href":"https:\/\/powerballonlinelos.de\/es\/wp-json\/wp\/v2\/pages\/35","targetHints":{"allow":["GET"]}}],"collection":[{"href":"https:\/\/powerballonlinelos.de\/es\/wp-json\/wp\/v2\/pages"}],"about":[{"href":"https:\/\/powerballonlinelos.de\/es\/wp-json\/wp\/v2\/types\/page"}],"author":[{"embeddable":true,"href":"https:\/\/powerballonlinelos.de\/es\/wp-json\/wp\/v2\/users\/1"}],"replies":[{"embeddable":true,"href":"https:\/\/powerballonlinelos.de\/es\/wp-json\/wp\/v2\/comments?post=35"}],"version-history":[{"count":1,"href":"https:\/\/powerballonlinelos.de\/es\/wp-json\/wp\/v2\/pages\/35\/revisions"}],"predecessor-version":[{"id":275,"href":"https:\/\/powerballonlinelos.de\/es\/wp-json\/wp\/v2\/pages\/35\/revisions\/275"}],"wp:attachment":[{"href":"https:\/\/powerballonlinelos.de\/es\/wp-json\/wp\/v2\/media?parent=35"}],"curies":[{"name":"wp","href":"https:\/\/api.w.org\/{rel}","templated":true}]}}