{"id":303,"date":"2025-08-01T18:10:23","date_gmt":"2025-08-01T18:10:23","guid":{"rendered":"https:\/\/powerballonlinelos.de\/hjem\/"},"modified":"2025-08-01T18:10:23","modified_gmt":"2025-08-01T18:10:23","slug":"hjem","status":"publish","type":"page","link":"https:\/\/powerballonlinelos.de\/da\/","title":{"rendered":"Hjem"},"content":{"rendered":"<h2>K\u00f8b Powerball-kuponer online<\/h2>\n<p>Enhver lotterientusiast verden over har sikkert h\u00f8rt om det amerikanske Powerball-lotteri. Jackpots p\u00e5 200 millioner dollars og mere er n\u00e6sten normale der. Og nyhederne rapporterer konstant, at amerikanere stormer lotteributikker, fordi Powerball-jackpotten lover enorme gevinster.<\/p>\n<p>Naturligvis spekulerer enhver tysk lotterispiller p\u00e5, om de kan k\u00f8be en kupon til det amerikanske lotteri online, eller om de skal bo i USA for at g\u00f8re det. At flyve til Amerika for at k\u00f8be en kupon giver virkelig ikke mening&#8230;<\/p>\n<p>L\u00f8sningen er ret simpel: Du kan faktisk k\u00f8be en Powerball-kupon online!<\/strong> Der er et globalt opererende og frem for alt fuldt ud velrenommeret og p\u00e5lideligt firma kaldet RedFoxLotto, der tilbyder en s\u00e5dan service. <a href=\"https:\/\/redfoxlotto.com\/play\/\" target=\"_blank\" rel=\"noopener noreferrer\">RedFoxLotto<\/a> har distributionspartnere over hele verden. Online bestilte lodsedler k\u00f8bes derefter for dig af distributionspartnerne i det respektive land i dit navn.<\/p>\n<h2>Hvordan k\u00f8ber jeg en Powerball-lodseddel online?<\/h2>\n<p>P\u00e5 h\u00f8jre side ser du en boks med den aktuelle Powerball-jackpot. Klik p\u00e5 et link der for at v\u00e6lge dine vindende tal, oprette en kundekonto og betale k\u00f8bsprisen for lodseddelen online. Kort efter modtager du en e-mail, der bekr\u00e6fter, at en officiel lodseddel faktisk er k\u00f8bt i dit navn. Denne e-mail indeholder et scannet billede af den originale lodseddel \u2013 med dit navn p\u00e5.<\/p>\n<p>Dette er meget vigtigt, fordi hvis du vinder, har du et officielt krav mod lotteriselskabet. Desv\u00e6rre er der ogs\u00e5 udbydere, der i bund og grund &#8220;opkr\u00e6ver&#8221; lotterigevinster og blot udbetaler gevinster fra deres eget salg. Men tror du virkelig, at disse virksomheder ville betale dig 50 millioner dollars eller mere?<\/p>\n<p>\u00c5h ja, RedFoxLotto tilbyder ikke kun online Powerball-lodsedler, men ogs\u00e5 online lotterilodsedler til alle andre store lotterijackpots verden over. Har du altid \u00f8nsket at spille EuroMillions (m\u00e6rkv\u00e6rdigt nok er der ingen tyske lodsedler til dette lotteri)? Lodser til EuroMillions og mange andre lotterilodsedler er ogs\u00e5 tilg\u00e6ngelige online via den samme kundekonto. Bare kig i h\u00f8jre kolonne; der finder du de aktuelle pr\u00e6miebel\u00f8b for forskellige lotteribegivenheder rundt om i verden.<\/p>\n<p>P\u00e5 denne m\u00e5de kan du, hvis du \u00f8nsker det, k\u00f8be en online lodseddel til lotteriet med den h\u00f8jeste jackpot hver uge. Du beh\u00f8ver ikke l\u00e6ngere at vente, indtil en stor jackpot endelig vindes i det tyske lotteri.<\/p>\n<p>Forresten hj\u00e6lper Redfoxlotto ogs\u00e5 med udbetaling af gevinster \u2013 gratis. Alle gevinster under \u20ac600 krediteres direkte til din kundekonto. Du kan derefter enten f\u00e5 disse bel\u00f8b overf\u00f8rt tilbage til dig eller k\u00f8be nye lodsedler.<\/p>\n<p>Hvis du vinder et st\u00f8rre bel\u00f8b, modtager du dine penge direkte fra lotteriselskabet.<\/span> Bare rolig, du beh\u00f8ver ikke at flyve til USA (medmindre du rammer jackpotten \u2013 du foretr\u00e6kker at afhente checken personligt, ikke?). Alt du skal g\u00f8re er at udfylde en identifikationsformular. Du modtager denne fra RedFoxLotto via e-mail, udfylder den og returnerer den. Derfra videresendes den online til lotterikommissionen. Lotteriselskabet udsteder derefter en check til dig, som leveres til dig med kur\u00e9r eller anbefalet post. Alt du skal g\u00f8re er at indl\u00f8se checken i din bank og finde ud af, hvad du skal g\u00f8re med din milliongevinst.<\/p>\n<p><strong>Okay, nu g\u00f8r du det \u2013 de store jackpots venter p\u00e5 dig!<\/strong><\/p>\n","protected":false},"excerpt":{"rendered":"<p>K\u00f8b Powerball-kuponer online Enhver lotterientusiast verden over har sikkert h\u00f8rt om det amerikanske Powerball-lotteri. Jackpots p\u00e5 200 millioner dollars og mere er n\u00e6sten normale der. Og nyhederne rapporterer konstant, at amerikanere stormer lotteributikker, fordi Powerball-jackpotten lover enorme gevinster. Naturligvis spekulerer enhver tysk lotterispiller p\u00e5, om de kan k\u00f8be en kupon til det amerikanske lotteri online, &hellip; <\/p>\n<p class=\"link-more\"><a href=\"https:\/\/powerballonlinelos.de\/da\/\" class=\"more-link\">L\u00e6s mere<span class=\"screen-reader-text\"> \u201cHjem\u201d<\/span><\/a><\/p>\n","protected":false},"author":1,"featured_media":0,"parent":0,"menu_order":0,"comment_status":"closed","ping_status":"closed","template":"","meta":{"footnotes":""},"class_list":["post-303","page","type-page","status-publish","hentry"],"yoast_head":"<!-- This site is optimized with the Yoast SEO plugin v27.3 - https:\/\/yoast.com\/product\/yoast-seo-wordpress\/ -->\n<title>K\u00f8b Powerball-billetter online<\/title>\n<meta name=\"description\" content=\"K\u00f8b sikre Powerball-kuponer online \u2013 s\u00e5dan g\u00f8r du! Sammenlign de bedste udbydere, f\u00e5 eksklusive bonusser og f\u00e5 chancen for at vinde megajackpotten. Spil nu og vind!\" \/>\n<meta name=\"robots\" content=\"index, follow, max-snippet:-1, max-image-preview:large, max-video-preview:-1\" \/>\n<link rel=\"canonical\" href=\"https:\/\/powerballonlinelos.de\/da\/\" \/>\n<meta property=\"og:locale\" content=\"da_DK\" \/>\n<meta property=\"og:type\" content=\"article\" \/>\n<meta property=\"og:title\" content=\"K\u00f8b Powerball-billetter online\" \/>\n<meta property=\"og:description\" content=\"K\u00f8b sikre Powerball-kuponer online \u2013 s\u00e5dan g\u00f8r du! Sammenlign de bedste udbydere, f\u00e5 eksklusive bonusser og f\u00e5 chancen for at vinde megajackpotten. Spil nu og vind!\" \/>\n<meta property=\"og:url\" content=\"https:\/\/powerballonlinelos.de\/da\/\" \/>\n<meta name=\"twitter:card\" content=\"summary_large_image\" \/>\n<meta name=\"twitter:label1\" content=\"Estimeret l\u00e6setid\" \/>\n\t<meta name=\"twitter:data1\" content=\"3 minutter\" \/>\n<script type=\"application\/ld+json\" class=\"yoast-schema-graph\">{\"@context\":\"https:\\\/\\\/schema.org\",\"@graph\":[{\"@type\":\"WebPage\",\"@id\":\"https:\\\/\\\/powerballonlinelos.de\\\/da\\\/\",\"url\":\"https:\\\/\\\/powerballonlinelos.de\\\/da\\\/\",\"name\":\"K\u00f8b Powerball-billetter online\",\"isPartOf\":{\"@id\":\"https:\\\/\\\/powerballonlinelos.de\\\/da\\\/#website\"},\"datePublished\":\"2025-08-01T18:10:23+00:00\",\"description\":\"K\u00f8b sikre Powerball-kuponer online \u2013 s\u00e5dan g\u00f8r du! Sammenlign de bedste udbydere, f\u00e5 eksklusive bonusser og f\u00e5 chancen for at vinde megajackpotten. Spil nu og vind!\",\"breadcrumb\":{\"@id\":\"https:\\\/\\\/powerballonlinelos.de\\\/da\\\/#breadcrumb\"},\"inLanguage\":\"da-DK\",\"potentialAction\":[{\"@type\":\"ReadAction\",\"target\":[\"https:\\\/\\\/powerballonlinelos.de\\\/da\\\/\"]}]},{\"@type\":\"BreadcrumbList\",\"@id\":\"https:\\\/\\\/powerballonlinelos.de\\\/da\\\/#breadcrumb\",\"itemListElement\":[{\"@type\":\"ListItem\",\"position\":1,\"name\":\"Home\",\"item\":\"https:\\\/\\\/powerballonlinelos.de\\\/da\\\/\"},{\"@type\":\"ListItem\",\"position\":2,\"name\":\"Hjem\"}]},{\"@type\":\"WebSite\",\"@id\":\"https:\\\/\\\/powerballonlinelos.de\\\/da\\\/#website\",\"url\":\"https:\\\/\\\/powerballonlinelos.de\\\/da\\\/\",\"name\":\"\",\"description\":\"\",\"potentialAction\":[{\"@type\":\"SearchAction\",\"target\":{\"@type\":\"EntryPoint\",\"urlTemplate\":\"https:\\\/\\\/powerballonlinelos.de\\\/da\\\/?s={search_term_string}\"},\"query-input\":{\"@type\":\"PropertyValueSpecification\",\"valueRequired\":true,\"valueName\":\"search_term_string\"}}],\"inLanguage\":\"da-DK\"}]}<\/script>\n<!-- \/ Yoast SEO plugin. -->","yoast_head_json":{"title":"K\u00f8b Powerball-billetter online","description":"K\u00f8b sikre Powerball-kuponer online \u2013 s\u00e5dan g\u00f8r du! Sammenlign de bedste udbydere, f\u00e5 eksklusive bonusser og f\u00e5 chancen for at vinde megajackpotten. Spil nu og vind!","robots":{"index":"index","follow":"follow","max-snippet":"max-snippet:-1","max-image-preview":"max-image-preview:large","max-video-preview":"max-video-preview:-1"},"canonical":"https:\/\/powerballonlinelos.de\/da\/","og_locale":"da_DK","og_type":"article","og_title":"K\u00f8b Powerball-billetter online","og_description":"K\u00f8b sikre Powerball-kuponer online \u2013 s\u00e5dan g\u00f8r du! Sammenlign de bedste udbydere, f\u00e5 eksklusive bonusser og f\u00e5 chancen for at vinde megajackpotten. Spil nu og vind!","og_url":"https:\/\/powerballonlinelos.de\/da\/","twitter_card":"summary_large_image","twitter_misc":{"Estimeret l\u00e6setid":"3 minutter"},"schema":{"@context":"https:\/\/schema.org","@graph":[{"@type":"WebPage","@id":"https:\/\/powerballonlinelos.de\/da\/","url":"https:\/\/powerballonlinelos.de\/da\/","name":"K\u00f8b Powerball-billetter online","isPartOf":{"@id":"https:\/\/powerballonlinelos.de\/da\/#website"},"datePublished":"2025-08-01T18:10:23+00:00","description":"K\u00f8b sikre Powerball-kuponer online \u2013 s\u00e5dan g\u00f8r du! Sammenlign de bedste udbydere, f\u00e5 eksklusive bonusser og f\u00e5 chancen for at vinde megajackpotten. Spil nu og vind!","breadcrumb":{"@id":"https:\/\/powerballonlinelos.de\/da\/#breadcrumb"},"inLanguage":"da-DK","potentialAction":[{"@type":"ReadAction","target":["https:\/\/powerballonlinelos.de\/da\/"]}]},{"@type":"BreadcrumbList","@id":"https:\/\/powerballonlinelos.de\/da\/#breadcrumb","itemListElement":[{"@type":"ListItem","position":1,"name":"Home","item":"https:\/\/powerballonlinelos.de\/da\/"},{"@type":"ListItem","position":2,"name":"Hjem"}]},{"@type":"WebSite","@id":"https:\/\/powerballonlinelos.de\/da\/#website","url":"https:\/\/powerballonlinelos.de\/da\/","name":"","description":"","potentialAction":[{"@type":"SearchAction","target":{"@type":"EntryPoint","urlTemplate":"https:\/\/powerballonlinelos.de\/da\/?s={search_term_string}"},"query-input":{"@type":"PropertyValueSpecification","valueRequired":true,"valueName":"search_term_string"}}],"inLanguage":"da-DK"}]}},"_links":{"self":[{"href":"https:\/\/powerballonlinelos.de\/da\/wp-json\/wp\/v2\/pages\/303","targetHints":{"allow":["GET"]}}],"collection":[{"href":"https:\/\/powerballonlinelos.de\/da\/wp-json\/wp\/v2\/pages"}],"about":[{"href":"https:\/\/powerballonlinelos.de\/da\/wp-json\/wp\/v2\/types\/page"}],"author":[{"embeddable":true,"href":"https:\/\/powerballonlinelos.de\/da\/wp-json\/wp\/v2\/users\/1"}],"replies":[{"embeddable":true,"href":"https:\/\/powerballonlinelos.de\/da\/wp-json\/wp\/v2\/comments?post=303"}],"version-history":[{"count":0,"href":"https:\/\/powerballonlinelos.de\/da\/wp-json\/wp\/v2\/pages\/303\/revisions"}],"wp:attachment":[{"href":"https:\/\/powerballonlinelos.de\/da\/wp-json\/wp\/v2\/media?parent=303"}],"curies":[{"name":"wp","href":"https:\/\/api.w.org\/{rel}","templated":true}]}}