{"id":302,"date":"2025-08-01T18:10:23","date_gmt":"2025-08-01T18:10:23","guid":{"rendered":"https:\/\/powerballonlinelos.de\/domov\/"},"modified":"2025-08-01T18:10:23","modified_gmt":"2025-08-01T18:10:23","slug":"domov","status":"publish","type":"page","link":"https:\/\/powerballonlinelos.de\/cs\/","title":{"rendered":"Domov"},"content":{"rendered":"<h2>Koupit losy Powerball online<\/h2>\n<p>Ka\u017ed\u00fd loterijn\u00ed nad\u0161enec na cel\u00e9m sv\u011bt\u011b jist\u011b sly\u0161el o americk\u00e9 loterii Powerball. Jackpoty ve v\u00fd\u0161i 200 milion\u016f dolar\u016f a v\u00edce jsou tam t\u00e9m\u011b\u0159 b\u011b\u017en\u00e9. A zpr\u00e1vy neust\u00e1le informuj\u00ed o tom, \u017ee Ameri\u010dan\u00e9 \u00fato\u010d\u00ed na loterijn\u00ed prodejny, proto\u017ee jackpot Powerball slibuje obrovsk\u00e9 v\u00fdhry.<\/p>\n<p>Ka\u017ed\u00fd n\u011bmeck\u00fd hr\u00e1\u010d loterie si samoz\u0159ejm\u011b klade ot\u00e1zku, zda si m\u016f\u017ee koupit los do americk\u00e9 loterie online, nebo zda k tomu mus\u00ed \u017e\u00edt v USA. L\u00e9tat do Ameriky, abyste si los koupil, opravdu ned\u00e1v\u00e1 smysl&#8230;<\/p>\n<p>\u0158e\u0161en\u00ed je docela jednoduch\u00e9: L\u00edstek Powerball si skute\u010dn\u011b m\u016f\u017eete koupit online!<\/strong> Existuje glob\u00e1ln\u011b p\u016fsob\u00edc\u00ed a p\u0159edev\u0161\u00edm naprosto renomovan\u00e1 a spolehliv\u00e1 spole\u010dnost s n\u00e1zvem RedFoxLotto, kter\u00e1 takovou slu\u017ebu nab\u00edz\u00ed. <a href=\"https:\/\/redfoxlotto.com\/play\/\" target=\"_blank\" rel=\"noopener noreferrer\">RedFoxLotto<\/a> m\u00e1 distribu\u010dn\u00ed partnery po cel\u00e9m sv\u011bt\u011b. L\u00edstky objednan\u00e9 online v\u00e1m pot\u00e9 zakoup\u00ed distribu\u010dn\u00ed partne\u0159i v p\u0159\u00edslu\u0161n\u00e9 zemi pod va\u0161\u00edm jm\u00e9nem.<\/p>\n<h2>Jak si mohu koupit tiket Powerball online?<\/h2>\n<p>Na prav\u00e9 stran\u011b uvid\u00edte pole s aktu\u00e1ln\u00edm jackpotem Powerball. Klikn\u011bte na odkaz a vyberte si sv\u00e1 v\u00fdhern\u00ed \u010d\u00edsla, zalo\u017ete si z\u00e1kaznick\u00fd \u00fa\u010det a zaplatte kupn\u00ed cenu tiketu online. Kr\u00e1tce pot\u00e9 obdr\u017e\u00edte e-mail s potvrzen\u00edm, \u017ee na va\u0161e jm\u00e9no byl skute\u010dn\u011b zakoupen ofici\u00e1ln\u00ed tiket. Tento e-mail obsahuje naskenovan\u00fd obr\u00e1zek origin\u00e1ln\u00edho tiketu \u2013 s va\u0161\u00edm jm\u00e9nem.<\/p>\n<p>To je velmi d\u016fle\u017eit\u00e9, proto\u017ee pokud vyhrajete, m\u00e1te ofici\u00e1ln\u00ed n\u00e1rok v\u016f\u010di loterijn\u00ed spole\u010dnosti. Bohu\u017eel existuj\u00ed i \u200b\u200bposkytovatel\u00e9, kte\u0159\u00ed v podstat\u011b \u201evyb\u00edraj\u00ed\u201c v\u00fdhry z loterie a jednodu\u0161e vypl\u00e1cej\u00ed v\u00fdhry z vlastn\u00edho prodeje. Ale opravdu si mysl\u00edte, \u017ee by v\u00e1m tyto spole\u010dnosti zaplatily 50 milion\u016f dolar\u016f nebo v\u00edce?<\/p>\n<p>Ano, RedFoxLotto nab\u00edz\u00ed nejen online tikety Powerball, ale tak\u00e9 online tikety pro v\u0161echny ostatn\u00ed hlavn\u00ed loterijn\u00ed jackpoty po cel\u00e9m sv\u011bt\u011b. V\u017edycky jste si cht\u011bli zahr\u00e1t EuroMillions (kupodivu pro tuto loterii neexistuj\u00ed \u017e\u00e1dn\u00e9 n\u011bmeck\u00e9 losy)? Losy do EuroMillions a mnoha dal\u0161\u00edch loterijn\u00edch los\u016f jsou k dispozici tak\u00e9 online prost\u0159ednictv\u00edm stejn\u00e9ho z\u00e1kaznick\u00e9ho \u00fa\u010dtu. Sta\u010d\u00ed se pod\u00edvat do prav\u00e9ho sloupce; tam najdete aktu\u00e1ln\u00ed v\u00fd\u0161i v\u00fdher pro r\u016fzn\u00e9 loterijn\u00ed akce po cel\u00e9m sv\u011bt\u011b.<\/p>\n<p>T\u00edmto zp\u016fsobem si m\u016f\u017eete, pokud si to p\u0159ejete, ka\u017ed\u00fd t\u00fdden koupit online los do loterie s nejvy\u0161\u0161\u00edm jackpotem. U\u017e \u017e\u00e1dn\u00e9 \u010dek\u00e1n\u00ed, a\u017e v n\u011bmeck\u00e9 loterii kone\u010dn\u011b vyhraj\u00ed velk\u00fd jackpot.<\/p>\n<p>Mimochodem, Redfoxlotto tak\u00e9 pom\u00e1h\u00e1 s v\u00fdplatou v\u00fdher \u2013 zdarma. V\u0161echny v\u00fdhry do 600 EUR jsou p\u0159ips\u00e1ny p\u0159\u00edmo na v\u00e1\u0161 z\u00e1kaznick\u00fd \u00fa\u010det. Tyto \u010d\u00e1stky si pak m\u016f\u017eete bu\u010f nechat p\u0159ev\u00e9st zp\u011bt, nebo si zakoupit nov\u00e9 losy.<\/p>\n<p>Pokud vyhrajete v\u011bt\u0161\u00ed \u010d\u00e1stku, pen\u00edze obdr\u017e\u00edte p\u0159\u00edmo od loterijn\u00ed spole\u010dnosti.<\/span> Nebojte se, nemus\u00edte let\u011bt do USA (pokud nevyhrajete jackpot \u2013 rad\u011bji si \u0161ek vyzvednete osobn\u011b, \u017ee?). Sta\u010d\u00ed vyplnit identifika\u010dn\u00ed formul\u00e1\u0159. Ten obdr\u017e\u00edte od RedFoxLotto e-mailem, vypln\u00edte ho a vr\u00e1t\u00edte. Odtud bude online p\u0159ed\u00e1n loterijn\u00ed komisi. Loterijn\u00ed spole\u010dnost v\u00e1m pot\u00e9 vystav\u00ed \u0161ek, kter\u00fd v\u00e1m bude doru\u010den kur\u00fdrem nebo doporu\u010denou po\u0161tou. Sta\u010d\u00ed \u0161ek proplatit v bance a vymyslet, co ud\u011bl\u00e1te se svou milionovou v\u00fdhrou.<\/p>\n<p><strong>Dob\u0159e, te\u010f do toho \u2013 \u010dekaj\u00ed na v\u00e1s velk\u00e9 jackpoty!<\/strong><\/p>\n","protected":false},"excerpt":{"rendered":"<p>Koupit losy Powerball online Ka\u017ed\u00fd loterijn\u00ed nad\u0161enec na cel\u00e9m sv\u011bt\u011b jist\u011b sly\u0161el o americk\u00e9 loterii Powerball. Jackpoty ve v\u00fd\u0161i 200 milion\u016f dolar\u016f a v\u00edce jsou tam t\u00e9m\u011b\u0159 b\u011b\u017en\u00e9. A zpr\u00e1vy neust\u00e1le informuj\u00ed o tom, \u017ee Ameri\u010dan\u00e9 \u00fato\u010d\u00ed na loterijn\u00ed prodejny, proto\u017ee jackpot Powerball slibuje obrovsk\u00e9 v\u00fdhry. Ka\u017ed\u00fd n\u011bmeck\u00fd hr\u00e1\u010d loterie si samoz\u0159ejm\u011b klade ot\u00e1zku, zda &hellip; <\/p>\n<p class=\"link-more\"><a href=\"https:\/\/powerballonlinelos.de\/cs\/\" class=\"more-link\">Read more<span class=\"screen-reader-text\"> &#8222;Domov&#8220;<\/span><\/a><\/p>\n","protected":false},"author":1,"featured_media":0,"parent":0,"menu_order":0,"comment_status":"closed","ping_status":"closed","template":"","meta":{"footnotes":""},"class_list":["post-302","page","type-page","status-publish","hentry"],"yoast_head":"<!-- This site is optimized with the Yoast SEO plugin v27.4 - https:\/\/yoast.com\/product\/yoast-seo-wordpress\/ -->\n<title>Kupte si losy Powerball online<\/title>\n<meta name=\"description\" content=\"Kupte si bezpe\u010dn\u00e9 losy Powerball online \u2013 zde je n\u00e1vod! Porovnejte nejlep\u0161\u00ed poskytovatele, z\u00edskejte exkluzivn\u00ed bonusy a z\u00edskejte \u0161anci vyhr\u00e1t mega jackpot. Hrajte hned a vyhrajte!\" \/>\n<meta name=\"robots\" content=\"index, follow, max-snippet:-1, max-image-preview:large, max-video-preview:-1\" \/>\n<link rel=\"canonical\" href=\"https:\/\/powerballonlinelos.de\/cs\/\" \/>\n<meta property=\"og:locale\" content=\"cs_CZ\" \/>\n<meta property=\"og:type\" content=\"article\" \/>\n<meta property=\"og:title\" content=\"Kupte si losy Powerball online\" \/>\n<meta property=\"og:description\" content=\"Kupte si bezpe\u010dn\u00e9 losy Powerball online \u2013 zde je n\u00e1vod! Porovnejte nejlep\u0161\u00ed poskytovatele, z\u00edskejte exkluzivn\u00ed bonusy a z\u00edskejte \u0161anci vyhr\u00e1t mega jackpot. Hrajte hned a vyhrajte!\" \/>\n<meta property=\"og:url\" content=\"https:\/\/powerballonlinelos.de\/cs\/\" \/>\n<meta name=\"twitter:card\" content=\"summary_large_image\" \/>\n<meta name=\"twitter:label1\" content=\"Odhadovan\u00e1 doba \u010dten\u00ed\" \/>\n\t<meta name=\"twitter:data1\" content=\"3 minuty\" \/>\n<script type=\"application\/ld+json\" class=\"yoast-schema-graph\">{\"@context\":\"https:\\\/\\\/schema.org\",\"@graph\":[{\"@type\":\"WebPage\",\"@id\":\"https:\\\/\\\/powerballonlinelos.de\\\/cs\\\/\",\"url\":\"https:\\\/\\\/powerballonlinelos.de\\\/cs\\\/\",\"name\":\"Kupte si losy Powerball online\",\"isPartOf\":{\"@id\":\"https:\\\/\\\/powerballonlinelos.de\\\/cs\\\/#website\"},\"datePublished\":\"2025-08-01T18:10:23+00:00\",\"description\":\"Kupte si bezpe\u010dn\u00e9 losy Powerball online \u2013 zde je n\u00e1vod! Porovnejte nejlep\u0161\u00ed poskytovatele, z\u00edskejte exkluzivn\u00ed bonusy a z\u00edskejte \u0161anci vyhr\u00e1t mega jackpot. Hrajte hned a vyhrajte!\",\"breadcrumb\":{\"@id\":\"https:\\\/\\\/powerballonlinelos.de\\\/cs\\\/#breadcrumb\"},\"inLanguage\":\"cs\",\"potentialAction\":[{\"@type\":\"ReadAction\",\"target\":[\"https:\\\/\\\/powerballonlinelos.de\\\/cs\\\/\"]}]},{\"@type\":\"BreadcrumbList\",\"@id\":\"https:\\\/\\\/powerballonlinelos.de\\\/cs\\\/#breadcrumb\",\"itemListElement\":[{\"@type\":\"ListItem\",\"position\":1,\"name\":\"Home\",\"item\":\"https:\\\/\\\/powerballonlinelos.de\\\/cs\\\/\"},{\"@type\":\"ListItem\",\"position\":2,\"name\":\"Domov\"}]},{\"@type\":\"WebSite\",\"@id\":\"https:\\\/\\\/powerballonlinelos.de\\\/cs\\\/#website\",\"url\":\"https:\\\/\\\/powerballonlinelos.de\\\/cs\\\/\",\"name\":\"\",\"description\":\"\",\"potentialAction\":[{\"@type\":\"SearchAction\",\"target\":{\"@type\":\"EntryPoint\",\"urlTemplate\":\"https:\\\/\\\/powerballonlinelos.de\\\/cs\\\/?s={search_term_string}\"},\"query-input\":{\"@type\":\"PropertyValueSpecification\",\"valueRequired\":true,\"valueName\":\"search_term_string\"}}],\"inLanguage\":\"cs\"}]}<\/script>\n<!-- \/ Yoast SEO plugin. -->","yoast_head_json":{"title":"Kupte si losy Powerball online","description":"Kupte si bezpe\u010dn\u00e9 losy Powerball online \u2013 zde je n\u00e1vod! Porovnejte nejlep\u0161\u00ed poskytovatele, z\u00edskejte exkluzivn\u00ed bonusy a z\u00edskejte \u0161anci vyhr\u00e1t mega jackpot. Hrajte hned a vyhrajte!","robots":{"index":"index","follow":"follow","max-snippet":"max-snippet:-1","max-image-preview":"max-image-preview:large","max-video-preview":"max-video-preview:-1"},"canonical":"https:\/\/powerballonlinelos.de\/cs\/","og_locale":"cs_CZ","og_type":"article","og_title":"Kupte si losy Powerball online","og_description":"Kupte si bezpe\u010dn\u00e9 losy Powerball online \u2013 zde je n\u00e1vod! Porovnejte nejlep\u0161\u00ed poskytovatele, z\u00edskejte exkluzivn\u00ed bonusy a z\u00edskejte \u0161anci vyhr\u00e1t mega jackpot. Hrajte hned a vyhrajte!","og_url":"https:\/\/powerballonlinelos.de\/cs\/","twitter_card":"summary_large_image","twitter_misc":{"Odhadovan\u00e1 doba \u010dten\u00ed":"3 minuty"},"schema":{"@context":"https:\/\/schema.org","@graph":[{"@type":"WebPage","@id":"https:\/\/powerballonlinelos.de\/cs\/","url":"https:\/\/powerballonlinelos.de\/cs\/","name":"Kupte si losy Powerball online","isPartOf":{"@id":"https:\/\/powerballonlinelos.de\/cs\/#website"},"datePublished":"2025-08-01T18:10:23+00:00","description":"Kupte si bezpe\u010dn\u00e9 losy Powerball online \u2013 zde je n\u00e1vod! Porovnejte nejlep\u0161\u00ed poskytovatele, z\u00edskejte exkluzivn\u00ed bonusy a z\u00edskejte \u0161anci vyhr\u00e1t mega jackpot. Hrajte hned a vyhrajte!","breadcrumb":{"@id":"https:\/\/powerballonlinelos.de\/cs\/#breadcrumb"},"inLanguage":"cs","potentialAction":[{"@type":"ReadAction","target":["https:\/\/powerballonlinelos.de\/cs\/"]}]},{"@type":"BreadcrumbList","@id":"https:\/\/powerballonlinelos.de\/cs\/#breadcrumb","itemListElement":[{"@type":"ListItem","position":1,"name":"Home","item":"https:\/\/powerballonlinelos.de\/cs\/"},{"@type":"ListItem","position":2,"name":"Domov"}]},{"@type":"WebSite","@id":"https:\/\/powerballonlinelos.de\/cs\/#website","url":"https:\/\/powerballonlinelos.de\/cs\/","name":"","description":"","potentialAction":[{"@type":"SearchAction","target":{"@type":"EntryPoint","urlTemplate":"https:\/\/powerballonlinelos.de\/cs\/?s={search_term_string}"},"query-input":{"@type":"PropertyValueSpecification","valueRequired":true,"valueName":"search_term_string"}}],"inLanguage":"cs"}]}},"_links":{"self":[{"href":"https:\/\/powerballonlinelos.de\/cs\/wp-json\/wp\/v2\/pages\/302","targetHints":{"allow":["GET"]}}],"collection":[{"href":"https:\/\/powerballonlinelos.de\/cs\/wp-json\/wp\/v2\/pages"}],"about":[{"href":"https:\/\/powerballonlinelos.de\/cs\/wp-json\/wp\/v2\/types\/page"}],"author":[{"embeddable":true,"href":"https:\/\/powerballonlinelos.de\/cs\/wp-json\/wp\/v2\/users\/1"}],"replies":[{"embeddable":true,"href":"https:\/\/powerballonlinelos.de\/cs\/wp-json\/wp\/v2\/comments?post=302"}],"version-history":[{"count":0,"href":"https:\/\/powerballonlinelos.de\/cs\/wp-json\/wp\/v2\/pages\/302\/revisions"}],"wp:attachment":[{"href":"https:\/\/powerballonlinelos.de\/cs\/wp-json\/wp\/v2\/media?parent=302"}],"curies":[{"name":"wp","href":"https:\/\/api.w.org\/{rel}","templated":true}]}}